{"id":12909,"date":"2025-05-12T09:28:40","date_gmt":"2025-05-12T07:28:40","guid":{"rendered":"https:\/\/akasel.com\/de\/?page_id=12909"},"modified":"2025-09-26T07:55:06","modified_gmt":"2025-09-26T05:55:06","slug":"fordern-sie-noch-heute-ihr-aka-resin-pp-muster-an","status":"publish","type":"page","link":"https:\/\/akasel.com\/de\/fordern-sie-noch-heute-ihr-aka-resin-pp-muster-an\/","title":{"rendered":"Fordern Sie noch heute Ihr Aka-Resin PP Muster an"},"content":{"rendered":"","protected":false},"excerpt":{"rendered":"","protected":false},"author":1,"featured_media":0,"parent":0,"menu_order":0,"comment_status":"closed","ping_status":"closed","template":"","meta":{"footnotes":""},"class_list":["post-12909","page","type-page","status-publish","hentry"],"acf":[],"yoast_head":"<!-- This site is optimized with the Yoast SEO plugin v21.7 - https:\/\/yoast.com\/wordpress\/plugins\/seo\/ -->\n<title>Fordern Sie noch heute Ihr Aka-Resin PP Muster an | Akasel A\/S<\/title>\n<meta name=\"description\" content=\"Fordern Sie jetzt Ihr kostenloses Muster von Aka-Resin PP an \u2013 f\u00fcr eine pr\u00e4zise, effiziente und zuverl\u00e4ssige Einbettung metallografischer Proben.\" \/>\n<meta name=\"robots\" content=\"index, follow, max-snippet:-1, max-image-preview:large, max-video-preview:-1\" \/>\n<link rel=\"canonical\" href=\"https:\/\/akasel.com\/de\/fordern-sie-noch-heute-ihr-aka-resin-pp-muster-an\/\" \/>\n<meta property=\"og:locale\" content=\"de_DE\" \/>\n<meta property=\"og:type\" content=\"article\" \/>\n<meta property=\"og:title\" content=\"Fordern Sie noch heute Ihr Aka-Resin PP Muster an | Akasel A\/S\" \/>\n<meta property=\"og:description\" content=\"Fordern Sie jetzt Ihr kostenloses Muster von Aka-Resin PP an \u2013 f\u00fcr eine pr\u00e4zise, effiziente und zuverl\u00e4ssige Einbettung metallografischer Proben.\" \/>\n<meta property=\"og:url\" content=\"https:\/\/akasel.com\/de\/fordern-sie-noch-heute-ihr-aka-resin-pp-muster-an\/\" \/>\n<meta property=\"og:site_name\" content=\"AKASEL A\/S\" \/>\n<meta property=\"article:modified_time\" content=\"2025-09-26T05:55:06+00:00\" \/>\n<meta name=\"twitter:card\" content=\"summary_large_image\" \/>\n<meta name=\"twitter:label1\" content=\"Gesch\u00e4tzte Lesezeit\" \/>\n\t<meta name=\"twitter:data1\" content=\"2 Minuten\" \/>\n<!-- \/ Yoast SEO plugin. -->","yoast_head_json":{"title":"Fordern Sie noch heute Ihr Aka-Resin PP Muster an | Akasel A\/S","description":"Fordern Sie jetzt Ihr kostenloses Muster von Aka-Resin PP an \u2013 f\u00fcr eine pr\u00e4zise, effiziente und zuverl\u00e4ssige Einbettung metallografischer Proben.","robots":{"index":"index","follow":"follow","max-snippet":"max-snippet:-1","max-image-preview":"max-image-preview:large","max-video-preview":"max-video-preview:-1"},"canonical":"https:\/\/akasel.com\/de\/fordern-sie-noch-heute-ihr-aka-resin-pp-muster-an\/","og_locale":"de_DE","og_type":"article","og_title":"Fordern Sie noch heute Ihr Aka-Resin PP Muster an | Akasel A\/S","og_description":"Fordern Sie jetzt Ihr kostenloses Muster von Aka-Resin PP an \u2013 f\u00fcr eine pr\u00e4zise, effiziente und zuverl\u00e4ssige Einbettung metallografischer Proben.","og_url":"https:\/\/akasel.com\/de\/fordern-sie-noch-heute-ihr-aka-resin-pp-muster-an\/","og_site_name":"AKASEL A\/S","article_modified_time":"2025-09-26T05:55:06+00:00","twitter_card":"summary_large_image","twitter_misc":{"Gesch\u00e4tzte Lesezeit":"2 Minuten"},"schema":{"@context":"https:\/\/schema.org","@graph":[{"@type":"WebPage","@id":"https:\/\/akasel.com\/de\/fordern-sie-noch-heute-ihr-aka-resin-pp-muster-an\/","url":"https:\/\/akasel.com\/de\/fordern-sie-noch-heute-ihr-aka-resin-pp-muster-an\/","name":"Fordern Sie noch heute Ihr Aka-Resin PP Muster an | Akasel A\/S","isPartOf":{"@id":"https:\/\/akasel.com\/de\/#website"},"datePublished":"2025-05-12T07:28:40+00:00","dateModified":"2025-09-26T05:55:06+00:00","description":"Fordern Sie jetzt Ihr kostenloses Muster von Aka-Resin PP an \u2013 f\u00fcr eine pr\u00e4zise, effiziente und zuverl\u00e4ssige Einbettung metallografischer Proben.","breadcrumb":{"@id":"https:\/\/akasel.com\/de\/fordern-sie-noch-heute-ihr-aka-resin-pp-muster-an\/#breadcrumb"},"inLanguage":"de-DE","potentialAction":[{"@type":"ReadAction","target":["https:\/\/akasel.com\/de\/fordern-sie-noch-heute-ihr-aka-resin-pp-muster-an\/"]}]},{"@type":"BreadcrumbList","@id":"https:\/\/akasel.com\/de\/fordern-sie-noch-heute-ihr-aka-resin-pp-muster-an\/#breadcrumb","itemListElement":[{"@type":"ListItem","position":1,"name":"Home","item":"https:\/\/akasel.com\/de\/"},{"@type":"ListItem","position":2,"name":"Fordern Sie noch heute Ihr Aka-Resin PP Muster an"}]},{"@type":"WebSite","@id":"https:\/\/akasel.com\/de\/#website","url":"https:\/\/akasel.com\/de\/","name":"AKASEL A\/S","description":"","potentialAction":[{"@type":"SearchAction","target":{"@type":"EntryPoint","urlTemplate":"https:\/\/akasel.com\/de\/?s={search_term_string}"},"query-input":"required name=search_term_string"}],"inLanguage":"de-DE"}]}},"_links":{"self":[{"href":"https:\/\/akasel.com\/de\/wp-json\/wp\/v2\/pages\/12909"}],"collection":[{"href":"https:\/\/akasel.com\/de\/wp-json\/wp\/v2\/pages"}],"about":[{"href":"https:\/\/akasel.com\/de\/wp-json\/wp\/v2\/types\/page"}],"author":[{"embeddable":true,"href":"https:\/\/akasel.com\/de\/wp-json\/wp\/v2\/users\/1"}],"replies":[{"embeddable":true,"href":"https:\/\/akasel.com\/de\/wp-json\/wp\/v2\/comments?post=12909"}],"version-history":[{"count":7,"href":"https:\/\/akasel.com\/de\/wp-json\/wp\/v2\/pages\/12909\/revisions"}],"predecessor-version":[{"id":13014,"href":"https:\/\/akasel.com\/de\/wp-json\/wp\/v2\/pages\/12909\/revisions\/13014"}],"wp:attachment":[{"href":"https:\/\/akasel.com\/de\/wp-json\/wp\/v2\/media?parent=12909"}],"curies":[{"name":"wp","href":"https:\/\/api.w.org\/{rel}","templated":true}]}}