{"id":13102,"date":"2025-09-04T15:22:44","date_gmt":"2025-09-04T13:22:44","guid":{"rendered":"https:\/\/akasel.com\/de\/?page_id=13102"},"modified":"2025-10-24T12:56:30","modified_gmt":"2025-10-24T10:56:30","slug":"veranstaltungen","status":"publish","type":"page","link":"https:\/\/akasel.com\/de\/veranstaltungen\/","title":{"rendered":"Veranstaltungen"},"content":{"rendered":"<div style=\"background-color: #f5f5f5; border: 2px solid #0056b3; border-radius: 8px; padding: 24px; margin: 40px 0;\">\n<h2 style=\"text-align: center; font-size: 28px; color: #0056b3; margin-bottom: 24px;\">Bevorstehende Veranstaltungen<\/h2>\n<p style=\"text-align: center; color: #666; font-size: 16px; margin: 0;\">Zurzeit sind keine bevorstehenden Veranstaltungen geplant.<\/p>\n<\/div>\n<div id=\"contact-dirk\" style=\"border: 2px solid #0056b3; border-radius: 8px; background-color: #f5f5f5; padding: 24px; margin-bottom: 40px; text-align: center; font-size: 0;\">\n<div style=\"width: 100%; max-width: 380px; display: inline-block; vertical-align: middle; text-align: left; font-size: 16px;\">\n<h3 style=\"margin: 0 0 10px; font-size: 24px; line-height: 1.25;\">Kontakt zu Herrn Dirk Hennemann<\/h3>\n<p style=\"margin: 0 0 15px;\">Haben Sie Fragen zu den Veranstaltungen oder m\u00f6chten Sie einen Termin vereinbaren?<br \/>\nDirk Hennemann ist Ihr fester Ansprechpartner f\u00fcr den deutschen Markt und unterst\u00fctzt Sie gerne mit individueller Beratung und Empfehlungen.<\/p>\n<p style=\"margin: 0 0 10px;\"><strong>Dirk Hennemann<\/strong><br \/>\n<em>Area Sales Manager Deutschland<\/em><br \/>\n<a href=\"mailto:dhe@akasel.com\">dhe@akasel.com<\/a><br \/>\n<a href=\"tel:+4917684239499\">+49 176 842 394 99<\/a><\/p>\n<p><a style=\"display: inline-block; background-color: #0056b3; color: #fff; text-decoration: none; padding: 12px 20px; border-radius: 5px; font-weight: bold; margin-top: 10px;\" href=\"mailto:dhe@akasel.com\">Kontaktieren Sie Dirk direkt<\/a><\/p>\n<\/div>\n<div style=\"width: 100%; max-width: 300px; display: inline-block; vertical-align: middle; text-align: left; font-size: 16px;\">\n<p style=\"margin: 0; text-align: center;\"><img decoding=\"async\" style=\"width: 100%; max-width: 300px; height: auto; border-radius: 6px; margin-top: 20px;\" src=\"https:\/\/akasel.com\/wp-content\/uploads\/2025\/08\/dirk-visitkort.jpg\" alt=\"Visitenkarte: Dirk Hennemann, Area Sales Manager Deutschland, Akasel A\/S\" \/><\/p>\n<\/div>\n<\/div>\n<div style=\"border: 2px solid #ccc; border-radius: 8px; background-color: #fafafa; padding: 24px; margin-bottom: 60px;\">\n<h2 style=\"text-align: center; font-size: 26px; color: #333333; margin-bottom: 24px;\">Vergangene Veranstaltungen<\/h2>\n<p><!-- Metallographie-Kongress --><\/p>\n<div style=\"display: flex; align-items: flex-start; gap: 24px; margin-bottom: 24px; padding: 20px; background-color: #ffffff; border: 1px solid #ddd; border-radius: 8px;\">\n<div style=\"flex: 0 0 18%;\"><img decoding=\"async\" style=\"width: 100%; height: auto; border-radius: 6px;\" src=\"https:\/\/akasel.com\/de\/wp-content\/uploads\/sites\/2\/2025\/10\/csm-met2025-logo-startseite-8eae0e7288.png\" alt=\"Kongress Logo\" \/><\/div>\n<div style=\"flex: 1;\">\n<h3 style=\"color: #999; margin-top: 0;\">Metallographie-Kongress<\/h3>\n<p><strong>Datum:<\/strong> 8.\u201310. Oktober 2025<\/p>\n<p>Wir haben am Metallographie-Kongress in Deutschland teilgenommen und Akasels neueste L\u00f6sungen f\u00fcr eine effiziente Probenpr\u00e4paration vorgestellt. Vielen Dank an alle, die uns besucht haben!<\/p>\n<\/div>\n<\/div>\n<p><!-- Nikon Open Day flyttet op --><\/p>\n<div style=\"display: flex; align-items: flex-start; gap: 24px; margin-bottom: 24px; padding: 20px; background-color: #ffffff; border: 1px solid #ddd; border-radius: 8px;\">\n<div style=\"flex: 0 0 18%;\"><img decoding=\"async\" style=\"width: 100%; height: auto; border-radius: 6px;\" src=\"https:\/\/www.nikon.com\/assets\/img\/logo.svg\" alt=\"Nikon Logo\" \/><\/div>\n<div style=\"flex: 1;\">\n<h3 style=\"color: #999; margin-top: 0;\">Nikon Open Day<\/h3>\n<p><strong>Datum:<\/strong> 01. Oktober 2025<\/p>\n<p>Wir haben am Nikon Open Day teilgenommen und spannende Einblicke sowie praxisnahe Vorf\u00fchrungen unserer Verbrauchsmaterialien geboten. Vielen Dank an alle, die uns besucht haben!<\/p>\n<\/div>\n<\/div>\n<p><!-- Mikpr\u00e4p 2025 flyttet ned --><\/p>\n<div style=\"display: flex; align-items: flex-start; gap: 24px; margin-bottom: 24px; padding: 20px; background-color: #ffffff; border: 1px solid #ddd; border-radius: 8px;\">\n<div style=\"flex: 0 0 18%;\"><img decoding=\"async\" style=\"width: 100%; height: auto; border-radius: 6px;\" src=\"https:\/\/akasel.com\/de\/wp-content\/uploads\/sites\/2\/2025\/09\/mikpraep.png\" alt=\"Mikpr\u00e4p Logo\" \/><\/div>\n<div style=\"flex: 1;\">\n<h3 style=\"color: #999; margin-top: 0;\">Mikpr\u00e4p 2025<\/h3>\n<p><strong>Datum:<\/strong> 13. M\u00e4rz 2025<\/p>\n<p>Wir haben an der Mikpr\u00e4p 2025 teilgenommen und unsere neuesten L\u00f6sungen f\u00fcr eine effiziente Probenpr\u00e4paration pr\u00e4sentiert. Vielen Dank an alle, die uns besucht haben!<\/p>\n<\/div>\n<\/div>\n<\/div>\n","protected":false},"excerpt":{"rendered":"<p>Bevorstehende Veranstaltungen Zurzeit sind keine bevorstehenden Veranstaltungen geplant. Kontakt zu Herrn Dirk Hennemann Haben Sie Fragen zu den Veranstaltungen oder&#8230;<\/p>\n","protected":false},"author":3,"featured_media":0,"parent":0,"menu_order":0,"comment_status":"closed","ping_status":"closed","template":"","meta":{"footnotes":""},"class_list":["post-13102","page","type-page","status-publish","hentry"],"acf":[],"yoast_head":"<!-- This site is optimized with the Yoast SEO plugin v21.7 - https:\/\/yoast.com\/wordpress\/plugins\/seo\/ -->\n<title>Veranstaltungen - AKASEL A\/S<\/title>\n<meta name=\"robots\" content=\"index, follow, max-snippet:-1, max-image-preview:large, max-video-preview:-1\" \/>\n<link rel=\"canonical\" href=\"https:\/\/akasel.com\/de\/veranstaltungen\/\" \/>\n<meta property=\"og:locale\" content=\"de_DE\" \/>\n<meta property=\"og:type\" content=\"article\" \/>\n<meta property=\"og:title\" content=\"Veranstaltungen - AKASEL A\/S\" \/>\n<meta property=\"og:description\" content=\"Bevorstehende Veranstaltungen Zurzeit sind keine bevorstehenden Veranstaltungen geplant. Kontakt zu Herrn Dirk Hennemann Haben Sie Fragen zu den Veranstaltungen oder...\" \/>\n<meta property=\"og:url\" content=\"https:\/\/akasel.com\/de\/veranstaltungen\/\" \/>\n<meta property=\"og:site_name\" content=\"AKASEL A\/S\" \/>\n<meta property=\"article:modified_time\" content=\"2025-10-24T10:56:30+00:00\" \/>\n<meta property=\"og:image\" content=\"https:\/\/akasel.com\/wp-content\/uploads\/2025\/08\/dirk-visitkort.jpg\" \/>\n<meta name=\"twitter:card\" content=\"summary_large_image\" \/>\n<meta name=\"twitter:label1\" content=\"Gesch\u00e4tzte Lesezeit\" \/>\n\t<meta name=\"twitter:data1\" content=\"2 Minuten\" \/>\n<!-- \/ Yoast SEO plugin. -->","yoast_head_json":{"title":"Veranstaltungen - AKASEL A\/S","robots":{"index":"index","follow":"follow","max-snippet":"max-snippet:-1","max-image-preview":"max-image-preview:large","max-video-preview":"max-video-preview:-1"},"canonical":"https:\/\/akasel.com\/de\/veranstaltungen\/","og_locale":"de_DE","og_type":"article","og_title":"Veranstaltungen - AKASEL A\/S","og_description":"Bevorstehende Veranstaltungen Zurzeit sind keine bevorstehenden Veranstaltungen geplant. Kontakt zu Herrn Dirk Hennemann Haben Sie Fragen zu den Veranstaltungen oder...","og_url":"https:\/\/akasel.com\/de\/veranstaltungen\/","og_site_name":"AKASEL A\/S","article_modified_time":"2025-10-24T10:56:30+00:00","og_image":[{"url":"https:\/\/akasel.com\/wp-content\/uploads\/2025\/08\/dirk-visitkort.jpg"}],"twitter_card":"summary_large_image","twitter_misc":{"Gesch\u00e4tzte Lesezeit":"2 Minuten"},"schema":{"@context":"https:\/\/schema.org","@graph":[{"@type":"WebPage","@id":"https:\/\/akasel.com\/de\/veranstaltungen\/","url":"https:\/\/akasel.com\/de\/veranstaltungen\/","name":"Veranstaltungen - AKASEL A\/S","isPartOf":{"@id":"https:\/\/akasel.com\/de\/#website"},"datePublished":"2025-09-04T13:22:44+00:00","dateModified":"2025-10-24T10:56:30+00:00","breadcrumb":{"@id":"https:\/\/akasel.com\/de\/veranstaltungen\/#breadcrumb"},"inLanguage":"de-DE","potentialAction":[{"@type":"ReadAction","target":["https:\/\/akasel.com\/de\/veranstaltungen\/"]}]},{"@type":"BreadcrumbList","@id":"https:\/\/akasel.com\/de\/veranstaltungen\/#breadcrumb","itemListElement":[{"@type":"ListItem","position":1,"name":"Home","item":"https:\/\/akasel.com\/de\/"},{"@type":"ListItem","position":2,"name":"Veranstaltungen"}]},{"@type":"WebSite","@id":"https:\/\/akasel.com\/de\/#website","url":"https:\/\/akasel.com\/de\/","name":"AKASEL A\/S","description":"","potentialAction":[{"@type":"SearchAction","target":{"@type":"EntryPoint","urlTemplate":"https:\/\/akasel.com\/de\/?s={search_term_string}"},"query-input":"required name=search_term_string"}],"inLanguage":"de-DE"}]}},"_links":{"self":[{"href":"https:\/\/akasel.com\/de\/wp-json\/wp\/v2\/pages\/13102"}],"collection":[{"href":"https:\/\/akasel.com\/de\/wp-json\/wp\/v2\/pages"}],"about":[{"href":"https:\/\/akasel.com\/de\/wp-json\/wp\/v2\/types\/page"}],"author":[{"embeddable":true,"href":"https:\/\/akasel.com\/de\/wp-json\/wp\/v2\/users\/3"}],"replies":[{"embeddable":true,"href":"https:\/\/akasel.com\/de\/wp-json\/wp\/v2\/comments?post=13102"}],"version-history":[{"count":15,"href":"https:\/\/akasel.com\/de\/wp-json\/wp\/v2\/pages\/13102\/revisions"}],"predecessor-version":[{"id":13326,"href":"https:\/\/akasel.com\/de\/wp-json\/wp\/v2\/pages\/13102\/revisions\/13326"}],"wp:attachment":[{"href":"https:\/\/akasel.com\/de\/wp-json\/wp\/v2\/media?parent=13102"}],"curies":[{"name":"wp","href":"https:\/\/api.w.org\/{rel}","templated":true}]}}