{"id":8116,"date":"2020-11-12T20:01:44","date_gmt":"2020-11-12T19:01:44","guid":{"rendered":"https:\/\/akasel.com\/dealers\/"},"modified":"2025-09-26T07:55:07","modified_gmt":"2025-09-26T05:55:07","slug":"haendler","status":"publish","type":"page","link":"https:\/\/akasel.com\/de\/haendler\/","title":{"rendered":"H\u00e4ndler"},"content":{"rendered":"<p>Akasel ist weltweit \u00fcber ein Netzwerk hochkompetenter Distributoren pr\u00e4sent. Unsere Distributoren sind ein wichtiger Bestandteil der intelligenteren Alternative.<\/p>\n<p>W\u00e4hlen Sie auf der linken Seite Ihren Kontinent aus, um einen \u00dcberblick \u00fcber unsere Vertriebsh\u00e4ndler in Ihrer Region zu erhalten. Wenn in Ihrem Land kein H\u00e4ndler vorhanden ist, kontaktieren Sie uns bitte unter <a href=\"mailto:info@akasel.com\">info@akasel.com<\/a><\/p>\n<p>&nbsp;<\/p>\n","protected":false},"excerpt":{"rendered":"<p>Akasel ist weltweit \u00fcber ein Netzwerk hochkompetenter Distributoren pr\u00e4sent. Unsere Distributoren sind ein wichtiger Bestandteil der intelligenteren Alternative. W\u00e4hlen Sie&#8230;<\/p>\n","protected":false},"author":1,"featured_media":0,"parent":0,"menu_order":0,"comment_status":"closed","ping_status":"open","template":"","meta":{"footnotes":""},"class_list":["post-8116","page","type-page","status-publish","hentry"],"acf":[],"yoast_head":"<!-- This site is optimized with the Yoast SEO plugin v21.7 - https:\/\/yoast.com\/wordpress\/plugins\/seo\/ -->\n<title>Finden Sie Ihren Lokalen Akasel H\u00e4ndler Weltweit | Akasel A\/S<\/title>\n<meta name=\"description\" content=\"Entdecken Sie Akasels globales h\u00e4ndlernetzwerk. Kontaktieren sie uns und finden sie Ihren h\u00e4ndler f\u00fcr metallografische verbrauchsmaterialien.\" \/>\n<meta name=\"robots\" content=\"index, follow, max-snippet:-1, max-image-preview:large, max-video-preview:-1\" \/>\n<link rel=\"canonical\" href=\"https:\/\/akasel.com\/de\/haendler\/\" \/>\n<meta property=\"og:locale\" content=\"de_DE\" \/>\n<meta property=\"og:type\" content=\"article\" \/>\n<meta property=\"og:title\" content=\"Finden Sie Ihren Lokalen Akasel H\u00e4ndler Weltweit | Akasel A\/S\" \/>\n<meta property=\"og:description\" content=\"Entdecken Sie Akasels globales h\u00e4ndlernetzwerk. Kontaktieren sie uns und finden sie Ihren h\u00e4ndler f\u00fcr metallografische verbrauchsmaterialien.\" \/>\n<meta property=\"og:url\" content=\"https:\/\/akasel.com\/de\/haendler\/\" \/>\n<meta property=\"og:site_name\" content=\"AKASEL A\/S\" \/>\n<meta property=\"article:modified_time\" content=\"2025-09-26T05:55:07+00:00\" \/>\n<meta name=\"twitter:card\" content=\"summary_large_image\" \/>\n<meta name=\"twitter:label1\" content=\"Gesch\u00e4tzte Lesezeit\" \/>\n\t<meta name=\"twitter:data1\" content=\"1 Minute\" \/>\n<!-- \/ Yoast SEO plugin. -->","yoast_head_json":{"title":"Finden Sie Ihren Lokalen Akasel H\u00e4ndler Weltweit | Akasel A\/S","description":"Entdecken Sie Akasels globales h\u00e4ndlernetzwerk. Kontaktieren sie uns und finden sie Ihren h\u00e4ndler f\u00fcr metallografische verbrauchsmaterialien.","robots":{"index":"index","follow":"follow","max-snippet":"max-snippet:-1","max-image-preview":"max-image-preview:large","max-video-preview":"max-video-preview:-1"},"canonical":"https:\/\/akasel.com\/de\/haendler\/","og_locale":"de_DE","og_type":"article","og_title":"Finden Sie Ihren Lokalen Akasel H\u00e4ndler Weltweit | Akasel A\/S","og_description":"Entdecken Sie Akasels globales h\u00e4ndlernetzwerk. Kontaktieren sie uns und finden sie Ihren h\u00e4ndler f\u00fcr metallografische verbrauchsmaterialien.","og_url":"https:\/\/akasel.com\/de\/haendler\/","og_site_name":"AKASEL A\/S","article_modified_time":"2025-09-26T05:55:07+00:00","twitter_card":"summary_large_image","twitter_misc":{"Gesch\u00e4tzte Lesezeit":"1 Minute"},"schema":{"@context":"https:\/\/schema.org","@graph":[{"@type":"WebPage","@id":"https:\/\/akasel.com\/de\/haendler\/","url":"https:\/\/akasel.com\/de\/haendler\/","name":"Finden Sie Ihren Lokalen Akasel H\u00e4ndler Weltweit | Akasel A\/S","isPartOf":{"@id":"https:\/\/akasel.com\/de\/#website"},"datePublished":"2020-11-12T19:01:44+00:00","dateModified":"2025-09-26T05:55:07+00:00","description":"Entdecken Sie Akasels globales h\u00e4ndlernetzwerk. Kontaktieren sie uns und finden sie Ihren h\u00e4ndler f\u00fcr metallografische verbrauchsmaterialien.","breadcrumb":{"@id":"https:\/\/akasel.com\/de\/haendler\/#breadcrumb"},"inLanguage":"de-DE","potentialAction":[{"@type":"ReadAction","target":["https:\/\/akasel.com\/de\/haendler\/"]}]},{"@type":"BreadcrumbList","@id":"https:\/\/akasel.com\/de\/haendler\/#breadcrumb","itemListElement":[{"@type":"ListItem","position":1,"name":"Home","item":"https:\/\/akasel.com\/de\/"},{"@type":"ListItem","position":2,"name":"H\u00e4ndler"}]},{"@type":"WebSite","@id":"https:\/\/akasel.com\/de\/#website","url":"https:\/\/akasel.com\/de\/","name":"AKASEL A\/S","description":"","potentialAction":[{"@type":"SearchAction","target":{"@type":"EntryPoint","urlTemplate":"https:\/\/akasel.com\/de\/?s={search_term_string}"},"query-input":"required name=search_term_string"}],"inLanguage":"de-DE"}]}},"_links":{"self":[{"href":"https:\/\/akasel.com\/de\/wp-json\/wp\/v2\/pages\/8116"}],"collection":[{"href":"https:\/\/akasel.com\/de\/wp-json\/wp\/v2\/pages"}],"about":[{"href":"https:\/\/akasel.com\/de\/wp-json\/wp\/v2\/types\/page"}],"author":[{"embeddable":true,"href":"https:\/\/akasel.com\/de\/wp-json\/wp\/v2\/users\/1"}],"replies":[{"embeddable":true,"href":"https:\/\/akasel.com\/de\/wp-json\/wp\/v2\/comments?post=8116"}],"version-history":[{"count":2,"href":"https:\/\/akasel.com\/de\/wp-json\/wp\/v2\/pages\/8116\/revisions"}],"predecessor-version":[{"id":11526,"href":"https:\/\/akasel.com\/de\/wp-json\/wp\/v2\/pages\/8116\/revisions\/11526"}],"wp:attachment":[{"href":"https:\/\/akasel.com\/de\/wp-json\/wp\/v2\/media?parent=8116"}],"curies":[{"name":"wp","href":"https:\/\/api.w.org\/{rel}","templated":true}]}}