{"id":8212,"date":"2020-11-16T19:03:48","date_gmt":"2020-11-16T18:03:48","guid":{"rendered":"https:\/\/akasel.com\/sds\/"},"modified":"2026-03-12T09:04:21","modified_gmt":"2026-03-12T08:04:21","slug":"sds-deutsch","status":"publish","type":"page","link":"https:\/\/akasel.com\/de\/sds-deutsch\/","title":{"rendered":"SDS &#8211; Deutsch"},"content":{"rendered":"<p>Ihre Sicherheit liegt uns bei Akasel sehr am Herzen. Somit ist f\u00fcr alle Produkte, die potentielle Gefahrstoffe enthalten, ein Sicherheitsdatenblatt (SDS) zum Download verf\u00fcgbar. Ebenso finden Sie hier Sicherheitsdatenbl\u00e4tter zu all unseren fl\u00fcssigen Produkten, selbst wenn diese keine potentiellen Gefahrstoffe enthalten.<\/p>\n<p>F\u00fcr Festk\u00f6rper Produkte, die keine potentiellen Gefahrstoffe enthalten, sind Produktdatenbl\u00e4tter vorhanden.<\/p>\n<p>Klicken Sie auf den jeweiligen Produktnamen um das jeweilige Sicherheitsdatenblatt einzusehen.<\/p>\n<p><strong>Trennen<br \/>\n<\/strong><a href=\"https:\/\/akasel.com\/de\/wp-content\/uploads\/sites\/2\/2024\/07\/sds-aka-cool-de-v30.pdf\" target=\"_blank\" rel=\"noreferrer noopener\" data-type=\"URL\" data-id=\"https:\/\/akasel.com\/wp-content\/uploads\/2021\/10\/sds-aka-cool-de-v10.pdf\">Aka-Cool<\/a><br \/>\n<a href=\"https:\/\/akasel.com\/wp-content\/uploads\/2024\/04\/sds-aka-nofoam-de-v20.pdf\" target=\"_blank\" rel=\"noreferrer noopener\" data-type=\"URL\" data-id=\"https:\/\/akasel.com\/wp-content\/uploads\/2021\/10\/sds-aka-nofoam-de-v10.pdf\">Aka-NoFoam<\/a><\/p>\n<p><strong>Einbetten<br \/>\n<\/strong><a href=\"https:\/\/akasel.com\/wp-content\/uploads\/2024\/04\/sds-aka-clear-2-liquid-de-v70.pdf\" target=\"_blank\" rel=\"noreferrer noopener\" data-type=\"URL\" data-id=\"https:\/\/akasel.com\/wp-content\/uploads\/2022\/04\/sds-aka-clear-2-liquid-de.pdf\">Aka-Clear-2 Liquid<\/a><br \/>\n<a href=\"https:\/\/akasel.com\/wp-content\/uploads\/2024\/02\/sds-aka-clear-2-powder-de-v20.pdf\" target=\"_blank\" rel=\"noreferrer noopener\">Aka-Clear-2 Powder<\/a><br \/>\n<a href=\"https:\/\/akasel.com\/wp-content\/uploads\/2026\/03\/sds-aka-cure-quick-de-v30.pdf\" target=\"_blank\" rel=\"noreferrer noopener\" data-type=\"URL\" data-id=\"https:\/\/akasel.com\/wp-content\/uploads\/2021\/10\/sds-aka-cure-quick-de-v10.pdf\">Aka-Cure Quick<br \/>\n<\/a><a href=\"https:\/\/akasel.com\/wp-content\/uploads\/2024\/04\/sds-aka-cure-slow-de-v20-h.pdf\" target=\"_blank\" rel=\"noreferrer noopener\" data-type=\"URL\" data-id=\"https:\/\/akasel.com\/wp-content\/uploads\/2021\/10\/sds-aka-cure-slow-de-v10.pdf\">Aka-Cure Slow<\/a><br \/>\n<a href=\"https:\/\/akasel.com\/de\/wp-content\/uploads\/sites\/2\/2024\/07\/sds-aka-nostick-liquid-de-v20.pdf\" target=\"_blank\" rel=\"noreferrer noopener\" data-type=\"URL\" data-id=\"https:\/\/akasel.com\/wp-content\/uploads\/2021\/10\/sds-aka-nostick-liquid-en-v20.pdf\" data-lf-fd-inspected-belvo73ddnp4zmqj=\"true\">Aka-NoStick Liquid<\/a><br \/>\n<a href=\"https:\/\/akasel.com\/de\/wp-content\/uploads\/sites\/2\/2024\/07\/sds-aka-resin-liquid-epoxy-de-v20.pdf\" target=\"_blank\" rel=\"noreferrer noopener\">Aka-Resin Liquid Epoxy<\/a><br \/>\n<a href=\"https:\/\/akasel.com\/wp-content\/uploads\/2024\/04\/sds-aka-resin-acrylic-de-v30.pdf\" target=\"_blank\" rel=\"noreferrer noopener\">Aka-Resin Acrylic<\/a><br \/>\n<a href=\"https:\/\/akasel.com\/wp-content\/uploads\/2024\/04\/sds-aka-resin-epoxy-de-v30.pdf\" target=\"_blank\" rel=\"noreferrer noopener\">Aka-Resin Epoxy (before 01\/09\/2025)<\/a><br \/>\n<a href=\"https:\/\/akasel.com\/wp-content\/uploads\/2025\/09\/sds-aka-resin-epoxy-nh-de-v10.pdf\" target=\"_blank\" rel=\"noreferrer noopener\">Aka-Resin Epoxy (from 01\/09\/2025)<\/a><br \/>\n<a href=\"https:\/\/akasel.com\/wp-content\/uploads\/2024\/04\/sds-aka-resin-melamine-de-v20.pdf\" target=\"_blank\" rel=\"noreferrer noopener\" data-type=\"URL\" data-id=\"https:\/\/akasel.com\/wp-content\/uploads\/2021\/11\/sds-aka-resin-melamine-de-v10.pdf\">Aka-Resin Melamine<\/a><br \/>\n<a href=\"https:\/\/akasel.com\/wp-content\/uploads\/2025\/05\/sds-aka-resin-pp-black-green-orange-red-de-v10.pdf\" target=\"_blank\" rel=\"noreferrer noopener\" data-type=\"URL\" data-id=\"https:\/\/akasel.com\/wp-content\/uploads\/2025\/05\/sds-aka-resin-pp-black-green-orange-red-de-v10.pdf\">Aka-Resin PP<\/a><br \/>\n<a href=\"https:\/\/akasel.com\/wp-content\/uploads\/2024\/04\/sds-aka-resin-phenolic-de-v20.pdf\" target=\"_blank\" rel=\"noreferrer noopener\" data-type=\"URL\" data-id=\"https:\/\/akasel.com\/wp-content\/uploads\/2021\/10\/sds-aka-resin-phenolic-de-v10.pdf\">Aka-Resin Phenolic<\/a><br \/>\n<a href=\"https:\/\/akasel.com\/wp-content\/uploads\/2023\/02\/sds-aka-resin-phenolic-2-black-de-v20.pdf\" target=\"_blank\" rel=\"noreferrer noopener\" data-type=\"URL\" data-id=\"https:\/\/akasel.com\/wp-content\/uploads\/2023\/02\/sds-aka-resin-phenolic-2-black-de-v20.pdf\">Aka-Resin Phenolic-2, Black<\/a><br \/>\n<a href=\"https:\/\/akasel.com\/wp-content\/uploads\/2024\/04\/sds-aka-resin-phenolic-sem-de-v20.pdf\" target=\"_blank\" rel=\"noreferrer noopener\" data-type=\"URL\" data-id=\"https:\/\/akasel.com\/wp-content\/uploads\/2021\/11\/sds-aka-resin-phenolic-sem-de-v10.pdf\">Aka-Resin Phenolic SEM<\/a><\/p>\n<p><strong>Schleifen<\/strong><\/p>\n<p><strong>Polieren<\/strong><br \/>\n<a href=\"https:\/\/akasel.com\/wp-content\/uploads\/2024\/04\/sds-aka-lube-blue-de-v20.pdf\" target=\"_blank\" rel=\"noreferrer noopener\" data-type=\"URL\" data-id=\"https:\/\/akasel.com\/wp-content\/uploads\/2021\/10\/sds-aka-lube-blue-de-v10.pdf\">Aka-Lube Blue<\/a><br \/>\n<a href=\"https:\/\/akasel.com\/wp-content\/uploads\/2024\/04\/sds-aka-lube-blue-concentrate-de-v20.pdf\" target=\"_blank\" rel=\"noreferrer noopener\" data-type=\"URL\" data-id=\"https:\/\/akasel.com\/wp-content\/uploads\/2021\/10\/sds-aka-lube-blue-concentrate-de-v10.pdf\">Aka-Lube Blue, Concentrate<\/a><br \/>\n<a href=\"https:\/\/akasel.com\/de\/wp-content\/uploads\/sites\/2\/2024\/07\/sds-aka-lube-clear-de-v20.pdf\" target=\"_blank\" rel=\"noreferrer noopener\" data-type=\"URL\" data-id=\"https:\/\/akasel.com\/de\/wp-content\/uploads\/sites\/2\/2024\/07\/sds-aka-lube-clear-de-v20.pdf\">Aka-Lube Clear+<\/a><br \/>\n<a href=\"https:\/\/akasel.com\/de\/wp-content\/uploads\/sites\/2\/2024\/07\/sds-aka-lube-clear-wf-de-v20.pdf\" target=\"_blank\" rel=\"noreferrer noopener\" data-type=\"URL\" data-id=\"https:\/\/akasel.com\/wp-content\/uploads\/2021\/10\/sds-aka-lube-clear-wf-de-v10.pdf\">Aka-Lube Clear WF<\/a><br \/>\n<a href=\"https:\/\/akasel.com\/wp-content\/uploads\/2024\/04\/sds-aka-lube-yellow-green-red-de-v40.pdf\" target=\"_blank\" rel=\"noreferrer noopener\" data-type=\"URL\" data-id=\"https:\/\/akasel.com\/wp-content\/uploads\/2021\/10\/sds-aka-lube-yellow-green-red-de-v30.pdf\">Aka-Lube Yellow, Aka-Lube Green &amp; Aka-Lube Red<\/a><br \/>\n<a href=\"https:\/\/akasel.com\/wp-content\/uploads\/2024\/04\/sds-aka-paste-aka-stick-de-v30.pdf\" target=\"_blank\" rel=\"noreferrer noopener\" data-type=\"URL\" data-id=\"https:\/\/akasel.com\/wp-content\/uploads\/2021\/10\/sds-aka-paste-aka-stick-de-v10.pdf\">Aka-Paste<\/a><br \/>\n<a href=\"https:\/\/akasel.com\/wp-content\/uploads\/2024\/12\/sds-aka-mono-aka-poly-aka-mono-aka-poly-de-v20.pdf\" target=\"_blank\" rel=\"noreferrer noopener\" data-type=\"URL\" data-id=\"https:\/\/akasel.com\/wp-content\/uploads\/2024\/12\/sds-aka-mono-aka-poly-aka-mono-aka-poly-de-v20.pdf\">Aka-Poly &amp; Aka-Mono<\/a><br \/>\n<a href=\"https:\/\/akasel.com\/wp-content\/uploads\/2024\/12\/sds-aka-mono-aka-poly-aka-mono-aka-poly-de-v20.pdf\" target=\"_blank\" rel=\"noreferrer noopener\" data-type=\"URL\" data-id=\"https:\/\/akasel.com\/wp-content\/uploads\/2024\/12\/sds-aka-mono-aka-poly-aka-mono-aka-poly-de-v20.pdf\">Aka-Poly+ &amp; Aka-Mono+<\/a><br \/>\n<a href=\"https:\/\/akasel.com\/de\/wp-content\/uploads\/sites\/2\/2024\/07\/sds-aka-poly-water-free-de-v20.pdf\" target=\"_blank\" rel=\"noreferrer noopener\">Aka-Poly WF<\/a><br \/>\n<a href=\"https:\/\/akasel.com\/wp-content\/uploads\/2026\/03\/sds-aka-spray-mono-poly-de-v30.pdf\" target=\"_blank\" rel=\"noreferrer noopener\" data-type=\"URL\" data-id=\"https:\/\/akasel.com\/wp-content\/uploads\/2021\/10\/sds-aka-spray-mono-poly-de-v10.pdf\">Aka-Spray<\/a><br \/>\n<a href=\"https:\/\/akasel.com\/wp-content\/uploads\/2024\/04\/sds-aka-paste-aka-stick-de-v30.pdf\" target=\"_blank\" rel=\"noreferrer noopener\" data-type=\"URL\" data-id=\"https:\/\/akasel.com\/wp-content\/uploads\/2021\/10\/sds-aka-paste-aka-stick-de-v10.pdf\">Aka-Stick<\/a><br \/>\n<a href=\"https:\/\/akasel.com\/wp-content\/uploads\/2026\/03\/sds-diadoublo-mono-poly-de-v30.pdf\" target=\"_blank\" rel=\"noreferrer noopener\" data-type=\"URL\" data-id=\"https:\/\/akasel.com\/de\/wp-content\/uploads\/sites\/2\/2024\/07\/sds-diadoublo-mono-poly-de-v20.pdf\">DiaDoublo<\/a><br \/>\n<a href=\"https:\/\/akasel.com\/wp-content\/uploads\/2024\/12\/sds-diamaxx-mono-poly-de-v20.pdf\" target=\"_blank\" rel=\"noreferrer noopener\" data-type=\"URL\" data-id=\"https:\/\/akasel.com\/wp-content\/uploads\/2024\/12\/sds-diamaxx-mono-poly-de-v20.pdf\">DiaMaxx<\/a><br \/>\n<a href=\"https:\/\/akasel.com\/wp-content\/uploads\/2024\/01\/sds-diaultra-mono-poly-de-v50.pdf\" target=\"_blank\" rel=\"noreferrer noopener\" data-type=\"URL\" data-id=\"https:\/\/akasel.com\/wp-content\/uploads\/2021\/10\/sds-diaultra-de-v30.pdf\">DiaUltra<\/a><\/p>\n<p><strong>Endpolieren<br \/>\n<\/strong><a href=\"https:\/\/akasel.com\/wp-content\/uploads\/2024\/04\/sds-alumina-suspension-50nm-de-de-v20.pdf\" target=\"_blank\" rel=\"noreferrer noopener\">Alumina Suspension 50 nm<\/a><br \/>\n<a href=\"https:\/\/akasel.com\/de\/wp-content\/uploads\/sites\/2\/2024\/07\/sds-colloidal-silica-50nm-alkaline-de-v20.pdf\" target=\"_blank\" rel=\"noreferrer noopener\" data-type=\"URL\" data-id=\"https:\/\/akasel.com\/de\/wp-content\/uploads\/sites\/2\/2024\/07\/sds-colloidal-silica-50nm-alkaline-de-v20.pdf\">Colloidal Silica Suspension 50 nm<\/a><br \/>\n<a href=\"https:\/\/akasel.com\/wp-content\/uploads\/2024\/04\/sds-fumed-silica-02my-alkaline-de-v40.pdf\" target=\"_blank\" rel=\"noreferrer noopener\" data-type=\"URL\" data-id=\"https:\/\/akasel.com\/wp-content\/uploads\/2021\/10\/sds-fumed-silica-02my-alkaline-de-v20.pdf\">Fumed Silica Suspension 200 nm<\/a><a href=\"https:\/\/akasel.com\/wp-content\/uploads\/2020\/11\/1000de.pdf\" target=\"_blank\" rel=\"noreferrer noopener\"><br \/>\n<\/a><a href=\"https:\/\/akasel.com\/wp-content\/uploads\/2024\/04\/sds-fumed-silica-suspension-02m-water-free-de-v20.pdf\" target=\"_blank\" rel=\"noreferrer noopener\" data-type=\"URL\" data-id=\"https:\/\/akasel.com\/wp-content\/uploads\/2021\/10\/sds-fumed-silica-suspension-02m-water-free-de-v10.pdf\">Fumed Silica Suspension 200 nm Water-free<\/a><\/p>\n","protected":false},"excerpt":{"rendered":"<p>Ihre Sicherheit liegt uns bei Akasel sehr am Herzen. Somit ist f\u00fcr alle Produkte, die potentielle Gefahrstoffe enthalten, ein Sicherheitsdatenblatt&#8230;<\/p>\n","protected":false},"author":1,"featured_media":0,"parent":0,"menu_order":0,"comment_status":"closed","ping_status":"open","template":"","meta":{"footnotes":""},"class_list":["post-8212","page","type-page","status-publish","hentry"],"acf":[],"yoast_head":"<!-- This site is optimized with the Yoast SEO plugin v21.7 - https:\/\/yoast.com\/wordpress\/plugins\/seo\/ -->\n<title>Sicherheitsdatenbl\u00e4tter (SDS) | Akasel A\/S<\/title>\n<meta name=\"description\" content=\"Greifen Sie auf Sicherheitsdatenbl\u00e4tter f\u00fcr Akasel-Verbrauchsmaterialien zu und laden Sie sie herunter. Erhalten Sie wichtige Sicherheitsinformationen.\" \/>\n<meta name=\"robots\" content=\"index, follow, max-snippet:-1, max-image-preview:large, max-video-preview:-1\" \/>\n<link rel=\"canonical\" href=\"https:\/\/akasel.com\/de\/sds-deutsch\/\" \/>\n<meta property=\"og:locale\" content=\"de_DE\" \/>\n<meta property=\"og:type\" content=\"article\" \/>\n<meta property=\"og:title\" content=\"Sicherheitsdatenbl\u00e4tter (SDS) | Akasel A\/S\" \/>\n<meta property=\"og:description\" content=\"Greifen Sie auf Sicherheitsdatenbl\u00e4tter f\u00fcr Akasel-Verbrauchsmaterialien zu und laden Sie sie herunter. Erhalten Sie wichtige Sicherheitsinformationen.\" \/>\n<meta property=\"og:url\" content=\"https:\/\/akasel.com\/de\/sds-deutsch\/\" \/>\n<meta property=\"og:site_name\" content=\"AKASEL A\/S\" \/>\n<meta property=\"article:modified_time\" content=\"2026-03-12T08:04:21+00:00\" \/>\n<meta name=\"twitter:card\" content=\"summary_large_image\" \/>\n<meta name=\"twitter:label1\" content=\"Gesch\u00e4tzte Lesezeit\" \/>\n\t<meta name=\"twitter:data1\" content=\"1 Minute\" \/>\n<!-- \/ Yoast SEO plugin. -->","yoast_head_json":{"title":"Sicherheitsdatenbl\u00e4tter (SDS) | Akasel A\/S","description":"Greifen Sie auf Sicherheitsdatenbl\u00e4tter f\u00fcr Akasel-Verbrauchsmaterialien zu und laden Sie sie herunter. Erhalten Sie wichtige Sicherheitsinformationen.","robots":{"index":"index","follow":"follow","max-snippet":"max-snippet:-1","max-image-preview":"max-image-preview:large","max-video-preview":"max-video-preview:-1"},"canonical":"https:\/\/akasel.com\/de\/sds-deutsch\/","og_locale":"de_DE","og_type":"article","og_title":"Sicherheitsdatenbl\u00e4tter (SDS) | Akasel A\/S","og_description":"Greifen Sie auf Sicherheitsdatenbl\u00e4tter f\u00fcr Akasel-Verbrauchsmaterialien zu und laden Sie sie herunter. Erhalten Sie wichtige Sicherheitsinformationen.","og_url":"https:\/\/akasel.com\/de\/sds-deutsch\/","og_site_name":"AKASEL A\/S","article_modified_time":"2026-03-12T08:04:21+00:00","twitter_card":"summary_large_image","twitter_misc":{"Gesch\u00e4tzte Lesezeit":"1 Minute"},"schema":{"@context":"https:\/\/schema.org","@graph":[{"@type":"WebPage","@id":"https:\/\/akasel.com\/de\/sds-deutsch\/","url":"https:\/\/akasel.com\/de\/sds-deutsch\/","name":"Sicherheitsdatenbl\u00e4tter (SDS) | Akasel A\/S","isPartOf":{"@id":"https:\/\/akasel.com\/de\/#website"},"datePublished":"2020-11-16T18:03:48+00:00","dateModified":"2026-03-12T08:04:21+00:00","description":"Greifen Sie auf Sicherheitsdatenbl\u00e4tter f\u00fcr Akasel-Verbrauchsmaterialien zu und laden Sie sie herunter. Erhalten Sie wichtige Sicherheitsinformationen.","breadcrumb":{"@id":"https:\/\/akasel.com\/de\/sds-deutsch\/#breadcrumb"},"inLanguage":"de-DE","potentialAction":[{"@type":"ReadAction","target":["https:\/\/akasel.com\/de\/sds-deutsch\/"]}]},{"@type":"BreadcrumbList","@id":"https:\/\/akasel.com\/de\/sds-deutsch\/#breadcrumb","itemListElement":[{"@type":"ListItem","position":1,"name":"Home","item":"https:\/\/akasel.com\/de\/"},{"@type":"ListItem","position":2,"name":"SDS &#8211; Deutsch"}]},{"@type":"WebSite","@id":"https:\/\/akasel.com\/de\/#website","url":"https:\/\/akasel.com\/de\/","name":"AKASEL A\/S","description":"","potentialAction":[{"@type":"SearchAction","target":{"@type":"EntryPoint","urlTemplate":"https:\/\/akasel.com\/de\/?s={search_term_string}"},"query-input":"required name=search_term_string"}],"inLanguage":"de-DE"}]}},"_links":{"self":[{"href":"https:\/\/akasel.com\/de\/wp-json\/wp\/v2\/pages\/8212"}],"collection":[{"href":"https:\/\/akasel.com\/de\/wp-json\/wp\/v2\/pages"}],"about":[{"href":"https:\/\/akasel.com\/de\/wp-json\/wp\/v2\/types\/page"}],"author":[{"embeddable":true,"href":"https:\/\/akasel.com\/de\/wp-json\/wp\/v2\/users\/1"}],"replies":[{"embeddable":true,"href":"https:\/\/akasel.com\/de\/wp-json\/wp\/v2\/comments?post=8212"}],"version-history":[{"count":16,"href":"https:\/\/akasel.com\/de\/wp-json\/wp\/v2\/pages\/8212\/revisions"}],"predecessor-version":[{"id":13456,"href":"https:\/\/akasel.com\/de\/wp-json\/wp\/v2\/pages\/8212\/revisions\/13456"}],"wp:attachment":[{"href":"https:\/\/akasel.com\/de\/wp-json\/wp\/v2\/media?parent=8212"}],"curies":[{"name":"wp","href":"https:\/\/api.w.org\/{rel}","templated":true}]}}