{"id":8222,"date":"2020-11-16T19:40:10","date_gmt":"2020-11-16T18:40:10","guid":{"rendered":"https:\/\/akasel.com\/library\/user-guides\/"},"modified":"2025-09-26T07:55:04","modified_gmt":"2025-09-26T05:55:04","slug":"user-guides-deutsch","status":"publish","type":"page","link":"https:\/\/akasel.com\/de\/bibliothek\/user-guides-deutsch\/","title":{"rendered":"Bedienungsanleitungen"},"content":{"rendered":"<p>Klicken Sie auf den untenstehenden Produktnamen um die jeweilige Gebrauchsanweisung zu \u00f6ffnen und herunterzuladen.<\/p>\n<div  class=' split-sektion columns-3 boxed-items'>\n<span  class='split-sektion-item full-width-item'>\n<p><strong>Probenpr\u00e4paration<\/strong><\/p>\n<\/span>\n<span  class='split-sektion-item'>\n<figure class=\"wp-block-image size-full\"><img decoding=\"async\" class=\"wp-image-11542\" src=\"https:\/\/akasel.com\/wp-content\/uploads\/2023\/08\/demo-kit-brochure-2023-de-webjpg.png\" alt=\"Akasel Demo Kit Benutzerhandbuch: Umfassende Anweisungen zur metallographischen Probenvorbereitung unter Verwendung von Akasel-Verbrauchsmaterialien, einschlie\u00dflich Schleif- und Poliertechniken.\" \/><\/figure>\n<p>Demo Kit<\/p>\n<p><a href=\"https:\/\/akasel.com\/de\/wp-content\/uploads\/sites\/2\/2024\/06\/demo-kit-user-guide-de.pdf\" target=\"_blank\" rel=\"noopener\">Link<\/a><\/p>\n<\/span>\n<\/div>\n<div  class=' split-sektion columns-3 boxed-items'>\n<span  class='split-sektion-item full-width-item'>\n<p><strong>Trennen<\/strong><\/p>\n<\/span>\n<span  class='split-sektion-item'>\n<figure class=\"wp-block-image size-large\"><img decoding=\"async\" class=\"wp-image-5753\" src=\"https:\/\/akasel.com\/de\/wp-content\/uploads\/sites\/2\/2024\/06\/aka-cut-thumbnail.jpg\" alt=\"Akasel's Aka-Cut Trennscheiben Benutzerhandbuch: Detaillierte Anweisungen f\u00fcr das optimale metallographische Schneiden, einschlie\u00dflich der richtigen Flanschgr\u00f6\u00dfe, Vorschubgeschwindigkeiten, K\u00fchltechniken und Wartung der Scheiben.\" \/><\/figure>\n<p>Aka-Cut<\/p>\n<p><a href=\"https:\/\/akasel.com\/de\/wp-content\/uploads\/sites\/2\/2025\/07\/98012863-manual-aka-cut-de-a5.pdf\" target=\"_blank\" rel=\"noopener\">Link<\/a><\/p>\n<\/span>\n<span  class='split-sektion-item'>\n<figure class=\"wp-block-image\"><img decoding=\"async\" src=\"https:\/\/akasel.com\/wp-content\/uploads\/2024\/11\/aka-cut-superabrasive-cut-off-wheels-user-guide-front-de.jpg\" alt=\"Akasel's Aka-Cut Superabrasive Trennscheiben Benutzerhandbuch: Detaillierte Anweisungen f\u00fcr das optimale metallographische Schneiden mit Diamant- und CBN-Scheiben, einschlie\u00dflich Vorschubgeschwindigkeiten, RPM-Einstellungen, K\u00fchlung und Wartung.\" \/><\/figure>\n<p>Superabrasive Trennscheiben<\/p>\n<p><a href=\"https:\/\/akasel.com\/de\/wp-content\/uploads\/sites\/2\/2025\/07\/aka-cut-superabrasive-cut-off-wheels-user-guide-de.pdf\">link<\/a><\/p>\n<\/span>\n<\/div>\n<div  class=' split-sektion columns-3 boxed-items'>\n<span  class='split-sektion-item full-width-item'>\n<p><strong>Einbetten<\/strong><\/p>\n<\/span>\n<span  class='split-sektion-item'>\n<figure class=\"wp-block-image\"><img decoding=\"async\" src=\"https:\/\/akasel.com\/de\/wp-content\/uploads\/sites\/2\/2024\/11\/1732270017225-63aeb28d-cd1b-4869-9c92-722e14051fd6-1.jpg\" alt=\"Akasel's Aka-Clear-2 Benutzerhandbuch: Schritt-f\u00fcr-Schritt-Anweisungen zur Verwendung des Zwei-Komponenten-Schnellh\u00e4rtenden Acrylsystems f\u00fcr transparente Tr\u00e4ger in der Metallographie, ideal f\u00fcr Fehleranalyse und elektronische Komponentenpr\u00e4paration.\" \/><\/figure>\n<p>Aka-Clear-2<\/p>\n<p><a href=\"https:\/\/akasel.com\/de\/wp-content\/uploads\/sites\/2\/2024\/06\/aka-clear-2-user-guide-de.pdf\" target=\"_blank\" rel=\"noopener\">Link<\/a><\/p>\n<\/span>\n<span  class='split-sektion-item'>\n<figure class=\"wp-block-image\"><img decoding=\"async\" src=\"https:\/\/akasel.com\/de\/wp-content\/uploads\/sites\/2\/2024\/06\/aka-cure-slow-thumbnail.jpg\" alt=\"Akasel's Aka-Cure Slow Benutzerhandbuch: Schritt-f\u00fcr-Schritt-Anweisungen zur Verwendung des langsam h\u00e4rtenden Epoxid-H\u00e4rters mit Aka-Resin Fl\u00fcssig-Epoxid, ideal f\u00fcr die Impr\u00e4gnierung und Montage von w\u00e4rmeempfindlichen Proben in der Metallographie.\" \/><\/figure>\n<p>Aka-Cure Slow<\/p>\n<p><a href=\"https:\/\/akasel.com\/de\/wp-content\/uploads\/sites\/2\/2024\/06\/aka-cure-slow-user-guide-de.pdf\" target=\"_blank\" rel=\"noopener\">Link<\/a><\/p>\n<\/span>\n<span  class='split-sektion-item'>\n<figure class=\"wp-block-image\"><img decoding=\"async\" src=\"https:\/\/akasel.com\/de\/wp-content\/uploads\/sites\/2\/2024\/06\/aka-cure-quick-thumbnail.jpg\" alt=\"Akasel's Aka-Cure Quick Benutzerhandbuch: Schritt-f\u00fcr-Schritt-Anweisungen zur Verwendung des schnell h\u00e4rtenden Epoxid-H\u00e4rters mit Aka-Resin Fl\u00fcssig-Epoxid, ideal f\u00fcr die schnelle Montage von metallographischen Proben.\" \/><\/figure>\n<p>Aka-Cure Quick<\/p>\n<p><a href=\"https:\/\/akasel.com\/de\/wp-content\/uploads\/sites\/2\/2024\/06\/aka-cure-quick-user-guide-de.pdf\" target=\"_blank\" rel=\"noopener\">Link<\/a><\/p>\n<\/span>\n<span  class='split-sektion-item'>\n<figure class=\"wp-block-image size-large\"><img decoding=\"async\" class=\"wp-image-3946\" src=\"https:\/\/akasel.com\/de\/wp-content\/uploads\/sites\/2\/2024\/06\/aka-mould-thumbnail.jpg\" alt=\"Akasel's Aka-Mould Benutzerhandbuch: Schritt-f\u00fcr-Schritt-Anweisungen zur Verwendung von Aka-Mould mit Aka-NoStick Fl\u00fcssigkeit f\u00fcr eine effiziente Probenmontage in der Metallographie.\" \/><\/figure>\n<p>Aka-Mould<\/p>\n<p><a href=\"https:\/\/akasel.com\/de\/wp-content\/uploads\/sites\/2\/2025\/07\/manual-mould-de.pdf\" target=\"_blank\" rel=\"noopener\">Link<\/a><\/p>\n<\/span>\n<span  class='split-sektion-item'>\n<figure class=\"wp-block-image size-large\"><img decoding=\"async\" class=\"wp-image-10892\" src=\"https:\/\/akasel.com\/de\/wp-content\/uploads\/sites\/2\/2024\/06\/aka-mould-pom-thumbnail.jpg\" alt=\"Akasel's Aka-Mould mit Silikondeckel Benutzerhandbuch: Schritt-f\u00fcr-Schritt-Anweisungen zur Verwendung von Aka-Mould mit einem Silikondeckel und Aka-NoStick Fl\u00fcssigkeit f\u00fcr eine effiziente Probenmontage in der Metallographie.\" \/><\/figure>\n<p>Aka-Mould mit Silikonboden<\/p>\n<p><a href=\"https:\/\/akasel.com\/de\/wp-content\/uploads\/sites\/2\/2025\/07\/98012904-manual-mould-silicone-lid-de-de6-a5.pdf\" target=\"_blank\" rel=\"noopener\">Link<\/a><\/p>\n<\/span>\n<\/div>\n<div  class=' split-sektion columns-3 boxed-items'>\n<span  class='split-sektion-item full-width-item'>\n<p><strong>Magnetisches festhalten<\/strong><\/p>\n<\/span>\n<span  class='split-sektion-item'>\n<figure class=\"wp-block-image size-large\"><img decoding=\"async\" class=\"wp-image-5756\" src=\"https:\/\/akasel.com\/de\/wp-content\/uploads\/sites\/2\/2024\/11\/1732270016918-a1f39162-b91b-4f8e-a633-e1b0e500d06d-2.jpg\" alt=\"Akasel's Aka-Magnet Benutzerhandbuch: Schritt-f\u00fcr-Schritt-Anweisungen zur Installation und Wartung des Aka-Magneten, einer polymerbasierten magnetischen Folie, die Standard-Pr\u00e4parationsscheiben in magnetische Tr\u00e4gerscheiben f\u00fcr eine effiziente metallographische Probenvorbereitung umwandelt.\" \/><\/figure>\n<p>Aka-Magnet<\/p>\n<p><a href=\"https:\/\/akasel.com\/de\/wp-content\/uploads\/sites\/2\/2025\/07\/user-guide-aka-magnet-de.pdf\" target=\"_blank\" rel=\"noopener\">Link<\/a><\/p>\n<\/span>\n<span  class='split-sektion-item'>\n<figure class=\"wp-block-image size-large\"><img decoding=\"async\" class=\"wp-image-5759\" src=\"https:\/\/akasel.com\/de\/wp-content\/uploads\/sites\/2\/2024\/06\/rhaco-thumbnail.jpg\" alt=\"Akasel's Rhaco Benutzerhandbuch: Schritt-f\u00fcr-Schritt-Anweisungen zur Verwendung von Rhaco-Scheiben in der metallographischen Probenvorbereitung, einschlie\u00dflich der Sicherstellung der Planheit der Scheiben, der richtigen Anwendung von Schleifpapier oder Poliert\u00fcchern und Wartungstipps.\" \/><\/figure>\n<p>Aka-Rhaco<\/p>\n<p><a href=\"https:\/\/akasel.com\/de\/wp-content\/uploads\/sites\/2\/2025\/07\/0074-manual-rhaco-de-a5.pdf\" target=\"_blank\" rel=\"noopener\">Link<\/a><\/p>\n<\/span>\n<span  class='split-sektion-item'>\n<figure class=\"wp-block-image size-large\"><img decoding=\"async\" class=\"wp-image-10927\" src=\"https:\/\/akasel.com\/de\/wp-content\/uploads\/sites\/2\/2024\/06\/aka-ronan-3d-thumbnail.jpg\" alt=\"Akasel's Aka-Ronan 3D Benutzerhandbuch: Schritt-f\u00fcr-Schritt-Anweisungen zur Verwendung der Stahlplatte mit 3D-Polymerbeschichtung, um selbstklebende Poliert\u00fccher und Schleifscheiben f\u00fcr magnetische Unterst\u00fctzung in der metallographischen Probenvorbereitung anzupassen.\" \/><\/figure>\n<p>Aka-Ronan 3D<\/p>\n<p><a href=\"https:\/\/akasel.com\/de\/wp-content\/uploads\/sites\/2\/2025\/07\/user-guide-aka-ronan-3d-de.pdf\" target=\"_blank\" rel=\"noopener\">Link<\/a><\/p>\n<\/span>\n<\/div>\n<div  class=' split-sektion columns-3 boxed-items'>\n<span  class='split-sektion-item full-width-item'>\n<p><strong>Schleifen<\/strong><\/p>\n<\/span>\n<span  class='split-sektion-item'>\n<figure class=\"wp-block-image size-large\"><img decoding=\"async\" class=\"wp-image-5765\" src=\"https:\/\/akasel.com\/de\/wp-content\/uploads\/sites\/2\/2024\/06\/aka-piatto-und-aka-piatto.jpg\" alt=\"Akasel's Aka-Piatto und Aka-Piatto+ Benutzerhandbuch: Schritt-f\u00fcr-Schritt-Anweisungen zum Schleifen metallographischer Proben mit Aka-Piatto- und Aka-Piatto+-Scheiben, einschlie\u00dflich Empfehlungen zu Krafteinstellungen, RPM und Wartungstipps.\" \/><\/figure>\n<p>Aka-Piatto and Piatto+<\/p>\n<p><a href=\"https:\/\/akasel.com\/de\/wp-content\/uploads\/sites\/2\/2025\/07\/98012867-manual-piatto-piatto-de-a5.pdf\" target=\"_blank\" rel=\"noopener\">Link<\/a><\/p>\n<\/span>\n<span  class='split-sektion-item'>\n<figure class=\"wp-block-image size-large\"><img decoding=\"async\" class=\"wp-image-5768\" src=\"https:\/\/akasel.com\/de\/wp-content\/uploads\/sites\/2\/2024\/06\/rhaco-grit-thumbnail.jpg\" alt=\"Akasel's Rhaco Grit Benutzerhandbuch: Schritt-f\u00fcr-Schritt-Anweisungen zur Verwendung von Rhaco Grit Schleifpapieren in der metallographischen Probenvorbereitung, einschlie\u00dflich Empfehlungen zu Krafteinstellungen, RPM und Wartungstipps.\" \/><\/figure>\n<p>Rhaco Grit<\/p>\n<p><a href=\"https:\/\/akasel.com\/de\/wp-content\/uploads\/sites\/2\/2025\/07\/98012866-manual-rhaco-grit-de-a5.pdf\" target=\"_blank\" rel=\"noopener\">Link<\/a><\/p>\n<\/span>\n<\/div>\n<div  class=' split-sektion columns-3 boxed-items'>\n<span  class='split-sektion-item full-width-item'>\n<p><strong>Feinschleifen<\/strong><\/p>\n<\/span>\n<span  class='split-sektion-item'>\n<figure class=\"wp-block-image size-large\"><img decoding=\"async\" class=\"wp-image-5912\" src=\"https:\/\/akasel.com\/de\/wp-content\/uploads\/sites\/2\/2024\/11\/1732270017825-f1a30c21-1c5f-48c2-8d81-e1f3c3904775-2.jpg\" alt=\"Akasel's Aka-Allegran 9, 6 und 3 Benutzerhandbuch: Schritt-f\u00fcr-Schritt-Anweisungen zum Fein-Schleifen metallographischer Proben mit Aka-Allegran-Scheiben, einschlie\u00dflich Probenverteilung, Schmiertechniken, empfohlenen Korngr\u00f6\u00dfen, Krafteinstellungen, RPM und Wartungstipps.\" \/><\/figure>\n<p>Aka-Allegran 9<\/p>\n<p><a href=\"https:\/\/akasel.com\/de\/wp-content\/uploads\/sites\/2\/2025\/07\/98012862-manual-allegran-9-6-3-de-a5.pdf\" target=\"_blank\" rel=\"noopener\">Link<\/a><\/p>\n<\/span>\n<span  class='split-sektion-item'>\n<figure class=\"wp-block-image size-large\"><img decoding=\"async\" class=\"wp-image-5919\" src=\"https:\/\/akasel.com\/de\/wp-content\/uploads\/sites\/2\/2024\/11\/1732270017825-f1a30c21-1c5f-48c2-8d81-e1f3c3904775-2.jpg\" alt=\"Akasel's Aka-Allegran 9, 6 und 3 Benutzerhandbuch: Schritt-f\u00fcr-Schritt-Anweisungen zum Fein-Schleifen metallographischer Proben mit Aka-Allegran-Scheiben, einschlie\u00dflich Probenverteilung, Schmiertechniken, empfohlenen Korngr\u00f6\u00dfen, Krafteinstellungen, RPM und Wartungstipps.\" \/><\/figure>\n<p>Aka-Allegran 6<\/p>\n<p><a href=\"https:\/\/akasel.com\/de\/wp-content\/uploads\/sites\/2\/2025\/07\/98012862-manual-allegran-9-6-3-de-a5.pdf\" target=\"_blank\" rel=\"noopener\">Link<\/a><\/p>\n<\/span>\n<span  class='split-sektion-item'>\n<figure class=\"wp-block-image size-large\"><img decoding=\"async\" class=\"wp-image-5925\" src=\"https:\/\/akasel.com\/de\/wp-content\/uploads\/sites\/2\/2024\/11\/1732270017825-f1a30c21-1c5f-48c2-8d81-e1f3c3904775-2.jpg\" alt=\"Akasel's Aka-Allegran 9, 6 und 3 Benutzerhandbuch: Schritt-f\u00fcr-Schritt-Anweisungen zum Fein-Schleifen metallographischer Proben mit Aka-Allegran-Scheiben, einschlie\u00dflich Probenverteilung, Schmiertechniken, empfohlenen Korngr\u00f6\u00dfen, Krafteinstellungen, RPM und Wartungstipps.\" \/><\/figure>\n<p>Aka-Allegran 3<\/p>\n<p><a href=\"https:\/\/akasel.com\/de\/wp-content\/uploads\/sites\/2\/2025\/07\/98012862-manual-allegran-9-6-3-de-a5.pdf\" target=\"_blank\" rel=\"noopener\">Link<\/a><\/p>\n<\/span>\n<span  class='split-sektion-item'>\n<figure class=\"wp-block-image size-large\"><img decoding=\"async\" class=\"wp-image-5928\" src=\"https:\/\/akasel.com\/de\/wp-content\/uploads\/sites\/2\/2024\/11\/1732270016819-69964e1e-6c52-45da-bbad-3b2bec3adcd2-2.jpg\" alt=\"Akasel's Aka-Allegran 1 Benutzerhandbuch: Schritt-f\u00fcr-Schritt-Anweisungen zum Fein-Schleifen und Polieren metallographischer Proben mit der Aka-Allegran 1-Scheibe, einschlie\u00dflich Probenverteilung, Schmiertechniken, empfohlenen Korngr\u00f6\u00dfen (3 - 0,1 \u00b5m), Krafteinstellungen, RPM und Wartungstipps.\" \/><\/figure>\n<p>Aka-Allegran 1<\/p>\n<p><a href=\"https:\/\/akasel.com\/de\/wp-content\/uploads\/sites\/2\/2025\/07\/98012880-manual-allegran-1-de-a5.pdf\" target=\"_blank\" rel=\"noopener\">Link<\/a><\/p>\n<\/span>\n<span  class='split-sektion-item'>\n<figure class=\"wp-block-image size-large\"><img decoding=\"async\" class=\"wp-image-5912\" src=\"https:\/\/akasel.com\/de\/wp-content\/uploads\/sites\/2\/2024\/06\/aka-largan-9-thumbnail.jpg\" alt=\"Akasel's Aka-Largan 9 Benutzerhandbuch: Schritt-f\u00fcr-Schritt-Anweisungen zum Fein-Schleifen metallographischer Proben mit der Aka-Largan 9-Scheibe, einschlie\u00dflich Probenverteilung, Schmiertechniken, empfohlenen Korngr\u00f6\u00dfen (15 - 3 \u00b5m), Krafteinstellungen, RPM und Wartungstipps.\" \/><\/figure>\n<p>Aka-Largan 9<\/p>\n<p><a href=\"https:\/\/akasel.com\/de\/wp-content\/uploads\/sites\/2\/2025\/07\/98012902-manual-largan-9-de-a5.pdf\" target=\"_blank\" rel=\"noopener\">Link<\/a><\/p>\n<\/span>\n<div  class=' split-sektion columns-3 boxed-items'><\/div>\n<span  class='split-sektion-item full-width-item'>\n<p><strong>Polieren<\/strong><\/p>\n<\/span>\n<span  class='split-sektion-item'>\n<figure class=\"wp-block-image size-large\"><img decoding=\"async\" class=\"wp-image-5783\" src=\"https:\/\/akasel.com\/de\/wp-content\/uploads\/sites\/2\/2024\/11\/1732270016972-a86451a4-02ae-4ded-91d3-4cca2eac6631-2.jpg\" alt=\"Akasel's Mag Polishing Cloth Benutzerhandbuch: Schritt-f\u00fcr-Schritt-Anweisungen zur Verwendung von magnetischen Poliert\u00fcchern in der metallographischen Probenvorbereitung, einschlie\u00dflich der richtigen Platzierung auf der magnetischen Unterst\u00fctzung, Probenverteilung, Schmiertechniken und Wartungstipps.\" \/><\/figure>\n<p>Magnetische Poliert\u00fccher<\/p>\n<p><a href=\"https:\/\/akasel.com\/de\/wp-content\/uploads\/sites\/2\/2025\/07\/98012865-manual-mag-cloth-de-a5.pdf\" target=\"_blank\" rel=\"noopener\">Link<\/a><\/p>\n<\/span>\n<span  class='split-sektion-item'>\n<figure class=\"wp-block-image size-large\"><img decoding=\"async\" class=\"wp-image-5786\" src=\"https:\/\/akasel.com\/de\/wp-content\/uploads\/sites\/2\/2024\/06\/poliertuecher-thumbnail.jpg\" alt=\"Akasel's PSA Polishing Cloths Benutzerhandbuch: Schritt-f\u00fcr-Schritt-Anweisungen zur Anwendung von selbstklebenden Poliert\u00fcchern in der metallographischen Probenvorbereitung, einschlie\u00dflich der \u00dcberpr\u00fcfung der Scheibenplanheit, der richtigen Platzierung des Tuchs zur Vermeidung von Luftblasen, Probenverteilung, Schmiertechniken und Wartungstipps.\" \/><\/figure>\n<p>Selbstklebende Poliert\u00fccher<\/p>\n<p><a href=\"https:\/\/akasel.com\/de\/wp-content\/uploads\/sites\/2\/2025\/07\/manual-psa-polishing-cloth-de-a5.pdf\" target=\"_blank\" rel=\"noopener\">Link<\/a><\/p>\n<\/span>\n<span  class='split-sektion-item'>\n<figure class=\"wp-block-image size-large\"><img decoding=\"async\" class=\"wp-image-5789\" src=\"https:\/\/akasel.com\/de\/wp-content\/uploads\/sites\/2\/2025\/07\/0071-diamond-paste-de-cover.jpg\" alt=\"Akasel's Diamond Paste Benutzerhandbuch: Schritt-f\u00fcr-Schritt-Anweisungen zur Anwendung von Diamantpaste in der metallographischen Probenvorbereitung, einschlie\u00dflich Dosiertechniken, korrekter Anwendung auf Poliert\u00fcchern, Schmierpraktiken und Wartungstipps.\" \/><\/figure>\n<p>Aka-Paste<\/p>\n<p><a href=\"https:\/\/akasel.com\/de\/wp-content\/uploads\/sites\/2\/2025\/07\/0071-manual-diamond-paste-de-a5-akasel-20.pdf\" target=\"_blank\" rel=\"noopener\">Link<\/a><\/p>\n<\/span>\n<span  class='split-sektion-item'>\n<figure class=\"wp-block-image size-large\"><img decoding=\"async\" class=\"wp-image-5792\" src=\"https:\/\/akasel.com\/de\/wp-content\/uploads\/sites\/2\/2025\/07\/0072-diamond-stick-de-cover.jpg\" alt=\"Akasel's Diamond Stick Benutzerhandbuch: Schritt-f\u00fcr-Schritt-Anweisungen zum Vorbereiten neuer Poliert\u00fccher mit Diamantpaste in der metallographischen Probenvorbereitung, einschlie\u00dflich Dosiertechniken, Anwendungsmustern, Schmierpraktiken und Wartungstipps.\" \/><\/figure>\n<p>Aka-Stick<\/p>\n<p><a href=\"https:\/\/akasel.com\/de\/wp-content\/uploads\/sites\/2\/2025\/07\/0072-manual-diamond-stick-de-a5-akasel-20.pdf\" target=\"_blank\" rel=\"noopener\">Link<\/a><\/p>\n<\/span>\n<\/div>\n<div  class=' split-sektion columns-3 boxed-items'>\n<span  class='split-sektion-item full-width-item'>\n<p><strong>Zubeh\u00f6r<\/strong><\/p>\n<\/span>\n<span  class='split-sektion-item'>\n<figure class=\"wp-block-image size-full\">\n  <img decoding=\"async\" class=\"wp-image-XXXXX\" src=\"https:\/\/akasel.com\/de\/wp-content\/uploads\/sites\/2\/2025\/07\/0075-disc-cabinet-de-cover.jpg\" alt=\"Akasel Scheibenschrank Bedienungsanleitung: Lagerungs- und Wartungshinweise f\u00fcr die metallografische Probenvorbereitung.\n\n\n\n\n\n\n\" \/><br \/>\n<\/figure>\n<p>Scheibenschrank<\/p>\n<p><a href=\"https:\/\/akasel.com\/de\/wp-content\/uploads\/sites\/2\/2025\/07\/0075-manual-disc-cabinet-de-a5-akasel.pdf\">link<\/a><\/p>\n<\/span>\n<\/div>\n","protected":false},"excerpt":{"rendered":"<p>Klicken Sie auf den untenstehenden Produktnamen um die jeweilige Gebrauchsanweisung zu \u00f6ffnen und herunterzuladen.<\/p>\n","protected":false},"author":1,"featured_media":0,"parent":8062,"menu_order":0,"comment_status":"closed","ping_status":"open","template":"","meta":{"footnotes":""},"class_list":["post-8222","page","type-page","status-publish","hentry"],"acf":[],"yoast_head":"<!-- This site is optimized with the Yoast SEO plugin v21.7 - https:\/\/yoast.com\/wordpress\/plugins\/seo\/ -->\n<title>Bedienungsanleitungen f\u00fcr AKASEL Produkte<\/title>\n<meta name=\"description\" content=\"Hier finden Sie Bedienungsanleitungen f\u00fcr AKASEL-Produkte. Laden Sie Benutzerhandb\u00fccher herunter und optimieren Sie Ihre Anwendung.\" \/>\n<meta name=\"robots\" content=\"index, follow, max-snippet:-1, max-image-preview:large, max-video-preview:-1\" \/>\n<link rel=\"canonical\" href=\"https:\/\/akasel.com\/de\/bibliothek\/user-guides-deutsch\/\" \/>\n<meta property=\"og:locale\" content=\"de_DE\" \/>\n<meta property=\"og:type\" content=\"article\" \/>\n<meta property=\"og:title\" content=\"Bedienungsanleitungen f\u00fcr AKASEL Produkte\" \/>\n<meta property=\"og:description\" content=\"Hier finden Sie Bedienungsanleitungen f\u00fcr AKASEL-Produkte. Laden Sie Benutzerhandb\u00fccher herunter und optimieren Sie Ihre Anwendung.\" \/>\n<meta property=\"og:url\" content=\"https:\/\/akasel.com\/de\/bibliothek\/user-guides-deutsch\/\" \/>\n<meta property=\"og:site_name\" content=\"AKASEL A\/S\" \/>\n<meta property=\"article:modified_time\" content=\"2025-09-26T05:55:04+00:00\" \/>\n<meta property=\"og:image\" content=\"https:\/\/akasel.com\/wp-content\/uploads\/2023\/08\/demo-kit-brochure-2023-de-webjpg.png\" \/>\n<meta name=\"twitter:card\" content=\"summary_large_image\" \/>\n<meta name=\"twitter:label1\" content=\"Gesch\u00e4tzte Lesezeit\" \/>\n\t<meta name=\"twitter:data1\" content=\"6 Minuten\" \/>\n<!-- \/ Yoast SEO plugin. -->","yoast_head_json":{"title":"Bedienungsanleitungen f\u00fcr AKASEL Produkte","description":"Hier finden Sie Bedienungsanleitungen f\u00fcr AKASEL-Produkte. Laden Sie Benutzerhandb\u00fccher herunter und optimieren Sie Ihre Anwendung.","robots":{"index":"index","follow":"follow","max-snippet":"max-snippet:-1","max-image-preview":"max-image-preview:large","max-video-preview":"max-video-preview:-1"},"canonical":"https:\/\/akasel.com\/de\/bibliothek\/user-guides-deutsch\/","og_locale":"de_DE","og_type":"article","og_title":"Bedienungsanleitungen f\u00fcr AKASEL Produkte","og_description":"Hier finden Sie Bedienungsanleitungen f\u00fcr AKASEL-Produkte. Laden Sie Benutzerhandb\u00fccher herunter und optimieren Sie Ihre Anwendung.","og_url":"https:\/\/akasel.com\/de\/bibliothek\/user-guides-deutsch\/","og_site_name":"AKASEL A\/S","article_modified_time":"2025-09-26T05:55:04+00:00","og_image":[{"url":"https:\/\/akasel.com\/wp-content\/uploads\/2023\/08\/demo-kit-brochure-2023-de-webjpg.png"}],"twitter_card":"summary_large_image","twitter_misc":{"Gesch\u00e4tzte Lesezeit":"6 Minuten"},"schema":{"@context":"https:\/\/schema.org","@graph":[{"@type":"WebPage","@id":"https:\/\/akasel.com\/de\/bibliothek\/user-guides-deutsch\/","url":"https:\/\/akasel.com\/de\/bibliothek\/user-guides-deutsch\/","name":"Bedienungsanleitungen f\u00fcr AKASEL Produkte","isPartOf":{"@id":"https:\/\/akasel.com\/de\/#website"},"datePublished":"2020-11-16T18:40:10+00:00","dateModified":"2025-09-26T05:55:04+00:00","description":"Hier finden Sie Bedienungsanleitungen f\u00fcr AKASEL-Produkte. Laden Sie Benutzerhandb\u00fccher herunter und optimieren Sie Ihre Anwendung.","breadcrumb":{"@id":"https:\/\/akasel.com\/de\/bibliothek\/user-guides-deutsch\/#breadcrumb"},"inLanguage":"de-DE","potentialAction":[{"@type":"ReadAction","target":["https:\/\/akasel.com\/de\/bibliothek\/user-guides-deutsch\/"]}]},{"@type":"BreadcrumbList","@id":"https:\/\/akasel.com\/de\/bibliothek\/user-guides-deutsch\/#breadcrumb","itemListElement":[{"@type":"ListItem","position":1,"name":"Home","item":"https:\/\/akasel.com\/de\/"},{"@type":"ListItem","position":2,"name":"Bibliothek","item":"https:\/\/akasel.com\/de\/bibliothek\/"},{"@type":"ListItem","position":3,"name":"Bedienungsanleitungen"}]},{"@type":"WebSite","@id":"https:\/\/akasel.com\/de\/#website","url":"https:\/\/akasel.com\/de\/","name":"AKASEL A\/S","description":"","potentialAction":[{"@type":"SearchAction","target":{"@type":"EntryPoint","urlTemplate":"https:\/\/akasel.com\/de\/?s={search_term_string}"},"query-input":"required name=search_term_string"}],"inLanguage":"de-DE"}]}},"_links":{"self":[{"href":"https:\/\/akasel.com\/de\/wp-json\/wp\/v2\/pages\/8222"}],"collection":[{"href":"https:\/\/akasel.com\/de\/wp-json\/wp\/v2\/pages"}],"about":[{"href":"https:\/\/akasel.com\/de\/wp-json\/wp\/v2\/types\/page"}],"author":[{"embeddable":true,"href":"https:\/\/akasel.com\/de\/wp-json\/wp\/v2\/users\/1"}],"replies":[{"embeddable":true,"href":"https:\/\/akasel.com\/de\/wp-json\/wp\/v2\/comments?post=8222"}],"version-history":[{"count":15,"href":"https:\/\/akasel.com\/de\/wp-json\/wp\/v2\/pages\/8222\/revisions"}],"predecessor-version":[{"id":13038,"href":"https:\/\/akasel.com\/de\/wp-json\/wp\/v2\/pages\/8222\/revisions\/13038"}],"up":[{"embeddable":true,"href":"https:\/\/akasel.com\/de\/wp-json\/wp\/v2\/pages\/8062"}],"wp:attachment":[{"href":"https:\/\/akasel.com\/de\/wp-json\/wp\/v2\/media?parent=8222"}],"curies":[{"name":"wp","href":"https:\/\/api.w.org\/{rel}","templated":true}]}}