{"id":8223,"date":"2020-11-16T19:53:38","date_gmt":"2020-11-16T18:53:38","guid":{"rendered":"https:\/\/akasel.com\/library\/fact-sheets\/"},"modified":"2025-09-26T07:55:05","modified_gmt":"2025-09-26T05:55:05","slug":"fact-sheets","status":"publish","type":"page","link":"https:\/\/akasel.com\/de\/bibliothek\/fact-sheets\/","title":{"rendered":"Fact Sheets"},"content":{"rendered":"<p>Hier finden Sie Merkbl\u00e4tter zu bestimmten Akasel-Produkten zum Herunterladen.<\/p>\n<p>Klicken Sie unten auf den Produktnamen, um das Datenblatt zu \u00f6ffnen.<\/p>\n<div  class=' split-sektion columns-3 boxed-items'> <span  class='split-sektion-item'>\n<figure class=\"wp-block-image\"><img decoding=\"async\" src=\"https:\/\/akasel.com\/wp-content\/uploads\/2025\/05\/1747054586434-434b7533-8deb-44df-a8e7-67eebe28c078-1.jpg\" alt=\"\" \/><\/figure>\n<p>Aka-Resin PP<\/p>\n<p><a href=\"https:\/\/akasel.com\/wp-content\/uploads\/2025\/05\/fact-sheet-11-aka-resin-pp-de.pdf\" target=\"_blank\" rel=\"noopener\">Link<\/a><\/p>\n<\/span> <span  class='split-sektion-item'>\n<figure class=\"wp-block-image\"><img decoding=\"async\" src=\"https:\/\/akasel.com\/wp-content\/uploads\/2024\/11\/1730451055133-1214f0f2-0483-44bf-b724-9102e3fdbb8e-1.jpg\" alt=\"Akasel's Verst\u00e4rkte Trennscheiben Fact Sheet: Detaillierte Informationen zu leistungsstarken, faserverst\u00e4rkten Trennscheiben, die f\u00fcr die metallographische Probenvorbereitung entwickelt wurden und verbesserte Haltbarkeit, \u00fcberlegene Oberfl\u00e4chenqualit\u00e4t sowie kosteng\u00fcnstige L\u00f6sungen f\u00fcr verschiedene Materialh\u00e4rtebereiche bieten.\" \/><\/figure>\n<p>Verst\u00e4rkte Trennscheiben<\/p>\n<p><a href=\"https:\/\/akasel.com\/wp-content\/uploads\/2024\/11\/fact-sheet-reinforced-cut-off-wheels-de.pdf\" target=\"_blank\" rel=\"noopener\">Link<\/a><\/p>\n<\/span> <span  class='split-sektion-item'>\n<figure class=\"wp-block-image\"><img decoding=\"async\" src=\"https:\/\/akasel.com\/de\/wp-content\/uploads\/sites\/2\/2024\/11\/fact-sheet-diaultra-thumbnail.jpg\" alt=\"Akasel's DiaUltra 2-in-1 Diamantsuspension Fact Sheet: Detaillierte Informationen zu fortschrittlichen Diamantsuspensionen, die hochwertige synthetische Diamanten mit einem einzigartigen Schmiermittelssystem kombinieren und \u00fcber 25 % h\u00f6here Abtragsraten, schnellere Vorbereitungszeiten und \u00fcberlegene Oberfl\u00e4chenfinishs f\u00fcr die metallographische Probenvorbereitung bieten.\" \/><\/figure>\n<p>DiaUltra<\/p>\n<p><a href=\"https:\/\/akasel.com\/de\/wp-content\/uploads\/sites\/2\/2024\/06\/fact-sheets-diaultra-de.pdf\" target=\"_blank\" rel=\"noopener\">Link<\/a><\/p>\n<\/span> <span  class='split-sektion-item'>\n<figure class=\"wp-block-image\"><img decoding=\"async\" src=\"https:\/\/akasel.com\/de\/wp-content\/uploads\/sites\/2\/2024\/11\/fact-sheet-moran-u-thumbnail.jpg\" alt=\"Akasel's Moran-U Poliertuch Fact Sheet: Detaillierte Informationen zu 100% gewebten Woll-Poliert\u00fcchern, die ideal f\u00fcr die metallographische Probenvorbereitung mit 6, 3 und 1 \u00b5m Diamantsuspensionen sind und sowohl f\u00fcr eisenhaltige als auch f\u00fcr nichteisenhaltige Metalle geeignet sind.\" \/><\/figure>\n<p>Moran-U Poliertuch <\/p>\n<p><a href=\"https:\/\/akasel.com\/de\/wp-content\/uploads\/sites\/2\/2024\/06\/fact-sheet-moran-u-de.pdf\" target=\"_blank\" rel=\"noopener\">Link<\/a><\/p>\n<\/span> <span  class='split-sektion-item'>\n<figure class=\"wp-block-image\"><img decoding=\"async\" class=\"wp-image-5208\" src=\"https:\/\/akasel.com\/de\/wp-content\/uploads\/sites\/2\/2024\/11\/fact-sheet-plural-poliertuch-thumbnail.jpg\" alt=\"Akasel's Plural Poliertuch Fact Sheet: Detaillierte Informationen zu Aka-Plural und Mag-Plural Poliert\u00fcchern, die ideal f\u00fcr schnelles, einstufiges Polieren verschiedener Stahlsorten, gesinterter Karbide und anderer harter Materialien mit 3 \u00b5m Diamantsuspensionen sind.\" \/><\/figure>\n<p>Plural Poliertuch <\/p>\n<p><a href=\"https:\/\/akasel.com\/de\/wp-content\/uploads\/sites\/2\/2024\/06\/fact-sheet-plural-de.pdf\" target=\"_blank\" rel=\"noopener\">Link<\/a><\/p>\n<\/span> <span  class='split-sektion-item'>\n<figure class=\"wp-block-image\"><img decoding=\"async\" src=\"https:\/\/akasel.com\/de\/wp-content\/uploads\/sites\/2\/2024\/11\/fact-sheet-silk-poliertuch-thumbnail.jpg\" alt=\"Akasel's Silk Poliertuch Fact Sheet: Detaillierte Informationen zu 100% nat\u00fcrlichen Seiden-Poliert\u00fcchern, die ideal f\u00fcr metallographische Probenvorbereitung mit hoher Planheit und Kantenerhaltung sind und f\u00fcr den Einsatz mit Diamantsuspensionen im Bereich von 9 bis 0,25 \u00b5m geeignet sind.\" \/><\/figure>\n<p>Silk Poliertuch <\/p>\n<p><a href=\"https:\/\/akasel.com\/de\/wp-content\/uploads\/sites\/2\/2024\/06\/fact-sheet-silk-de.pdf\" target=\"_blank\" rel=\"noopener\">Link<\/a><\/p>\n<\/span> <span  class='split-sektion-item'>\n<figure class=\"wp-block-image\"><img decoding=\"async\" src=\"https:\/\/akasel.com\/de\/wp-content\/uploads\/sites\/2\/2024\/11\/fact-sheet-napal-poliertuch-thumbnail.jpg\" alt=\"Akasel's Napal Poliertuch Fact Sheet: Detaillierte Informationen zu weichen, kurzflorigen Viskose-Poliert\u00fcchern, die ideal f\u00fcr das Endpolieren in der metallographischen Probenvorbereitung mit Diamantabrassiven von 1 \u00b5m und feiner oder f\u00fcr Oxidpolieren geeignet sind.\" \/><\/figure>\n<p>Napal Poliertuch <\/p>\n<p><a href=\"https:\/\/akasel.com\/de\/wp-content\/uploads\/sites\/2\/2024\/06\/fact-sheet-napal-de.pdf\" target=\"_blank\" rel=\"noopener\">Link<\/a><\/p>\n<\/span> <span  class='split-sektion-item'>\n<figure class=\"wp-block-image\"><img decoding=\"async\" src=\"https:\/\/akasel.com\/de\/wp-content\/uploads\/sites\/2\/2024\/11\/fact-sheet-paran-s-thumbnail.jpg\" alt=\"Akasel's Paran-S Poliertuch Fact Sheet: Detaillierte Informationen zu harzimpr\u00e4gnierten, nicht gewebten Polyester-T\u00fcchern, die f\u00fcr das Feinschleifen von weichen Materialien wie Aluminiumlegierungen und das Polieren harter Materialien wie gesinterter Karbide in der metallographischen Probenvorbereitung entwickelt wurden.\" \/><\/figure>\n<p>Paran-S Poliertuch <\/p>\n<p><a href=\"https:\/\/akasel.com\/de\/wp-content\/uploads\/sites\/2\/2024\/06\/fact-sheet-paran-s-de.pdf\" target=\"_blank\" rel=\"noopener\">Link<\/a><\/p>\n<\/span> <\/div>\n","protected":false},"excerpt":{"rendered":"<p>Hier finden Sie Merkbl\u00e4tter zu bestimmten Akasel-Produkten zum Herunterladen. Klicken Sie unten auf den Produktnamen, um das Datenblatt zu \u00f6ffnen.<\/p>\n","protected":false},"author":1,"featured_media":8226,"parent":8062,"menu_order":0,"comment_status":"closed","ping_status":"open","template":"","meta":{"footnotes":""},"class_list":["post-8223","page","type-page","status-publish","has-post-thumbnail","hentry"],"acf":[],"yoast_head":"<!-- This site is optimized with the Yoast SEO plugin v21.7 - https:\/\/yoast.com\/wordpress\/plugins\/seo\/ -->\n<title>Fact Sheets | Produktmerkbl\u00e4tter zum Herunterladen | AKASEL A\/S<\/title>\n<meta name=\"description\" content=\"Hier finden Sie Merkbl\u00e4tter zu Produkten zum Herunterladen. Erhalten Sie detaillierte technische Informationen und Spezifikationen zu unseren Produkten.\" \/>\n<meta name=\"robots\" content=\"index, follow, max-snippet:-1, max-image-preview:large, max-video-preview:-1\" \/>\n<link rel=\"canonical\" href=\"https:\/\/akasel.com\/de\/bibliothek\/fact-sheets\/\" \/>\n<meta property=\"og:locale\" content=\"de_DE\" \/>\n<meta property=\"og:type\" content=\"article\" \/>\n<meta property=\"og:title\" content=\"Fact Sheets | Produktmerkbl\u00e4tter zum Herunterladen | AKASEL A\/S\" \/>\n<meta property=\"og:description\" content=\"Hier finden Sie Merkbl\u00e4tter zu Produkten zum Herunterladen. Erhalten Sie detaillierte technische Informationen und Spezifikationen zu unseren Produkten.\" \/>\n<meta property=\"og:url\" content=\"https:\/\/akasel.com\/de\/bibliothek\/fact-sheets\/\" \/>\n<meta property=\"og:site_name\" content=\"AKASEL A\/S\" \/>\n<meta property=\"article:modified_time\" content=\"2025-09-26T05:55:05+00:00\" \/>\n<meta property=\"og:image\" content=\"https:\/\/akasel.com\/de\/wp-content\/uploads\/sites\/2\/2023\/08\/plural-polishing-cloth.jpg\" \/>\n\t<meta property=\"og:image:width\" content=\"723\" \/>\n\t<meta property=\"og:image:height\" content=\"1024\" \/>\n\t<meta property=\"og:image:type\" content=\"image\/jpeg\" \/>\n<meta name=\"twitter:card\" content=\"summary_large_image\" \/>\n<meta name=\"twitter:label1\" content=\"Gesch\u00e4tzte Lesezeit\" \/>\n\t<meta name=\"twitter:data1\" content=\"3 Minuten\" \/>\n<!-- \/ Yoast SEO plugin. -->","yoast_head_json":{"title":"Fact Sheets | Produktmerkbl\u00e4tter zum Herunterladen | AKASEL A\/S","description":"Hier finden Sie Merkbl\u00e4tter zu Produkten zum Herunterladen. Erhalten Sie detaillierte technische Informationen und Spezifikationen zu unseren Produkten.","robots":{"index":"index","follow":"follow","max-snippet":"max-snippet:-1","max-image-preview":"max-image-preview:large","max-video-preview":"max-video-preview:-1"},"canonical":"https:\/\/akasel.com\/de\/bibliothek\/fact-sheets\/","og_locale":"de_DE","og_type":"article","og_title":"Fact Sheets | Produktmerkbl\u00e4tter zum Herunterladen | AKASEL A\/S","og_description":"Hier finden Sie Merkbl\u00e4tter zu Produkten zum Herunterladen. Erhalten Sie detaillierte technische Informationen und Spezifikationen zu unseren Produkten.","og_url":"https:\/\/akasel.com\/de\/bibliothek\/fact-sheets\/","og_site_name":"AKASEL A\/S","article_modified_time":"2025-09-26T05:55:05+00:00","og_image":[{"width":723,"height":1024,"url":"https:\/\/akasel.com\/de\/wp-content\/uploads\/sites\/2\/2023\/08\/plural-polishing-cloth.jpg","type":"image\/jpeg"}],"twitter_card":"summary_large_image","twitter_misc":{"Gesch\u00e4tzte Lesezeit":"3 Minuten"},"schema":{"@context":"https:\/\/schema.org","@graph":[{"@type":"WebPage","@id":"https:\/\/akasel.com\/de\/bibliothek\/fact-sheets\/","url":"https:\/\/akasel.com\/de\/bibliothek\/fact-sheets\/","name":"Fact Sheets | Produktmerkbl\u00e4tter zum Herunterladen | AKASEL A\/S","isPartOf":{"@id":"https:\/\/akasel.com\/de\/#website"},"datePublished":"2020-11-16T18:53:38+00:00","dateModified":"2025-09-26T05:55:05+00:00","description":"Hier finden Sie Merkbl\u00e4tter zu Produkten zum Herunterladen. Erhalten Sie detaillierte technische Informationen und Spezifikationen zu unseren Produkten.","breadcrumb":{"@id":"https:\/\/akasel.com\/de\/bibliothek\/fact-sheets\/#breadcrumb"},"inLanguage":"de-DE","potentialAction":[{"@type":"ReadAction","target":["https:\/\/akasel.com\/de\/bibliothek\/fact-sheets\/"]}]},{"@type":"BreadcrumbList","@id":"https:\/\/akasel.com\/de\/bibliothek\/fact-sheets\/#breadcrumb","itemListElement":[{"@type":"ListItem","position":1,"name":"Home","item":"https:\/\/akasel.com\/de\/"},{"@type":"ListItem","position":2,"name":"Bibliothek","item":"https:\/\/akasel.com\/de\/bibliothek\/"},{"@type":"ListItem","position":3,"name":"Fact Sheets"}]},{"@type":"WebSite","@id":"https:\/\/akasel.com\/de\/#website","url":"https:\/\/akasel.com\/de\/","name":"AKASEL A\/S","description":"","potentialAction":[{"@type":"SearchAction","target":{"@type":"EntryPoint","urlTemplate":"https:\/\/akasel.com\/de\/?s={search_term_string}"},"query-input":"required name=search_term_string"}],"inLanguage":"de-DE"}]}},"_links":{"self":[{"href":"https:\/\/akasel.com\/de\/wp-json\/wp\/v2\/pages\/8223"}],"collection":[{"href":"https:\/\/akasel.com\/de\/wp-json\/wp\/v2\/pages"}],"about":[{"href":"https:\/\/akasel.com\/de\/wp-json\/wp\/v2\/types\/page"}],"author":[{"embeddable":true,"href":"https:\/\/akasel.com\/de\/wp-json\/wp\/v2\/users\/1"}],"replies":[{"embeddable":true,"href":"https:\/\/akasel.com\/de\/wp-json\/wp\/v2\/comments?post=8223"}],"version-history":[{"count":14,"href":"https:\/\/akasel.com\/de\/wp-json\/wp\/v2\/pages\/8223\/revisions"}],"predecessor-version":[{"id":12925,"href":"https:\/\/akasel.com\/de\/wp-json\/wp\/v2\/pages\/8223\/revisions\/12925"}],"up":[{"embeddable":true,"href":"https:\/\/akasel.com\/de\/wp-json\/wp\/v2\/pages\/8062"}],"wp:featuredmedia":[{"embeddable":true,"href":"https:\/\/akasel.com\/de\/wp-json\/wp\/v2\/media\/8226"}],"wp:attachment":[{"href":"https:\/\/akasel.com\/de\/wp-json\/wp\/v2\/media?parent=8223"}],"curies":[{"name":"wp","href":"https:\/\/api.w.org\/{rel}","templated":true}]}}