{"id":8252,"date":"2020-11-16T20:12:35","date_gmt":"2020-11-16T19:12:35","guid":{"rendered":"https:\/\/akasel.com\/library\/product-brochures\/"},"modified":"2026-04-09T08:22:25","modified_gmt":"2026-04-09T06:22:25","slug":"product-brochures-deutsch","status":"publish","type":"page","link":"https:\/\/akasel.com\/de\/bibliothek\/product-brochures-deutsch\/","title":{"rendered":"Product Brochures &#8211; Deutsch"},"content":{"rendered":"<p>Klicken Sie auf den untenstehenden Produktnamen um die relevante Brosch\u00fcre zu \u00f6ffnen.<\/p>\n<div  class=' split-sektion columns-3 boxed-items'>\n<span  class='split-sektion-item full-width-item'>\n<p><strong>Metallographische Probenpr\u00e4paration<\/strong><\/p>\n<\/span>\n<span  class='split-sektion-item'>\n<figure class=\"wp-block-image\"><img decoding=\"async\" src=\"https:\/\/akasel.com\/de\/wp-content\/uploads\/sites\/2\/2024\/11\/1732270465197-dc0dc0a4-412d-40b5-8c26-fbf1d6ffdf66-1.jpg\" alt=\"Akasel's Umfassende Produktbrosch\u00fcre: Detaillierte \u00dcbersicht \u00fcber hochwertige Verbrauchsmaterialien f\u00fcr die metallographische Probenvorbereitung, einschlie\u00dflich L\u00f6sungen f\u00fcr Schneiden, Montieren, Schleifen und Polieren.\" \/><\/figure>\n<p>Akasel l\u00f6sungen metallographische<\/p>\n<p><a href=\"https:\/\/akasel.com\/de\/wp-content\/uploads\/sites\/2\/2024\/06\/akasel-loesungen-2024.pdf\">Link<\/a><\/p>\n<\/span>\n<\/div>\n<div  class=' split-sektion columns-3 boxed-items'>\n<span  class='split-sektion-item full-width-item'>\n<p><strong>Trennen<\/strong><\/p>\n<\/span>\n<span  class='split-sektion-item'>\n<figure class=\"wp-block-image\"><img decoding=\"async\" src=\"https:\/\/akasel.com\/wp-content\/uploads\/2023\/08\/aka-cut-de-pdf-724x1024-1.jpg\" alt=\"Akasel's Aka-Cut Produktbrosch\u00fcre: Detaillierte Informationen \u00fcber hochwertige Trennscheiben, die f\u00fcr die metallographische Probenvorbereitung entwickelt wurden und optimale Oberfl\u00e4chenqualit\u00e4t, Langlebigkeit und Reproduzierbarkeit bieten.\" \/><\/figure>\n<p>Aka-Cut, Trennscheiben<\/p>\n<p><a href=\"https:\/\/akasel.com\/de\/wp-content\/uploads\/sites\/2\/2024\/06\/aka-cut-produktbroschuere.pdf\" target=\"_blank\" rel=\"noopener\">Link<\/a><\/p>\n<\/span>\n<span  class='split-sektion-item'>\n<figure class=\"wp-block-image\"><img decoding=\"async\" src=\"https:\/\/akasel.com\/wp-content\/uploads\/2024\/11\/1730451056664-e4f2dbaf-00ec-463f-ac4e-cf02fe497d01-1.jpg\" alt=\"Akasel's Verst\u00e4rkte Trennscheiben Brosch\u00fcre: Detaillierte Informationen zu leistungsstarken, faserverst\u00e4rkten Trennscheiben, die f\u00fcr eine optimale metallographische Abschnittserstellung entwickelt wurden und verbesserte Haltbarkeit, \u00fcberlegene Oberfl\u00e4chenqualit\u00e4t sowie kosteng\u00fcnstige L\u00f6sungen f\u00fcr verschiedene Materialh\u00e4rtebereiche bieten.\" \/><\/figure>\n<p>Aka-Cut, Verst\u00e4rkte Trennscheiben<\/p>\n<p><a href=\"https:\/\/akasel.com\/wp-content\/uploads\/2024\/11\/reinforced-cut-off-wheels-brochure-de-web.pdf\">Link<\/a><\/p>\n<\/span>\n<\/div>\n<div  class=' split-sektion columns-3 boxed-items'>\n<span  class='split-sektion-item full-width-item'>\n<p><strong>Einbetten<\/strong><\/p>\n<\/span> <span  class='split-sektion-item'>\n<figure class=\"wp-block-image\"><img decoding=\"async\" src=\"https:\/\/akasel.com\/wp-content\/uploads\/2025\/05\/1747055617711-93453536-0041-4509-b800-4a8c9ab0b207-1.jpg\" alt=\"\" \/><\/figure>\n<p>Warmeinbetten<\/p>\n<p><a href=\"https:\/\/akasel.com\/wp-content\/uploads\/2025\/05\/hot-mounting-brochure-de-web.pdf\">Link<\/a><\/p>\n<\/span> <\/div><div  class=' split-sektion columns-3 boxed-items'> <span  class='split-sektion-item full-width-item'>\n<p><strong>Schleifen<\/strong><\/p>\n<\/span>\n<span  class='split-sektion-item'>\n<figure class=\"wp-block-image\"><img decoding=\"async\" src=\"https:\/\/akasel.com\/wp-content\/uploads\/2024\/07\/aka-piatto-produktbroschure.jpg\" alt=\"Akasel's Aka-Piatto Produktbrosch\u00fcre: Umfassende Details zu Diamantschleifscheiben, die f\u00fcr effizientes Plan- und Feinschleifen in der metallographischen Probenvorbereitung entwickelt wurden, mit hohen Materialabtragraten, perfekter Planheit und langer Lebensdauer.\" \/><\/figure>\n<p>Aka-Piatto, Schleifscheiben<\/p>\n<p><a href=\"https:\/\/akasel.com\/de\/wp-content\/uploads\/sites\/2\/2024\/06\/aka-piatto-produktbroschuere.pdf\" target=\"_blank\" rel=\"noopener\">Link<\/a><\/p>\n<\/span>\n<span  class='split-sektion-item'>\n<figure class=\"wp-block-image size-large\"><img decoding=\"async\" class=\"wp-image-5581\" src=\"https:\/\/akasel.com\/wp-content\/uploads\/2023\/08\/rgd-de2-724x1024-1.jpg\" alt=\"Akasel's Rigid Grinding Discs Produktbrosch\u00fcre: Detaillierte Informationen zu Aka-Allegran und Aka-Largan-Scheiben f\u00fcr die einstufige Feinschleifung in der metallographischen Probenvorbereitung, die schnelles Materialabtragen, perfekte Planheit und Kantenerhaltung f\u00fcr verschiedene Materialien bieten.\" \/><\/figure>\n<p>StarreSchleifscheiben<\/p>\n<p><a href=\"https:\/\/akasel.com\/de\/wp-content\/uploads\/sites\/2\/2024\/06\/starre-schleifscheiben-produktbroschuere.pdf\" target=\"_blank\" rel=\"noopener\">Link<\/a><\/p>\n<\/span>\n<\/div>\n<div  class=' split-sektion columns-3 boxed-items'>\n<span  class='split-sektion-item full-width-item'>\n<strong>Polieren<\/strong><br \/>\n<\/span>\n<span  class='split-sektion-item'>\n<figure class=\"wp-block-image\"><img decoding=\"async\" src=\"https:\/\/akasel.com\/wp-content\/uploads\/2023\/08\/diaultra-de-pdf-724x1024-1.jpg\" alt=\"Akasel's DiaUltra Produktbrosch\u00fcre: Umfassende Details zu fortschrittlichen 2-in-1-Diamantsuspensionen, die f\u00fcr ultrafast metallographische Probenvorbereitung entwickelt wurden und h\u00f6here Materialabtragraten, schnellere Vorbereitungszeiten und \u00fcberlegene Oberfl\u00e4chenqualit\u00e4t bieten.\" \/><\/figure>\n<p>DiaUltra<\/p>\n<p><a href=\"https:\/\/akasel.com\/de\/wp-content\/uploads\/sites\/2\/2024\/06\/diaultra-produktbroschuere.pdf\" target=\"_blank\" rel=\"noopener\">Link<\/a><\/p>\n<\/span>\n<span  class='split-sektion-item'>\n<figure class=\"wp-block-image\"><img decoding=\"async\" src=\"https:\/\/akasel.com\/wp-content\/uploads\/2023\/08\/polishing-cloths-de-pdf-724x1024-1.jpg\" alt=\"Akasel's Polishing Cloths Produktbrosch\u00fcre: Umfassende Details zu einer breiten Palette von Poliert\u00fcchern, die f\u00fcr metallographisches Feinschleifen und Polieren entwickelt wurden und f\u00fcr verschiedene Materialien und Anwendungen geeignet sind.\" \/><\/figure>\n<p>Poliert\u00fccher<\/p>\n<p><a href=\"https:\/\/akasel.com\/de\/wp-content\/uploads\/sites\/2\/2024\/06\/poliertuecher-produktbroschuere.pdf\" target=\"_blank\" rel=\"noopener\">Link<\/a><\/p>\n<\/span>\n<span  class='split-sektion-item'>\n<figure class=\"wp-block-image\"><img decoding=\"async\" src=\"https:\/\/akasel.com\/wp-content\/uploads\/2023\/08\/diamond-suspension-de-pdf-724x1024-1.jpg\" alt=\"Akasel's Diamond Suspension Produktbrosch\u00fcre: Umfassende Details zu einer Reihe von Diamantsuspensionen, die f\u00fcr die metallographische Probenvorbereitung entwickelt wurden, einschlie\u00dflich poly- und monokristalliner Optionen, hochkonzentrierter Formulierungen und wasserfreier Varianten f\u00fcr wasserempfindliche Materialien.\" \/><\/figure>\n<p>Diamant-Suspensionen<\/p>\n<p><a href=\"https:\/\/akasel.com\/de\/wp-content\/uploads\/sites\/2\/2024\/06\/diamantsuspensionen-produktbroschuere.pdf\" target=\"_blank\" rel=\"noopener\">Link<\/a><\/p>\n<\/span>\n<\/div>\n<div  class=' split-sektion columns-3 boxed-items'>\n<span  class='split-sektion-item full-width-item'>\n<p><strong>Endpolieren<\/strong><\/p>\n<\/span>\n<span  class='split-sektion-item'>\n<figure class=\"wp-block-image size-large\"><img decoding=\"async\" class=\"wp-image-5585\" src=\"https:\/\/akasel.com\/wp-content\/uploads\/2023\/08\/op-de2-723x1024-1.jpg\" alt=\"Akasel's Oxide Polishing Produktbrosch\u00fcre: Umfassende Details zu submikronischen Oxid-Poliersuspensionen f\u00fcr die metallographische Probenvorbereitung, die deformationfreies Polieren, schnelle Ergebnisse und Anti-Trocknungsmittel bieten, um Kristallisation auf Poliert\u00fcchern und in Dosierrohren zu verhindern.\" \/><\/figure>\n<p>Oxidpolieren<\/p>\n<p><a href=\"https:\/\/akasel.com\/de\/wp-content\/uploads\/sites\/2\/2024\/06\/oxidpolieren-produktbroschuere.pdf\" target=\"_blank\" rel=\"noopener\">Link<\/a><\/p>\n<\/span>\n<\/div>\n","protected":false},"excerpt":{"rendered":"<p>Klicken Sie auf den untenstehenden Produktnamen um die relevante Brosch\u00fcre zu \u00f6ffnen.<\/p>\n","protected":false},"author":1,"featured_media":0,"parent":8062,"menu_order":0,"comment_status":"closed","ping_status":"open","template":"","meta":{"footnotes":""},"class_list":["post-8252","page","type-page","status-publish","hentry"],"acf":[],"yoast_head":"<!-- This site is optimized with the Yoast SEO plugin v21.7 - https:\/\/yoast.com\/wordpress\/plugins\/seo\/ -->\n<title>Produktbrosch\u00fcren von AKASEL \u2013 Deutsch<\/title>\n<meta name=\"description\" content=\"Laden Sie Akasel Produktbrosch\u00fcren auf Deutsch herunter und entdecken Sie hochwertige Verbrauchsmaterialien f\u00fcr die Metallographie.\" \/>\n<meta name=\"robots\" content=\"index, follow, max-snippet:-1, max-image-preview:large, max-video-preview:-1\" \/>\n<link rel=\"canonical\" href=\"https:\/\/akasel.com\/de\/bibliothek\/product-brochures-deutsch\/\" \/>\n<meta property=\"og:locale\" content=\"de_DE\" \/>\n<meta property=\"og:type\" content=\"article\" \/>\n<meta property=\"og:title\" content=\"Produktbrosch\u00fcren von AKASEL \u2013 Deutsch\" \/>\n<meta property=\"og:description\" content=\"Laden Sie Akasel Produktbrosch\u00fcren auf Deutsch herunter und entdecken Sie hochwertige Verbrauchsmaterialien f\u00fcr die Metallographie.\" \/>\n<meta property=\"og:url\" content=\"https:\/\/akasel.com\/de\/bibliothek\/product-brochures-deutsch\/\" \/>\n<meta property=\"og:site_name\" content=\"AKASEL A\/S\" \/>\n<meta property=\"article:modified_time\" content=\"2026-04-09T06:22:25+00:00\" \/>\n<meta property=\"og:image\" content=\"https:\/\/akasel.com\/de\/wp-content\/uploads\/sites\/2\/2024\/11\/1732270465197-dc0dc0a4-412d-40b5-8c26-fbf1d6ffdf66-1.jpg\" \/>\n<meta name=\"twitter:card\" content=\"summary_large_image\" \/>\n<meta name=\"twitter:label1\" content=\"Gesch\u00e4tzte Lesezeit\" \/>\n\t<meta name=\"twitter:data1\" content=\"3 Minuten\" \/>\n<!-- \/ Yoast SEO plugin. -->","yoast_head_json":{"title":"Produktbrosch\u00fcren von AKASEL \u2013 Deutsch","description":"Laden Sie Akasel Produktbrosch\u00fcren auf Deutsch herunter und entdecken Sie hochwertige Verbrauchsmaterialien f\u00fcr die Metallographie.","robots":{"index":"index","follow":"follow","max-snippet":"max-snippet:-1","max-image-preview":"max-image-preview:large","max-video-preview":"max-video-preview:-1"},"canonical":"https:\/\/akasel.com\/de\/bibliothek\/product-brochures-deutsch\/","og_locale":"de_DE","og_type":"article","og_title":"Produktbrosch\u00fcren von AKASEL \u2013 Deutsch","og_description":"Laden Sie Akasel Produktbrosch\u00fcren auf Deutsch herunter und entdecken Sie hochwertige Verbrauchsmaterialien f\u00fcr die Metallographie.","og_url":"https:\/\/akasel.com\/de\/bibliothek\/product-brochures-deutsch\/","og_site_name":"AKASEL A\/S","article_modified_time":"2026-04-09T06:22:25+00:00","og_image":[{"url":"https:\/\/akasel.com\/de\/wp-content\/uploads\/sites\/2\/2024\/11\/1732270465197-dc0dc0a4-412d-40b5-8c26-fbf1d6ffdf66-1.jpg"}],"twitter_card":"summary_large_image","twitter_misc":{"Gesch\u00e4tzte Lesezeit":"3 Minuten"},"schema":{"@context":"https:\/\/schema.org","@graph":[{"@type":"WebPage","@id":"https:\/\/akasel.com\/de\/bibliothek\/product-brochures-deutsch\/","url":"https:\/\/akasel.com\/de\/bibliothek\/product-brochures-deutsch\/","name":"Produktbrosch\u00fcren von AKASEL \u2013 Deutsch","isPartOf":{"@id":"https:\/\/akasel.com\/de\/#website"},"datePublished":"2020-11-16T19:12:35+00:00","dateModified":"2026-04-09T06:22:25+00:00","description":"Laden Sie Akasel Produktbrosch\u00fcren auf Deutsch herunter und entdecken Sie hochwertige Verbrauchsmaterialien f\u00fcr die Metallographie.","breadcrumb":{"@id":"https:\/\/akasel.com\/de\/bibliothek\/product-brochures-deutsch\/#breadcrumb"},"inLanguage":"de-DE","potentialAction":[{"@type":"ReadAction","target":["https:\/\/akasel.com\/de\/bibliothek\/product-brochures-deutsch\/"]}]},{"@type":"BreadcrumbList","@id":"https:\/\/akasel.com\/de\/bibliothek\/product-brochures-deutsch\/#breadcrumb","itemListElement":[{"@type":"ListItem","position":1,"name":"Home","item":"https:\/\/akasel.com\/de\/"},{"@type":"ListItem","position":2,"name":"Bibliothek","item":"https:\/\/akasel.com\/de\/bibliothek\/"},{"@type":"ListItem","position":3,"name":"Product Brochures &#8211; Deutsch"}]},{"@type":"WebSite","@id":"https:\/\/akasel.com\/de\/#website","url":"https:\/\/akasel.com\/de\/","name":"AKASEL A\/S","description":"","potentialAction":[{"@type":"SearchAction","target":{"@type":"EntryPoint","urlTemplate":"https:\/\/akasel.com\/de\/?s={search_term_string}"},"query-input":"required name=search_term_string"}],"inLanguage":"de-DE"}]}},"_links":{"self":[{"href":"https:\/\/akasel.com\/de\/wp-json\/wp\/v2\/pages\/8252"}],"collection":[{"href":"https:\/\/akasel.com\/de\/wp-json\/wp\/v2\/pages"}],"about":[{"href":"https:\/\/akasel.com\/de\/wp-json\/wp\/v2\/types\/page"}],"author":[{"embeddable":true,"href":"https:\/\/akasel.com\/de\/wp-json\/wp\/v2\/users\/1"}],"replies":[{"embeddable":true,"href":"https:\/\/akasel.com\/de\/wp-json\/wp\/v2\/comments?post=8252"}],"version-history":[{"count":15,"href":"https:\/\/akasel.com\/de\/wp-json\/wp\/v2\/pages\/8252\/revisions"}],"predecessor-version":[{"id":13460,"href":"https:\/\/akasel.com\/de\/wp-json\/wp\/v2\/pages\/8252\/revisions\/13460"}],"up":[{"embeddable":true,"href":"https:\/\/akasel.com\/de\/wp-json\/wp\/v2\/pages\/8062"}],"wp:attachment":[{"href":"https:\/\/akasel.com\/de\/wp-json\/wp\/v2\/media?parent=8252"}],"curies":[{"name":"wp","href":"https:\/\/api.w.org\/{rel}","templated":true}]}}