{"id":8300,"date":"2020-11-16T20:36:23","date_gmt":"2020-11-16T19:36:23","guid":{"rendered":"https:\/\/akasel.com\/dealers\/america\/"},"modified":"2025-09-26T07:55:07","modified_gmt":"2025-09-26T05:55:07","slug":"amerika","status":"publish","type":"page","link":"https:\/\/akasel.com\/de\/haendler\/amerika\/","title":{"rendered":"Amerika"},"content":{"rendered":"<h2>Brasilien<\/h2>\n<h4>Teknik Comercio, Importa\u00e7\u00e3o e Exporta\u00e7\u00e3o EIRELI<\/h4>\n<p>Email:\u00a0<a href=\"mailto:info@teknikmetalografia.com.br\" target=\"_blank\" rel=\"noreferrer noopener\">info@teknikmetalografia.com.br<\/a><br \/>\nPhone:\u00a0+55 11 2501.7499<\/p>\n<h2>Mexico<\/h2>\n<h4>MESA TEM &amp; ATMEX<\/h4>\n<p>Blvd. las Am\u00e9ricas #714, Andrade, 37020 Le\u00f3n, Gto.<br \/>\n<a href=\"https:\/\/mesatem.com\/\" target=\"_blank\" rel=\"noreferrer noopener\" data-type=\"URL\" data-id=\"http:\/\/www.eutktoid.com\/contacto\">www.mesatem.com<\/a><\/p>\n<h2>USA<\/h2>\n<h4>Advanced Met Services<\/h4>\n<p>539 W. Commerce #1018, Dallas, Texas 75208<br \/>\n<a href=\"https:\/\/advancedmets.com\/contact\/\" target=\"_blank\" rel=\"noreferrer noopener\" data-type=\"URL\" data-id=\"https:\/\/advancedmets.com\/contact\/\">www.advancedmets.com<\/a><br \/>\nEmail:\u00a0<a href=\"mailto:sales@advancedmets.com\" target=\"_blank\" rel=\"noreferrer noopener\">sales@advancedmets.com<\/a><br \/>\nPhone: +1 817-771-2908<\/p>\n","protected":false},"excerpt":{"rendered":"<p>Brasilien Teknik Comercio, Importa\u00e7\u00e3o e Exporta\u00e7\u00e3o EIRELI Email:\u00a0info@teknikmetalografia.com.br Phone:\u00a0+55 11 2501.7499 Mexico MESA TEM &amp; ATMEX Blvd. las Am\u00e9ricas #714,&#8230;<\/p>\n","protected":false},"author":1,"featured_media":0,"parent":8116,"menu_order":0,"comment_status":"closed","ping_status":"open","template":"","meta":{"footnotes":""},"class_list":["post-8300","page","type-page","status-publish","hentry"],"acf":[],"yoast_head":"<!-- This site is optimized with the Yoast SEO plugin v21.7 - https:\/\/yoast.com\/wordpress\/plugins\/seo\/ -->\n<title>Finden Sie Ihren lokalen Akasel-H\u00e4ndler in Amerika | Akasel A\/S<\/title>\n<meta name=\"description\" content=\"Erhalten Sie Kontaktinfos zu Akasel-H\u00e4ndlern in Amerika. Lokale Vertreter bieten Unterst\u00fctzung und Infos zu unseren metallografischen Produkten.\" \/>\n<meta name=\"robots\" content=\"index, follow, max-snippet:-1, max-image-preview:large, max-video-preview:-1\" \/>\n<link rel=\"canonical\" href=\"https:\/\/akasel.com\/de\/haendler\/amerika\/\" \/>\n<meta property=\"og:locale\" content=\"de_DE\" \/>\n<meta property=\"og:type\" content=\"article\" \/>\n<meta property=\"og:title\" content=\"Finden Sie Ihren lokalen Akasel-H\u00e4ndler in Amerika | Akasel A\/S\" \/>\n<meta property=\"og:description\" content=\"Erhalten Sie Kontaktinfos zu Akasel-H\u00e4ndlern in Amerika. Lokale Vertreter bieten Unterst\u00fctzung und Infos zu unseren metallografischen Produkten.\" \/>\n<meta property=\"og:url\" content=\"https:\/\/akasel.com\/de\/haendler\/amerika\/\" \/>\n<meta property=\"og:site_name\" content=\"AKASEL A\/S\" \/>\n<meta property=\"article:modified_time\" content=\"2025-09-26T05:55:07+00:00\" \/>\n<meta name=\"twitter:card\" content=\"summary_large_image\" \/>\n<meta name=\"twitter:label1\" content=\"Gesch\u00e4tzte Lesezeit\" \/>\n\t<meta name=\"twitter:data1\" content=\"1 Minute\" \/>\n<!-- \/ Yoast SEO plugin. -->","yoast_head_json":{"title":"Finden Sie Ihren lokalen Akasel-H\u00e4ndler in Amerika | Akasel A\/S","description":"Erhalten Sie Kontaktinfos zu Akasel-H\u00e4ndlern in Amerika. Lokale Vertreter bieten Unterst\u00fctzung und Infos zu unseren metallografischen Produkten.","robots":{"index":"index","follow":"follow","max-snippet":"max-snippet:-1","max-image-preview":"max-image-preview:large","max-video-preview":"max-video-preview:-1"},"canonical":"https:\/\/akasel.com\/de\/haendler\/amerika\/","og_locale":"de_DE","og_type":"article","og_title":"Finden Sie Ihren lokalen Akasel-H\u00e4ndler in Amerika | Akasel A\/S","og_description":"Erhalten Sie Kontaktinfos zu Akasel-H\u00e4ndlern in Amerika. Lokale Vertreter bieten Unterst\u00fctzung und Infos zu unseren metallografischen Produkten.","og_url":"https:\/\/akasel.com\/de\/haendler\/amerika\/","og_site_name":"AKASEL A\/S","article_modified_time":"2025-09-26T05:55:07+00:00","twitter_card":"summary_large_image","twitter_misc":{"Gesch\u00e4tzte Lesezeit":"1 Minute"},"schema":{"@context":"https:\/\/schema.org","@graph":[{"@type":"WebPage","@id":"https:\/\/akasel.com\/de\/haendler\/amerika\/","url":"https:\/\/akasel.com\/de\/haendler\/amerika\/","name":"Finden Sie Ihren lokalen Akasel-H\u00e4ndler in Amerika | Akasel A\/S","isPartOf":{"@id":"https:\/\/akasel.com\/de\/#website"},"datePublished":"2020-11-16T19:36:23+00:00","dateModified":"2025-09-26T05:55:07+00:00","description":"Erhalten Sie Kontaktinfos zu Akasel-H\u00e4ndlern in Amerika. Lokale Vertreter bieten Unterst\u00fctzung und Infos zu unseren metallografischen Produkten.","breadcrumb":{"@id":"https:\/\/akasel.com\/de\/haendler\/amerika\/#breadcrumb"},"inLanguage":"de-DE","potentialAction":[{"@type":"ReadAction","target":["https:\/\/akasel.com\/de\/haendler\/amerika\/"]}]},{"@type":"BreadcrumbList","@id":"https:\/\/akasel.com\/de\/haendler\/amerika\/#breadcrumb","itemListElement":[{"@type":"ListItem","position":1,"name":"Home","item":"https:\/\/akasel.com\/de\/"},{"@type":"ListItem","position":2,"name":"H\u00e4ndler","item":"https:\/\/akasel.com\/de\/haendler\/"},{"@type":"ListItem","position":3,"name":"Amerika"}]},{"@type":"WebSite","@id":"https:\/\/akasel.com\/de\/#website","url":"https:\/\/akasel.com\/de\/","name":"AKASEL A\/S","description":"","potentialAction":[{"@type":"SearchAction","target":{"@type":"EntryPoint","urlTemplate":"https:\/\/akasel.com\/de\/?s={search_term_string}"},"query-input":"required name=search_term_string"}],"inLanguage":"de-DE"}]}},"_links":{"self":[{"href":"https:\/\/akasel.com\/de\/wp-json\/wp\/v2\/pages\/8300"}],"collection":[{"href":"https:\/\/akasel.com\/de\/wp-json\/wp\/v2\/pages"}],"about":[{"href":"https:\/\/akasel.com\/de\/wp-json\/wp\/v2\/types\/page"}],"author":[{"embeddable":true,"href":"https:\/\/akasel.com\/de\/wp-json\/wp\/v2\/users\/1"}],"replies":[{"embeddable":true,"href":"https:\/\/akasel.com\/de\/wp-json\/wp\/v2\/comments?post=8300"}],"version-history":[{"count":6,"href":"https:\/\/akasel.com\/de\/wp-json\/wp\/v2\/pages\/8300\/revisions"}],"predecessor-version":[{"id":12905,"href":"https:\/\/akasel.com\/de\/wp-json\/wp\/v2\/pages\/8300\/revisions\/12905"}],"up":[{"embeddable":true,"href":"https:\/\/akasel.com\/de\/wp-json\/wp\/v2\/pages\/8116"}],"wp:attachment":[{"href":"https:\/\/akasel.com\/de\/wp-json\/wp\/v2\/media?parent=8300"}],"curies":[{"name":"wp","href":"https:\/\/api.w.org\/{rel}","templated":true}]}}