{"id":8449,"date":"2022-09-12T10:33:53","date_gmt":"2022-09-12T08:33:53","guid":{"rendered":"https:\/\/akasel.com\/cookie-policy\/"},"modified":"2025-09-26T07:55:06","modified_gmt":"2025-09-26T05:55:06","slug":"cookie-richtlinien","status":"publish","type":"page","link":"https:\/\/akasel.com\/de\/cookie-richtlinien\/","title":{"rendered":"Cookie-Richtlinien"},"content":{"rendered":"<p><b>Verwendung von Cookies<\/b><\/p>\n<p><span style=\"font-weight: 400;\">Diese Seite beschreibt die AKASEL A\/S-Richtlinien f\u00fcr die Verwendung von Cookies durch den Besuch von akasel.com\/de. Durch den Besuch der AKASEL A\/S-Website akzeptieren Sie die folgenden Cookie-Richtlinien.<\/span><\/p>\n<p><a href=\"https:\/\/akasel.com\/de\/privacy-policy\/\">Lesen Sie mehr \u00fcber unsere Datenschutzrichtlinien<\/a><\/p>\n<h2><strong>Was ist ein Cookie?<\/strong><\/h2>\n<p><span style=\"font-weight: 400;\">Ein Cookie ist eine kleine Textdatei, die im Webbrowser Ihres Computers, Smartphones, Tablets oder eines anderen Ger\u00e4ts gespeichert wird, das Sie zum Besuch von Webseiten verwenden. Cookies erm\u00f6glichen die Identifizierung Ihres Computers etc. und speichern Informationen \u00fcber Ihr Verhalten im Internet, einschlie\u00dflich der Seiten und Funktionen, die Sie mit Ihrem Browser besuchen, und stellen sicher, dass die Website auf technischer Ebene funktioniert. In einigen F\u00e4llen sind Cookies erforderlich, damit eine Website wie vorgesehen funktioniert. Ein Cookie ist statisch, was bedeutet, dass es keine Computerviren oder auf andere Weise sch\u00e4dliche Computerprogramme verbreiten kann. Es ist anonym und enth\u00e4lt keine pers\u00f6nlichen Informationen. Cookies werden von praktisch allen Websites verwendet.<\/span><\/p>\n<h2><strong>Arten von Cookies<\/strong><\/h2>\n<p><span style=\"font-weight: 400;\">Es gibt zwei Arten von Cookies: Sitzungscookies und permanente Cookies. Sitzungscookies werden vom Browser automatisch gel\u00f6scht, sobald Sie ihn schlie\u00dfen. Permanente Cookies werden f\u00fcr eine bestimmte Zeit auf Ihrem Ger\u00e4t gespeichert und verfallen danach.<\/span><\/p>\n<p><span style=\"font-weight: 400;\">Es wird zwischen First-Party-Cookies und Third-Party-Cookies unterschieden. Erstanbieter-Cookies werden von der von Ihnen besuchten Website platziert, w\u00e4hrend Drittanbieter-Cookies von Dritten mit Elementen platziert werden, die in die von Ihnen besuchte Website integriert sind. Cookies von Drittanbietern werden unter anderem von Webanalyseprogrammen wie Google Analytics und WebTrends platziert.<\/span><\/p>\n<p><span style=\"font-weight: 400;\">Diese Cookie-Richtlinien gelten nur f\u00fcr akasel.com\/de. Durch das Anklicken von Links oder anderen Funktionen, die zu anderen Websites navigieren, \u00fcbernimmt AKASEL A\/S keine Verantwortung oder Kontrolle dar\u00fcber, welche Cookies verwendet werden k\u00f6nnen.<\/span><\/p>\n<h2><strong>Cookies auf akasel.com\/de<\/strong><\/h2>\n<div class=\"cookie-manager--cookie-table\" data-cookie-declaration=\"\"><\/div>\n<h2><strong>Wie vermeiden oder l\u00f6schen Sie Cookies?<\/strong><\/h2>\n<p><span style=\"font-weight: 400;\">Wenn Sie keine Cookies von akasel.com\/de speichern m\u00f6chten, k\u00f6nnen Sie jederzeit alle Cookies blockieren, vorhandene Cookies auf Ihrem Ger\u00e4t l\u00f6schen oder eine Warnung erhalten, bevor ein Cookie gespeichert wird. In allen Browsern k\u00f6nnen Sie Cookies einzeln oder alle auf einmal l\u00f6schen. Wie Sie dies tun, h\u00e4ngt davon ab, welchen Browser Sie verwenden. Folgen Sie den Links unten, um eine Anleitung f\u00fcr Ihren Browser zu finden. Denken Sie daran, wenn Sie mehrere Browser verwenden, m\u00fcssen Sie Cookies f\u00fcr alle l\u00f6schen.<\/span><\/p>\n<ul>\n<li style=\"list-style-type: none;\">\n<ul>\n<li><a href=\"https:\/\/support.microsoft.com\/da-dk\/help\/278835\/how-to-delete-cookie-files-in-internet-explorer\" target=\"_blank\" rel=\"noopener noreferrer\">Anleitung zum L\u00f6schen von Cookies im Internet Explorer<\/a><\/li>\n<li><a href=\"https:\/\/support.microsoft.com\/da-dk\/help\/4027947\/microsoft-edge-delete-cookies\" target=\"_blank\" rel=\"noopener noreferrer\">Anleitung zum L\u00f6schen von Cookies im Microsoft Edge<\/a><\/li>\n<li><a href=\"https:\/\/support.apple.com\/kb\/PH17191\" target=\"_blank\" rel=\"noopener noreferrer\">Anleitung zum L\u00f6schen von Cookies im the Safari browser<\/a><\/li>\n<li><a href=\"http:\/\/support.google.com\/chrome\/bin\/answer.py?hl=da&amp;answer=95647\" target=\"_blank\" rel=\"noopener noreferrer\">Anleitung zum L\u00f6schen von Cookies im Google Chrome browser<\/a><\/li>\n<li><a href=\"http:\/\/support.mozilla.org\/da\/kb\/delete-cookies-remove-info-websites-stored?redirectlocale=en-US&amp;redirectslug=Deleting+cookies\" target=\"_blank\" rel=\"noopener noreferrer\">Anleitung zum L\u00f6schen von Cookies im Mozilla Firefox browser<\/a><\/li>\n<li><a href=\"http:\/\/timeread.hubpages.com\/hub\/How-to-delete-internet-cookies-on-your-Droid-or-any-Android-device\" target=\"_blank\" rel=\"noopener noreferrer\">Anleitung zum L\u00f6schen von Cookies auf Android phones<\/a><\/li>\n<li><a href=\"http:\/\/help.opera.com\/Windows\/9.51\/da\/cookies.html\" target=\"_blank\" rel=\"noopener noreferrer\">Anleitung zum L\u00f6schen von Cookies im Opera browser<\/a><\/li>\n<li><a href=\"http:\/\/support.apple.com\/kb\/HT1677?viewlocale=da_DK\" target=\"_blank\" rel=\"noopener noreferrer\">Anleitung zum L\u00f6schen von Cookies auf iPad, iPhone, iPod touch<\/a><\/li>\n<li><a href=\"https:\/\/kb.wisc.edu\/page.php?id=24078\" target=\"_blank\" rel=\"noopener noreferrer\">Anleitung zum L\u00f6schen von Cookies von Windows Phone<\/a><\/li>\n<\/ul>\n<\/li>\n<\/ul>\n<h2><strong>Was passiert, wenn Sie Ihre Cookies nicht akzeptieren oder l\u00f6schen?<\/strong><\/h2>\n<p><span style=\"font-weight: 400;\">Wenn Sie sich daf\u00fcr entscheiden, alle Cookies zu blockieren oder vorhandene Cookies auf Ihrem Ger\u00e4t zu l\u00f6schen, k\u00f6nnen Sie den Text auf akasel.com\/de immer noch lesen. Es kann Funktionen und Dienste geben, die Sie nicht nutzen k\u00f6nnen, da sie davon ausgehen, dass sich die Website die von Ihnen getroffenen Entscheidungen merkt.<\/span><\/p>\n<h2><strong>Regeln<\/strong><\/h2>\n<p><span style=\"font-weight: 400;\">Die Regeln f\u00fcr die Verwendung von Cookies durch AKASEL A\/S finden Sie unten:<\/span><\/p>\n<p><a href=\"https:\/\/www.retsinformation.dk\/eli\/lta\/2011\/1148\" target=\"_blank\" rel=\"noopener noreferrer\">Erkl\u00e4rung zu Cookies<\/a><br \/>\n<a href=\"https:\/\/www.datatilsynet.dk\/hvad-siger-reglerne\/vejledning\/gdpr-univers-for-smaa-virksomheder\/cookies-og-gdpr\" target=\"_blank\" rel=\"noopener noreferrer\">Anleitung zu Cookies<\/a><\/p>\n<h2><strong>Kontakt<\/strong><\/h2>\n<p><span style=\"font-weight: 400;\">Sollten Sie weitere Fragen zur Verwendung von Cookies auf akasel.com\/de haben, k\u00f6nnen Sie sich gerne an uns wenden.<\/span><\/p>\n","protected":false},"excerpt":{"rendered":"<p>Verwendung von Cookies Diese Seite beschreibt die -Richtlinien f\u00fcr die Verwendung von Cookies durch den Besuch von . Durch den&#8230;<\/p>\n","protected":false},"author":1,"featured_media":0,"parent":0,"menu_order":0,"comment_status":"closed","ping_status":"open","template":"","meta":{"footnotes":""},"class_list":["post-8449","page","type-page","status-publish","hentry"],"acf":[],"yoast_head":"<!-- This site is optimized with the Yoast SEO plugin v21.7 - https:\/\/yoast.com\/wordpress\/plugins\/seo\/ -->\n<title>Cookie-Richtlinien | Datenschutz und Nutzung bei Akasel A\/S<\/title>\n<meta name=\"description\" content=\"Erfahren Sie, wie Akasel Cookies nutzt, um Ihre Erfahrung zu verbessern. Lesen Sie mehr \u00fcber Datenschutz und Cookie-Einstellungen.\" \/>\n<meta name=\"robots\" content=\"index, follow, max-snippet:-1, max-image-preview:large, max-video-preview:-1\" \/>\n<link rel=\"canonical\" href=\"https:\/\/akasel.com\/de\/cookie-richtlinien\/\" \/>\n<meta property=\"og:locale\" content=\"de_DE\" \/>\n<meta property=\"og:type\" content=\"article\" \/>\n<meta property=\"og:title\" content=\"Cookie-Richtlinien | Datenschutz und Nutzung bei Akasel A\/S\" \/>\n<meta property=\"og:description\" content=\"Erfahren Sie, wie Akasel Cookies nutzt, um Ihre Erfahrung zu verbessern. Lesen Sie mehr \u00fcber Datenschutz und Cookie-Einstellungen.\" \/>\n<meta property=\"og:url\" content=\"https:\/\/akasel.com\/de\/cookie-richtlinien\/\" \/>\n<meta property=\"og:site_name\" content=\"AKASEL A\/S\" \/>\n<meta property=\"article:modified_time\" content=\"2025-09-26T05:55:06+00:00\" \/>\n<meta name=\"twitter:card\" content=\"summary_large_image\" \/>\n<meta name=\"twitter:label1\" content=\"Gesch\u00e4tzte Lesezeit\" \/>\n\t<meta name=\"twitter:data1\" content=\"4 Minuten\" \/>\n<!-- \/ Yoast SEO plugin. -->","yoast_head_json":{"title":"Cookie-Richtlinien | Datenschutz und Nutzung bei Akasel A\/S","description":"Erfahren Sie, wie Akasel Cookies nutzt, um Ihre Erfahrung zu verbessern. Lesen Sie mehr \u00fcber Datenschutz und Cookie-Einstellungen.","robots":{"index":"index","follow":"follow","max-snippet":"max-snippet:-1","max-image-preview":"max-image-preview:large","max-video-preview":"max-video-preview:-1"},"canonical":"https:\/\/akasel.com\/de\/cookie-richtlinien\/","og_locale":"de_DE","og_type":"article","og_title":"Cookie-Richtlinien | Datenschutz und Nutzung bei Akasel A\/S","og_description":"Erfahren Sie, wie Akasel Cookies nutzt, um Ihre Erfahrung zu verbessern. Lesen Sie mehr \u00fcber Datenschutz und Cookie-Einstellungen.","og_url":"https:\/\/akasel.com\/de\/cookie-richtlinien\/","og_site_name":"AKASEL A\/S","article_modified_time":"2025-09-26T05:55:06+00:00","twitter_card":"summary_large_image","twitter_misc":{"Gesch\u00e4tzte Lesezeit":"4 Minuten"},"schema":{"@context":"https:\/\/schema.org","@graph":[{"@type":"WebPage","@id":"https:\/\/akasel.com\/de\/cookie-richtlinien\/","url":"https:\/\/akasel.com\/de\/cookie-richtlinien\/","name":"Cookie-Richtlinien | Datenschutz und Nutzung bei Akasel A\/S","isPartOf":{"@id":"https:\/\/akasel.com\/de\/#website"},"datePublished":"2022-09-12T08:33:53+00:00","dateModified":"2025-09-26T05:55:06+00:00","description":"Erfahren Sie, wie Akasel Cookies nutzt, um Ihre Erfahrung zu verbessern. Lesen Sie mehr \u00fcber Datenschutz und Cookie-Einstellungen.","breadcrumb":{"@id":"https:\/\/akasel.com\/de\/cookie-richtlinien\/#breadcrumb"},"inLanguage":"de-DE","potentialAction":[{"@type":"ReadAction","target":["https:\/\/akasel.com\/de\/cookie-richtlinien\/"]}]},{"@type":"BreadcrumbList","@id":"https:\/\/akasel.com\/de\/cookie-richtlinien\/#breadcrumb","itemListElement":[{"@type":"ListItem","position":1,"name":"Home","item":"https:\/\/akasel.com\/de\/"},{"@type":"ListItem","position":2,"name":"Cookie-Richtlinien"}]},{"@type":"WebSite","@id":"https:\/\/akasel.com\/de\/#website","url":"https:\/\/akasel.com\/de\/","name":"AKASEL A\/S","description":"","potentialAction":[{"@type":"SearchAction","target":{"@type":"EntryPoint","urlTemplate":"https:\/\/akasel.com\/de\/?s={search_term_string}"},"query-input":"required name=search_term_string"}],"inLanguage":"de-DE"}]}},"_links":{"self":[{"href":"https:\/\/akasel.com\/de\/wp-json\/wp\/v2\/pages\/8449"}],"collection":[{"href":"https:\/\/akasel.com\/de\/wp-json\/wp\/v2\/pages"}],"about":[{"href":"https:\/\/akasel.com\/de\/wp-json\/wp\/v2\/types\/page"}],"author":[{"embeddable":true,"href":"https:\/\/akasel.com\/de\/wp-json\/wp\/v2\/users\/1"}],"replies":[{"embeddable":true,"href":"https:\/\/akasel.com\/de\/wp-json\/wp\/v2\/comments?post=8449"}],"version-history":[{"count":3,"href":"https:\/\/akasel.com\/de\/wp-json\/wp\/v2\/pages\/8449\/revisions"}],"predecessor-version":[{"id":12873,"href":"https:\/\/akasel.com\/de\/wp-json\/wp\/v2\/pages\/8449\/revisions\/12873"}],"wp:attachment":[{"href":"https:\/\/akasel.com\/de\/wp-json\/wp\/v2\/media?parent=8449"}],"curies":[{"name":"wp","href":"https:\/\/api.w.org\/{rel}","templated":true}]}}