{"id":10506,"date":"2021-01-26T14:05:42","date_gmt":"2021-01-26T13:05:42","guid":{"rendered":"https:\/\/akasel.com\/de\/p\/aka-allegran-9\/"},"modified":"2026-01-05T06:23:36","modified_gmt":"2026-01-05T05:23:36","slug":"aka-allegran-9","status":"publish","type":"product","link":"https:\/\/akasel.com\/de\/shop\/schleifen\/starre-schleifscheiben\/aka-allegran-9\/","title":{"rendered":"Aka-Allegran 9"},"content":{"rendered":"<p>Verf\u00fcgbare Gr\u00f6\u00dfe: 250 mm, 300 mm, 350 mm, 200 mm<\/p>\n<p>Verf\u00fcgbare Menge: 2 Stk.<\/p>\n<p><a href=\"https:\/\/akasel.com\/wp-content\/uploads\/2023\/03\/98012862-67330002-manual-allegran-9-6-3-ukde-a5.pdf\">Aka-Allegran 9 Bedienungsanleitungen<\/a><\/p>\n<p><a href=\"https:\/\/akasel.com\/de\/wp-content\/uploads\/sites\/2\/2024\/06\/starre-schleifscheiben-produktbroschuere.pdf\">Rigid Grinding Discs Produktbrosch\u00fcren<\/a><\/p>\n<p><a href=\"https:\/\/akasel.com\/de\/wp-content\/uploads\/sites\/2\/2024\/05\/5010de.pdf\">Aka-Allegran 9, Aka-Allegran 6, Aka-Allegran 3, Aka-Allegran 1, Aka-Largan 9<\/a><\/p>\n<div style=\"position: relative; padding-bottom: 56.25%; height: 0; overflow: hidden; max-width: 100%; height: auto;\">\n    <video style=\"position: absolute; top: 0; left: 0; width: 100%; height: 100%;\"  \ncontrols \n           preload=\"metadata\" \n           poster=\"https:\/\/akasel.com\/wp-content\/uploads\/2024\/09\/how-to-use-aka-allegran-largan.png\"><source src=\"https:\/\/akasel.com\/wp-content\/uploads\/2020\/11\/how-to-use-aka-allegran-largan.mp4\" type=\"video\/mp4\">Your browser does not support video playback.<\/video>\n<\/div>\n","protected":false},"excerpt":{"rendered":"<p>F\u00fcr den Feinschliff mit 15 &#8211; 6 \u00b5m.<\/p>\n<p>Aka-Allegran 9 ist die h\u00e4rteste starre Feinschleifscheibe in unserem Sortiment und wird typischerweise bei Materialien eingesetzt, die im Bereich von 400 HV &#8211; 2000 HV liegen.<\/p>\n<p>Aka-Allegran ersetzt eine Reihe von Feinschleifstufen, typisch P320 &#8211; P1200 durch eine einzige Stufe.<\/p>\n<p>Aka-Allegran 9 ist sofort einsatzbereit und ben\u00f6tigt praktisch keine Wartung.<\/p>\n","protected":false},"featured_media":12086,"template":"","meta":[],"product_cat":[334,323,307],"product_tag":[],"class_list":["post-10506","product","type-product","status-publish","has-post-thumbnail","hentry","product_cat-schleifen","product_cat-starre-schleifscheiben","product_cat-rigid-grinding-fine-grinding"],"yoast_head":"<!-- This site is optimized with the Yoast SEO plugin v21.7 - https:\/\/yoast.com\/wordpress\/plugins\/seo\/ -->\n<title>Aka-Allegran 9 | Starre Feinschleifscheibe f\u00fcr Metallografie | Akasel<\/title>\n<meta name=\"description\" content=\"Feinschleifscheibe f\u00fcr die Metallografie \u2013 ideal f\u00fcr harte Werkstoffe, erm\u00f6glicht kontrollierten Abtrag, exakte Planheit und lange Lebensdauer.\" \/>\n<meta name=\"robots\" content=\"index, follow, max-snippet:-1, max-image-preview:large, max-video-preview:-1\" \/>\n<link rel=\"canonical\" href=\"https:\/\/akasel.com\/de\/shop\/schleifen\/starre-schleifscheiben\/aka-allegran-9\/\" \/>\n<meta property=\"og:locale\" content=\"de_DE\" \/>\n<meta property=\"og:type\" content=\"article\" \/>\n<meta property=\"og:title\" content=\"Aka-Allegran 9 | Starre Feinschleifscheibe f\u00fcr Metallografie | Akasel\" \/>\n<meta property=\"og:description\" content=\"Feinschleifscheibe f\u00fcr die Metallografie \u2013 ideal f\u00fcr harte Werkstoffe, erm\u00f6glicht kontrollierten Abtrag, exakte Planheit und lange Lebensdauer.\" \/>\n<meta property=\"og:url\" content=\"https:\/\/akasel.com\/de\/shop\/schleifen\/starre-schleifscheiben\/aka-allegran-9\/\" \/>\n<meta property=\"og:site_name\" content=\"AKASEL A\/S\" \/>\n<meta property=\"article:modified_time\" content=\"2026-01-05T05:23:36+00:00\" \/>\n<meta property=\"og:image\" content=\"https:\/\/akasel.com\/de\/wp-content\/uploads\/sites\/2\/2021\/01\/aka-allegran-9-768x765.png\" \/>\n\t<meta property=\"og:image:width\" content=\"768\" \/>\n\t<meta property=\"og:image:height\" content=\"765\" \/>\n\t<meta property=\"og:image:type\" content=\"image\/png\" \/>\n<meta name=\"twitter:card\" content=\"summary_large_image\" \/>\n<meta name=\"twitter:label1\" content=\"Gesch\u00e4tzte Lesezeit\" \/>\n\t<meta name=\"twitter:data1\" content=\"1 Minute\" \/>\n<!-- \/ Yoast SEO plugin. -->","yoast_head_json":{"title":"Aka-Allegran 9 | Starre Feinschleifscheibe f\u00fcr Metallografie | Akasel","description":"Feinschleifscheibe f\u00fcr die Metallografie \u2013 ideal f\u00fcr harte Werkstoffe, erm\u00f6glicht kontrollierten Abtrag, exakte Planheit und lange Lebensdauer.","robots":{"index":"index","follow":"follow","max-snippet":"max-snippet:-1","max-image-preview":"max-image-preview:large","max-video-preview":"max-video-preview:-1"},"canonical":"https:\/\/akasel.com\/de\/shop\/schleifen\/starre-schleifscheiben\/aka-allegran-9\/","og_locale":"de_DE","og_type":"article","og_title":"Aka-Allegran 9 | Starre Feinschleifscheibe f\u00fcr Metallografie | Akasel","og_description":"Feinschleifscheibe f\u00fcr die Metallografie \u2013 ideal f\u00fcr harte Werkstoffe, erm\u00f6glicht kontrollierten Abtrag, exakte Planheit und lange Lebensdauer.","og_url":"https:\/\/akasel.com\/de\/shop\/schleifen\/starre-schleifscheiben\/aka-allegran-9\/","og_site_name":"AKASEL A\/S","article_modified_time":"2026-01-05T05:23:36+00:00","og_image":[{"width":768,"height":765,"url":"https:\/\/akasel.com\/de\/wp-content\/uploads\/sites\/2\/2021\/01\/aka-allegran-9-768x765.png","type":"image\/png"}],"twitter_card":"summary_large_image","twitter_misc":{"Gesch\u00e4tzte Lesezeit":"1 Minute"},"schema":{"@context":"https:\/\/schema.org","@graph":[{"@type":"WebPage","@id":"https:\/\/akasel.com\/de\/shop\/schleifen\/starre-schleifscheiben\/aka-allegran-9\/","url":"https:\/\/akasel.com\/de\/shop\/schleifen\/starre-schleifscheiben\/aka-allegran-9\/","name":"Aka-Allegran 9 | Starre Feinschleifscheibe f\u00fcr Metallografie | Akasel","isPartOf":{"@id":"https:\/\/akasel.com\/de\/#website"},"datePublished":"2021-01-26T13:05:42+00:00","dateModified":"2026-01-05T05:23:36+00:00","description":"Feinschleifscheibe f\u00fcr die Metallografie \u2013 ideal f\u00fcr harte Werkstoffe, erm\u00f6glicht kontrollierten Abtrag, exakte Planheit und lange Lebensdauer.","breadcrumb":{"@id":"https:\/\/akasel.com\/de\/shop\/schleifen\/starre-schleifscheiben\/aka-allegran-9\/#breadcrumb"},"inLanguage":"de-DE","potentialAction":[{"@type":"ReadAction","target":["https:\/\/akasel.com\/de\/shop\/schleifen\/starre-schleifscheiben\/aka-allegran-9\/"]}]},{"@type":"BreadcrumbList","@id":"https:\/\/akasel.com\/de\/shop\/schleifen\/starre-schleifscheiben\/aka-allegran-9\/#breadcrumb","itemListElement":[{"@type":"ListItem","position":1,"name":"Home","item":"https:\/\/akasel.com\/de\/"},{"@type":"ListItem","position":2,"name":"Shop","item":"https:\/\/akasel.com\/de\/shop\/"},{"@type":"ListItem","position":3,"name":"Aka-Allegran 9"}]},{"@type":"WebSite","@id":"https:\/\/akasel.com\/de\/#website","url":"https:\/\/akasel.com\/de\/","name":"AKASEL A\/S","description":"","potentialAction":[{"@type":"SearchAction","target":{"@type":"EntryPoint","urlTemplate":"https:\/\/akasel.com\/de\/?s={search_term_string}"},"query-input":"required name=search_term_string"}],"inLanguage":"de-DE"}]}},"_links":{"self":[{"href":"https:\/\/akasel.com\/de\/wp-json\/wp\/v3\/product\/10506"}],"collection":[{"href":"https:\/\/akasel.com\/de\/wp-json\/wp\/v3\/product"}],"about":[{"href":"https:\/\/akasel.com\/de\/wp-json\/wp\/v2\/types\/product"}],"wp:featuredmedia":[{"embeddable":true,"href":"https:\/\/akasel.com\/de\/wp-json\/wp\/v2\/media\/12086"}],"wp:attachment":[{"href":"https:\/\/akasel.com\/de\/wp-json\/wp\/v2\/media?parent=10506"}],"wp:term":[{"taxonomy":"product_cat","embeddable":true,"href":"https:\/\/akasel.com\/de\/wp-json\/wp\/v2\/product_cat?post=10506"},{"taxonomy":"product_tag","embeddable":true,"href":"https:\/\/akasel.com\/de\/wp-json\/wp\/v2\/product_tag?post=10506"}],"curies":[{"name":"wp","href":"https:\/\/api.w.org\/{rel}","templated":true}]}}