{"id":10514,"date":"2021-01-26T14:05:37","date_gmt":"2021-01-26T13:05:37","guid":{"rendered":"https:\/\/akasel.com\/de\/p\/aka-clip-stainless-steel\/"},"modified":"2026-02-16T10:20:36","modified_gmt":"2026-02-16T09:20:36","slug":"aka-clip-stainless-steel","status":"publish","type":"product","link":"https:\/\/akasel.com\/de\/shop\/einbetten\/einbettzubehoer\/clips-de\/aka-clip-stainless-steel\/","title":{"rendered":"Aka-Clip Stainless Steel"},"content":{"rendered":"<p>Inhalt verf\u00fcgbar: 100 pcs.<\/p>\n<p><a href=\"https:\/\/akasel.com\/de\/wp-content\/uploads\/sites\/2\/2024\/05\/8805de.pdf\">PDS Aka-Clip (DE)<\/a><\/p>\n<p>&nbsp;<\/p>\n","protected":false},"excerpt":{"rendered":"<p>Edelstahlclips zum Halten kleiner Proben w\u00e4hrend des Einbettens.<\/p>\n<p>Garantiert eine stabile Probenposition w\u00e4hrend der Aush\u00e4rtung.<\/p>\n<p>Optimal zum Halten einzelner Proben.<\/p>\n<p>Durchmesser: 8 mm<\/p>\n","protected":false},"featured_media":12072,"template":"","meta":[],"product_cat":[322,317,345],"product_tag":[],"class_list":["post-10514","product","type-product","status-publish","has-post-thumbnail","hentry","product_cat-clips-de","product_cat-einbetten","product_cat-einbettzubehoer"],"yoast_head":"<!-- This site is optimized with the Yoast SEO plugin v21.7 - https:\/\/yoast.com\/wordpress\/plugins\/seo\/ -->\n<title>Aka-Clip Edelstahl | Stabile Probenpositionierung | Akasel A\/S<\/title>\n<meta name=\"description\" content=\"Edelstahlclips halten kleine Proben beim Einbetten sicher und stabil. Garantiert eine feste Position w\u00e4hrend des Aush\u00e4rtens f\u00fcr pr\u00e4zise Ergebnisse.\" \/>\n<meta name=\"robots\" content=\"index, follow, max-snippet:-1, max-image-preview:large, max-video-preview:-1\" \/>\n<link rel=\"canonical\" href=\"https:\/\/akasel.com\/de\/shop\/einbetten\/einbettzubehoer\/clips-de\/aka-clip-stainless-steel\/\" \/>\n<meta property=\"og:locale\" content=\"de_DE\" \/>\n<meta property=\"og:type\" content=\"article\" \/>\n<meta property=\"og:title\" content=\"Aka-Clip Edelstahl | Stabile Probenpositionierung | Akasel A\/S\" \/>\n<meta property=\"og:description\" content=\"Edelstahlclips halten kleine Proben beim Einbetten sicher und stabil. Garantiert eine feste Position w\u00e4hrend des Aush\u00e4rtens f\u00fcr pr\u00e4zise Ergebnisse.\" \/>\n<meta property=\"og:url\" content=\"https:\/\/akasel.com\/de\/shop\/einbetten\/einbettzubehoer\/clips-de\/aka-clip-stainless-steel\/\" \/>\n<meta property=\"og:site_name\" content=\"AKASEL A\/S\" \/>\n<meta property=\"article:modified_time\" content=\"2026-02-16T09:20:36+00:00\" \/>\n<meta property=\"og:image\" content=\"https:\/\/akasel.com\/de\/wp-content\/uploads\/sites\/2\/2021\/01\/73210860-1920x1828.png\" \/>\n\t<meta property=\"og:image:width\" content=\"1920\" \/>\n\t<meta property=\"og:image:height\" content=\"1828\" \/>\n\t<meta property=\"og:image:type\" content=\"image\/png\" \/>\n<meta name=\"twitter:card\" content=\"summary_large_image\" \/>\n<meta name=\"twitter:label1\" content=\"Gesch\u00e4tzte Lesezeit\" \/>\n\t<meta name=\"twitter:data1\" content=\"1 Minute\" \/>\n<!-- \/ Yoast SEO plugin. -->","yoast_head_json":{"title":"Aka-Clip Edelstahl | Stabile Probenpositionierung | Akasel A\/S","description":"Edelstahlclips halten kleine Proben beim Einbetten sicher und stabil. Garantiert eine feste Position w\u00e4hrend des Aush\u00e4rtens f\u00fcr pr\u00e4zise Ergebnisse.","robots":{"index":"index","follow":"follow","max-snippet":"max-snippet:-1","max-image-preview":"max-image-preview:large","max-video-preview":"max-video-preview:-1"},"canonical":"https:\/\/akasel.com\/de\/shop\/einbetten\/einbettzubehoer\/clips-de\/aka-clip-stainless-steel\/","og_locale":"de_DE","og_type":"article","og_title":"Aka-Clip Edelstahl | Stabile Probenpositionierung | Akasel A\/S","og_description":"Edelstahlclips halten kleine Proben beim Einbetten sicher und stabil. Garantiert eine feste Position w\u00e4hrend des Aush\u00e4rtens f\u00fcr pr\u00e4zise Ergebnisse.","og_url":"https:\/\/akasel.com\/de\/shop\/einbetten\/einbettzubehoer\/clips-de\/aka-clip-stainless-steel\/","og_site_name":"AKASEL A\/S","article_modified_time":"2026-02-16T09:20:36+00:00","og_image":[{"width":1920,"height":1828,"url":"https:\/\/akasel.com\/de\/wp-content\/uploads\/sites\/2\/2021\/01\/73210860-1920x1828.png","type":"image\/png"}],"twitter_card":"summary_large_image","twitter_misc":{"Gesch\u00e4tzte Lesezeit":"1 Minute"},"schema":{"@context":"https:\/\/schema.org","@graph":[{"@type":"WebPage","@id":"https:\/\/akasel.com\/de\/shop\/einbetten\/einbettzubehoer\/clips-de\/aka-clip-stainless-steel\/","url":"https:\/\/akasel.com\/de\/shop\/einbetten\/einbettzubehoer\/clips-de\/aka-clip-stainless-steel\/","name":"Aka-Clip Edelstahl | Stabile Probenpositionierung | Akasel A\/S","isPartOf":{"@id":"https:\/\/akasel.com\/de\/#website"},"datePublished":"2021-01-26T13:05:37+00:00","dateModified":"2026-02-16T09:20:36+00:00","description":"Edelstahlclips halten kleine Proben beim Einbetten sicher und stabil. Garantiert eine feste Position w\u00e4hrend des Aush\u00e4rtens f\u00fcr pr\u00e4zise Ergebnisse.","breadcrumb":{"@id":"https:\/\/akasel.com\/de\/shop\/einbetten\/einbettzubehoer\/clips-de\/aka-clip-stainless-steel\/#breadcrumb"},"inLanguage":"de-DE","potentialAction":[{"@type":"ReadAction","target":["https:\/\/akasel.com\/de\/shop\/einbetten\/einbettzubehoer\/clips-de\/aka-clip-stainless-steel\/"]}]},{"@type":"BreadcrumbList","@id":"https:\/\/akasel.com\/de\/shop\/einbetten\/einbettzubehoer\/clips-de\/aka-clip-stainless-steel\/#breadcrumb","itemListElement":[{"@type":"ListItem","position":1,"name":"Home","item":"https:\/\/akasel.com\/de\/"},{"@type":"ListItem","position":2,"name":"Shop","item":"https:\/\/akasel.com\/de\/shop\/"},{"@type":"ListItem","position":3,"name":"Aka-Clip Stainless Steel"}]},{"@type":"WebSite","@id":"https:\/\/akasel.com\/de\/#website","url":"https:\/\/akasel.com\/de\/","name":"AKASEL A\/S","description":"","potentialAction":[{"@type":"SearchAction","target":{"@type":"EntryPoint","urlTemplate":"https:\/\/akasel.com\/de\/?s={search_term_string}"},"query-input":"required name=search_term_string"}],"inLanguage":"de-DE"}]}},"_links":{"self":[{"href":"https:\/\/akasel.com\/de\/wp-json\/wp\/v3\/product\/10514"}],"collection":[{"href":"https:\/\/akasel.com\/de\/wp-json\/wp\/v3\/product"}],"about":[{"href":"https:\/\/akasel.com\/de\/wp-json\/wp\/v2\/types\/product"}],"wp:featuredmedia":[{"embeddable":true,"href":"https:\/\/akasel.com\/de\/wp-json\/wp\/v2\/media\/12072"}],"wp:attachment":[{"href":"https:\/\/akasel.com\/de\/wp-json\/wp\/v2\/media?parent=10514"}],"wp:term":[{"taxonomy":"product_cat","embeddable":true,"href":"https:\/\/akasel.com\/de\/wp-json\/wp\/v2\/product_cat?post=10514"},{"taxonomy":"product_tag","embeddable":true,"href":"https:\/\/akasel.com\/de\/wp-json\/wp\/v2\/product_tag?post=10514"}],"curies":[{"name":"wp","href":"https:\/\/api.w.org\/{rel}","templated":true}]}}