{"id":10524,"date":"2021-01-26T14:05:30","date_gmt":"2021-01-26T13:05:30","guid":{"rendered":"https:\/\/akasel.com\/de\/p\/aka-cut-fe60-150-mm\/"},"modified":"2026-01-05T06:22:40","modified_gmt":"2026-01-05T05:22:40","slug":"aka-cut-1000-hv","status":"publish","type":"product","link":"https:\/\/akasel.com\/de\/shop\/trennscheiben\/praezisionstrennen\/eisenmetallen-praezisionstrennen\/aka-cut-1000-hv\/","title":{"rendered":"Aka-Cut 1000 HV, 150 mm"},"content":{"rendered":"<p>Inhalt verf\u00fcgbar: 5 pcs.<\/p>\n<p><a href=\"https:\/\/akasel.com\/de\/wp-content\/uploads\/sites\/2\/2024\/07\/9000de.pdf\">PDS Aka-Cut (DE)<\/a><\/p>\n<p><a href=\"https:\/\/akasel.com\/wp-content\/uploads\/2020\/11\/98012863-67110001_aka-cut.pdf\">Aka-cut Bedienungsanleitungen (DE)<\/a><\/p>\n<p>&nbsp;<\/p>\n","protected":false},"excerpt":{"rendered":"<p>Trennscheibe zum Pr\u00e4zisionstrennen von sehr harten St\u00e4hlen mit einer H\u00e4rte von 500-1000 HV (60 HRC).<\/p>\n<p>Die Trennscheibe misst 150 x 0,5 x 12,7 mm.<\/p>\n","protected":false},"featured_media":12046,"template":"","meta":[],"product_cat":[316,314,297],"product_tag":[],"class_list":["post-10524","product","type-product","status-publish","has-post-thumbnail","hentry","product_cat-praezisionstrennen","product_cat-eisenmetallen-praezisionstrennen","product_cat-trennscheiben"],"yoast_head":"<!-- This site is optimized with the Yoast SEO plugin v21.7 - https:\/\/yoast.com\/wordpress\/plugins\/seo\/ -->\n<title>Aka-Cut 1000HV | Pr\u00e4zisionstrennscheibe f\u00fcr Eisenmetalle | Akasel<\/title>\n<meta name=\"description\" content=\"Pr\u00e4zisionstrennscheibe f\u00fcr harten Stahl (500\u20131000 HV). Reduziert Verformungen, erh\u00f6ht Genauigkeit und sorgt f\u00fcr saubere Schnitte bei Eisenmetallen.\" \/>\n<meta name=\"robots\" content=\"index, follow, max-snippet:-1, max-image-preview:large, max-video-preview:-1\" \/>\n<link rel=\"canonical\" href=\"https:\/\/akasel.com\/de\/shop\/trennscheiben\/praezisionstrennen\/eisenmetallen-praezisionstrennen\/aka-cut-1000-hv\/\" \/>\n<meta property=\"og:locale\" content=\"de_DE\" \/>\n<meta property=\"og:type\" content=\"article\" \/>\n<meta property=\"og:title\" content=\"Aka-Cut 1000HV | Pr\u00e4zisionstrennscheibe f\u00fcr Eisenmetalle | Akasel\" \/>\n<meta property=\"og:description\" content=\"Pr\u00e4zisionstrennscheibe f\u00fcr harten Stahl (500\u20131000 HV). Reduziert Verformungen, erh\u00f6ht Genauigkeit und sorgt f\u00fcr saubere Schnitte bei Eisenmetallen.\" \/>\n<meta property=\"og:url\" content=\"https:\/\/akasel.com\/de\/shop\/trennscheiben\/praezisionstrennen\/eisenmetallen-praezisionstrennen\/aka-cut-1000-hv\/\" \/>\n<meta property=\"og:site_name\" content=\"AKASEL A\/S\" \/>\n<meta property=\"article:modified_time\" content=\"2026-01-05T05:22:40+00:00\" \/>\n<meta property=\"og:image\" content=\"https:\/\/akasel.com\/de\/wp-content\/uploads\/sites\/2\/2021\/01\/aka-cut-1000-hv-150-mm-768x768.png\" \/>\n\t<meta property=\"og:image:width\" content=\"768\" \/>\n\t<meta property=\"og:image:height\" content=\"768\" \/>\n\t<meta property=\"og:image:type\" content=\"image\/png\" \/>\n<meta name=\"twitter:card\" content=\"summary_large_image\" \/>\n<meta name=\"twitter:label1\" content=\"Gesch\u00e4tzte Lesezeit\" \/>\n\t<meta name=\"twitter:data1\" content=\"1 Minute\" \/>\n<!-- \/ Yoast SEO plugin. -->","yoast_head_json":{"title":"Aka-Cut 1000HV | Pr\u00e4zisionstrennscheibe f\u00fcr Eisenmetalle | Akasel","description":"Pr\u00e4zisionstrennscheibe f\u00fcr harten Stahl (500\u20131000 HV). Reduziert Verformungen, erh\u00f6ht Genauigkeit und sorgt f\u00fcr saubere Schnitte bei Eisenmetallen.","robots":{"index":"index","follow":"follow","max-snippet":"max-snippet:-1","max-image-preview":"max-image-preview:large","max-video-preview":"max-video-preview:-1"},"canonical":"https:\/\/akasel.com\/de\/shop\/trennscheiben\/praezisionstrennen\/eisenmetallen-praezisionstrennen\/aka-cut-1000-hv\/","og_locale":"de_DE","og_type":"article","og_title":"Aka-Cut 1000HV | Pr\u00e4zisionstrennscheibe f\u00fcr Eisenmetalle | Akasel","og_description":"Pr\u00e4zisionstrennscheibe f\u00fcr harten Stahl (500\u20131000 HV). Reduziert Verformungen, erh\u00f6ht Genauigkeit und sorgt f\u00fcr saubere Schnitte bei Eisenmetallen.","og_url":"https:\/\/akasel.com\/de\/shop\/trennscheiben\/praezisionstrennen\/eisenmetallen-praezisionstrennen\/aka-cut-1000-hv\/","og_site_name":"AKASEL A\/S","article_modified_time":"2026-01-05T05:22:40+00:00","og_image":[{"width":768,"height":768,"url":"https:\/\/akasel.com\/de\/wp-content\/uploads\/sites\/2\/2021\/01\/aka-cut-1000-hv-150-mm-768x768.png","type":"image\/png"}],"twitter_card":"summary_large_image","twitter_misc":{"Gesch\u00e4tzte Lesezeit":"1 Minute"},"schema":{"@context":"https:\/\/schema.org","@graph":[{"@type":"WebPage","@id":"https:\/\/akasel.com\/de\/shop\/trennscheiben\/praezisionstrennen\/eisenmetallen-praezisionstrennen\/aka-cut-1000-hv\/","url":"https:\/\/akasel.com\/de\/shop\/trennscheiben\/praezisionstrennen\/eisenmetallen-praezisionstrennen\/aka-cut-1000-hv\/","name":"Aka-Cut 1000HV | Pr\u00e4zisionstrennscheibe f\u00fcr Eisenmetalle | Akasel","isPartOf":{"@id":"https:\/\/akasel.com\/de\/#website"},"datePublished":"2021-01-26T13:05:30+00:00","dateModified":"2026-01-05T05:22:40+00:00","description":"Pr\u00e4zisionstrennscheibe f\u00fcr harten Stahl (500\u20131000 HV). Reduziert Verformungen, erh\u00f6ht Genauigkeit und sorgt f\u00fcr saubere Schnitte bei Eisenmetallen.","breadcrumb":{"@id":"https:\/\/akasel.com\/de\/shop\/trennscheiben\/praezisionstrennen\/eisenmetallen-praezisionstrennen\/aka-cut-1000-hv\/#breadcrumb"},"inLanguage":"de-DE","potentialAction":[{"@type":"ReadAction","target":["https:\/\/akasel.com\/de\/shop\/trennscheiben\/praezisionstrennen\/eisenmetallen-praezisionstrennen\/aka-cut-1000-hv\/"]}]},{"@type":"BreadcrumbList","@id":"https:\/\/akasel.com\/de\/shop\/trennscheiben\/praezisionstrennen\/eisenmetallen-praezisionstrennen\/aka-cut-1000-hv\/#breadcrumb","itemListElement":[{"@type":"ListItem","position":1,"name":"Home","item":"https:\/\/akasel.com\/de\/"},{"@type":"ListItem","position":2,"name":"Shop","item":"https:\/\/akasel.com\/de\/shop\/"},{"@type":"ListItem","position":3,"name":"Aka-Cut 1000 HV, 150 mm"}]},{"@type":"WebSite","@id":"https:\/\/akasel.com\/de\/#website","url":"https:\/\/akasel.com\/de\/","name":"AKASEL A\/S","description":"","potentialAction":[{"@type":"SearchAction","target":{"@type":"EntryPoint","urlTemplate":"https:\/\/akasel.com\/de\/?s={search_term_string}"},"query-input":"required name=search_term_string"}],"inLanguage":"de-DE"}]}},"_links":{"self":[{"href":"https:\/\/akasel.com\/de\/wp-json\/wp\/v3\/product\/10524"}],"collection":[{"href":"https:\/\/akasel.com\/de\/wp-json\/wp\/v3\/product"}],"about":[{"href":"https:\/\/akasel.com\/de\/wp-json\/wp\/v2\/types\/product"}],"wp:featuredmedia":[{"embeddable":true,"href":"https:\/\/akasel.com\/de\/wp-json\/wp\/v2\/media\/12046"}],"wp:attachment":[{"href":"https:\/\/akasel.com\/de\/wp-json\/wp\/v2\/media?parent=10524"}],"wp:term":[{"taxonomy":"product_cat","embeddable":true,"href":"https:\/\/akasel.com\/de\/wp-json\/wp\/v2\/product_cat?post=10524"},{"taxonomy":"product_tag","embeddable":true,"href":"https:\/\/akasel.com\/de\/wp-json\/wp\/v2\/product_tag?post=10524"}],"curies":[{"name":"wp","href":"https:\/\/api.w.org\/{rel}","templated":true}]}}