{"id":10532,"date":"2021-01-26T14:05:29","date_gmt":"2021-01-26T13:05:29","guid":{"rendered":"https:\/\/akasel.com\/de\/p\/aka-cut-fe50\/"},"modified":"2026-01-05T06:22:55","modified_gmt":"2026-01-05T05:22:55","slug":"aka-cut-fe50","status":"publish","type":"product","link":"https:\/\/akasel.com\/de\/shop\/abrasive-cut-off-wheels-de\/trennen-von-eisenmetallen\/aka-cut-fe50\/","title":{"rendered":"Aka-Cut Fe50"},"content":{"rendered":"<p>Verf\u00fcgbare Gr\u00f6\u00dfe: 250 mm, 300 mm, 350 mm<\/p>\n<p><a href=\"https:\/\/akasel.com\/de\/wp-content\/uploads\/sites\/2\/2024\/07\/9000de.pdf\">PDS Aka-Cut (DE)<\/a><\/p>\n<p><a href=\"https:\/\/akasel.com\/wp-content\/uploads\/2020\/11\/98012863-67110001_aka-cut.pdf\">Aka-cut Bedienungsanleitungen (DE)<\/a><\/p>\n<p><a href=\"https:\/\/akasel.com\/wp-content\/uploads\/2024\/06\/aka-cut-product-brochure.pdf\">Aka-cut, Cut-off Wheels Produktbrosch\u00fcren (DE)<\/a><\/p>\n<p>&nbsp;<\/p>\n","protected":false},"excerpt":{"rendered":"<p>Trennscheibe optimiert zum Trennen von harten St\u00e4hlen und anderen Eisenmetallen mit einer H\u00e4rte von ca. 350 &#8211; 700 HV (50 HRC).<\/p>\n","protected":false},"featured_media":12042,"template":"","meta":[],"product_cat":[313,298,297],"product_tag":[],"class_list":["post-10532","product","type-product","status-publish","has-post-thumbnail","hentry","product_cat-abrasive-cut-off-wheels-de","product_cat-trennen-von-eisenmetallen","product_cat-trennscheiben"],"yoast_head":"<!-- This site is optimized with the Yoast SEO plugin v21.7 - https:\/\/yoast.com\/wordpress\/plugins\/seo\/ -->\n<title>Aka-Cut Fe50 | Trennscheibe in Gr\u00f6\u00dfen 250 bis 432 mm | Akasel<\/title>\n<meta name=\"description\" content=\"Diese Trennscheibe ist f\u00fcr mittelharte bis harte St\u00e4hle optimiert und bietet saubere und konsistente Schnitte. Bis 432 mm erh\u00e4ltlich.\" \/>\n<meta name=\"robots\" content=\"index, follow, max-snippet:-1, max-image-preview:large, max-video-preview:-1\" \/>\n<link rel=\"canonical\" href=\"https:\/\/akasel.com\/de\/shop\/abrasive-cut-off-wheels-de\/trennen-von-eisenmetallen\/aka-cut-fe50\/\" \/>\n<meta property=\"og:locale\" content=\"de_DE\" \/>\n<meta property=\"og:type\" content=\"article\" \/>\n<meta property=\"og:title\" content=\"Aka-Cut Fe50 | Trennscheibe in Gr\u00f6\u00dfen 250 bis 432 mm | Akasel\" \/>\n<meta property=\"og:description\" content=\"Diese Trennscheibe ist f\u00fcr mittelharte bis harte St\u00e4hle optimiert und bietet saubere und konsistente Schnitte. Bis 432 mm erh\u00e4ltlich.\" \/>\n<meta property=\"og:url\" content=\"https:\/\/akasel.com\/de\/shop\/abrasive-cut-off-wheels-de\/trennen-von-eisenmetallen\/aka-cut-fe50\/\" \/>\n<meta property=\"og:site_name\" content=\"AKASEL A\/S\" \/>\n<meta property=\"article:modified_time\" content=\"2026-01-05T05:22:55+00:00\" \/>\n<meta property=\"og:image\" content=\"https:\/\/akasel.com\/de\/wp-content\/uploads\/sites\/2\/2021\/01\/aka-cut-fe50-250-mm-768x762.png\" \/>\n\t<meta property=\"og:image:width\" content=\"768\" \/>\n\t<meta property=\"og:image:height\" content=\"762\" \/>\n\t<meta property=\"og:image:type\" content=\"image\/png\" \/>\n<meta name=\"twitter:card\" content=\"summary_large_image\" \/>\n<meta name=\"twitter:label1\" content=\"Gesch\u00e4tzte Lesezeit\" \/>\n\t<meta name=\"twitter:data1\" content=\"1 Minute\" \/>\n<!-- \/ Yoast SEO plugin. -->","yoast_head_json":{"title":"Aka-Cut Fe50 | Trennscheibe in Gr\u00f6\u00dfen 250 bis 432 mm | Akasel","description":"Diese Trennscheibe ist f\u00fcr mittelharte bis harte St\u00e4hle optimiert und bietet saubere und konsistente Schnitte. Bis 432 mm erh\u00e4ltlich.","robots":{"index":"index","follow":"follow","max-snippet":"max-snippet:-1","max-image-preview":"max-image-preview:large","max-video-preview":"max-video-preview:-1"},"canonical":"https:\/\/akasel.com\/de\/shop\/abrasive-cut-off-wheels-de\/trennen-von-eisenmetallen\/aka-cut-fe50\/","og_locale":"de_DE","og_type":"article","og_title":"Aka-Cut Fe50 | Trennscheibe in Gr\u00f6\u00dfen 250 bis 432 mm | Akasel","og_description":"Diese Trennscheibe ist f\u00fcr mittelharte bis harte St\u00e4hle optimiert und bietet saubere und konsistente Schnitte. Bis 432 mm erh\u00e4ltlich.","og_url":"https:\/\/akasel.com\/de\/shop\/abrasive-cut-off-wheels-de\/trennen-von-eisenmetallen\/aka-cut-fe50\/","og_site_name":"AKASEL A\/S","article_modified_time":"2026-01-05T05:22:55+00:00","og_image":[{"width":768,"height":762,"url":"https:\/\/akasel.com\/de\/wp-content\/uploads\/sites\/2\/2021\/01\/aka-cut-fe50-250-mm-768x762.png","type":"image\/png"}],"twitter_card":"summary_large_image","twitter_misc":{"Gesch\u00e4tzte Lesezeit":"1 Minute"},"schema":{"@context":"https:\/\/schema.org","@graph":[{"@type":"WebPage","@id":"https:\/\/akasel.com\/de\/shop\/abrasive-cut-off-wheels-de\/trennen-von-eisenmetallen\/aka-cut-fe50\/","url":"https:\/\/akasel.com\/de\/shop\/abrasive-cut-off-wheels-de\/trennen-von-eisenmetallen\/aka-cut-fe50\/","name":"Aka-Cut Fe50 | Trennscheibe in Gr\u00f6\u00dfen 250 bis 432 mm | Akasel","isPartOf":{"@id":"https:\/\/akasel.com\/de\/#website"},"datePublished":"2021-01-26T13:05:29+00:00","dateModified":"2026-01-05T05:22:55+00:00","description":"Diese Trennscheibe ist f\u00fcr mittelharte bis harte St\u00e4hle optimiert und bietet saubere und konsistente Schnitte. Bis 432 mm erh\u00e4ltlich.","breadcrumb":{"@id":"https:\/\/akasel.com\/de\/shop\/abrasive-cut-off-wheels-de\/trennen-von-eisenmetallen\/aka-cut-fe50\/#breadcrumb"},"inLanguage":"de-DE","potentialAction":[{"@type":"ReadAction","target":["https:\/\/akasel.com\/de\/shop\/abrasive-cut-off-wheels-de\/trennen-von-eisenmetallen\/aka-cut-fe50\/"]}]},{"@type":"BreadcrumbList","@id":"https:\/\/akasel.com\/de\/shop\/abrasive-cut-off-wheels-de\/trennen-von-eisenmetallen\/aka-cut-fe50\/#breadcrumb","itemListElement":[{"@type":"ListItem","position":1,"name":"Home","item":"https:\/\/akasel.com\/de\/"},{"@type":"ListItem","position":2,"name":"Shop","item":"https:\/\/akasel.com\/de\/shop\/"},{"@type":"ListItem","position":3,"name":"Aka-Cut Fe50"}]},{"@type":"WebSite","@id":"https:\/\/akasel.com\/de\/#website","url":"https:\/\/akasel.com\/de\/","name":"AKASEL A\/S","description":"","potentialAction":[{"@type":"SearchAction","target":{"@type":"EntryPoint","urlTemplate":"https:\/\/akasel.com\/de\/?s={search_term_string}"},"query-input":"required name=search_term_string"}],"inLanguage":"de-DE"}]}},"_links":{"self":[{"href":"https:\/\/akasel.com\/de\/wp-json\/wp\/v3\/product\/10532"}],"collection":[{"href":"https:\/\/akasel.com\/de\/wp-json\/wp\/v3\/product"}],"about":[{"href":"https:\/\/akasel.com\/de\/wp-json\/wp\/v2\/types\/product"}],"wp:featuredmedia":[{"embeddable":true,"href":"https:\/\/akasel.com\/de\/wp-json\/wp\/v2\/media\/12042"}],"wp:attachment":[{"href":"https:\/\/akasel.com\/de\/wp-json\/wp\/v2\/media?parent=10532"}],"wp:term":[{"taxonomy":"product_cat","embeddable":true,"href":"https:\/\/akasel.com\/de\/wp-json\/wp\/v2\/product_cat?post=10532"},{"taxonomy":"product_tag","embeddable":true,"href":"https:\/\/akasel.com\/de\/wp-json\/wp\/v2\/product_tag?post=10532"}],"curies":[{"name":"wp","href":"https:\/\/api.w.org\/{rel}","templated":true}]}}