{"id":10540,"date":"2021-01-26T14:05:54","date_gmt":"2021-01-26T13:05:54","guid":{"rendered":"https:\/\/akasel.com\/de\/p\/aka-daran\/"},"modified":"2026-01-05T06:24:35","modified_gmt":"2026-01-05T05:24:35","slug":"aka-daran","status":"publish","type":"product","link":"https:\/\/akasel.com\/de\/shop\/metallographisches-polieren\/poliertuecher\/aka-daran\/","title":{"rendered":"Aka-Daran"},"content":{"rendered":"<p>Verf\u00fcgbare Gr\u00f6\u00dfe: 32 mm, 200 mm, 250 mm, 300 mm, 350 mm<\/p>\n<p>Inhalt verf\u00fcgbar: 5 pcs. (32 mm = 25 pcs.)<\/p>\n<p><a href=\"https:\/\/akasel.com\/de\/wp-content\/uploads\/sites\/2\/2024\/05\/4500de.pdf\">PDS Selbstklebendes Poliert\u00fccher (DE)<\/a><\/p>\n<p><a href=\"https:\/\/akasel.com\/wp-content\/uploads\/2020\/11\/98012864-67410001_psa-cloth.pdf\">Selbstklebende Poliert\u00fccher Bedienungsanleitungen<\/a><\/p>\n<p><a href=\"https:\/\/akasel.com\/de\/wp-content\/uploads\/sites\/2\/2024\/06\/poliertuecher-produktbroschuere.pdf\">Poliert\u00fccher Produktbrosch\u00fcren<\/a><\/p>\n<p>&nbsp;<\/p>\n","protected":false},"excerpt":{"rendered":"<p>Selbstklebendes Poliertuch f\u00fcr das metallographische Polieren.<\/p>\n<p>Zum Polieren von allen Materialien. Kann auch zum <a href=\"https:\/\/akasel.com\/de\/category\/oxidpolieren\/\">Oxidpolieren<\/a> verwendet werden.<\/p>\n<p>Daran ist ein mittelhartes, gewebtes Acetat-Tuch f\u00fcr das Diamant- und Oxid-Polieren. Es wird empfohlen, es mit Schleifmitteln von 6 &#8211; 0,25 \u00b5m zu verwenden.<\/p>\n<p>Weicheres Poliertuch mit dickerem Gewebe als <a href=\"https:\/\/akasel.com\/de\/shop\/metallographisches-polieren\/poliertuecher\/aka-ramda\/\">Ramda<\/a>, das eine sehr lange Lebensdauer bietet.<\/p>\n<p>Verwenden Sie mittlere bis hohe Kr\u00e4fte; 15 &#8211; 35 N f\u00fcr eine 30 mm Probe.<\/p>\n","protected":false},"featured_media":12110,"template":"","meta":[],"product_cat":[344,303,327],"product_tag":[],"class_list":["post-10540","product","type-product","status-publish","has-post-thumbnail","hentry","product_cat-metallographisches-polieren","product_cat-poliertuecher","product_cat-self-adhesive-de"],"yoast_head":"<!-- This site is optimized with the Yoast SEO plugin v21.7 - https:\/\/yoast.com\/wordpress\/plugins\/seo\/ -->\n<title>Aka-Daran | Poliertuch F\u00fcr Metallografisches Polieren | Akasel A\/S<\/title>\n<meta name=\"description\" content=\"Selbstklebendes Aka-Daran Poliertuch f\u00fcr alle Materialien. Mittelhartes Acetat f\u00fcr Diamant- und Oxidpolitur mit Schleifmitteln von 6 bis 0,25 \u00b5m.\" \/>\n<meta name=\"robots\" content=\"index, follow, max-snippet:-1, max-image-preview:large, max-video-preview:-1\" \/>\n<link rel=\"canonical\" href=\"https:\/\/akasel.com\/de\/shop\/metallographisches-polieren\/poliertuecher\/aka-daran\/\" \/>\n<meta property=\"og:locale\" content=\"de_DE\" \/>\n<meta property=\"og:type\" content=\"article\" \/>\n<meta property=\"og:title\" content=\"Aka-Daran | Poliertuch F\u00fcr Metallografisches Polieren | Akasel A\/S\" \/>\n<meta property=\"og:description\" content=\"Selbstklebendes Aka-Daran Poliertuch f\u00fcr alle Materialien. Mittelhartes Acetat f\u00fcr Diamant- und Oxidpolitur mit Schleifmitteln von 6 bis 0,25 \u00b5m.\" \/>\n<meta property=\"og:url\" content=\"https:\/\/akasel.com\/de\/shop\/metallographisches-polieren\/poliertuecher\/aka-daran\/\" \/>\n<meta property=\"og:site_name\" content=\"AKASEL A\/S\" \/>\n<meta property=\"article:modified_time\" content=\"2026-01-05T05:24:35+00:00\" \/>\n<meta property=\"og:image\" content=\"https:\/\/akasel.com\/de\/wp-content\/uploads\/sites\/2\/2021\/01\/aka-daran-768x769.png\" \/>\n\t<meta property=\"og:image:width\" content=\"768\" \/>\n\t<meta property=\"og:image:height\" content=\"769\" \/>\n\t<meta property=\"og:image:type\" content=\"image\/png\" \/>\n<meta name=\"twitter:card\" content=\"summary_large_image\" \/>\n<meta name=\"twitter:label1\" content=\"Gesch\u00e4tzte Lesezeit\" \/>\n\t<meta name=\"twitter:data1\" content=\"1 Minute\" \/>\n<!-- \/ Yoast SEO plugin. -->","yoast_head_json":{"title":"Aka-Daran | Poliertuch F\u00fcr Metallografisches Polieren | Akasel A\/S","description":"Selbstklebendes Aka-Daran Poliertuch f\u00fcr alle Materialien. Mittelhartes Acetat f\u00fcr Diamant- und Oxidpolitur mit Schleifmitteln von 6 bis 0,25 \u00b5m.","robots":{"index":"index","follow":"follow","max-snippet":"max-snippet:-1","max-image-preview":"max-image-preview:large","max-video-preview":"max-video-preview:-1"},"canonical":"https:\/\/akasel.com\/de\/shop\/metallographisches-polieren\/poliertuecher\/aka-daran\/","og_locale":"de_DE","og_type":"article","og_title":"Aka-Daran | Poliertuch F\u00fcr Metallografisches Polieren | Akasel A\/S","og_description":"Selbstklebendes Aka-Daran Poliertuch f\u00fcr alle Materialien. Mittelhartes Acetat f\u00fcr Diamant- und Oxidpolitur mit Schleifmitteln von 6 bis 0,25 \u00b5m.","og_url":"https:\/\/akasel.com\/de\/shop\/metallographisches-polieren\/poliertuecher\/aka-daran\/","og_site_name":"AKASEL A\/S","article_modified_time":"2026-01-05T05:24:35+00:00","og_image":[{"width":768,"height":769,"url":"https:\/\/akasel.com\/de\/wp-content\/uploads\/sites\/2\/2021\/01\/aka-daran-768x769.png","type":"image\/png"}],"twitter_card":"summary_large_image","twitter_misc":{"Gesch\u00e4tzte Lesezeit":"1 Minute"},"schema":{"@context":"https:\/\/schema.org","@graph":[{"@type":"WebPage","@id":"https:\/\/akasel.com\/de\/shop\/metallographisches-polieren\/poliertuecher\/aka-daran\/","url":"https:\/\/akasel.com\/de\/shop\/metallographisches-polieren\/poliertuecher\/aka-daran\/","name":"Aka-Daran | Poliertuch F\u00fcr Metallografisches Polieren | Akasel A\/S","isPartOf":{"@id":"https:\/\/akasel.com\/de\/#website"},"datePublished":"2021-01-26T13:05:54+00:00","dateModified":"2026-01-05T05:24:35+00:00","description":"Selbstklebendes Aka-Daran Poliertuch f\u00fcr alle Materialien. Mittelhartes Acetat f\u00fcr Diamant- und Oxidpolitur mit Schleifmitteln von 6 bis 0,25 \u00b5m.","breadcrumb":{"@id":"https:\/\/akasel.com\/de\/shop\/metallographisches-polieren\/poliertuecher\/aka-daran\/#breadcrumb"},"inLanguage":"de-DE","potentialAction":[{"@type":"ReadAction","target":["https:\/\/akasel.com\/de\/shop\/metallographisches-polieren\/poliertuecher\/aka-daran\/"]}]},{"@type":"BreadcrumbList","@id":"https:\/\/akasel.com\/de\/shop\/metallographisches-polieren\/poliertuecher\/aka-daran\/#breadcrumb","itemListElement":[{"@type":"ListItem","position":1,"name":"Home","item":"https:\/\/akasel.com\/de\/"},{"@type":"ListItem","position":2,"name":"Shop","item":"https:\/\/akasel.com\/de\/shop\/"},{"@type":"ListItem","position":3,"name":"Aka-Daran"}]},{"@type":"WebSite","@id":"https:\/\/akasel.com\/de\/#website","url":"https:\/\/akasel.com\/de\/","name":"AKASEL A\/S","description":"","potentialAction":[{"@type":"SearchAction","target":{"@type":"EntryPoint","urlTemplate":"https:\/\/akasel.com\/de\/?s={search_term_string}"},"query-input":"required name=search_term_string"}],"inLanguage":"de-DE"}]}},"_links":{"self":[{"href":"https:\/\/akasel.com\/de\/wp-json\/wp\/v3\/product\/10540"}],"collection":[{"href":"https:\/\/akasel.com\/de\/wp-json\/wp\/v3\/product"}],"about":[{"href":"https:\/\/akasel.com\/de\/wp-json\/wp\/v2\/types\/product"}],"wp:featuredmedia":[{"embeddable":true,"href":"https:\/\/akasel.com\/de\/wp-json\/wp\/v2\/media\/12110"}],"wp:attachment":[{"href":"https:\/\/akasel.com\/de\/wp-json\/wp\/v2\/media?parent=10540"}],"wp:term":[{"taxonomy":"product_cat","embeddable":true,"href":"https:\/\/akasel.com\/de\/wp-json\/wp\/v2\/product_cat?post=10540"},{"taxonomy":"product_tag","embeddable":true,"href":"https:\/\/akasel.com\/de\/wp-json\/wp\/v2\/product_tag?post=10540"}],"curies":[{"name":"wp","href":"https:\/\/api.w.org\/{rel}","templated":true}]}}