{"id":10546,"date":"2021-01-26T14:06:26","date_gmt":"2021-01-26T13:06:26","guid":{"rendered":"https:\/\/akasel.com\/de\/p\/aka-lube-blue-concentrate\/"},"modified":"2026-01-05T06:26:21","modified_gmt":"2026-01-05T05:26:21","slug":"aka-lube-blue-concentrate","status":"publish","type":"product","link":"https:\/\/akasel.com\/de\/shop\/metallographisches-polieren\/schmiermittel\/aka-lube-blue-concentrate\/","title":{"rendered":"Aka-Lube Blue Concentrate"},"content":{"rendered":"<p>Inhalt verf\u00fcgbar: 500 ml, 5 l<\/p>\n<p><a href=\"https:\/\/akasel.com\/wp-content\/uploads\/2024\/04\/sds-aka-lube-blue-concentrate-de-v20.pdf\">SDS Aka-Lube Blue (DE)<\/a><\/p>\n<p>&nbsp;<\/p>\n","protected":false},"excerpt":{"rendered":"<p>Aka-Lube Blue Concentrate ist <a href=\"https:\/\/akasel.com\/de\/shop\/metallographisches-polieren\/schmiermittel\/aka-lube-blue\/\">Aka-Lube Blue<\/a> ohne Ethanol. Da es nicht brennbar ist, ist es sicher und weniger kostspielig im Versand.<\/p>\n<p>Es mu\u00df vor der Verwendung mit Ethanol gemischt werden. Wenn es mit Ethanol gemischt wird, ist es das gleiche Produkt wie Aka-Lube Blue. Es erzeugt einen d\u00fcnnen Schmierfilm und kann sowohl zum Feinschleifen als auch zum Polieren verwendet werden. Es bietet eine hervorragende K\u00fchlung und ist optimal f\u00fcr die schnelle, automatisierte Pr\u00e4paration zu verwenden.<\/p>\n<p>Kann auch f\u00fcr die Pr\u00e4paration von wasserempfindlichen Materialien verwendet werden.<\/p>\n","protected":false},"featured_media":12120,"template":"","meta":[],"product_cat":[344,347],"product_tag":[],"class_list":["post-10546","product","type-product","status-publish","has-post-thumbnail","hentry","product_cat-metallographisches-polieren","product_cat-schmiermittel"],"yoast_head":"<!-- This site is optimized with the Yoast SEO plugin v21.7 - https:\/\/yoast.com\/wordpress\/plugins\/seo\/ -->\n<title>Aka-Lube Blue Concentrate | Schmiermittel | AKASEL A\/S<\/title>\n<meta name=\"description\" content=\"Ethanolfreies, nicht brennbares Schmiermittel f\u00fcr metallografisches Polieren. Sicherer und g\u00fcnstiger im Versand. Hervorragende K\u00fchlung und Leistung.\" \/>\n<meta name=\"robots\" content=\"index, follow, max-snippet:-1, max-image-preview:large, max-video-preview:-1\" \/>\n<link rel=\"canonical\" href=\"https:\/\/akasel.com\/de\/shop\/metallographisches-polieren\/schmiermittel\/aka-lube-blue-concentrate\/\" \/>\n<meta property=\"og:locale\" content=\"de_DE\" \/>\n<meta property=\"og:type\" content=\"article\" \/>\n<meta property=\"og:title\" content=\"Aka-Lube Blue Concentrate | Schmiermittel | AKASEL A\/S\" \/>\n<meta property=\"og:description\" content=\"Ethanolfreies, nicht brennbares Schmiermittel f\u00fcr metallografisches Polieren. Sicherer und g\u00fcnstiger im Versand. Hervorragende K\u00fchlung und Leistung.\" \/>\n<meta property=\"og:url\" content=\"https:\/\/akasel.com\/de\/shop\/metallographisches-polieren\/schmiermittel\/aka-lube-blue-concentrate\/\" \/>\n<meta property=\"og:site_name\" content=\"AKASEL A\/S\" \/>\n<meta property=\"article:modified_time\" content=\"2026-01-05T05:26:21+00:00\" \/>\n<meta property=\"og:image\" content=\"https:\/\/akasel.com\/de\/wp-content\/uploads\/sites\/2\/2021\/01\/49605013.png\" \/>\n\t<meta property=\"og:image:width\" content=\"1322\" \/>\n\t<meta property=\"og:image:height\" content=\"2560\" \/>\n\t<meta property=\"og:image:type\" content=\"image\/png\" \/>\n<meta name=\"twitter:card\" content=\"summary_large_image\" \/>\n<meta name=\"twitter:label1\" content=\"Gesch\u00e4tzte Lesezeit\" \/>\n\t<meta name=\"twitter:data1\" content=\"1 Minute\" \/>\n<!-- \/ Yoast SEO plugin. -->","yoast_head_json":{"title":"Aka-Lube Blue Concentrate | Schmiermittel | AKASEL A\/S","description":"Ethanolfreies, nicht brennbares Schmiermittel f\u00fcr metallografisches Polieren. Sicherer und g\u00fcnstiger im Versand. Hervorragende K\u00fchlung und Leistung.","robots":{"index":"index","follow":"follow","max-snippet":"max-snippet:-1","max-image-preview":"max-image-preview:large","max-video-preview":"max-video-preview:-1"},"canonical":"https:\/\/akasel.com\/de\/shop\/metallographisches-polieren\/schmiermittel\/aka-lube-blue-concentrate\/","og_locale":"de_DE","og_type":"article","og_title":"Aka-Lube Blue Concentrate | Schmiermittel | AKASEL A\/S","og_description":"Ethanolfreies, nicht brennbares Schmiermittel f\u00fcr metallografisches Polieren. Sicherer und g\u00fcnstiger im Versand. Hervorragende K\u00fchlung und Leistung.","og_url":"https:\/\/akasel.com\/de\/shop\/metallographisches-polieren\/schmiermittel\/aka-lube-blue-concentrate\/","og_site_name":"AKASEL A\/S","article_modified_time":"2026-01-05T05:26:21+00:00","og_image":[{"width":1322,"height":2560,"url":"https:\/\/akasel.com\/de\/wp-content\/uploads\/sites\/2\/2021\/01\/49605013.png","type":"image\/png"}],"twitter_card":"summary_large_image","twitter_misc":{"Gesch\u00e4tzte Lesezeit":"1 Minute"},"schema":{"@context":"https:\/\/schema.org","@graph":[{"@type":"WebPage","@id":"https:\/\/akasel.com\/de\/shop\/metallographisches-polieren\/schmiermittel\/aka-lube-blue-concentrate\/","url":"https:\/\/akasel.com\/de\/shop\/metallographisches-polieren\/schmiermittel\/aka-lube-blue-concentrate\/","name":"Aka-Lube Blue Concentrate | Schmiermittel | AKASEL A\/S","isPartOf":{"@id":"https:\/\/akasel.com\/de\/#website"},"datePublished":"2021-01-26T13:06:26+00:00","dateModified":"2026-01-05T05:26:21+00:00","description":"Ethanolfreies, nicht brennbares Schmiermittel f\u00fcr metallografisches Polieren. Sicherer und g\u00fcnstiger im Versand. Hervorragende K\u00fchlung und Leistung.","breadcrumb":{"@id":"https:\/\/akasel.com\/de\/shop\/metallographisches-polieren\/schmiermittel\/aka-lube-blue-concentrate\/#breadcrumb"},"inLanguage":"de-DE","potentialAction":[{"@type":"ReadAction","target":["https:\/\/akasel.com\/de\/shop\/metallographisches-polieren\/schmiermittel\/aka-lube-blue-concentrate\/"]}]},{"@type":"BreadcrumbList","@id":"https:\/\/akasel.com\/de\/shop\/metallographisches-polieren\/schmiermittel\/aka-lube-blue-concentrate\/#breadcrumb","itemListElement":[{"@type":"ListItem","position":1,"name":"Home","item":"https:\/\/akasel.com\/de\/"},{"@type":"ListItem","position":2,"name":"Shop","item":"https:\/\/akasel.com\/de\/shop\/"},{"@type":"ListItem","position":3,"name":"Aka-Lube Blue Concentrate"}]},{"@type":"WebSite","@id":"https:\/\/akasel.com\/de\/#website","url":"https:\/\/akasel.com\/de\/","name":"AKASEL A\/S","description":"","potentialAction":[{"@type":"SearchAction","target":{"@type":"EntryPoint","urlTemplate":"https:\/\/akasel.com\/de\/?s={search_term_string}"},"query-input":"required name=search_term_string"}],"inLanguage":"de-DE"}]}},"_links":{"self":[{"href":"https:\/\/akasel.com\/de\/wp-json\/wp\/v3\/product\/10546"}],"collection":[{"href":"https:\/\/akasel.com\/de\/wp-json\/wp\/v3\/product"}],"about":[{"href":"https:\/\/akasel.com\/de\/wp-json\/wp\/v2\/types\/product"}],"wp:featuredmedia":[{"embeddable":true,"href":"https:\/\/akasel.com\/de\/wp-json\/wp\/v2\/media\/12120"}],"wp:attachment":[{"href":"https:\/\/akasel.com\/de\/wp-json\/wp\/v2\/media?parent=10546"}],"wp:term":[{"taxonomy":"product_cat","embeddable":true,"href":"https:\/\/akasel.com\/de\/wp-json\/wp\/v2\/product_cat?post=10546"},{"taxonomy":"product_tag","embeddable":true,"href":"https:\/\/akasel.com\/de\/wp-json\/wp\/v2\/product_tag?post=10546"}],"curies":[{"name":"wp","href":"https:\/\/api.w.org\/{rel}","templated":true}]}}