{"id":10551,"date":"2021-01-26T14:06:28","date_gmt":"2021-01-26T13:06:28","guid":{"rendered":"https:\/\/akasel.com\/de\/p\/aka-lube-clear\/"},"modified":"2026-01-05T06:26:20","modified_gmt":"2026-01-05T05:26:20","slug":"aka-lube-clear","status":"publish","type":"product","link":"https:\/\/akasel.com\/de\/shop\/metallographisches-polieren\/schmiermittel\/aka-lube-clear\/","title":{"rendered":"Aka-Lube Clear+"},"content":{"rendered":"<p>Inhalt verf\u00fcgbar: 1 l, 5 l<\/p>\n<p><a href=\"https:\/\/akasel.com\/de\/wp-content\/uploads\/sites\/2\/2024\/07\/sds-aka-lube-clear-de-v20.pdf\">SDS Aka-Clear+ (DE)<\/a><\/p>\n<p>&nbsp;<\/p>\n","protected":false},"excerpt":{"rendered":"<p>Ein \u00fcberlegenes Schmiermittel auf Wasser\/Glykol-basis f\u00fcr die metallografische Probenpr\u00e4paration aller Materialien. Ideal f\u00fcr harte Materialien und wenn ein sehr hoher Materialabtrag erforderlich ist.<\/p>\n<p>Aka-Lube Clear WF hat den d\u00fcnnsten Schmierfilm in unserem Sortiment.<\/p>\n<p>F\u00fcr h\u00f6chstm\u00f6gliche Abtragsraten mit <a href=\"https:\/\/akasel.com\/de\/category\/metallographisches-polieren\/diamantprodukte\/diamantsuspensionen\/aka-poly-aka-mono-de-2\/\">Aka-Poly+ oder Aka-Mono+<\/a> verwenden.<\/p>\n<p>F\u00fcr wasserempfindliche Tests empfehlen wir unser <a href=\"https:\/\/akasel.com\/de\/shop\/metallographisches-polieren\/schmiermittel\/aka-lube-clear-wf\/\">Aka-Lube Clear WF<\/a>.<\/p>\n<p>Kann auf allen Arten von Poliert\u00fcchern verwendet werden.<\/p>\n<p>Einfache Reinigung Ihrer Proben, da es kein \u00d6l enth\u00e4lt.<\/p>\n","protected":false},"featured_media":12124,"template":"","meta":[],"product_cat":[344,347],"product_tag":[],"class_list":["post-10551","product","type-product","status-publish","has-post-thumbnail","hentry","product_cat-metallographisches-polieren","product_cat-schmiermittel"],"yoast_head":"<!-- This site is optimized with the Yoast SEO plugin v21.7 - https:\/\/yoast.com\/wordpress\/plugins\/seo\/ -->\n<title>Aka-Lube Clear+ | Schmiermittel f\u00fcr Harte Metalle | Akasel A\/S<\/title>\n<meta name=\"description\" content=\"Ideal f\u00fcr harte Metalle und hohen Materialabtrag. Sorgt f\u00fcr exzellente Leistung und reibungsloses Polieren in metallografischen Anwendungen.\" \/>\n<meta name=\"robots\" content=\"index, follow, max-snippet:-1, max-image-preview:large, max-video-preview:-1\" \/>\n<link rel=\"canonical\" href=\"https:\/\/akasel.com\/de\/shop\/metallographisches-polieren\/schmiermittel\/aka-lube-clear\/\" \/>\n<meta property=\"og:locale\" content=\"de_DE\" \/>\n<meta property=\"og:type\" content=\"article\" \/>\n<meta property=\"og:title\" content=\"Aka-Lube Clear+ | Schmiermittel f\u00fcr Harte Metalle | Akasel A\/S\" \/>\n<meta property=\"og:description\" content=\"Ideal f\u00fcr harte Metalle und hohen Materialabtrag. Sorgt f\u00fcr exzellente Leistung und reibungsloses Polieren in metallografischen Anwendungen.\" \/>\n<meta property=\"og:url\" content=\"https:\/\/akasel.com\/de\/shop\/metallographisches-polieren\/schmiermittel\/aka-lube-clear\/\" \/>\n<meta property=\"og:site_name\" content=\"AKASEL A\/S\" \/>\n<meta property=\"article:modified_time\" content=\"2026-01-05T05:26:20+00:00\" \/>\n<meta property=\"og:image\" content=\"https:\/\/akasel.com\/de\/wp-content\/uploads\/sites\/2\/2021\/01\/49201015-749x1920.png\" \/>\n\t<meta property=\"og:image:width\" content=\"749\" \/>\n\t<meta property=\"og:image:height\" content=\"1920\" \/>\n\t<meta property=\"og:image:type\" content=\"image\/png\" \/>\n<meta name=\"twitter:card\" content=\"summary_large_image\" \/>\n<meta name=\"twitter:label1\" content=\"Gesch\u00e4tzte Lesezeit\" \/>\n\t<meta name=\"twitter:data1\" content=\"1 Minute\" \/>\n<!-- \/ Yoast SEO plugin. -->","yoast_head_json":{"title":"Aka-Lube Clear+ | Schmiermittel f\u00fcr Harte Metalle | Akasel A\/S","description":"Ideal f\u00fcr harte Metalle und hohen Materialabtrag. Sorgt f\u00fcr exzellente Leistung und reibungsloses Polieren in metallografischen Anwendungen.","robots":{"index":"index","follow":"follow","max-snippet":"max-snippet:-1","max-image-preview":"max-image-preview:large","max-video-preview":"max-video-preview:-1"},"canonical":"https:\/\/akasel.com\/de\/shop\/metallographisches-polieren\/schmiermittel\/aka-lube-clear\/","og_locale":"de_DE","og_type":"article","og_title":"Aka-Lube Clear+ | Schmiermittel f\u00fcr Harte Metalle | Akasel A\/S","og_description":"Ideal f\u00fcr harte Metalle und hohen Materialabtrag. Sorgt f\u00fcr exzellente Leistung und reibungsloses Polieren in metallografischen Anwendungen.","og_url":"https:\/\/akasel.com\/de\/shop\/metallographisches-polieren\/schmiermittel\/aka-lube-clear\/","og_site_name":"AKASEL A\/S","article_modified_time":"2026-01-05T05:26:20+00:00","og_image":[{"width":749,"height":1920,"url":"https:\/\/akasel.com\/de\/wp-content\/uploads\/sites\/2\/2021\/01\/49201015-749x1920.png","type":"image\/png"}],"twitter_card":"summary_large_image","twitter_misc":{"Gesch\u00e4tzte Lesezeit":"1 Minute"},"schema":{"@context":"https:\/\/schema.org","@graph":[{"@type":"WebPage","@id":"https:\/\/akasel.com\/de\/shop\/metallographisches-polieren\/schmiermittel\/aka-lube-clear\/","url":"https:\/\/akasel.com\/de\/shop\/metallographisches-polieren\/schmiermittel\/aka-lube-clear\/","name":"Aka-Lube Clear+ | Schmiermittel f\u00fcr Harte Metalle | Akasel A\/S","isPartOf":{"@id":"https:\/\/akasel.com\/de\/#website"},"datePublished":"2021-01-26T13:06:28+00:00","dateModified":"2026-01-05T05:26:20+00:00","description":"Ideal f\u00fcr harte Metalle und hohen Materialabtrag. Sorgt f\u00fcr exzellente Leistung und reibungsloses Polieren in metallografischen Anwendungen.","breadcrumb":{"@id":"https:\/\/akasel.com\/de\/shop\/metallographisches-polieren\/schmiermittel\/aka-lube-clear\/#breadcrumb"},"inLanguage":"de-DE","potentialAction":[{"@type":"ReadAction","target":["https:\/\/akasel.com\/de\/shop\/metallographisches-polieren\/schmiermittel\/aka-lube-clear\/"]}]},{"@type":"BreadcrumbList","@id":"https:\/\/akasel.com\/de\/shop\/metallographisches-polieren\/schmiermittel\/aka-lube-clear\/#breadcrumb","itemListElement":[{"@type":"ListItem","position":1,"name":"Home","item":"https:\/\/akasel.com\/de\/"},{"@type":"ListItem","position":2,"name":"Shop","item":"https:\/\/akasel.com\/de\/shop\/"},{"@type":"ListItem","position":3,"name":"Aka-Lube Clear+"}]},{"@type":"WebSite","@id":"https:\/\/akasel.com\/de\/#website","url":"https:\/\/akasel.com\/de\/","name":"AKASEL A\/S","description":"","potentialAction":[{"@type":"SearchAction","target":{"@type":"EntryPoint","urlTemplate":"https:\/\/akasel.com\/de\/?s={search_term_string}"},"query-input":"required name=search_term_string"}],"inLanguage":"de-DE"}]}},"_links":{"self":[{"href":"https:\/\/akasel.com\/de\/wp-json\/wp\/v3\/product\/10551"}],"collection":[{"href":"https:\/\/akasel.com\/de\/wp-json\/wp\/v3\/product"}],"about":[{"href":"https:\/\/akasel.com\/de\/wp-json\/wp\/v2\/types\/product"}],"wp:featuredmedia":[{"embeddable":true,"href":"https:\/\/akasel.com\/de\/wp-json\/wp\/v2\/media\/12124"}],"wp:attachment":[{"href":"https:\/\/akasel.com\/de\/wp-json\/wp\/v2\/media?parent=10551"}],"wp:term":[{"taxonomy":"product_cat","embeddable":true,"href":"https:\/\/akasel.com\/de\/wp-json\/wp\/v2\/product_cat?post=10551"},{"taxonomy":"product_tag","embeddable":true,"href":"https:\/\/akasel.com\/de\/wp-json\/wp\/v2\/product_tag?post=10551"}],"curies":[{"name":"wp","href":"https:\/\/api.w.org\/{rel}","templated":true}]}}