{"id":10553,"date":"2021-01-26T14:06:27","date_gmt":"2021-01-26T13:06:27","guid":{"rendered":"https:\/\/akasel.com\/de\/p\/aka-lube-green\/"},"modified":"2026-01-05T06:26:20","modified_gmt":"2026-01-05T05:26:20","slug":"aka-lube-green","status":"publish","type":"product","link":"https:\/\/akasel.com\/de\/shop\/metallographisches-polieren\/schmiermittel\/aka-lube-green\/","title":{"rendered":"Aka-Lube Green"},"content":{"rendered":"<p>Inhalt verf\u00fcgbar: 1 l, 5 l<\/p>\n<p><a href=\"https:\/\/akasel.com\/wp-content\/uploads\/2024\/04\/sds-aka-lube-yellow-green-red-de-v40.pdf\">SDS Aka-Lube Yellow, Aka-Lube Green &#038; Aka-Lube Red (DE)<\/a><\/p>\n<p>&nbsp;<\/p>\n","protected":false},"excerpt":{"rendered":"<p>Schmiermittel auf Wasserbasis f\u00fcr die metallographische Probenpr\u00e4paration.<\/p>\n<p>Sehr d\u00fcnner Schmierfilm. Aka-Lube Green liefert hervorragende Pr\u00e4parationsergebnisse, wenn hoher Materialabtrag in Kombination mit Oberfl\u00e4cheng\u00fcte wichtig ist.<\/p>\n<p>Aka-Lube Green ist etwas dicker als <a href=\"https:\/\/akasel.com\/de\/shop\/metallographic-polishing\/lubricants\/aka-lube-clear\/\">Aka-Lube Clear+<\/a>.<\/p>\n","protected":false},"featured_media":12123,"template":"","meta":[],"product_cat":[344,347],"product_tag":[],"class_list":["post-10553","product","type-product","status-publish","has-post-thumbnail","hentry","product_cat-metallographisches-polieren","product_cat-schmiermittel"],"yoast_head":"<!-- This site is optimized with the Yoast SEO plugin v21.7 - https:\/\/yoast.com\/wordpress\/plugins\/seo\/ -->\n<title>Aka-Lube Green | Schmiermittel f\u00fcr Polieren | AKASEL A\/S<\/title>\n<meta name=\"description\" content=\"Wasserbasiertes Schmiermittel f\u00fcr metallografisches Polieren. Sorgt f\u00fcr exzellente Oberfl\u00e4chenqualit\u00e4t, reibungslosen Betrieb und optimale Ergebnisse.\" \/>\n<meta name=\"robots\" content=\"index, follow, max-snippet:-1, max-image-preview:large, max-video-preview:-1\" \/>\n<link rel=\"canonical\" href=\"https:\/\/akasel.com\/de\/shop\/metallographisches-polieren\/schmiermittel\/aka-lube-green\/\" \/>\n<meta property=\"og:locale\" content=\"de_DE\" \/>\n<meta property=\"og:type\" content=\"article\" \/>\n<meta property=\"og:title\" content=\"Aka-Lube Green | Schmiermittel f\u00fcr Polieren | AKASEL A\/S\" \/>\n<meta property=\"og:description\" content=\"Wasserbasiertes Schmiermittel f\u00fcr metallografisches Polieren. Sorgt f\u00fcr exzellente Oberfl\u00e4chenqualit\u00e4t, reibungslosen Betrieb und optimale Ergebnisse.\" \/>\n<meta property=\"og:url\" content=\"https:\/\/akasel.com\/de\/shop\/metallographisches-polieren\/schmiermittel\/aka-lube-green\/\" \/>\n<meta property=\"og:site_name\" content=\"AKASEL A\/S\" \/>\n<meta property=\"article:modified_time\" content=\"2026-01-05T05:26:20+00:00\" \/>\n<meta property=\"og:image\" content=\"https:\/\/akasel.com\/de\/wp-content\/uploads\/sites\/2\/2021\/01\/49301015-956x1920.png\" \/>\n\t<meta property=\"og:image:width\" content=\"956\" \/>\n\t<meta property=\"og:image:height\" content=\"1920\" \/>\n\t<meta property=\"og:image:type\" content=\"image\/png\" \/>\n<meta name=\"twitter:card\" content=\"summary_large_image\" \/>\n<meta name=\"twitter:label1\" content=\"Gesch\u00e4tzte Lesezeit\" \/>\n\t<meta name=\"twitter:data1\" content=\"1 Minute\" \/>\n<!-- \/ Yoast SEO plugin. -->","yoast_head_json":{"title":"Aka-Lube Green | Schmiermittel f\u00fcr Polieren | AKASEL A\/S","description":"Wasserbasiertes Schmiermittel f\u00fcr metallografisches Polieren. Sorgt f\u00fcr exzellente Oberfl\u00e4chenqualit\u00e4t, reibungslosen Betrieb und optimale Ergebnisse.","robots":{"index":"index","follow":"follow","max-snippet":"max-snippet:-1","max-image-preview":"max-image-preview:large","max-video-preview":"max-video-preview:-1"},"canonical":"https:\/\/akasel.com\/de\/shop\/metallographisches-polieren\/schmiermittel\/aka-lube-green\/","og_locale":"de_DE","og_type":"article","og_title":"Aka-Lube Green | Schmiermittel f\u00fcr Polieren | AKASEL A\/S","og_description":"Wasserbasiertes Schmiermittel f\u00fcr metallografisches Polieren. Sorgt f\u00fcr exzellente Oberfl\u00e4chenqualit\u00e4t, reibungslosen Betrieb und optimale Ergebnisse.","og_url":"https:\/\/akasel.com\/de\/shop\/metallographisches-polieren\/schmiermittel\/aka-lube-green\/","og_site_name":"AKASEL A\/S","article_modified_time":"2026-01-05T05:26:20+00:00","og_image":[{"width":956,"height":1920,"url":"https:\/\/akasel.com\/de\/wp-content\/uploads\/sites\/2\/2021\/01\/49301015-956x1920.png","type":"image\/png"}],"twitter_card":"summary_large_image","twitter_misc":{"Gesch\u00e4tzte Lesezeit":"1 Minute"},"schema":{"@context":"https:\/\/schema.org","@graph":[{"@type":"WebPage","@id":"https:\/\/akasel.com\/de\/shop\/metallographisches-polieren\/schmiermittel\/aka-lube-green\/","url":"https:\/\/akasel.com\/de\/shop\/metallographisches-polieren\/schmiermittel\/aka-lube-green\/","name":"Aka-Lube Green | Schmiermittel f\u00fcr Polieren | AKASEL A\/S","isPartOf":{"@id":"https:\/\/akasel.com\/de\/#website"},"datePublished":"2021-01-26T13:06:27+00:00","dateModified":"2026-01-05T05:26:20+00:00","description":"Wasserbasiertes Schmiermittel f\u00fcr metallografisches Polieren. Sorgt f\u00fcr exzellente Oberfl\u00e4chenqualit\u00e4t, reibungslosen Betrieb und optimale Ergebnisse.","breadcrumb":{"@id":"https:\/\/akasel.com\/de\/shop\/metallographisches-polieren\/schmiermittel\/aka-lube-green\/#breadcrumb"},"inLanguage":"de-DE","potentialAction":[{"@type":"ReadAction","target":["https:\/\/akasel.com\/de\/shop\/metallographisches-polieren\/schmiermittel\/aka-lube-green\/"]}]},{"@type":"BreadcrumbList","@id":"https:\/\/akasel.com\/de\/shop\/metallographisches-polieren\/schmiermittel\/aka-lube-green\/#breadcrumb","itemListElement":[{"@type":"ListItem","position":1,"name":"Home","item":"https:\/\/akasel.com\/de\/"},{"@type":"ListItem","position":2,"name":"Shop","item":"https:\/\/akasel.com\/de\/shop\/"},{"@type":"ListItem","position":3,"name":"Aka-Lube Green"}]},{"@type":"WebSite","@id":"https:\/\/akasel.com\/de\/#website","url":"https:\/\/akasel.com\/de\/","name":"AKASEL A\/S","description":"","potentialAction":[{"@type":"SearchAction","target":{"@type":"EntryPoint","urlTemplate":"https:\/\/akasel.com\/de\/?s={search_term_string}"},"query-input":"required name=search_term_string"}],"inLanguage":"de-DE"}]}},"_links":{"self":[{"href":"https:\/\/akasel.com\/de\/wp-json\/wp\/v3\/product\/10553"}],"collection":[{"href":"https:\/\/akasel.com\/de\/wp-json\/wp\/v3\/product"}],"about":[{"href":"https:\/\/akasel.com\/de\/wp-json\/wp\/v2\/types\/product"}],"wp:featuredmedia":[{"embeddable":true,"href":"https:\/\/akasel.com\/de\/wp-json\/wp\/v2\/media\/12123"}],"wp:attachment":[{"href":"https:\/\/akasel.com\/de\/wp-json\/wp\/v2\/media?parent=10553"}],"wp:term":[{"taxonomy":"product_cat","embeddable":true,"href":"https:\/\/akasel.com\/de\/wp-json\/wp\/v2\/product_cat?post=10553"},{"taxonomy":"product_tag","embeddable":true,"href":"https:\/\/akasel.com\/de\/wp-json\/wp\/v2\/product_tag?post=10553"}],"curies":[{"name":"wp","href":"https:\/\/api.w.org\/{rel}","templated":true}]}}