{"id":10620,"date":"2021-01-26T14:06:18","date_gmt":"2021-01-26T13:06:18","guid":{"rendered":"https:\/\/akasel.com\/de\/p\/aka-paste-poly-2-5-%c2%b5m\/"},"modified":"2026-01-05T06:26:10","modified_gmt":"2026-01-05T05:26:10","slug":"aka-paste-poly-2-5-%c2%b5m","status":"publish","type":"product","link":"https:\/\/akasel.com\/de\/shop\/metallographisches-polieren\/diamantprodukte\/aka-paste-poly-2-5-%c2%b5m\/","title":{"rendered":"Aka-Paste Poly 2.5 \u00b5m"},"content":{"rendered":"","protected":false},"excerpt":{"rendered":"<p>Polykristalline Diamantpaste f\u00fcr die metallographische Probenpr\u00e4paration.<\/p>\n<p>Aka-Paste Poly wird f\u00fcr das manuelle Polieren und das Einarbeiten neuer <a href=\"https:\/\/akasel.com\/de\/category\/metallographisches-polieren\/poliertuecher\/\">Poliert\u00fccher<\/a> empfohlen.<\/p>\n<p>Diamantkonzentration von 500 ct\/l<br \/>\n100% polykristalline Diamanten<br \/>\nMedian (50%) 2,39 \u00b5m<br \/>\nToleranz 2,27 &#8211; 2,51 \u00b5m<br \/>\nObergrenze (99%) 3 \u00b5m<\/p>\n<p>Unter 40 \u00b0C halten.<\/p>\n","protected":false},"featured_media":12211,"template":"","meta":[],"product_cat":[321,320,344,326],"product_tag":[],"class_list":["post-10620","product","type-product","status-publish","has-post-thumbnail","hentry","product_cat-diamantpaste","product_cat-diamantprodukte","product_cat-metallographisches-polieren","product_cat-other-diamond-products-de"],"yoast_head":"<!-- This site is optimized with the Yoast SEO plugin v21.7 - https:\/\/yoast.com\/wordpress\/plugins\/seo\/ -->\n<title>Aka-Paste Poly 2.5\u00b5m | Diamantpaste f\u00fcr Metallographie | AKASEL<\/title>\n<meta name=\"description\" content=\"2.5 \u00b5m Diamantpaste f\u00fcr gleichm\u00e4\u00dfige Oberfl\u00e4chen. Perfekt f\u00fcr manuelles Polieren und neue Poliert\u00fccher. F\u00fcr pr\u00e4zises Polieren empfohlen.\" \/>\n<meta name=\"robots\" content=\"index, follow, max-snippet:-1, max-image-preview:large, max-video-preview:-1\" \/>\n<link rel=\"canonical\" href=\"https:\/\/akasel.com\/de\/shop\/metallographisches-polieren\/diamantprodukte\/aka-paste-poly-2-5-\u00b5m\/\" \/>\n<meta property=\"og:locale\" content=\"de_DE\" \/>\n<meta property=\"og:type\" content=\"article\" \/>\n<meta property=\"og:title\" content=\"Aka-Paste Poly 2.5\u00b5m | Diamantpaste f\u00fcr Metallographie | AKASEL\" \/>\n<meta property=\"og:description\" content=\"2.5 \u00b5m Diamantpaste f\u00fcr gleichm\u00e4\u00dfige Oberfl\u00e4chen. Perfekt f\u00fcr manuelles Polieren und neue Poliert\u00fccher. F\u00fcr pr\u00e4zises Polieren empfohlen.\" \/>\n<meta property=\"og:url\" content=\"https:\/\/akasel.com\/de\/shop\/metallographisches-polieren\/diamantprodukte\/aka-paste-poly-2-5-\u00b5m\/\" \/>\n<meta property=\"og:site_name\" content=\"AKASEL A\/S\" \/>\n<meta property=\"article:modified_time\" content=\"2026-01-05T05:26:10+00:00\" \/>\n<meta property=\"og:image\" content=\"https:\/\/akasel.com\/de\/wp-content\/uploads\/sites\/2\/2021\/01\/47024511.png\" \/>\n\t<meta property=\"og:image:width\" content=\"2560\" \/>\n\t<meta property=\"og:image:height\" content=\"1652\" \/>\n\t<meta property=\"og:image:type\" content=\"image\/png\" \/>\n<meta name=\"twitter:card\" content=\"summary_large_image\" \/>\n<meta name=\"twitter:label1\" content=\"Gesch\u00e4tzte Lesezeit\" \/>\n\t<meta name=\"twitter:data1\" content=\"1 Minute\" \/>\n<!-- \/ Yoast SEO plugin. -->","yoast_head_json":{"title":"Aka-Paste Poly 2.5\u00b5m | Diamantpaste f\u00fcr Metallographie | AKASEL","description":"2.5 \u00b5m Diamantpaste f\u00fcr gleichm\u00e4\u00dfige Oberfl\u00e4chen. Perfekt f\u00fcr manuelles Polieren und neue Poliert\u00fccher. F\u00fcr pr\u00e4zises Polieren empfohlen.","robots":{"index":"index","follow":"follow","max-snippet":"max-snippet:-1","max-image-preview":"max-image-preview:large","max-video-preview":"max-video-preview:-1"},"canonical":"https:\/\/akasel.com\/de\/shop\/metallographisches-polieren\/diamantprodukte\/aka-paste-poly-2-5-\u00b5m\/","og_locale":"de_DE","og_type":"article","og_title":"Aka-Paste Poly 2.5\u00b5m | Diamantpaste f\u00fcr Metallographie | AKASEL","og_description":"2.5 \u00b5m Diamantpaste f\u00fcr gleichm\u00e4\u00dfige Oberfl\u00e4chen. Perfekt f\u00fcr manuelles Polieren und neue Poliert\u00fccher. F\u00fcr pr\u00e4zises Polieren empfohlen.","og_url":"https:\/\/akasel.com\/de\/shop\/metallographisches-polieren\/diamantprodukte\/aka-paste-poly-2-5-\u00b5m\/","og_site_name":"AKASEL A\/S","article_modified_time":"2026-01-05T05:26:10+00:00","og_image":[{"width":2560,"height":1652,"url":"https:\/\/akasel.com\/de\/wp-content\/uploads\/sites\/2\/2021\/01\/47024511.png","type":"image\/png"}],"twitter_card":"summary_large_image","twitter_misc":{"Gesch\u00e4tzte Lesezeit":"1 Minute"},"schema":{"@context":"https:\/\/schema.org","@graph":[{"@type":"WebPage","@id":"https:\/\/akasel.com\/de\/shop\/metallographisches-polieren\/diamantprodukte\/aka-paste-poly-2-5-%c2%b5m\/","url":"https:\/\/akasel.com\/de\/shop\/metallographisches-polieren\/diamantprodukte\/aka-paste-poly-2-5-%c2%b5m\/","name":"Aka-Paste Poly 2.5\u00b5m | Diamantpaste f\u00fcr Metallographie | AKASEL","isPartOf":{"@id":"https:\/\/akasel.com\/de\/#website"},"datePublished":"2021-01-26T13:06:18+00:00","dateModified":"2026-01-05T05:26:10+00:00","description":"2.5 \u00b5m Diamantpaste f\u00fcr gleichm\u00e4\u00dfige Oberfl\u00e4chen. Perfekt f\u00fcr manuelles Polieren und neue Poliert\u00fccher. F\u00fcr pr\u00e4zises Polieren empfohlen.","breadcrumb":{"@id":"https:\/\/akasel.com\/de\/shop\/metallographisches-polieren\/diamantprodukte\/aka-paste-poly-2-5-%c2%b5m\/#breadcrumb"},"inLanguage":"de-DE","potentialAction":[{"@type":"ReadAction","target":["https:\/\/akasel.com\/de\/shop\/metallographisches-polieren\/diamantprodukte\/aka-paste-poly-2-5-%c2%b5m\/"]}]},{"@type":"BreadcrumbList","@id":"https:\/\/akasel.com\/de\/shop\/metallographisches-polieren\/diamantprodukte\/aka-paste-poly-2-5-%c2%b5m\/#breadcrumb","itemListElement":[{"@type":"ListItem","position":1,"name":"Home","item":"https:\/\/akasel.com\/de\/"},{"@type":"ListItem","position":2,"name":"Shop","item":"https:\/\/akasel.com\/de\/shop\/"},{"@type":"ListItem","position":3,"name":"Aka-Paste Poly 2.5 \u00b5m"}]},{"@type":"WebSite","@id":"https:\/\/akasel.com\/de\/#website","url":"https:\/\/akasel.com\/de\/","name":"AKASEL A\/S","description":"","potentialAction":[{"@type":"SearchAction","target":{"@type":"EntryPoint","urlTemplate":"https:\/\/akasel.com\/de\/?s={search_term_string}"},"query-input":"required name=search_term_string"}],"inLanguage":"de-DE"}]}},"_links":{"self":[{"href":"https:\/\/akasel.com\/de\/wp-json\/wp\/v3\/product\/10620"}],"collection":[{"href":"https:\/\/akasel.com\/de\/wp-json\/wp\/v3\/product"}],"about":[{"href":"https:\/\/akasel.com\/de\/wp-json\/wp\/v2\/types\/product"}],"wp:featuredmedia":[{"embeddable":true,"href":"https:\/\/akasel.com\/de\/wp-json\/wp\/v2\/media\/12211"}],"wp:attachment":[{"href":"https:\/\/akasel.com\/de\/wp-json\/wp\/v2\/media?parent=10620"}],"wp:term":[{"taxonomy":"product_cat","embeddable":true,"href":"https:\/\/akasel.com\/de\/wp-json\/wp\/v2\/product_cat?post=10620"},{"taxonomy":"product_tag","embeddable":true,"href":"https:\/\/akasel.com\/de\/wp-json\/wp\/v2\/product_tag?post=10620"}],"curies":[{"name":"wp","href":"https:\/\/api.w.org\/{rel}","templated":true}]}}