{"id":10628,"date":"2021-01-26T14:05:38","date_gmt":"2021-01-26T13:05:38","guid":{"rendered":"https:\/\/akasel.com\/de\/p\/aka-piatto-120\/"},"modified":"2026-01-05T06:23:27","modified_gmt":"2026-01-05T05:23:27","slug":"aka-piatto-120","status":"publish","type":"product","link":"https:\/\/akasel.com\/de\/shop\/schleifen\/diamantschleifscheiben\/aka-piatto-120\/","title":{"rendered":"Aka-Piatto 120"},"content":{"rendered":"<p>Verf\u00fcgbare Gr\u00f6\u00dfe: 200 mm, 250 mm, 300 mm, 350 mm<\/p>\n<p>Verf\u00fcgbare Menge: 1 Stk.<\/p>\n<p><a href=\"https:\/\/akasel.com\/wp-content\/uploads\/2023\/03\/98012867-67310004-manual-piattopiatto-ukde-a5.pdf\">Aka-Piatto and Piatto+ Bedienungsanleitungen<\/a><\/p>\n<p><a href=\"https:\/\/akasel.com\/de\/wp-content\/uploads\/sites\/2\/2024\/06\/aka-piatto-produktbroschuere.pdf\">Aka-Piatto Schleifscheiben Produktbrosch\u00fcren<\/a><\/p>\n<p><a href=\"https:\/\/akasel.com\/de\/wp-content\/uploads\/sites\/2\/2024\/05\/6500de.pdf\">PDS Aka-Piatto, Aka-Piatto+<\/a><\/p>\n<div style=\"position: relative; padding-bottom: 56.25%; height: 0; overflow: hidden; max-width: 100%; height: auto;\">\n    <video style=\"position: absolute; top: 0; left: 0; width: 100%; height: 100%;\"  \ncontrols \n           preload=\"metadata\" \n           poster=\"https:\/\/akasel.com\/wp-content\/uploads\/2024\/09\/how-to-use-aka-piatto-piatto.png\"><source src=\"https:\/\/akasel.com\/wp-content\/uploads\/2020\/11\/how-to-use-aka-piatto-piatto.mp4\" type=\"video\/mp4\">Your browser does not support video playback.<\/video>\n<\/div>\n","protected":false},"excerpt":{"rendered":"<p>Hervorragend geeignet zum Planschleifen von Proben mit einer H\u00e4rte von 150 HV &#8211; 1000 HV.<\/p>\n<p>Aka-Piatto 120\/125 \u00b5m ist die optimale Wahl f\u00fcr das Planschleifen von Proben in Probenhaltern, bei denen Sie einen hohen Materialabtrag ben\u00f6tigen.<\/p>\n<p>Wenn Sie spr\u00f6de Proben wie Keramiken, Cermets und gesinterte Hartmetalle pr\u00e4parieren, empfiehlt sich Aka-Piatto+ zum Planschleifen.<\/p>\n<p>Aka-Piatto und Aka-Piatto+ Diamantschleifscheiben sind von Werk aus abgerichtet und sofort einsatzbereit. Abh\u00e4nging vom zu schleifenden Material m\u00fcssen sie mit der Zeit erneut mit einem Abrichtstein abgezogen werden. Damit wird ein kontinuierlich hoher Materialabtrag sichergestellt.<\/p>\n","protected":false},"featured_media":12075,"template":"","meta":[],"product_cat":[301,302,334],"product_tag":[],"class_list":["post-10628","product","type-product","status-publish","has-post-thumbnail","hentry","product_cat-diamantschleifscheiben","product_cat-planschleifen","product_cat-schleifen"],"yoast_head":"<!-- This site is optimized with the Yoast SEO plugin v21.7 - https:\/\/yoast.com\/wordpress\/plugins\/seo\/ -->\n<title>Aka-Piatto 120 | Diamant-Schleifscheiben | Akasel A\/S<\/title>\n<meta name=\"description\" content=\"Diamant-Schleifscheibe f\u00fcr die metallografische Pr\u00e4paration \u2013 bietet hohe Abtragsleistung, lange Standzeit und ausgezeichnete Planheit.\" \/>\n<meta name=\"robots\" content=\"index, follow, max-snippet:-1, max-image-preview:large, max-video-preview:-1\" \/>\n<link rel=\"canonical\" href=\"https:\/\/akasel.com\/de\/shop\/schleifen\/diamantschleifscheiben\/aka-piatto-120\/\" \/>\n<meta property=\"og:locale\" content=\"de_DE\" \/>\n<meta property=\"og:type\" content=\"article\" \/>\n<meta property=\"og:title\" content=\"Aka-Piatto 120 | Diamant-Schleifscheiben | Akasel A\/S\" \/>\n<meta property=\"og:description\" content=\"Diamant-Schleifscheibe f\u00fcr die metallografische Pr\u00e4paration \u2013 bietet hohe Abtragsleistung, lange Standzeit und ausgezeichnete Planheit.\" \/>\n<meta property=\"og:url\" content=\"https:\/\/akasel.com\/de\/shop\/schleifen\/diamantschleifscheiben\/aka-piatto-120\/\" \/>\n<meta property=\"og:site_name\" content=\"AKASEL A\/S\" \/>\n<meta property=\"article:modified_time\" content=\"2026-01-05T05:23:27+00:00\" \/>\n<meta property=\"og:image\" content=\"https:\/\/akasel.com\/de\/wp-content\/uploads\/sites\/2\/2021\/01\/aka-piatto-120-768x765.png\" \/>\n\t<meta property=\"og:image:width\" content=\"768\" \/>\n\t<meta property=\"og:image:height\" content=\"765\" \/>\n\t<meta property=\"og:image:type\" content=\"image\/png\" \/>\n<meta name=\"twitter:card\" content=\"summary_large_image\" \/>\n<meta name=\"twitter:label1\" content=\"Gesch\u00e4tzte Lesezeit\" \/>\n\t<meta name=\"twitter:data1\" content=\"1 Minute\" \/>\n<!-- \/ Yoast SEO plugin. -->","yoast_head_json":{"title":"Aka-Piatto 120 | Diamant-Schleifscheiben | Akasel A\/S","description":"Diamant-Schleifscheibe f\u00fcr die metallografische Pr\u00e4paration \u2013 bietet hohe Abtragsleistung, lange Standzeit und ausgezeichnete Planheit.","robots":{"index":"index","follow":"follow","max-snippet":"max-snippet:-1","max-image-preview":"max-image-preview:large","max-video-preview":"max-video-preview:-1"},"canonical":"https:\/\/akasel.com\/de\/shop\/schleifen\/diamantschleifscheiben\/aka-piatto-120\/","og_locale":"de_DE","og_type":"article","og_title":"Aka-Piatto 120 | Diamant-Schleifscheiben | Akasel A\/S","og_description":"Diamant-Schleifscheibe f\u00fcr die metallografische Pr\u00e4paration \u2013 bietet hohe Abtragsleistung, lange Standzeit und ausgezeichnete Planheit.","og_url":"https:\/\/akasel.com\/de\/shop\/schleifen\/diamantschleifscheiben\/aka-piatto-120\/","og_site_name":"AKASEL A\/S","article_modified_time":"2026-01-05T05:23:27+00:00","og_image":[{"width":768,"height":765,"url":"https:\/\/akasel.com\/de\/wp-content\/uploads\/sites\/2\/2021\/01\/aka-piatto-120-768x765.png","type":"image\/png"}],"twitter_card":"summary_large_image","twitter_misc":{"Gesch\u00e4tzte Lesezeit":"1 Minute"},"schema":{"@context":"https:\/\/schema.org","@graph":[{"@type":"WebPage","@id":"https:\/\/akasel.com\/de\/shop\/schleifen\/diamantschleifscheiben\/aka-piatto-120\/","url":"https:\/\/akasel.com\/de\/shop\/schleifen\/diamantschleifscheiben\/aka-piatto-120\/","name":"Aka-Piatto 120 | Diamant-Schleifscheiben | Akasel A\/S","isPartOf":{"@id":"https:\/\/akasel.com\/de\/#website"},"datePublished":"2021-01-26T13:05:38+00:00","dateModified":"2026-01-05T05:23:27+00:00","description":"Diamant-Schleifscheibe f\u00fcr die metallografische Pr\u00e4paration \u2013 bietet hohe Abtragsleistung, lange Standzeit und ausgezeichnete Planheit.","breadcrumb":{"@id":"https:\/\/akasel.com\/de\/shop\/schleifen\/diamantschleifscheiben\/aka-piatto-120\/#breadcrumb"},"inLanguage":"de-DE","potentialAction":[{"@type":"ReadAction","target":["https:\/\/akasel.com\/de\/shop\/schleifen\/diamantschleifscheiben\/aka-piatto-120\/"]}]},{"@type":"BreadcrumbList","@id":"https:\/\/akasel.com\/de\/shop\/schleifen\/diamantschleifscheiben\/aka-piatto-120\/#breadcrumb","itemListElement":[{"@type":"ListItem","position":1,"name":"Home","item":"https:\/\/akasel.com\/de\/"},{"@type":"ListItem","position":2,"name":"Shop","item":"https:\/\/akasel.com\/de\/shop\/"},{"@type":"ListItem","position":3,"name":"Aka-Piatto 120"}]},{"@type":"WebSite","@id":"https:\/\/akasel.com\/de\/#website","url":"https:\/\/akasel.com\/de\/","name":"AKASEL A\/S","description":"","potentialAction":[{"@type":"SearchAction","target":{"@type":"EntryPoint","urlTemplate":"https:\/\/akasel.com\/de\/?s={search_term_string}"},"query-input":"required name=search_term_string"}],"inLanguage":"de-DE"}]}},"_links":{"self":[{"href":"https:\/\/akasel.com\/de\/wp-json\/wp\/v3\/product\/10628"}],"collection":[{"href":"https:\/\/akasel.com\/de\/wp-json\/wp\/v3\/product"}],"about":[{"href":"https:\/\/akasel.com\/de\/wp-json\/wp\/v2\/types\/product"}],"wp:featuredmedia":[{"embeddable":true,"href":"https:\/\/akasel.com\/de\/wp-json\/wp\/v2\/media\/12075"}],"wp:attachment":[{"href":"https:\/\/akasel.com\/de\/wp-json\/wp\/v2\/media?parent=10628"}],"wp:term":[{"taxonomy":"product_cat","embeddable":true,"href":"https:\/\/akasel.com\/de\/wp-json\/wp\/v2\/product_cat?post=10628"},{"taxonomy":"product_tag","embeddable":true,"href":"https:\/\/akasel.com\/de\/wp-json\/wp\/v2\/product_tag?post=10628"}],"curies":[{"name":"wp","href":"https:\/\/api.w.org\/{rel}","templated":true}]}}