{"id":10674,"date":"2021-01-26T14:06:13","date_gmt":"2021-01-26T13:06:13","guid":{"rendered":"https:\/\/akasel.com\/de\/p\/aka-poly-wf-0-25-%c2%b5m\/"},"modified":"2026-01-05T06:25:58","modified_gmt":"2026-01-05T05:25:58","slug":"aka-poly-wf-0-25-%c2%b5m","status":"publish","type":"product","link":"https:\/\/akasel.com\/de\/shop\/metallographisches-polieren\/diamantprodukte\/aka-poly-wf-0-25-%c2%b5m\/","title":{"rendered":"Aka-Poly WF 0.25 \u00b5m"},"content":{"rendered":"<p>Inhalt verf\u00fcgbar: 500 ml, 1 l<\/p>\n<p><a href=\"https:\/\/akasel.com\/de\/wp-content\/uploads\/sites\/2\/2024\/07\/sds-aka-poly-water-free-de-v20.pdf\">SDS Aka-Poly &#038; Aka-Mono WF (DE)<\/a><\/p>\n<p><a href=\"https:\/\/akasel.com\/wp-content\/uploads\/2024\/06\/diamantsuspensionen-produktbroschure.pdf\">Diamant-suspensionen Produktbrosch\u00fcren (DE)<\/a><\/p>\n<p>&nbsp;<\/p>\n","protected":false},"excerpt":{"rendered":"<p>Wasserfreie polykristalline Diamantsuspension f\u00fcr die metallographische Pr\u00e4paration aller wasserempfindlichen Materialien. Diese vollst\u00e4ndig glykolbasierte Formulierung ist frei von \u00d6len, Gefahrstoffen und entz\u00fcndlichen Komponenten und enth\u00e4lt weniger als 0,1 % Wasser. Ideal geeignet f\u00fcr wasserempfindliche Proben und einfach zu reinigen.<\/p>\n<p>Aka-Poly WF bietet eine sehr schnelle Probenpr\u00e4paration und die M\u00f6glichkeit der pr\u00e4zisen Einstellung des Verh\u00e4ltnisses von Diamantsuspension und Schmiermittel.<\/p>\n<p>F\u00fcr beste Pr\u00e4parationsergebnisse wird die Verwendung mit unserem wasserfreien Schmiermittel, <a href=\"https:\/\/akasel.com\/de\/shop\/metallographic-polishing\/lubricants\/aka-lube-clear-wf\/\">Aka-Lube Clear<\/a>, empfohlen.<\/p>\n<p>Diamantkonzentration von 20 ct\/l<br \/>\n100% polykristalline Diamanten<br \/>\nMedian (50%) 0,21 \u00b5m<br \/>\nToleranz 0,18 &#8211; 0,24 \u00b5m<br \/>\nObergrenze (99%) 0,53 \u00b5m<\/p>\n<p>Vor Gebrauch sch\u00fctteln, dieses Produkt ist nicht stabil.<\/p>\n","protected":false},"featured_media":12195,"template":"","meta":[],"product_cat":[342,320,340,344],"product_tag":[],"class_list":["post-10674","product","type-product","status-publish","has-post-thumbnail","hentry","product_cat-aka-poly-wf-de","product_cat-diamantprodukte","product_cat-diamantsuspensionen","product_cat-metallographisches-polieren"],"yoast_head":"<!-- This site is optimized with the Yoast SEO plugin v21.7 - https:\/\/yoast.com\/wordpress\/plugins\/seo\/ -->\n<title>Aka-Poly WF 0.25 \u00b5m | Wasserfreie Diamantsuspension | AKASEL<\/title>\n<meta name=\"description\" content=\"Erreichen Sie ultrafeine Polieren mit unserer 0.25 \u00b5m wasserfreien Diamantsuspension, ideal f\u00fcr hochpr\u00e4zise Oberfl\u00e4chen ohne Wasserinterferenz.\" \/>\n<meta name=\"robots\" content=\"index, follow, max-snippet:-1, max-image-preview:large, max-video-preview:-1\" \/>\n<link rel=\"canonical\" href=\"https:\/\/akasel.com\/de\/shop\/metallographisches-polieren\/diamantprodukte\/aka-poly-wf-0-25-\u00b5m\/\" \/>\n<meta property=\"og:locale\" content=\"de_DE\" \/>\n<meta property=\"og:type\" content=\"article\" \/>\n<meta property=\"og:title\" content=\"Aka-Poly WF 0.25 \u00b5m | Wasserfreie Diamantsuspension | AKASEL\" \/>\n<meta property=\"og:description\" content=\"Erreichen Sie ultrafeine Polieren mit unserer 0.25 \u00b5m wasserfreien Diamantsuspension, ideal f\u00fcr hochpr\u00e4zise Oberfl\u00e4chen ohne Wasserinterferenz.\" \/>\n<meta property=\"og:url\" content=\"https:\/\/akasel.com\/de\/shop\/metallographisches-polieren\/diamantprodukte\/aka-poly-wf-0-25-\u00b5m\/\" \/>\n<meta property=\"og:site_name\" content=\"AKASEL A\/S\" \/>\n<meta property=\"article:modified_time\" content=\"2026-01-05T05:25:58+00:00\" \/>\n<meta property=\"og:image\" content=\"https:\/\/akasel.com\/de\/wp-content\/uploads\/sites\/2\/2021\/01\/44162513-1126x1920.png\" \/>\n\t<meta property=\"og:image:width\" content=\"1126\" \/>\n\t<meta property=\"og:image:height\" content=\"1920\" \/>\n\t<meta property=\"og:image:type\" content=\"image\/png\" \/>\n<meta name=\"twitter:card\" content=\"summary_large_image\" \/>\n<meta name=\"twitter:label1\" content=\"Gesch\u00e4tzte Lesezeit\" \/>\n\t<meta name=\"twitter:data1\" content=\"1 Minute\" \/>\n<!-- \/ Yoast SEO plugin. -->","yoast_head_json":{"title":"Aka-Poly WF 0.25 \u00b5m | Wasserfreie Diamantsuspension | AKASEL","description":"Erreichen Sie ultrafeine Polieren mit unserer 0.25 \u00b5m wasserfreien Diamantsuspension, ideal f\u00fcr hochpr\u00e4zise Oberfl\u00e4chen ohne Wasserinterferenz.","robots":{"index":"index","follow":"follow","max-snippet":"max-snippet:-1","max-image-preview":"max-image-preview:large","max-video-preview":"max-video-preview:-1"},"canonical":"https:\/\/akasel.com\/de\/shop\/metallographisches-polieren\/diamantprodukte\/aka-poly-wf-0-25-\u00b5m\/","og_locale":"de_DE","og_type":"article","og_title":"Aka-Poly WF 0.25 \u00b5m | Wasserfreie Diamantsuspension | AKASEL","og_description":"Erreichen Sie ultrafeine Polieren mit unserer 0.25 \u00b5m wasserfreien Diamantsuspension, ideal f\u00fcr hochpr\u00e4zise Oberfl\u00e4chen ohne Wasserinterferenz.","og_url":"https:\/\/akasel.com\/de\/shop\/metallographisches-polieren\/diamantprodukte\/aka-poly-wf-0-25-\u00b5m\/","og_site_name":"AKASEL A\/S","article_modified_time":"2026-01-05T05:25:58+00:00","og_image":[{"width":1126,"height":1920,"url":"https:\/\/akasel.com\/de\/wp-content\/uploads\/sites\/2\/2021\/01\/44162513-1126x1920.png","type":"image\/png"}],"twitter_card":"summary_large_image","twitter_misc":{"Gesch\u00e4tzte Lesezeit":"1 Minute"},"schema":{"@context":"https:\/\/schema.org","@graph":[{"@type":"WebPage","@id":"https:\/\/akasel.com\/de\/shop\/metallographisches-polieren\/diamantprodukte\/aka-poly-wf-0-25-%c2%b5m\/","url":"https:\/\/akasel.com\/de\/shop\/metallographisches-polieren\/diamantprodukte\/aka-poly-wf-0-25-%c2%b5m\/","name":"Aka-Poly WF 0.25 \u00b5m | Wasserfreie Diamantsuspension | AKASEL","isPartOf":{"@id":"https:\/\/akasel.com\/de\/#website"},"datePublished":"2021-01-26T13:06:13+00:00","dateModified":"2026-01-05T05:25:58+00:00","description":"Erreichen Sie ultrafeine Polieren mit unserer 0.25 \u00b5m wasserfreien Diamantsuspension, ideal f\u00fcr hochpr\u00e4zise Oberfl\u00e4chen ohne Wasserinterferenz.","breadcrumb":{"@id":"https:\/\/akasel.com\/de\/shop\/metallographisches-polieren\/diamantprodukte\/aka-poly-wf-0-25-%c2%b5m\/#breadcrumb"},"inLanguage":"de-DE","potentialAction":[{"@type":"ReadAction","target":["https:\/\/akasel.com\/de\/shop\/metallographisches-polieren\/diamantprodukte\/aka-poly-wf-0-25-%c2%b5m\/"]}]},{"@type":"BreadcrumbList","@id":"https:\/\/akasel.com\/de\/shop\/metallographisches-polieren\/diamantprodukte\/aka-poly-wf-0-25-%c2%b5m\/#breadcrumb","itemListElement":[{"@type":"ListItem","position":1,"name":"Home","item":"https:\/\/akasel.com\/de\/"},{"@type":"ListItem","position":2,"name":"Shop","item":"https:\/\/akasel.com\/de\/shop\/"},{"@type":"ListItem","position":3,"name":"Aka-Poly WF 0.25 \u00b5m"}]},{"@type":"WebSite","@id":"https:\/\/akasel.com\/de\/#website","url":"https:\/\/akasel.com\/de\/","name":"AKASEL A\/S","description":"","potentialAction":[{"@type":"SearchAction","target":{"@type":"EntryPoint","urlTemplate":"https:\/\/akasel.com\/de\/?s={search_term_string}"},"query-input":"required name=search_term_string"}],"inLanguage":"de-DE"}]}},"_links":{"self":[{"href":"https:\/\/akasel.com\/de\/wp-json\/wp\/v3\/product\/10674"}],"collection":[{"href":"https:\/\/akasel.com\/de\/wp-json\/wp\/v3\/product"}],"about":[{"href":"https:\/\/akasel.com\/de\/wp-json\/wp\/v2\/types\/product"}],"wp:featuredmedia":[{"embeddable":true,"href":"https:\/\/akasel.com\/de\/wp-json\/wp\/v2\/media\/12195"}],"wp:attachment":[{"href":"https:\/\/akasel.com\/de\/wp-json\/wp\/v2\/media?parent=10674"}],"wp:term":[{"taxonomy":"product_cat","embeddable":true,"href":"https:\/\/akasel.com\/de\/wp-json\/wp\/v2\/product_cat?post=10674"},{"taxonomy":"product_tag","embeddable":true,"href":"https:\/\/akasel.com\/de\/wp-json\/wp\/v2\/product_tag?post=10674"}],"curies":[{"name":"wp","href":"https:\/\/api.w.org\/{rel}","templated":true}]}}