{"id":10700,"date":"2021-01-26T14:05:34","date_gmt":"2021-01-26T13:05:34","guid":{"rendered":"https:\/\/akasel.com\/de\/p\/aka-resin-acrylic\/"},"modified":"2026-01-09T15:00:31","modified_gmt":"2026-01-09T14:00:31","slug":"aka-resin-acrylic","status":"publish","type":"product","link":"https:\/\/akasel.com\/de\/shop\/einbetten\/aka-resin-acrylic\/","title":{"rendered":"Aka-Resin Acrylic"},"content":{"rendered":"<p>Inhalt verf\u00fcgbar: 1 kg, 7,5 kg, 30 kg (4 x 7,5 kg)<\/p>\n<p><a href=\"https:\/\/akasel.com\/wp-content\/uploads\/2024\/04\/sds-aka-resin-acrylic-de-v30.pdf\">SDS Aka-Resin Acrylic (DE)<\/a><\/p>\n<p>&nbsp;<\/p>\n","protected":false},"excerpt":{"rendered":"<p><span style=\"font-weight: 400\">Acrylharz f\u00fcr das Warmeinbetten. Thermoplastische Acrylmasse f\u00fcr klare Einbettungen mit geringer Schrumpfung. Klare Einbettungen sind optimal z.B. bei der Fehleranalyse.<\/span><\/p>\n<p><b>Die Aush\u00e4rtungsspezifikationen<br \/>\n<\/b><span style=\"font-weight: 400\">Durchmesser, Kraft, Erhitzungs-\/Abk\u00fchlungszeit: <\/span><span style=\"font-weight: 400\"><br \/>\n<\/span><span style=\"font-weight: 400\">25 mm: 15 kN, 4-6 min\/6-7 min<br \/>\n<\/span><span style=\"font-weight: 400\">30 mm: 25 kN, 4-6 min\/6-8 min<br \/>\n<\/span><span style=\"font-weight: 400\">40 mm: 45 kN, 4-8 min\/7-9 min<br \/>\n<\/span><span style=\"font-weight: 400\">50 mm: 50-70 kN, 5-10 min\/8-13 min\u00a0<\/span><\/p>\n<p><span style=\"font-weight: 400\">Aush\u00e4rten bei 160 &#8211; 180 \u00b0C, 350 bar, geringe Abk\u00fchlgeschwindigkeit\u00a0<\/span><\/p>\n<p><span style=\"font-weight: 400\">Falls nicht vollst\u00e4ndig ausgeh\u00e4rtet, Dauer erh\u00f6hen.<\/span><\/p>\n<p><span style=\"font-weight: 400\">Die oben genannten Parameter k\u00f6nnen je nach Bauart der verwendeten Warmeinbettpresse stark variieren.<\/span><\/p>\n<p><span style=\"font-weight: 400\">Wenn Sie einen wei\u00dfen \u201eWattebausch\u201c in der Einbettung feststellen, hat das Harz Feuchtigkeit aufgenommen. Trocknen Sie das Harz in einem Ofen bei 60 \u2103 f\u00fcr 2 Stunden, um das Problem zu l\u00f6sen.<\/span><\/p>\n","protected":false},"featured_media":12064,"template":"","meta":[],"product_cat":[317,318],"product_tag":[],"class_list":["post-10700","product","type-product","status-publish","has-post-thumbnail","hentry","product_cat-einbetten","product_cat-warmeinbetten","alt-image-hover-enabled"],"yoast_head":"<!-- This site is optimized with the Yoast SEO plugin v21.7 - https:\/\/yoast.com\/wordpress\/plugins\/seo\/ -->\n<title>Aka-Resin Acrylic | Acrylharz f\u00fcr das Warmeinbetten | Akasel A\/S<\/title>\n<meta name=\"description\" content=\"Thermoplastische Masse f\u00fcr klare Einbettungen mit geringer Schrumpfung. Perfekt f\u00fcr Fehleranalysen und Anwendungen mit klaren Einbettungen.\" \/>\n<meta name=\"robots\" content=\"index, follow, max-snippet:-1, max-image-preview:large, max-video-preview:-1\" \/>\n<link rel=\"canonical\" href=\"https:\/\/akasel.com\/de\/shop\/einbetten\/aka-resin-acrylic\/\" \/>\n<meta property=\"og:locale\" content=\"de_DE\" \/>\n<meta property=\"og:type\" content=\"article\" \/>\n<meta property=\"og:title\" content=\"Aka-Resin Acrylic | Acrylharz f\u00fcr das Warmeinbetten | Akasel A\/S\" \/>\n<meta property=\"og:description\" content=\"Thermoplastische Masse f\u00fcr klare Einbettungen mit geringer Schrumpfung. Perfekt f\u00fcr Fehleranalysen und Anwendungen mit klaren Einbettungen.\" \/>\n<meta property=\"og:url\" content=\"https:\/\/akasel.com\/de\/shop\/einbetten\/aka-resin-acrylic\/\" \/>\n<meta property=\"og:site_name\" content=\"AKASEL A\/S\" \/>\n<meta property=\"article:modified_time\" content=\"2026-01-09T14:00:31+00:00\" \/>\n<meta property=\"og:image\" content=\"https:\/\/akasel.com\/de\/wp-content\/uploads\/sites\/2\/2021\/01\/21201001.png\" \/>\n\t<meta property=\"og:image:width\" content=\"1894\" \/>\n\t<meta property=\"og:image:height\" content=\"2560\" \/>\n\t<meta property=\"og:image:type\" content=\"image\/png\" \/>\n<meta name=\"twitter:card\" content=\"summary_large_image\" \/>\n<meta name=\"twitter:label1\" content=\"Gesch\u00e4tzte Lesezeit\" \/>\n\t<meta name=\"twitter:data1\" content=\"1 Minute\" \/>\n<!-- \/ Yoast SEO plugin. -->","yoast_head_json":{"title":"Aka-Resin Acrylic | Acrylharz f\u00fcr das Warmeinbetten | Akasel A\/S","description":"Thermoplastische Masse f\u00fcr klare Einbettungen mit geringer Schrumpfung. Perfekt f\u00fcr Fehleranalysen und Anwendungen mit klaren Einbettungen.","robots":{"index":"index","follow":"follow","max-snippet":"max-snippet:-1","max-image-preview":"max-image-preview:large","max-video-preview":"max-video-preview:-1"},"canonical":"https:\/\/akasel.com\/de\/shop\/einbetten\/aka-resin-acrylic\/","og_locale":"de_DE","og_type":"article","og_title":"Aka-Resin Acrylic | Acrylharz f\u00fcr das Warmeinbetten | Akasel A\/S","og_description":"Thermoplastische Masse f\u00fcr klare Einbettungen mit geringer Schrumpfung. Perfekt f\u00fcr Fehleranalysen und Anwendungen mit klaren Einbettungen.","og_url":"https:\/\/akasel.com\/de\/shop\/einbetten\/aka-resin-acrylic\/","og_site_name":"AKASEL A\/S","article_modified_time":"2026-01-09T14:00:31+00:00","og_image":[{"width":1894,"height":2560,"url":"https:\/\/akasel.com\/de\/wp-content\/uploads\/sites\/2\/2021\/01\/21201001.png","type":"image\/png"}],"twitter_card":"summary_large_image","twitter_misc":{"Gesch\u00e4tzte Lesezeit":"1 Minute"},"schema":{"@context":"https:\/\/schema.org","@graph":[{"@type":"WebPage","@id":"https:\/\/akasel.com\/de\/shop\/einbetten\/aka-resin-acrylic\/","url":"https:\/\/akasel.com\/de\/shop\/einbetten\/aka-resin-acrylic\/","name":"Aka-Resin Acrylic | Acrylharz f\u00fcr das Warmeinbetten | Akasel A\/S","isPartOf":{"@id":"https:\/\/akasel.com\/de\/#website"},"datePublished":"2021-01-26T13:05:34+00:00","dateModified":"2026-01-09T14:00:31+00:00","description":"Thermoplastische Masse f\u00fcr klare Einbettungen mit geringer Schrumpfung. Perfekt f\u00fcr Fehleranalysen und Anwendungen mit klaren Einbettungen.","breadcrumb":{"@id":"https:\/\/akasel.com\/de\/shop\/einbetten\/aka-resin-acrylic\/#breadcrumb"},"inLanguage":"de-DE","potentialAction":[{"@type":"ReadAction","target":["https:\/\/akasel.com\/de\/shop\/einbetten\/aka-resin-acrylic\/"]}]},{"@type":"BreadcrumbList","@id":"https:\/\/akasel.com\/de\/shop\/einbetten\/aka-resin-acrylic\/#breadcrumb","itemListElement":[{"@type":"ListItem","position":1,"name":"Home","item":"https:\/\/akasel.com\/de\/"},{"@type":"ListItem","position":2,"name":"Shop","item":"https:\/\/akasel.com\/de\/shop\/"},{"@type":"ListItem","position":3,"name":"Aka-Resin Acrylic"}]},{"@type":"WebSite","@id":"https:\/\/akasel.com\/de\/#website","url":"https:\/\/akasel.com\/de\/","name":"AKASEL A\/S","description":"","potentialAction":[{"@type":"SearchAction","target":{"@type":"EntryPoint","urlTemplate":"https:\/\/akasel.com\/de\/?s={search_term_string}"},"query-input":"required name=search_term_string"}],"inLanguage":"de-DE"}]}},"_links":{"self":[{"href":"https:\/\/akasel.com\/de\/wp-json\/wp\/v3\/product\/10700"}],"collection":[{"href":"https:\/\/akasel.com\/de\/wp-json\/wp\/v3\/product"}],"about":[{"href":"https:\/\/akasel.com\/de\/wp-json\/wp\/v2\/types\/product"}],"wp:featuredmedia":[{"embeddable":true,"href":"https:\/\/akasel.com\/de\/wp-json\/wp\/v2\/media\/12064"}],"wp:attachment":[{"href":"https:\/\/akasel.com\/de\/wp-json\/wp\/v2\/media?parent=10700"}],"wp:term":[{"taxonomy":"product_cat","embeddable":true,"href":"https:\/\/akasel.com\/de\/wp-json\/wp\/v2\/product_cat?post=10700"},{"taxonomy":"product_tag","embeddable":true,"href":"https:\/\/akasel.com\/de\/wp-json\/wp\/v2\/product_tag?post=10700"}],"curies":[{"name":"wp","href":"https:\/\/api.w.org\/{rel}","templated":true}]}}