{"id":10709,"date":"2021-01-26T14:05:35","date_gmt":"2021-01-26T13:05:35","guid":{"rendered":"https:\/\/akasel.com\/de\/p\/aka-resin-phenolic\/"},"modified":"2026-01-09T15:16:20","modified_gmt":"2026-01-09T14:16:20","slug":"aka-resin-phenolic","status":"publish","type":"product","link":"https:\/\/akasel.com\/de\/shop\/einbetten\/aka-resin-phenolic\/","title":{"rendered":"Aka-Resin Phenolic"},"content":{"rendered":"<p>Inhalt verf\u00fcgbar: 2,5 kg, 7,5 kg, 30 kg (4 x 7,5 kg)<\/p>\n<p><a href=\"https:\/\/akasel.com\/wp-content\/uploads\/2024\/04\/sds-aka-resin-phenolic-de-v20.pdf\">SDS Aka-Resin Phenolic (DE)<\/a><\/p>\n<p>&nbsp;<\/p>\n","protected":false},"excerpt":{"rendered":"<p><span style=\"font-weight: 400\">Schwarzes Phenolharz f\u00fcr das Warmeinbetten. Die wirtschaftlichste Wahl zum Einbetten. Ideal zum Hinterf\u00fcllen bei der Arbeit mit teureren Harzen wie <a href=\"https:\/\/akasel.com\/de\/shop\/einbetten\/aka-resin-epoxy\/\">Aka-Resin Epoxy<\/a>.<\/span><\/p>\n<p><b>Die Aush\u00e4rtungsspezifikationen<br \/>\n<\/b><span style=\"font-weight: 400\">Durchmesser, Kraft, Erhitzungs-\/Abk\u00fchlungszeit:<br \/>\n<\/span><span style=\"font-weight: 400\">25 mm: 10 kN, 4-5 min\/3-4 min<br \/>\n<\/span><span style=\"font-weight: 400\">30 mm: 20 kN, 4-6 min\/3-4 min<br \/>\n<\/span><span style=\"font-weight: 400\">40 mm: 30 kN, 5-7 min\/4-6 min<br \/>\n<\/span><span style=\"font-weight: 400\">50 mm: 50 kN, 6-9 min\/5-7 min<\/span><\/p>\n<p><span style=\"font-weight: 400\">Aush\u00e4rten bei 160 &#8211; 180 \u00b0C, 250 bar, hohe Abk\u00fchlgeschwindigkeit.<\/span><\/p>\n<p><span style=\"font-weight: 400\">Falls nicht vollst\u00e4ndig ausgeh\u00e4rtet, Dauer erh\u00f6hen.<\/span><\/p>\n<p><span style=\"font-weight: 400\">Die oben genannten Parameter k\u00f6nnen je nach Bauart der verwendeten Warmeinbettpresse stark variieren.<\/span><\/p>\n","protected":false},"featured_media":12067,"template":"","meta":[],"product_cat":[317,318],"product_tag":[],"class_list":["post-10709","product","type-product","status-publish","has-post-thumbnail","hentry","product_cat-einbetten","product_cat-warmeinbetten","alt-image-hover-enabled"],"yoast_head":"<!-- This site is optimized with the Yoast SEO plugin v21.7 - https:\/\/yoast.com\/wordpress\/plugins\/seo\/ -->\n<title>Aka-Resin Phenolic | Phenolharz f\u00fcr Warmeinbettung | Akasel<\/title>\n<meta name=\"description\" content=\"Schwarzes Warmeinbettungsharz \u2013 die wirtschaftlichste Wahl mit hoher H\u00e4rte und Schlagfestigkeit f\u00fcr die metallografische Pr\u00e4paration.\" \/>\n<meta name=\"robots\" content=\"index, follow, max-snippet:-1, max-image-preview:large, max-video-preview:-1\" \/>\n<link rel=\"canonical\" href=\"https:\/\/akasel.com\/de\/shop\/einbetten\/aka-resin-phenolic\/\" \/>\n<meta property=\"og:locale\" content=\"de_DE\" \/>\n<meta property=\"og:type\" content=\"article\" \/>\n<meta property=\"og:title\" content=\"Aka-Resin Phenolic | Phenolharz f\u00fcr Warmeinbettung | Akasel\" \/>\n<meta property=\"og:description\" content=\"Schwarzes Warmeinbettungsharz \u2013 die wirtschaftlichste Wahl mit hoher H\u00e4rte und Schlagfestigkeit f\u00fcr die metallografische Pr\u00e4paration.\" \/>\n<meta property=\"og:url\" content=\"https:\/\/akasel.com\/de\/shop\/einbetten\/aka-resin-phenolic\/\" \/>\n<meta property=\"og:site_name\" content=\"AKASEL A\/S\" \/>\n<meta property=\"article:modified_time\" content=\"2026-01-09T14:16:20+00:00\" \/>\n<meta property=\"og:image\" content=\"https:\/\/akasel.com\/de\/wp-content\/uploads\/sites\/2\/2021\/01\/21501122.png\" \/>\n\t<meta property=\"og:image:width\" content=\"1797\" \/>\n\t<meta property=\"og:image:height\" content=\"2560\" \/>\n\t<meta property=\"og:image:type\" content=\"image\/png\" \/>\n<meta name=\"twitter:card\" content=\"summary_large_image\" \/>\n<meta name=\"twitter:label1\" content=\"Gesch\u00e4tzte Lesezeit\" \/>\n\t<meta name=\"twitter:data1\" content=\"1 Minute\" \/>\n<!-- \/ Yoast SEO plugin. -->","yoast_head_json":{"title":"Aka-Resin Phenolic | Phenolharz f\u00fcr Warmeinbettung | Akasel","description":"Schwarzes Warmeinbettungsharz \u2013 die wirtschaftlichste Wahl mit hoher H\u00e4rte und Schlagfestigkeit f\u00fcr die metallografische Pr\u00e4paration.","robots":{"index":"index","follow":"follow","max-snippet":"max-snippet:-1","max-image-preview":"max-image-preview:large","max-video-preview":"max-video-preview:-1"},"canonical":"https:\/\/akasel.com\/de\/shop\/einbetten\/aka-resin-phenolic\/","og_locale":"de_DE","og_type":"article","og_title":"Aka-Resin Phenolic | Phenolharz f\u00fcr Warmeinbettung | Akasel","og_description":"Schwarzes Warmeinbettungsharz \u2013 die wirtschaftlichste Wahl mit hoher H\u00e4rte und Schlagfestigkeit f\u00fcr die metallografische Pr\u00e4paration.","og_url":"https:\/\/akasel.com\/de\/shop\/einbetten\/aka-resin-phenolic\/","og_site_name":"AKASEL A\/S","article_modified_time":"2026-01-09T14:16:20+00:00","og_image":[{"width":1797,"height":2560,"url":"https:\/\/akasel.com\/de\/wp-content\/uploads\/sites\/2\/2021\/01\/21501122.png","type":"image\/png"}],"twitter_card":"summary_large_image","twitter_misc":{"Gesch\u00e4tzte Lesezeit":"1 Minute"},"schema":{"@context":"https:\/\/schema.org","@graph":[{"@type":"WebPage","@id":"https:\/\/akasel.com\/de\/shop\/einbetten\/aka-resin-phenolic\/","url":"https:\/\/akasel.com\/de\/shop\/einbetten\/aka-resin-phenolic\/","name":"Aka-Resin Phenolic | Phenolharz f\u00fcr Warmeinbettung | Akasel","isPartOf":{"@id":"https:\/\/akasel.com\/de\/#website"},"datePublished":"2021-01-26T13:05:35+00:00","dateModified":"2026-01-09T14:16:20+00:00","description":"Schwarzes Warmeinbettungsharz \u2013 die wirtschaftlichste Wahl mit hoher H\u00e4rte und Schlagfestigkeit f\u00fcr die metallografische Pr\u00e4paration.","breadcrumb":{"@id":"https:\/\/akasel.com\/de\/shop\/einbetten\/aka-resin-phenolic\/#breadcrumb"},"inLanguage":"de-DE","potentialAction":[{"@type":"ReadAction","target":["https:\/\/akasel.com\/de\/shop\/einbetten\/aka-resin-phenolic\/"]}]},{"@type":"BreadcrumbList","@id":"https:\/\/akasel.com\/de\/shop\/einbetten\/aka-resin-phenolic\/#breadcrumb","itemListElement":[{"@type":"ListItem","position":1,"name":"Home","item":"https:\/\/akasel.com\/de\/"},{"@type":"ListItem","position":2,"name":"Shop","item":"https:\/\/akasel.com\/de\/shop\/"},{"@type":"ListItem","position":3,"name":"Aka-Resin Phenolic"}]},{"@type":"WebSite","@id":"https:\/\/akasel.com\/de\/#website","url":"https:\/\/akasel.com\/de\/","name":"AKASEL A\/S","description":"","potentialAction":[{"@type":"SearchAction","target":{"@type":"EntryPoint","urlTemplate":"https:\/\/akasel.com\/de\/?s={search_term_string}"},"query-input":"required name=search_term_string"}],"inLanguage":"de-DE"}]}},"_links":{"self":[{"href":"https:\/\/akasel.com\/de\/wp-json\/wp\/v3\/product\/10709"}],"collection":[{"href":"https:\/\/akasel.com\/de\/wp-json\/wp\/v3\/product"}],"about":[{"href":"https:\/\/akasel.com\/de\/wp-json\/wp\/v2\/types\/product"}],"wp:featuredmedia":[{"embeddable":true,"href":"https:\/\/akasel.com\/de\/wp-json\/wp\/v2\/media\/12067"}],"wp:attachment":[{"href":"https:\/\/akasel.com\/de\/wp-json\/wp\/v2\/media?parent=10709"}],"wp:term":[{"taxonomy":"product_cat","embeddable":true,"href":"https:\/\/akasel.com\/de\/wp-json\/wp\/v2\/product_cat?post=10709"},{"taxonomy":"product_tag","embeddable":true,"href":"https:\/\/akasel.com\/de\/wp-json\/wp\/v2\/product_tag?post=10709"}],"curies":[{"name":"wp","href":"https:\/\/api.w.org\/{rel}","templated":true}]}}