{"id":10716,"date":"2021-01-26T14:05:47","date_gmt":"2021-01-26T13:05:47","guid":{"rendered":"https:\/\/akasel.com\/de\/p\/aka-rhaco-3\/"},"modified":"2026-01-05T06:27:09","modified_gmt":"2026-01-05T05:27:09","slug":"aka-rhaco","status":"publish","type":"product","link":"https:\/\/akasel.com\/de\/shop\/metallographisches-polieren\/poliertuecher\/aka-rhaco\/","title":{"rendered":"Aka-Rhaco"},"content":{"rendered":"<p>Verf\u00fcgbare Gr\u00f6\u00dfe: 200 mm, 250 mm, 300 mm, 350 mm<\/p>\n<p>Inhalt verf\u00fcgbar: 2 pcs.<\/p>\n<p><a href=\"https:\/\/akasel.com\/wp-content\/uploads\/2020\/11\/0074-manual-rhaco_ukde_a5_er.pdf\">Aka-Rhaco Produktbrosch\u00fcren<\/a><\/p>\n<p><a href=\"https:\/\/akasel.com\/de\/wp-content\/uploads\/sites\/2\/2024\/05\/4312de.pdf\">PDS Aka-Rhaco (DE)<\/a><\/p>\n<div style=\"position: relative; padding-bottom: 56.25%; height: 0; overflow: hidden; max-width: 100%; height: auto;\">\n    <video style=\"position: absolute; top: 0; left: 0; width: 100%; height: 100%;\"  \ncontrols \n           preload=\"metadata\" \n           poster=\"https:\/\/akasel.com\/wp-content\/uploads\/2024\/09\/the-application-areas-of-aka-rhaco-and-rhaco-psa.png\"><source src=\"https:\/\/akasel.com\/wp-content\/uploads\/2020\/11\/the-application-areas-of-aka-rhaco.mp4\" type=\"video\/mp4\">Your browser does not support video playback.<\/video>\n<\/div>\n","protected":false},"excerpt":{"rendered":"<div>\n<p>Aka-Rhaco ist eine einzigartige Adapterscheibe, die Sie zum Fixieren gew\u00f6hnlicher Schleifpapiere einsetzen k\u00f6nnen. Sie besteht aus einer Stahlscheibe, die mit einem weichen Kunststoff beschichtet ist. Somit k\u00f6nnen Sie zuk\u00fcnftig auf teure selbstklebende oder folierte Schleifpapiere\/-folien verzichten.<\/p>\n<p>Sie k\u00f6nnen sie ebenso mit selbstklebenden Poliert\u00fcchern verwenden (ohne die Schutzfolie der Poliert\u00fccher zu entfernen).<\/p>\n<p>Aka-Rhaco ist f\u00fcr bis zu 1000 Anwendungen ausgelegt.<\/p>\n<\/div>\n","protected":false},"featured_media":12091,"template":"","meta":[],"product_cat":[341,339,344,303,334],"product_tag":[],"class_list":["post-10716","product","type-product","status-publish","has-post-thumbnail","hentry","product_cat-adapter-discs-de-2","product_cat-adapter-discs-de","product_cat-metallographisches-polieren","product_cat-poliertuecher","product_cat-schleifen"],"yoast_head":"<!-- This site is optimized with the Yoast SEO plugin v21.7 - https:\/\/yoast.com\/wordpress\/plugins\/seo\/ -->\n<title>Aka-Rhaco | Einzigartige L\u00f6sung f\u00fcr Schleifpapier | Akasel A\/S<\/title>\n<meta name=\"description\" content=\"Adapterscheibe f\u00fcr die metallografische Pr\u00e4paration \u2013 geeignet f\u00fcr normales Schleifpapier und selbstklebende Poliert\u00fccher, nutzbar bis zu 1000 Mal.\" \/>\n<meta name=\"robots\" content=\"index, follow, max-snippet:-1, max-image-preview:large, max-video-preview:-1\" \/>\n<link rel=\"canonical\" href=\"https:\/\/akasel.com\/de\/shop\/metallographisches-polieren\/poliertuecher\/aka-rhaco\/\" \/>\n<meta property=\"og:locale\" content=\"de_DE\" \/>\n<meta property=\"og:type\" content=\"article\" \/>\n<meta property=\"og:title\" content=\"Aka-Rhaco | Einzigartige L\u00f6sung f\u00fcr Schleifpapier | Akasel A\/S\" \/>\n<meta property=\"og:description\" content=\"Adapterscheibe f\u00fcr die metallografische Pr\u00e4paration \u2013 geeignet f\u00fcr normales Schleifpapier und selbstklebende Poliert\u00fccher, nutzbar bis zu 1000 Mal.\" \/>\n<meta property=\"og:url\" content=\"https:\/\/akasel.com\/de\/shop\/metallographisches-polieren\/poliertuecher\/aka-rhaco\/\" \/>\n<meta property=\"og:site_name\" content=\"AKASEL A\/S\" \/>\n<meta property=\"article:modified_time\" content=\"2026-01-05T05:27:09+00:00\" \/>\n<meta property=\"og:image\" content=\"https:\/\/akasel.com\/de\/wp-content\/uploads\/sites\/2\/2021\/01\/aka-rhaco-psa.png\" \/>\n\t<meta property=\"og:image:width\" content=\"2560\" \/>\n\t<meta property=\"og:image:height\" content=\"2506\" \/>\n\t<meta property=\"og:image:type\" content=\"image\/png\" \/>\n<meta name=\"twitter:card\" content=\"summary_large_image\" \/>\n<meta name=\"twitter:label1\" content=\"Gesch\u00e4tzte Lesezeit\" \/>\n\t<meta name=\"twitter:data1\" content=\"1 Minute\" \/>\n<!-- \/ Yoast SEO plugin. -->","yoast_head_json":{"title":"Aka-Rhaco | Einzigartige L\u00f6sung f\u00fcr Schleifpapier | Akasel A\/S","description":"Adapterscheibe f\u00fcr die metallografische Pr\u00e4paration \u2013 geeignet f\u00fcr normales Schleifpapier und selbstklebende Poliert\u00fccher, nutzbar bis zu 1000 Mal.","robots":{"index":"index","follow":"follow","max-snippet":"max-snippet:-1","max-image-preview":"max-image-preview:large","max-video-preview":"max-video-preview:-1"},"canonical":"https:\/\/akasel.com\/de\/shop\/metallographisches-polieren\/poliertuecher\/aka-rhaco\/","og_locale":"de_DE","og_type":"article","og_title":"Aka-Rhaco | Einzigartige L\u00f6sung f\u00fcr Schleifpapier | Akasel A\/S","og_description":"Adapterscheibe f\u00fcr die metallografische Pr\u00e4paration \u2013 geeignet f\u00fcr normales Schleifpapier und selbstklebende Poliert\u00fccher, nutzbar bis zu 1000 Mal.","og_url":"https:\/\/akasel.com\/de\/shop\/metallographisches-polieren\/poliertuecher\/aka-rhaco\/","og_site_name":"AKASEL A\/S","article_modified_time":"2026-01-05T05:27:09+00:00","og_image":[{"width":2560,"height":2506,"url":"https:\/\/akasel.com\/de\/wp-content\/uploads\/sites\/2\/2021\/01\/aka-rhaco-psa.png","type":"image\/png"}],"twitter_card":"summary_large_image","twitter_misc":{"Gesch\u00e4tzte Lesezeit":"1 Minute"},"schema":{"@context":"https:\/\/schema.org","@graph":[{"@type":"WebPage","@id":"https:\/\/akasel.com\/de\/shop\/metallographisches-polieren\/poliertuecher\/aka-rhaco\/","url":"https:\/\/akasel.com\/de\/shop\/metallographisches-polieren\/poliertuecher\/aka-rhaco\/","name":"Aka-Rhaco | Einzigartige L\u00f6sung f\u00fcr Schleifpapier | Akasel A\/S","isPartOf":{"@id":"https:\/\/akasel.com\/de\/#website"},"datePublished":"2021-01-26T13:05:47+00:00","dateModified":"2026-01-05T05:27:09+00:00","description":"Adapterscheibe f\u00fcr die metallografische Pr\u00e4paration \u2013 geeignet f\u00fcr normales Schleifpapier und selbstklebende Poliert\u00fccher, nutzbar bis zu 1000 Mal.","breadcrumb":{"@id":"https:\/\/akasel.com\/de\/shop\/metallographisches-polieren\/poliertuecher\/aka-rhaco\/#breadcrumb"},"inLanguage":"de-DE","potentialAction":[{"@type":"ReadAction","target":["https:\/\/akasel.com\/de\/shop\/metallographisches-polieren\/poliertuecher\/aka-rhaco\/"]}]},{"@type":"BreadcrumbList","@id":"https:\/\/akasel.com\/de\/shop\/metallographisches-polieren\/poliertuecher\/aka-rhaco\/#breadcrumb","itemListElement":[{"@type":"ListItem","position":1,"name":"Home","item":"https:\/\/akasel.com\/de\/"},{"@type":"ListItem","position":2,"name":"Shop","item":"https:\/\/akasel.com\/de\/shop\/"},{"@type":"ListItem","position":3,"name":"Aka-Rhaco"}]},{"@type":"WebSite","@id":"https:\/\/akasel.com\/de\/#website","url":"https:\/\/akasel.com\/de\/","name":"AKASEL A\/S","description":"","potentialAction":[{"@type":"SearchAction","target":{"@type":"EntryPoint","urlTemplate":"https:\/\/akasel.com\/de\/?s={search_term_string}"},"query-input":"required name=search_term_string"}],"inLanguage":"de-DE"}]}},"_links":{"self":[{"href":"https:\/\/akasel.com\/de\/wp-json\/wp\/v3\/product\/10716"}],"collection":[{"href":"https:\/\/akasel.com\/de\/wp-json\/wp\/v3\/product"}],"about":[{"href":"https:\/\/akasel.com\/de\/wp-json\/wp\/v2\/types\/product"}],"wp:featuredmedia":[{"embeddable":true,"href":"https:\/\/akasel.com\/de\/wp-json\/wp\/v2\/media\/12091"}],"wp:attachment":[{"href":"https:\/\/akasel.com\/de\/wp-json\/wp\/v2\/media?parent=10716"}],"wp:term":[{"taxonomy":"product_cat","embeddable":true,"href":"https:\/\/akasel.com\/de\/wp-json\/wp\/v2\/product_cat?post=10716"},{"taxonomy":"product_tag","embeddable":true,"href":"https:\/\/akasel.com\/de\/wp-json\/wp\/v2\/product_tag?post=10716"}],"curies":[{"name":"wp","href":"https:\/\/api.w.org\/{rel}","templated":true}]}}