{"id":10747,"date":"2021-01-26T14:06:21","date_gmt":"2021-01-26T13:06:21","guid":{"rendered":"https:\/\/akasel.com\/de\/p\/aka-spray-poly-9-%c2%b5m\/"},"modified":"2026-01-05T06:26:03","modified_gmt":"2026-01-05T05:26:03","slug":"aka-spray-poly-9-%c2%b5m","status":"publish","type":"product","link":"https:\/\/akasel.com\/de\/shop\/metallographisches-polieren\/diamantprodukte\/aka-spray-poly-9-%c2%b5m\/","title":{"rendered":"Aka-Spray Poly 9 \u00b5m"},"content":{"rendered":"<p>Inhalt verf\u00fcgbar: 165 ml<\/p>\n<p>Gefahrgut: Es k\u00f6nnen zus\u00e4tzliche Kosten beim Versand anfallen<\/p>\n<p><a href=\"https:\/\/akasel.com\/wp-content\/uploads\/2024\/04\/sds-aka-spray-mono-poly-de-v20.pdf\">PDS Aka-Spray (DE)<\/a><\/p>\n<p>&nbsp;<\/p>\n","protected":false},"excerpt":{"rendered":"<p>Polykristallines Diamant-Spray f\u00fcr die metallographische Probenpr\u00e4paration.<\/p>\n<p>Aka-Spray Poly hinterl\u00e4sst eine freischneidende Schicht aus Diamanten, was zu hohen Abtragsraten f\u00fchrt.<\/p>\n<p>Diamantkonzentration von 26,5 ct\/l<br \/>\n100% polykristalline Diamanten<\/p>\n<p>Median (50%) 9,6 \u00b5m<br \/>\nToleranz 9,12 &#8211; 10,08 \u00b5m<br \/>\nObergrenze (99%) 12,9 \u00b5m<\/p>\n<p>Vor Gebrauch sch\u00fctteln, dieses Produkt ist nicht stabil.<\/p>\n","protected":false},"featured_media":12232,"template":"","meta":[],"product_cat":[320,337,344,326],"product_tag":[],"class_list":["post-10747","product","type-product","status-publish","has-post-thumbnail","hentry","product_cat-diamantprodukte","product_cat-diamantspray","product_cat-metallographisches-polieren","product_cat-other-diamond-products-de"],"yoast_head":"<!-- This site is optimized with the Yoast SEO plugin v21.7 - https:\/\/yoast.com\/wordpress\/plugins\/seo\/ -->\n<title>Aka-Spray Poly 9 \u00b5m | Polykristallines Diamantspray | Akasel A\/S<\/title>\n<meta name=\"description\" content=\"Effizientes Diamantspray f\u00fcr die Metallographie \u2013 sorgt f\u00fcr gleichm\u00e4\u00dfige Partikelverteilung, pr\u00e4zise Abtragung und hohe Oberfl\u00e4chenqualit\u00e4t.\" \/>\n<meta name=\"robots\" content=\"index, follow, max-snippet:-1, max-image-preview:large, max-video-preview:-1\" \/>\n<link rel=\"canonical\" href=\"https:\/\/akasel.com\/de\/shop\/metallographisches-polieren\/diamantprodukte\/aka-spray-poly-9-\u00b5m\/\" \/>\n<meta property=\"og:locale\" content=\"de_DE\" \/>\n<meta property=\"og:type\" content=\"article\" \/>\n<meta property=\"og:title\" content=\"Aka-Spray Poly 9 \u00b5m | Polykristallines Diamantspray | Akasel A\/S\" \/>\n<meta property=\"og:description\" content=\"Effizientes Diamantspray f\u00fcr die Metallographie \u2013 sorgt f\u00fcr gleichm\u00e4\u00dfige Partikelverteilung, pr\u00e4zise Abtragung und hohe Oberfl\u00e4chenqualit\u00e4t.\" \/>\n<meta property=\"og:url\" content=\"https:\/\/akasel.com\/de\/shop\/metallographisches-polieren\/diamantprodukte\/aka-spray-poly-9-\u00b5m\/\" \/>\n<meta property=\"og:site_name\" content=\"AKASEL A\/S\" \/>\n<meta property=\"article:modified_time\" content=\"2026-01-05T05:26:03+00:00\" \/>\n<meta property=\"og:image\" content=\"https:\/\/akasel.com\/de\/wp-content\/uploads\/sites\/2\/2021\/01\/45027011-500x1920.png\" \/>\n\t<meta property=\"og:image:width\" content=\"500\" \/>\n\t<meta property=\"og:image:height\" content=\"1920\" \/>\n\t<meta property=\"og:image:type\" content=\"image\/png\" \/>\n<meta name=\"twitter:card\" content=\"summary_large_image\" \/>\n<meta name=\"twitter:label1\" content=\"Gesch\u00e4tzte Lesezeit\" \/>\n\t<meta name=\"twitter:data1\" content=\"1 Minute\" \/>\n<!-- \/ Yoast SEO plugin. -->","yoast_head_json":{"title":"Aka-Spray Poly 9 \u00b5m | Polykristallines Diamantspray | Akasel A\/S","description":"Effizientes Diamantspray f\u00fcr die Metallographie \u2013 sorgt f\u00fcr gleichm\u00e4\u00dfige Partikelverteilung, pr\u00e4zise Abtragung und hohe Oberfl\u00e4chenqualit\u00e4t.","robots":{"index":"index","follow":"follow","max-snippet":"max-snippet:-1","max-image-preview":"max-image-preview:large","max-video-preview":"max-video-preview:-1"},"canonical":"https:\/\/akasel.com\/de\/shop\/metallographisches-polieren\/diamantprodukte\/aka-spray-poly-9-\u00b5m\/","og_locale":"de_DE","og_type":"article","og_title":"Aka-Spray Poly 9 \u00b5m | Polykristallines Diamantspray | Akasel A\/S","og_description":"Effizientes Diamantspray f\u00fcr die Metallographie \u2013 sorgt f\u00fcr gleichm\u00e4\u00dfige Partikelverteilung, pr\u00e4zise Abtragung und hohe Oberfl\u00e4chenqualit\u00e4t.","og_url":"https:\/\/akasel.com\/de\/shop\/metallographisches-polieren\/diamantprodukte\/aka-spray-poly-9-\u00b5m\/","og_site_name":"AKASEL A\/S","article_modified_time":"2026-01-05T05:26:03+00:00","og_image":[{"width":500,"height":1920,"url":"https:\/\/akasel.com\/de\/wp-content\/uploads\/sites\/2\/2021\/01\/45027011-500x1920.png","type":"image\/png"}],"twitter_card":"summary_large_image","twitter_misc":{"Gesch\u00e4tzte Lesezeit":"1 Minute"},"schema":{"@context":"https:\/\/schema.org","@graph":[{"@type":"WebPage","@id":"https:\/\/akasel.com\/de\/shop\/metallographisches-polieren\/diamantprodukte\/aka-spray-poly-9-%c2%b5m\/","url":"https:\/\/akasel.com\/de\/shop\/metallographisches-polieren\/diamantprodukte\/aka-spray-poly-9-%c2%b5m\/","name":"Aka-Spray Poly 9 \u00b5m | Polykristallines Diamantspray | Akasel A\/S","isPartOf":{"@id":"https:\/\/akasel.com\/de\/#website"},"datePublished":"2021-01-26T13:06:21+00:00","dateModified":"2026-01-05T05:26:03+00:00","description":"Effizientes Diamantspray f\u00fcr die Metallographie \u2013 sorgt f\u00fcr gleichm\u00e4\u00dfige Partikelverteilung, pr\u00e4zise Abtragung und hohe Oberfl\u00e4chenqualit\u00e4t.","breadcrumb":{"@id":"https:\/\/akasel.com\/de\/shop\/metallographisches-polieren\/diamantprodukte\/aka-spray-poly-9-%c2%b5m\/#breadcrumb"},"inLanguage":"de-DE","potentialAction":[{"@type":"ReadAction","target":["https:\/\/akasel.com\/de\/shop\/metallographisches-polieren\/diamantprodukte\/aka-spray-poly-9-%c2%b5m\/"]}]},{"@type":"BreadcrumbList","@id":"https:\/\/akasel.com\/de\/shop\/metallographisches-polieren\/diamantprodukte\/aka-spray-poly-9-%c2%b5m\/#breadcrumb","itemListElement":[{"@type":"ListItem","position":1,"name":"Home","item":"https:\/\/akasel.com\/de\/"},{"@type":"ListItem","position":2,"name":"Shop","item":"https:\/\/akasel.com\/de\/shop\/"},{"@type":"ListItem","position":3,"name":"Aka-Spray Poly 9 \u00b5m"}]},{"@type":"WebSite","@id":"https:\/\/akasel.com\/de\/#website","url":"https:\/\/akasel.com\/de\/","name":"AKASEL A\/S","description":"","potentialAction":[{"@type":"SearchAction","target":{"@type":"EntryPoint","urlTemplate":"https:\/\/akasel.com\/de\/?s={search_term_string}"},"query-input":"required name=search_term_string"}],"inLanguage":"de-DE"}]}},"_links":{"self":[{"href":"https:\/\/akasel.com\/de\/wp-json\/wp\/v3\/product\/10747"}],"collection":[{"href":"https:\/\/akasel.com\/de\/wp-json\/wp\/v3\/product"}],"about":[{"href":"https:\/\/akasel.com\/de\/wp-json\/wp\/v2\/types\/product"}],"wp:featuredmedia":[{"embeddable":true,"href":"https:\/\/akasel.com\/de\/wp-json\/wp\/v2\/media\/12232"}],"wp:attachment":[{"href":"https:\/\/akasel.com\/de\/wp-json\/wp\/v2\/media?parent=10747"}],"wp:term":[{"taxonomy":"product_cat","embeddable":true,"href":"https:\/\/akasel.com\/de\/wp-json\/wp\/v2\/product_cat?post=10747"},{"taxonomy":"product_tag","embeddable":true,"href":"https:\/\/akasel.com\/de\/wp-json\/wp\/v2\/product_tag?post=10747"}],"curies":[{"name":"wp","href":"https:\/\/api.w.org\/{rel}","templated":true}]}}