{"id":10781,"date":"2021-01-26T14:05:37","date_gmt":"2021-01-26T13:05:37","guid":{"rendered":"https:\/\/akasel.com\/de\/p\/cold-mounting-mixing-kit\/"},"modified":"2026-01-05T06:27:01","modified_gmt":"2026-01-05T05:27:01","slug":"cold-mounting-mixing-kit","status":"publish","type":"product","link":"https:\/\/akasel.com\/de\/shop\/einbetten\/einbettzubehoer\/cold-mounting-mixing-kit\/","title":{"rendered":"Cold Mounting Mixing Kit"},"content":{"rendered":"","protected":false},"excerpt":{"rendered":"<p>Mixing-Kit f\u00fcr die Kalteinbettung<br \/>\nKann mit allen Kalteinbettmaterialien verwendet werden.<\/p>\n<p>Unser Mixing-Kit f\u00fcr die Kalteinbettung enth\u00e4lt:<br \/>\n200 Mischbecher<br \/>\n200 Mischst\u00e4bchen<\/p>\n","protected":false},"featured_media":12052,"template":"","meta":[],"product_cat":[317,345],"product_tag":[],"class_list":["post-10781","product","type-product","status-publish","has-post-thumbnail","hentry","product_cat-einbetten","product_cat-einbettzubehoer"],"yoast_head":"<!-- This site is optimized with the Yoast SEO plugin v21.7 - https:\/\/yoast.com\/wordpress\/plugins\/seo\/ -->\n<title>Kalteinbett-Mixing Kit | Mischbecher &amp; Mischst\u00e4bchen | AKASEL<\/title>\n<meta name=\"description\" content=\"Praktisches Mixing-Kit f\u00fcr die Kalteinbettung \u2013 enth\u00e4lt 200 Mischbecher und St\u00e4bchen f\u00fcr eine pr\u00e4zise Dosierung und einfache Handhabung.\" \/>\n<meta name=\"robots\" content=\"index, follow, max-snippet:-1, max-image-preview:large, max-video-preview:-1\" \/>\n<link rel=\"canonical\" href=\"https:\/\/akasel.com\/de\/shop\/einbetten\/einbettzubehoer\/cold-mounting-mixing-kit\/\" \/>\n<meta property=\"og:locale\" content=\"de_DE\" \/>\n<meta property=\"og:type\" content=\"article\" \/>\n<meta property=\"og:title\" content=\"Kalteinbett-Mixing Kit | Mischbecher &amp; Mischst\u00e4bchen | AKASEL\" \/>\n<meta property=\"og:description\" content=\"Praktisches Mixing-Kit f\u00fcr die Kalteinbettung \u2013 enth\u00e4lt 200 Mischbecher und St\u00e4bchen f\u00fcr eine pr\u00e4zise Dosierung und einfache Handhabung.\" \/>\n<meta property=\"og:url\" content=\"https:\/\/akasel.com\/de\/shop\/einbetten\/einbettzubehoer\/cold-mounting-mixing-kit\/\" \/>\n<meta property=\"og:site_name\" content=\"AKASEL A\/S\" \/>\n<meta property=\"article:modified_time\" content=\"2026-01-05T05:27:01+00:00\" \/>\n<meta property=\"og:image\" content=\"https:\/\/akasel.com\/de\/wp-content\/uploads\/sites\/2\/2021\/01\/cold-mounting-mixing-kit-cups-stacked.png\" \/>\n\t<meta property=\"og:image:width\" content=\"2557\" \/>\n\t<meta property=\"og:image:height\" content=\"2560\" \/>\n\t<meta property=\"og:image:type\" content=\"image\/png\" \/>\n<meta name=\"twitter:card\" content=\"summary_large_image\" \/>\n<meta name=\"twitter:label1\" content=\"Gesch\u00e4tzte Lesezeit\" \/>\n\t<meta name=\"twitter:data1\" content=\"1 Minute\" \/>\n<!-- \/ Yoast SEO plugin. -->","yoast_head_json":{"title":"Kalteinbett-Mixing Kit | Mischbecher & Mischst\u00e4bchen | AKASEL","description":"Praktisches Mixing-Kit f\u00fcr die Kalteinbettung \u2013 enth\u00e4lt 200 Mischbecher und St\u00e4bchen f\u00fcr eine pr\u00e4zise Dosierung und einfache Handhabung.","robots":{"index":"index","follow":"follow","max-snippet":"max-snippet:-1","max-image-preview":"max-image-preview:large","max-video-preview":"max-video-preview:-1"},"canonical":"https:\/\/akasel.com\/de\/shop\/einbetten\/einbettzubehoer\/cold-mounting-mixing-kit\/","og_locale":"de_DE","og_type":"article","og_title":"Kalteinbett-Mixing Kit | Mischbecher & Mischst\u00e4bchen | AKASEL","og_description":"Praktisches Mixing-Kit f\u00fcr die Kalteinbettung \u2013 enth\u00e4lt 200 Mischbecher und St\u00e4bchen f\u00fcr eine pr\u00e4zise Dosierung und einfache Handhabung.","og_url":"https:\/\/akasel.com\/de\/shop\/einbetten\/einbettzubehoer\/cold-mounting-mixing-kit\/","og_site_name":"AKASEL A\/S","article_modified_time":"2026-01-05T05:27:01+00:00","og_image":[{"width":2557,"height":2560,"url":"https:\/\/akasel.com\/de\/wp-content\/uploads\/sites\/2\/2021\/01\/cold-mounting-mixing-kit-cups-stacked.png","type":"image\/png"}],"twitter_card":"summary_large_image","twitter_misc":{"Gesch\u00e4tzte Lesezeit":"1 Minute"},"schema":{"@context":"https:\/\/schema.org","@graph":[{"@type":"WebPage","@id":"https:\/\/akasel.com\/de\/shop\/einbetten\/einbettzubehoer\/cold-mounting-mixing-kit\/","url":"https:\/\/akasel.com\/de\/shop\/einbetten\/einbettzubehoer\/cold-mounting-mixing-kit\/","name":"Kalteinbett-Mixing Kit | Mischbecher & Mischst\u00e4bchen | AKASEL","isPartOf":{"@id":"https:\/\/akasel.com\/de\/#website"},"datePublished":"2021-01-26T13:05:37+00:00","dateModified":"2026-01-05T05:27:01+00:00","description":"Praktisches Mixing-Kit f\u00fcr die Kalteinbettung \u2013 enth\u00e4lt 200 Mischbecher und St\u00e4bchen f\u00fcr eine pr\u00e4zise Dosierung und einfache Handhabung.","breadcrumb":{"@id":"https:\/\/akasel.com\/de\/shop\/einbetten\/einbettzubehoer\/cold-mounting-mixing-kit\/#breadcrumb"},"inLanguage":"de-DE","potentialAction":[{"@type":"ReadAction","target":["https:\/\/akasel.com\/de\/shop\/einbetten\/einbettzubehoer\/cold-mounting-mixing-kit\/"]}]},{"@type":"BreadcrumbList","@id":"https:\/\/akasel.com\/de\/shop\/einbetten\/einbettzubehoer\/cold-mounting-mixing-kit\/#breadcrumb","itemListElement":[{"@type":"ListItem","position":1,"name":"Home","item":"https:\/\/akasel.com\/de\/"},{"@type":"ListItem","position":2,"name":"Shop","item":"https:\/\/akasel.com\/de\/shop\/"},{"@type":"ListItem","position":3,"name":"Cold Mounting Mixing Kit"}]},{"@type":"WebSite","@id":"https:\/\/akasel.com\/de\/#website","url":"https:\/\/akasel.com\/de\/","name":"AKASEL A\/S","description":"","potentialAction":[{"@type":"SearchAction","target":{"@type":"EntryPoint","urlTemplate":"https:\/\/akasel.com\/de\/?s={search_term_string}"},"query-input":"required name=search_term_string"}],"inLanguage":"de-DE"}]}},"_links":{"self":[{"href":"https:\/\/akasel.com\/de\/wp-json\/wp\/v3\/product\/10781"}],"collection":[{"href":"https:\/\/akasel.com\/de\/wp-json\/wp\/v3\/product"}],"about":[{"href":"https:\/\/akasel.com\/de\/wp-json\/wp\/v2\/types\/product"}],"wp:featuredmedia":[{"embeddable":true,"href":"https:\/\/akasel.com\/de\/wp-json\/wp\/v2\/media\/12052"}],"wp:attachment":[{"href":"https:\/\/akasel.com\/de\/wp-json\/wp\/v2\/media?parent=10781"}],"wp:term":[{"taxonomy":"product_cat","embeddable":true,"href":"https:\/\/akasel.com\/de\/wp-json\/wp\/v2\/product_cat?post=10781"},{"taxonomy":"product_tag","embeddable":true,"href":"https:\/\/akasel.com\/de\/wp-json\/wp\/v2\/product_tag?post=10781"}],"curies":[{"name":"wp","href":"https:\/\/api.w.org\/{rel}","templated":true}]}}