{"id":10791,"date":"2021-01-26T14:06:31","date_gmt":"2021-01-26T13:06:31","guid":{"rendered":"https:\/\/akasel.com\/de\/p\/demo-kit-coated-sintered-carbides\/"},"modified":"2026-01-05T06:26:55","modified_gmt":"2026-01-05T05:26:55","slug":"demo-kit-beschichtete-hartmetalle","status":"publish","type":"product","link":"https:\/\/akasel.com\/de\/shop\/demo-kit\/demo-kit-beschichtete-hartmetalle\/","title":{"rendered":"Demo Kit Beschichtete Hartmetalle"},"content":{"rendered":"","protected":false},"excerpt":{"rendered":"<p>Demo-Kit f\u00fcr die Pr\u00e4paration von beschichteten Hartemtallen. Es enth\u00e4lt alle Verbrauchsmaterialien, die ben\u00f6tigt werden, um unsere spezifische Methode f\u00fcr dieses Material auszuf\u00fchren. Diese Methode gew\u00e4hrleistet eine optimale Randsch\u00e4rfe in kurzer Zeit.<\/p>\n<p>Link zur Aka-Brief Pr\u00e4parationsmethode: <a href=\"https:\/\/akasel.com\/de\/wp-content\/uploads\/sites\/2\/2023\/12\/aka-brief-6-de7-web.pdf\" target=\"_blank\" rel=\"noopener noreferrer\">hier<\/a><\/p>\n","protected":false},"featured_media":13063,"template":"","meta":[],"product_cat":[348],"product_tag":[],"class_list":["post-10791","product","type-product","status-publish","has-post-thumbnail","hentry","product_cat-demo-kit"],"yoast_head":"<!-- This site is optimized with the Yoast SEO plugin v21.7 - https:\/\/yoast.com\/wordpress\/plugins\/seo\/ -->\n<title>Akasel Demo Kit Beschichtete Hartmetalle | Testen Sie uns!<\/title>\n<meta name=\"description\" content=\"Erleben Sie unsere Premium-Verbrauchsmaterialien mit dem Akasel Demo Kit f\u00fcr beschichtete Hartmetalle. Ausreichend f\u00fcr 50 Proben. Alles inklusive!\" \/>\n<meta name=\"robots\" content=\"index, follow, max-snippet:-1, max-image-preview:large, max-video-preview:-1\" \/>\n<link rel=\"canonical\" href=\"https:\/\/akasel.com\/de\/shop\/demo-kit\/demo-kit-beschichtete-hartmetalle\/\" \/>\n<meta property=\"og:locale\" content=\"de_DE\" \/>\n<meta property=\"og:type\" content=\"article\" \/>\n<meta property=\"og:title\" content=\"Akasel Demo Kit Beschichtete Hartmetalle | Testen Sie uns!\" \/>\n<meta property=\"og:description\" content=\"Erleben Sie unsere Premium-Verbrauchsmaterialien mit dem Akasel Demo Kit f\u00fcr beschichtete Hartmetalle. Ausreichend f\u00fcr 50 Proben. Alles inklusive!\" \/>\n<meta property=\"og:url\" content=\"https:\/\/akasel.com\/de\/shop\/demo-kit\/demo-kit-beschichtete-hartmetalle\/\" \/>\n<meta property=\"og:site_name\" content=\"AKASEL A\/S\" \/>\n<meta property=\"article:modified_time\" content=\"2026-01-05T05:26:55+00:00\" \/>\n<meta property=\"og:image\" content=\"https:\/\/akasel.com\/de\/wp-content\/uploads\/sites\/2\/2025\/07\/demo-kit-coated-sintered-carbides-768x621.png\" \/>\n\t<meta property=\"og:image:width\" content=\"768\" \/>\n\t<meta property=\"og:image:height\" content=\"621\" \/>\n\t<meta property=\"og:image:type\" content=\"image\/png\" \/>\n<meta name=\"twitter:card\" content=\"summary_large_image\" \/>\n<meta name=\"twitter:label1\" content=\"Gesch\u00e4tzte Lesezeit\" \/>\n\t<meta name=\"twitter:data1\" content=\"1 Minute\" \/>\n<!-- \/ Yoast SEO plugin. -->","yoast_head_json":{"title":"Akasel Demo Kit Beschichtete Hartmetalle | Testen Sie uns!","description":"Erleben Sie unsere Premium-Verbrauchsmaterialien mit dem Akasel Demo Kit f\u00fcr beschichtete Hartmetalle. Ausreichend f\u00fcr 50 Proben. Alles inklusive!","robots":{"index":"index","follow":"follow","max-snippet":"max-snippet:-1","max-image-preview":"max-image-preview:large","max-video-preview":"max-video-preview:-1"},"canonical":"https:\/\/akasel.com\/de\/shop\/demo-kit\/demo-kit-beschichtete-hartmetalle\/","og_locale":"de_DE","og_type":"article","og_title":"Akasel Demo Kit Beschichtete Hartmetalle | Testen Sie uns!","og_description":"Erleben Sie unsere Premium-Verbrauchsmaterialien mit dem Akasel Demo Kit f\u00fcr beschichtete Hartmetalle. Ausreichend f\u00fcr 50 Proben. Alles inklusive!","og_url":"https:\/\/akasel.com\/de\/shop\/demo-kit\/demo-kit-beschichtete-hartmetalle\/","og_site_name":"AKASEL A\/S","article_modified_time":"2026-01-05T05:26:55+00:00","og_image":[{"width":768,"height":621,"url":"https:\/\/akasel.com\/de\/wp-content\/uploads\/sites\/2\/2025\/07\/demo-kit-coated-sintered-carbides-768x621.png","type":"image\/png"}],"twitter_card":"summary_large_image","twitter_misc":{"Gesch\u00e4tzte Lesezeit":"1 Minute"},"schema":{"@context":"https:\/\/schema.org","@graph":[{"@type":"WebPage","@id":"https:\/\/akasel.com\/de\/shop\/demo-kit\/demo-kit-beschichtete-hartmetalle\/","url":"https:\/\/akasel.com\/de\/shop\/demo-kit\/demo-kit-beschichtete-hartmetalle\/","name":"Akasel Demo Kit Beschichtete Hartmetalle | Testen Sie uns!","isPartOf":{"@id":"https:\/\/akasel.com\/de\/#website"},"datePublished":"2021-01-26T13:06:31+00:00","dateModified":"2026-01-05T05:26:55+00:00","description":"Erleben Sie unsere Premium-Verbrauchsmaterialien mit dem Akasel Demo Kit f\u00fcr beschichtete Hartmetalle. Ausreichend f\u00fcr 50 Proben. Alles inklusive!","breadcrumb":{"@id":"https:\/\/akasel.com\/de\/shop\/demo-kit\/demo-kit-beschichtete-hartmetalle\/#breadcrumb"},"inLanguage":"de-DE","potentialAction":[{"@type":"ReadAction","target":["https:\/\/akasel.com\/de\/shop\/demo-kit\/demo-kit-beschichtete-hartmetalle\/"]}]},{"@type":"BreadcrumbList","@id":"https:\/\/akasel.com\/de\/shop\/demo-kit\/demo-kit-beschichtete-hartmetalle\/#breadcrumb","itemListElement":[{"@type":"ListItem","position":1,"name":"Home","item":"https:\/\/akasel.com\/de\/"},{"@type":"ListItem","position":2,"name":"Shop","item":"https:\/\/akasel.com\/de\/shop\/"},{"@type":"ListItem","position":3,"name":"Demo Kit Beschichtete Hartmetalle"}]},{"@type":"WebSite","@id":"https:\/\/akasel.com\/de\/#website","url":"https:\/\/akasel.com\/de\/","name":"AKASEL A\/S","description":"","potentialAction":[{"@type":"SearchAction","target":{"@type":"EntryPoint","urlTemplate":"https:\/\/akasel.com\/de\/?s={search_term_string}"},"query-input":"required name=search_term_string"}],"inLanguage":"de-DE"}]}},"_links":{"self":[{"href":"https:\/\/akasel.com\/de\/wp-json\/wp\/v3\/product\/10791"}],"collection":[{"href":"https:\/\/akasel.com\/de\/wp-json\/wp\/v3\/product"}],"about":[{"href":"https:\/\/akasel.com\/de\/wp-json\/wp\/v2\/types\/product"}],"wp:featuredmedia":[{"embeddable":true,"href":"https:\/\/akasel.com\/de\/wp-json\/wp\/v2\/media\/13063"}],"wp:attachment":[{"href":"https:\/\/akasel.com\/de\/wp-json\/wp\/v2\/media?parent=10791"}],"wp:term":[{"taxonomy":"product_cat","embeddable":true,"href":"https:\/\/akasel.com\/de\/wp-json\/wp\/v2\/product_cat?post=10791"},{"taxonomy":"product_tag","embeddable":true,"href":"https:\/\/akasel.com\/de\/wp-json\/wp\/v2\/product_tag?post=10791"}],"curies":[{"name":"wp","href":"https:\/\/api.w.org\/{rel}","templated":true}]}}