{"id":10798,"date":"2021-01-26T14:06:33","date_gmt":"2021-01-26T13:06:33","guid":{"rendered":"https:\/\/akasel.com\/de\/p\/demo-kit-hard-materials-700-2000-hv\/"},"modified":"2026-01-05T06:26:56","modified_gmt":"2026-01-05T05:26:56","slug":"demo-kit-harte-werkstoffe-700-2000-hv","status":"publish","type":"product","link":"https:\/\/akasel.com\/de\/shop\/demo-kit\/demo-kit-harte-werkstoffe-700-2000-hv\/","title":{"rendered":"Demo Kit Werkstoffe mit einer H\u00e4rte von 700-2000 HV"},"content":{"rendered":"","protected":false},"excerpt":{"rendered":"<p>Demo-Kit f\u00fcr die Pr\u00e4paration von harten Werkstoffen im Bereich von 700 &#8211; 2000 HV. Es enth\u00e4lt alle Verbrauchsmaterialien, die zur Durchf\u00fchrung dieser allgemeinen Methode ben\u00f6tigt werden.<\/p>\n<p>Dieses kurze und schnelle Verfahren wurde sorgf\u00e4ltig zwischen Oberfl\u00e4chenqualit\u00e4t und Wirtschaftlichkeit ausbalanciert.<\/p>\n<p>Link zur Aka-Brief Pr\u00e4parationsmethode: <a href=\"https:\/\/akasel.com\/de\/wp-content\/uploads\/sites\/2\/2024\/06\/aka-brief-2023-12-de9-web.pdf\" target=\"_blank\" rel=\"noopener noreferrer\">hier<\/a><\/p>\n","protected":false},"featured_media":13044,"template":"","meta":[],"product_cat":[348],"product_tag":[],"class_list":["post-10798","product","type-product","status-publish","has-post-thumbnail","hentry","product_cat-demo-kit"],"yoast_head":"<!-- This site is optimized with the Yoast SEO plugin v21.7 - https:\/\/yoast.com\/wordpress\/plugins\/seo\/ -->\n<title>Akasel Demo Kit Harte Werkstoffe 700-2000 HV | Testen Sie uns!<\/title>\n<meta name=\"description\" content=\"Entdecken Sie unsere Verbrauchsmaterialien mit dem Demo Kit f\u00fcr harte Werkstoffe 700-2000 HV. Ideal f\u00fcr neue Kunden, um unsere Produkte zu testen.\" \/>\n<meta name=\"robots\" content=\"index, follow, max-snippet:-1, max-image-preview:large, max-video-preview:-1\" \/>\n<link rel=\"canonical\" href=\"https:\/\/akasel.com\/de\/shop\/demo-kit\/demo-kit-harte-werkstoffe-700-2000-hv\/\" \/>\n<meta property=\"og:locale\" content=\"de_DE\" \/>\n<meta property=\"og:type\" content=\"article\" \/>\n<meta property=\"og:title\" content=\"Akasel Demo Kit Harte Werkstoffe 700-2000 HV | Testen Sie uns!\" \/>\n<meta property=\"og:description\" content=\"Entdecken Sie unsere Verbrauchsmaterialien mit dem Demo Kit f\u00fcr harte Werkstoffe 700-2000 HV. Ideal f\u00fcr neue Kunden, um unsere Produkte zu testen.\" \/>\n<meta property=\"og:url\" content=\"https:\/\/akasel.com\/de\/shop\/demo-kit\/demo-kit-harte-werkstoffe-700-2000-hv\/\" \/>\n<meta property=\"og:site_name\" content=\"AKASEL A\/S\" \/>\n<meta property=\"article:modified_time\" content=\"2026-01-05T05:26:56+00:00\" \/>\n<meta property=\"og:image\" content=\"https:\/\/akasel.com\/de\/wp-content\/uploads\/sites\/2\/2025\/07\/demo-kit-hard-materials-700-2000-hv-768x621.png\" \/>\n\t<meta property=\"og:image:width\" content=\"768\" \/>\n\t<meta property=\"og:image:height\" content=\"621\" \/>\n\t<meta property=\"og:image:type\" content=\"image\/png\" \/>\n<meta name=\"twitter:card\" content=\"summary_large_image\" \/>\n<meta name=\"twitter:label1\" content=\"Gesch\u00e4tzte Lesezeit\" \/>\n\t<meta name=\"twitter:data1\" content=\"1 Minute\" \/>\n<!-- \/ Yoast SEO plugin. -->","yoast_head_json":{"title":"Akasel Demo Kit Harte Werkstoffe 700-2000 HV | Testen Sie uns!","description":"Entdecken Sie unsere Verbrauchsmaterialien mit dem Demo Kit f\u00fcr harte Werkstoffe 700-2000 HV. Ideal f\u00fcr neue Kunden, um unsere Produkte zu testen.","robots":{"index":"index","follow":"follow","max-snippet":"max-snippet:-1","max-image-preview":"max-image-preview:large","max-video-preview":"max-video-preview:-1"},"canonical":"https:\/\/akasel.com\/de\/shop\/demo-kit\/demo-kit-harte-werkstoffe-700-2000-hv\/","og_locale":"de_DE","og_type":"article","og_title":"Akasel Demo Kit Harte Werkstoffe 700-2000 HV | Testen Sie uns!","og_description":"Entdecken Sie unsere Verbrauchsmaterialien mit dem Demo Kit f\u00fcr harte Werkstoffe 700-2000 HV. Ideal f\u00fcr neue Kunden, um unsere Produkte zu testen.","og_url":"https:\/\/akasel.com\/de\/shop\/demo-kit\/demo-kit-harte-werkstoffe-700-2000-hv\/","og_site_name":"AKASEL A\/S","article_modified_time":"2026-01-05T05:26:56+00:00","og_image":[{"width":768,"height":621,"url":"https:\/\/akasel.com\/de\/wp-content\/uploads\/sites\/2\/2025\/07\/demo-kit-hard-materials-700-2000-hv-768x621.png","type":"image\/png"}],"twitter_card":"summary_large_image","twitter_misc":{"Gesch\u00e4tzte Lesezeit":"1 Minute"},"schema":{"@context":"https:\/\/schema.org","@graph":[{"@type":"WebPage","@id":"https:\/\/akasel.com\/de\/shop\/demo-kit\/demo-kit-harte-werkstoffe-700-2000-hv\/","url":"https:\/\/akasel.com\/de\/shop\/demo-kit\/demo-kit-harte-werkstoffe-700-2000-hv\/","name":"Akasel Demo Kit Harte Werkstoffe 700-2000 HV | Testen Sie uns!","isPartOf":{"@id":"https:\/\/akasel.com\/de\/#website"},"datePublished":"2021-01-26T13:06:33+00:00","dateModified":"2026-01-05T05:26:56+00:00","description":"Entdecken Sie unsere Verbrauchsmaterialien mit dem Demo Kit f\u00fcr harte Werkstoffe 700-2000 HV. Ideal f\u00fcr neue Kunden, um unsere Produkte zu testen.","breadcrumb":{"@id":"https:\/\/akasel.com\/de\/shop\/demo-kit\/demo-kit-harte-werkstoffe-700-2000-hv\/#breadcrumb"},"inLanguage":"de-DE","potentialAction":[{"@type":"ReadAction","target":["https:\/\/akasel.com\/de\/shop\/demo-kit\/demo-kit-harte-werkstoffe-700-2000-hv\/"]}]},{"@type":"BreadcrumbList","@id":"https:\/\/akasel.com\/de\/shop\/demo-kit\/demo-kit-harte-werkstoffe-700-2000-hv\/#breadcrumb","itemListElement":[{"@type":"ListItem","position":1,"name":"Home","item":"https:\/\/akasel.com\/de\/"},{"@type":"ListItem","position":2,"name":"Shop","item":"https:\/\/akasel.com\/de\/shop\/"},{"@type":"ListItem","position":3,"name":"Demo Kit Werkstoffe mit einer H\u00e4rte von 700-2000 HV"}]},{"@type":"WebSite","@id":"https:\/\/akasel.com\/de\/#website","url":"https:\/\/akasel.com\/de\/","name":"AKASEL A\/S","description":"","potentialAction":[{"@type":"SearchAction","target":{"@type":"EntryPoint","urlTemplate":"https:\/\/akasel.com\/de\/?s={search_term_string}"},"query-input":"required name=search_term_string"}],"inLanguage":"de-DE"}]}},"_links":{"self":[{"href":"https:\/\/akasel.com\/de\/wp-json\/wp\/v3\/product\/10798"}],"collection":[{"href":"https:\/\/akasel.com\/de\/wp-json\/wp\/v3\/product"}],"about":[{"href":"https:\/\/akasel.com\/de\/wp-json\/wp\/v2\/types\/product"}],"wp:featuredmedia":[{"embeddable":true,"href":"https:\/\/akasel.com\/de\/wp-json\/wp\/v2\/media\/13044"}],"wp:attachment":[{"href":"https:\/\/akasel.com\/de\/wp-json\/wp\/v2\/media?parent=10798"}],"wp:term":[{"taxonomy":"product_cat","embeddable":true,"href":"https:\/\/akasel.com\/de\/wp-json\/wp\/v2\/product_cat?post=10798"},{"taxonomy":"product_tag","embeddable":true,"href":"https:\/\/akasel.com\/de\/wp-json\/wp\/v2\/product_tag?post=10798"}],"curies":[{"name":"wp","href":"https:\/\/api.w.org\/{rel}","templated":true}]}}