{"id":10895,"date":"2021-01-26T14:06:25","date_gmt":"2021-01-26T13:06:25","guid":{"rendered":"https:\/\/akasel.com\/de\/p\/fumed-silica-suspension-0-2-%c2%b5m-wf\/"},"modified":"2026-01-05T06:26:13","modified_gmt":"2026-01-05T05:26:13","slug":"fumed-silica-suspension-0-2-%c2%b5m-wf","status":"publish","type":"product","link":"https:\/\/akasel.com\/de\/shop\/oxidpolieren\/fumed-silica-suspension-0-2-%c2%b5m-wf\/","title":{"rendered":"Fumed Silica Suspension 0.2 \u00b5m WF"},"content":{"rendered":"<p>Inhalt verf\u00fcgbar: 1 l, 5 l<\/p>\n<p><a href=\"https:\/\/akasel.com\/wp-content\/uploads\/2024\/04\/sds-fumed-silica-suspension-02m-water-free-de-v20.pdf\">SDS Fumed Silica Suspension 200 nm Water-free (DE)<\/a><\/p>\n<p><a href=\"https:\/\/akasel.com\/de\/wp-content\/uploads\/sites\/2\/2024\/06\/oxidpolieren-produktbroschuere.pdf\">Oxidpolieren Produktbrosch\u00fcren<\/a><\/p>\n<div style=\"position: relative; padding-bottom: 56.25%; height: 0; overflow: hidden; max-width: 100%; height: auto;\">\n    <video style=\"position: absolute; top: 0; left: 0; width: 100%; height: 100%;\"  \ncontrols \n           preload=\"metadata\" \n           poster=\"https:\/\/akasel.com\/wp-content\/uploads\/2024\/10\/oxide-polishing-trick-thumbnail.jpg\"><source src=\"https:\/\/akasel.com\/wp-content\/uploads\/2024\/10\/oxide-polishing-long-version.mp4\" type=\"video\/mp4\">Your browser does not support video playback.<\/video>\n<\/div>\n","protected":false},"excerpt":{"rendered":"<p>Fumed Silica-Suspension f\u00fcr die Endpolitur von wasserempfindlichen metallografischen Proben.<\/p>\n<p>Silicakonzentration 240 g\/l<br \/>\nMedian (50%) 0,2 \u00b5m<\/p>\n<p>Vor Gebrauch sch\u00fctteln.<\/p>\n","protected":false},"featured_media":12117,"template":"","meta":[],"product_cat":[344,336],"product_tag":[],"class_list":["post-10895","product","type-product","status-publish","has-post-thumbnail","hentry","product_cat-metallographisches-polieren","product_cat-oxidpolieren"],"yoast_head":"<!-- This site is optimized with the Yoast SEO plugin v21.7 - https:\/\/yoast.com\/wordpress\/plugins\/seo\/ -->\n<title>Fumed Silica Suspension 0.2 \u00b5m WF | Oxidpolieren | Akasel A\/S<\/title>\n<meta name=\"description\" content=\"Wasserfreie Silica-Suspension f\u00fcr die Endpolitur wasserempfindlicher Proben. Sorgt f\u00fcr exzellente Oberfl\u00e4chen beim Oxidpolieren.\" \/>\n<meta name=\"robots\" content=\"index, follow, max-snippet:-1, max-image-preview:large, max-video-preview:-1\" \/>\n<link rel=\"canonical\" href=\"https:\/\/akasel.com\/de\/shop\/oxidpolieren\/fumed-silica-suspension-0-2-\u00b5m-wf\/\" \/>\n<meta property=\"og:locale\" content=\"de_DE\" \/>\n<meta property=\"og:type\" content=\"article\" \/>\n<meta property=\"og:title\" content=\"Fumed Silica Suspension 0.2 \u00b5m WF | Oxidpolieren | Akasel A\/S\" \/>\n<meta property=\"og:description\" content=\"Wasserfreie Silica-Suspension f\u00fcr die Endpolitur wasserempfindlicher Proben. Sorgt f\u00fcr exzellente Oberfl\u00e4chen beim Oxidpolieren.\" \/>\n<meta property=\"og:url\" content=\"https:\/\/akasel.com\/de\/shop\/oxidpolieren\/fumed-silica-suspension-0-2-\u00b5m-wf\/\" \/>\n<meta property=\"og:site_name\" content=\"AKASEL A\/S\" \/>\n<meta property=\"article:modified_time\" content=\"2026-01-05T05:26:13+00:00\" \/>\n<meta property=\"og:image\" content=\"https:\/\/akasel.com\/de\/wp-content\/uploads\/sites\/2\/2021\/01\/48133015.png\" \/>\n\t<meta property=\"og:image:width\" content=\"1198\" \/>\n\t<meta property=\"og:image:height\" content=\"2560\" \/>\n\t<meta property=\"og:image:type\" content=\"image\/png\" \/>\n<meta name=\"twitter:card\" content=\"summary_large_image\" \/>\n<meta name=\"twitter:label1\" content=\"Gesch\u00e4tzte Lesezeit\" \/>\n\t<meta name=\"twitter:data1\" content=\"1 Minute\" \/>\n<!-- \/ Yoast SEO plugin. -->","yoast_head_json":{"title":"Fumed Silica Suspension 0.2 \u00b5m WF | Oxidpolieren | Akasel A\/S","description":"Wasserfreie Silica-Suspension f\u00fcr die Endpolitur wasserempfindlicher Proben. Sorgt f\u00fcr exzellente Oberfl\u00e4chen beim Oxidpolieren.","robots":{"index":"index","follow":"follow","max-snippet":"max-snippet:-1","max-image-preview":"max-image-preview:large","max-video-preview":"max-video-preview:-1"},"canonical":"https:\/\/akasel.com\/de\/shop\/oxidpolieren\/fumed-silica-suspension-0-2-\u00b5m-wf\/","og_locale":"de_DE","og_type":"article","og_title":"Fumed Silica Suspension 0.2 \u00b5m WF | Oxidpolieren | Akasel A\/S","og_description":"Wasserfreie Silica-Suspension f\u00fcr die Endpolitur wasserempfindlicher Proben. Sorgt f\u00fcr exzellente Oberfl\u00e4chen beim Oxidpolieren.","og_url":"https:\/\/akasel.com\/de\/shop\/oxidpolieren\/fumed-silica-suspension-0-2-\u00b5m-wf\/","og_site_name":"AKASEL A\/S","article_modified_time":"2026-01-05T05:26:13+00:00","og_image":[{"width":1198,"height":2560,"url":"https:\/\/akasel.com\/de\/wp-content\/uploads\/sites\/2\/2021\/01\/48133015.png","type":"image\/png"}],"twitter_card":"summary_large_image","twitter_misc":{"Gesch\u00e4tzte Lesezeit":"1 Minute"},"schema":{"@context":"https:\/\/schema.org","@graph":[{"@type":"WebPage","@id":"https:\/\/akasel.com\/de\/shop\/oxidpolieren\/fumed-silica-suspension-0-2-%c2%b5m-wf\/","url":"https:\/\/akasel.com\/de\/shop\/oxidpolieren\/fumed-silica-suspension-0-2-%c2%b5m-wf\/","name":"Fumed Silica Suspension 0.2 \u00b5m WF | Oxidpolieren | Akasel A\/S","isPartOf":{"@id":"https:\/\/akasel.com\/de\/#website"},"datePublished":"2021-01-26T13:06:25+00:00","dateModified":"2026-01-05T05:26:13+00:00","description":"Wasserfreie Silica-Suspension f\u00fcr die Endpolitur wasserempfindlicher Proben. Sorgt f\u00fcr exzellente Oberfl\u00e4chen beim Oxidpolieren.","breadcrumb":{"@id":"https:\/\/akasel.com\/de\/shop\/oxidpolieren\/fumed-silica-suspension-0-2-%c2%b5m-wf\/#breadcrumb"},"inLanguage":"de-DE","potentialAction":[{"@type":"ReadAction","target":["https:\/\/akasel.com\/de\/shop\/oxidpolieren\/fumed-silica-suspension-0-2-%c2%b5m-wf\/"]}]},{"@type":"BreadcrumbList","@id":"https:\/\/akasel.com\/de\/shop\/oxidpolieren\/fumed-silica-suspension-0-2-%c2%b5m-wf\/#breadcrumb","itemListElement":[{"@type":"ListItem","position":1,"name":"Home","item":"https:\/\/akasel.com\/de\/"},{"@type":"ListItem","position":2,"name":"Shop","item":"https:\/\/akasel.com\/de\/shop\/"},{"@type":"ListItem","position":3,"name":"Fumed Silica Suspension 0.2 \u00b5m WF"}]},{"@type":"WebSite","@id":"https:\/\/akasel.com\/de\/#website","url":"https:\/\/akasel.com\/de\/","name":"AKASEL A\/S","description":"","potentialAction":[{"@type":"SearchAction","target":{"@type":"EntryPoint","urlTemplate":"https:\/\/akasel.com\/de\/?s={search_term_string}"},"query-input":"required name=search_term_string"}],"inLanguage":"de-DE"}]}},"_links":{"self":[{"href":"https:\/\/akasel.com\/de\/wp-json\/wp\/v3\/product\/10895"}],"collection":[{"href":"https:\/\/akasel.com\/de\/wp-json\/wp\/v3\/product"}],"about":[{"href":"https:\/\/akasel.com\/de\/wp-json\/wp\/v2\/types\/product"}],"wp:featuredmedia":[{"embeddable":true,"href":"https:\/\/akasel.com\/de\/wp-json\/wp\/v2\/media\/12117"}],"wp:attachment":[{"href":"https:\/\/akasel.com\/de\/wp-json\/wp\/v2\/media?parent=10895"}],"wp:term":[{"taxonomy":"product_cat","embeddable":true,"href":"https:\/\/akasel.com\/de\/wp-json\/wp\/v2\/product_cat?post=10895"},{"taxonomy":"product_tag","embeddable":true,"href":"https:\/\/akasel.com\/de\/wp-json\/wp\/v2\/product_tag?post=10895"}],"curies":[{"name":"wp","href":"https:\/\/api.w.org\/{rel}","templated":true}]}}