{"id":10903,"date":"2021-01-26T14:05:52","date_gmt":"2021-01-26T13:05:52","guid":{"rendered":"https:\/\/akasel.com\/de\/p\/mag-moran-u\/"},"modified":"2026-01-05T06:24:57","modified_gmt":"2026-01-05T05:24:57","slug":"mag-moran-u","status":"publish","type":"product","link":"https:\/\/akasel.com\/de\/shop\/metallographisches-polieren\/poliertuecher\/mag-moran-u\/","title":{"rendered":"Mag-Moran-U"},"content":{"rendered":"<p>Verf\u00fcgbare Gr\u00f6\u00dfe: 200 mm, 250 mm, 300 mm, 350 mm<\/p>\n<p>Inhalt verf\u00fcgbar: 5 pcs.<\/p>\n<p><a href=\"https:\/\/akasel.com\/de\/wp-content\/uploads\/sites\/2\/2024\/05\/3900de.pdf\">PDS Magnetische Poliert\u00fccher (DE)<\/a><\/p>\n<p><a href=\"https:\/\/akasel.com\/wp-content\/uploads\/2020\/11\/98012865-67420001_mag-cloth.pdf\">Magnetische Poliert\u00fccher Bedienungsanleitungen<\/a><\/p>\n<p><a href=\"https:\/\/akasel.com\/de\/wp-content\/uploads\/sites\/2\/2024\/06\/poliertuecher-produktbroschuere.pdf\">Poliert\u00fccher Produktbrosch\u00fcren<\/a><\/p>\n<div style=\"position: relative; padding-bottom: 56.25%; height: 0; overflow: hidden; max-width: 100%; height: auto;\">\n    <video style=\"position: absolute; top: 0; left: 0; width: 100%; height: 100%;\"  \ncontrols \n           preload=\"metadata\" \n           poster=\"https:\/\/akasel.com\/wp-content\/uploads\/2024\/10\/mag-polishing-cloth-thumbnail.jpg\"><source src=\"https:\/\/akasel.com\/wp-content\/uploads\/2024\/10\/user-guide-mag-polishing-cloth-2024.mp4\" type=\"video\/mp4\">Your browser does not support video playback.<\/video>\n<\/div>\n","protected":false},"excerpt":{"rendered":"<p>Poliertuch zur Verwendung auf einer magnetischen Tr\u00e4gerscheibe.<\/p>\n<p>Zum Polieren und Endpolieren von Buntmetallen und Eisenmetallen.<\/p>\n<p>Moran-U ist ein weich gewebtes Wolltuch zum Polieren mit 6 &#8211; 3 \u00b5m Diamanten und zum Endpolieren mit 1 \u00b5m Diamanten. Es kann zum einstufigen Polieren mit 3 \u00b5m oder 2,5 \u00b5m Diamantsuspension f\u00fcr weiche St\u00e4hle eingesetzt werden.<\/p>\n<p>Aufgrund seiner offenen Struktur eignet sich Moran-U hervorragend zum gleichm\u00e4\u00dfigen Polieren gro\u00dfer Proben.<\/p>\n<p>Verwenden Sie mittlere Kr\u00e4fte; 15 &#8211; 25 N f\u00fcr eine 30 mm Probe.<\/p>\n","protected":false},"featured_media":12102,"template":"","meta":[],"product_cat":[309,344,303],"product_tag":[],"class_list":["post-10903","product","type-product","status-publish","has-post-thumbnail","hentry","product_cat-magnetic-de","product_cat-metallographisches-polieren","product_cat-poliertuecher"],"yoast_head":"<!-- This site is optimized with the Yoast SEO plugin v21.7 - https:\/\/yoast.com\/wordpress\/plugins\/seo\/ -->\n<title>Mag-Moran-U | Magnetisches Poliertuch f\u00fcr Metallografie | Akasel<\/title>\n<meta name=\"description\" content=\"Magnetisches Poliertuch f\u00fcr die Metallografie \u2013 ideal f\u00fcr feine Polierstufen harter Werkstoffe mit hoher Planheit und gleichm\u00e4\u00dfiger Oberfl\u00e4che.\" \/>\n<meta name=\"robots\" content=\"index, follow, max-snippet:-1, max-image-preview:large, max-video-preview:-1\" \/>\n<link rel=\"canonical\" href=\"https:\/\/akasel.com\/de\/shop\/metallographisches-polieren\/poliertuecher\/mag-moran-u\/\" \/>\n<meta property=\"og:locale\" content=\"de_DE\" \/>\n<meta property=\"og:type\" content=\"article\" \/>\n<meta property=\"og:title\" content=\"Mag-Moran-U | Magnetisches Poliertuch f\u00fcr Metallografie | Akasel\" \/>\n<meta property=\"og:description\" content=\"Magnetisches Poliertuch f\u00fcr die Metallografie \u2013 ideal f\u00fcr feine Polierstufen harter Werkstoffe mit hoher Planheit und gleichm\u00e4\u00dfiger Oberfl\u00e4che.\" \/>\n<meta property=\"og:url\" content=\"https:\/\/akasel.com\/de\/shop\/metallographisches-polieren\/poliertuecher\/mag-moran-u\/\" \/>\n<meta property=\"og:site_name\" content=\"AKASEL A\/S\" \/>\n<meta property=\"article:modified_time\" content=\"2026-01-05T05:24:57+00:00\" \/>\n<meta property=\"og:image\" content=\"https:\/\/akasel.com\/de\/wp-content\/uploads\/sites\/2\/2021\/01\/mag-moran-u-768x768.png\" \/>\n\t<meta property=\"og:image:width\" content=\"768\" \/>\n\t<meta property=\"og:image:height\" content=\"768\" \/>\n\t<meta property=\"og:image:type\" content=\"image\/png\" \/>\n<meta name=\"twitter:card\" content=\"summary_large_image\" \/>\n<meta name=\"twitter:label1\" content=\"Gesch\u00e4tzte Lesezeit\" \/>\n\t<meta name=\"twitter:data1\" content=\"1 Minute\" \/>\n<!-- \/ Yoast SEO plugin. -->","yoast_head_json":{"title":"Mag-Moran-U | Magnetisches Poliertuch f\u00fcr Metallografie | Akasel","description":"Magnetisches Poliertuch f\u00fcr die Metallografie \u2013 ideal f\u00fcr feine Polierstufen harter Werkstoffe mit hoher Planheit und gleichm\u00e4\u00dfiger Oberfl\u00e4che.","robots":{"index":"index","follow":"follow","max-snippet":"max-snippet:-1","max-image-preview":"max-image-preview:large","max-video-preview":"max-video-preview:-1"},"canonical":"https:\/\/akasel.com\/de\/shop\/metallographisches-polieren\/poliertuecher\/mag-moran-u\/","og_locale":"de_DE","og_type":"article","og_title":"Mag-Moran-U | Magnetisches Poliertuch f\u00fcr Metallografie | Akasel","og_description":"Magnetisches Poliertuch f\u00fcr die Metallografie \u2013 ideal f\u00fcr feine Polierstufen harter Werkstoffe mit hoher Planheit und gleichm\u00e4\u00dfiger Oberfl\u00e4che.","og_url":"https:\/\/akasel.com\/de\/shop\/metallographisches-polieren\/poliertuecher\/mag-moran-u\/","og_site_name":"AKASEL A\/S","article_modified_time":"2026-01-05T05:24:57+00:00","og_image":[{"width":768,"height":768,"url":"https:\/\/akasel.com\/de\/wp-content\/uploads\/sites\/2\/2021\/01\/mag-moran-u-768x768.png","type":"image\/png"}],"twitter_card":"summary_large_image","twitter_misc":{"Gesch\u00e4tzte Lesezeit":"1 Minute"},"schema":{"@context":"https:\/\/schema.org","@graph":[{"@type":"WebPage","@id":"https:\/\/akasel.com\/de\/shop\/metallographisches-polieren\/poliertuecher\/mag-moran-u\/","url":"https:\/\/akasel.com\/de\/shop\/metallographisches-polieren\/poliertuecher\/mag-moran-u\/","name":"Mag-Moran-U | Magnetisches Poliertuch f\u00fcr Metallografie | Akasel","isPartOf":{"@id":"https:\/\/akasel.com\/de\/#website"},"datePublished":"2021-01-26T13:05:52+00:00","dateModified":"2026-01-05T05:24:57+00:00","description":"Magnetisches Poliertuch f\u00fcr die Metallografie \u2013 ideal f\u00fcr feine Polierstufen harter Werkstoffe mit hoher Planheit und gleichm\u00e4\u00dfiger Oberfl\u00e4che.","breadcrumb":{"@id":"https:\/\/akasel.com\/de\/shop\/metallographisches-polieren\/poliertuecher\/mag-moran-u\/#breadcrumb"},"inLanguage":"de-DE","potentialAction":[{"@type":"ReadAction","target":["https:\/\/akasel.com\/de\/shop\/metallographisches-polieren\/poliertuecher\/mag-moran-u\/"]}]},{"@type":"BreadcrumbList","@id":"https:\/\/akasel.com\/de\/shop\/metallographisches-polieren\/poliertuecher\/mag-moran-u\/#breadcrumb","itemListElement":[{"@type":"ListItem","position":1,"name":"Home","item":"https:\/\/akasel.com\/de\/"},{"@type":"ListItem","position":2,"name":"Shop","item":"https:\/\/akasel.com\/de\/shop\/"},{"@type":"ListItem","position":3,"name":"Mag-Moran-U"}]},{"@type":"WebSite","@id":"https:\/\/akasel.com\/de\/#website","url":"https:\/\/akasel.com\/de\/","name":"AKASEL A\/S","description":"","potentialAction":[{"@type":"SearchAction","target":{"@type":"EntryPoint","urlTemplate":"https:\/\/akasel.com\/de\/?s={search_term_string}"},"query-input":"required name=search_term_string"}],"inLanguage":"de-DE"}]}},"_links":{"self":[{"href":"https:\/\/akasel.com\/de\/wp-json\/wp\/v3\/product\/10903"}],"collection":[{"href":"https:\/\/akasel.com\/de\/wp-json\/wp\/v3\/product"}],"about":[{"href":"https:\/\/akasel.com\/de\/wp-json\/wp\/v2\/types\/product"}],"wp:featuredmedia":[{"embeddable":true,"href":"https:\/\/akasel.com\/de\/wp-json\/wp\/v2\/media\/12102"}],"wp:attachment":[{"href":"https:\/\/akasel.com\/de\/wp-json\/wp\/v2\/media?parent=10903"}],"wp:term":[{"taxonomy":"product_cat","embeddable":true,"href":"https:\/\/akasel.com\/de\/wp-json\/wp\/v2\/product_cat?post=10903"},{"taxonomy":"product_tag","embeddable":true,"href":"https:\/\/akasel.com\/de\/wp-json\/wp\/v2\/product_tag?post=10903"}],"curies":[{"name":"wp","href":"https:\/\/api.w.org\/{rel}","templated":true}]}}