{"id":10919,"date":"2021-01-26T14:05:45","date_gmt":"2021-01-26T13:05:45","guid":{"rendered":"https:\/\/akasel.com\/de\/p\/rhaco-grit-p1000\/"},"modified":"2026-01-05T06:24:05","modified_gmt":"2026-01-05T05:24:05","slug":"rhaco-grit-p1000","status":"publish","type":"product","link":"https:\/\/akasel.com\/de\/shop\/schleifpapier\/grinding-paper-fine-grinding-de\/rhaco-grit-p1000\/","title":{"rendered":"Rhaco Grit P1000"},"content":{"rendered":"<p>Verf\u00fcgbare Gr\u00f6\u00dfe: 200 mm, 230 mm, 250 mm, 300 mm, 200 mm<\/p>\n<p>Inhalt verf\u00fcgbar: 100 pcs.<\/p>\n<p><a href=\"https:\/\/akasel.com\/de\/wp-content\/uploads\/sites\/2\/2024\/05\/7000de.pdf\">PDS Rhaco-Grit (DE)<\/a><\/p>\n<p><a href=\"https:\/\/akasel.com\/wp-content\/uploads\/2023\/03\/98012866-67350002-manual-rhaco-grit-ukde-a5.pdf\"> Rhaco Grit Bedienungsanleitungen (DE)<\/a><\/p>\n<div style=\"position: relative; padding-bottom: 56.25%; height: 0; overflow: hidden; max-width: 100%; height: auto;\">\n    <video style=\"position: absolute; top: 0; left: 0; width: 100%; height: 100%;\"  \ncontrols \n           preload=\"metadata\" \n           poster=\"https:\/\/akasel.com\/wp-content\/uploads\/2024\/10\/rhaco-gritt-thumbnail.jpg\"><source src=\"https:\/\/akasel.com\/wp-content\/uploads\/2024\/10\/userguide-rhacogrit-updated-2024.mp4\" type=\"video\/mp4\">Your browser does not support video playback.<\/video>\n<\/div>\n","protected":false},"excerpt":{"rendered":"<p>Rhaco Grit ist ein hochwertiges Schleifpapier, das zum Schleifen aller Materialien verwendet werden kann. Es ist jedoch die optimale Wahl beim Schleifen weicher und duktiler Materialien.<\/p>\n<p>Rhaco Grit f\u00fcr den Feinschliff bietet aufgrund seiner Herstellungsweise eine gute Randsch\u00e4rfe und optimale Ebenheit. Kein Aufrollen.<\/p>\n<p>Bei Verwendung mit <a href=\"https:\/\/akasel.com\/de\/shop\/metallographisches-polieren\/poliertuecher\/aka-rhaco-3\/\">unserer einzigartigen Aka-Rhaco<\/a> kann es teure PSA- oder folienkaschierte Schleifpapiere ersetzen.<\/p>\n","protected":false},"featured_media":12089,"template":"","meta":[],"product_cat":[325,334],"product_tag":[],"class_list":["post-10919","product","type-product","status-publish","has-post-thumbnail","hentry","product_cat-grinding-paper-fine-grinding-de","product_cat-schleifen"],"yoast_head":"<!-- This site is optimized with the Yoast SEO plugin v21.7 - https:\/\/yoast.com\/wordpress\/plugins\/seo\/ -->\n<title>Rhaco Grit P1000 | Feinschleifpapier f\u00fcr Metallografie | Akasel A\/S<\/title>\n<meta name=\"description\" content=\"Feinschleifpapier f\u00fcr pr\u00e4zise und konsistente Oberfl\u00e4chenvorbereitung. Ideal f\u00fcr weiche und duktile Materialien in metallografischen Anwendungen.\" \/>\n<meta name=\"robots\" content=\"index, follow, max-snippet:-1, max-image-preview:large, max-video-preview:-1\" \/>\n<link rel=\"canonical\" href=\"https:\/\/akasel.com\/de\/shop\/schleifpapier\/grinding-paper-fine-grinding-de\/rhaco-grit-p1000\/\" \/>\n<meta property=\"og:locale\" content=\"de_DE\" \/>\n<meta property=\"og:type\" content=\"article\" \/>\n<meta property=\"og:title\" content=\"Rhaco Grit P1000 | Feinschleifpapier f\u00fcr Metallografie | Akasel A\/S\" \/>\n<meta property=\"og:description\" content=\"Feinschleifpapier f\u00fcr pr\u00e4zise und konsistente Oberfl\u00e4chenvorbereitung. Ideal f\u00fcr weiche und duktile Materialien in metallografischen Anwendungen.\" \/>\n<meta property=\"og:url\" content=\"https:\/\/akasel.com\/de\/shop\/schleifpapier\/grinding-paper-fine-grinding-de\/rhaco-grit-p1000\/\" \/>\n<meta property=\"og:site_name\" content=\"AKASEL A\/S\" \/>\n<meta property=\"article:modified_time\" content=\"2026-01-05T05:24:05+00:00\" \/>\n<meta property=\"og:image\" content=\"https:\/\/akasel.com\/de\/wp-content\/uploads\/sites\/2\/2023\/05\/rhaco-grit-768x752.png\" \/>\n\t<meta property=\"og:image:width\" content=\"768\" \/>\n\t<meta property=\"og:image:height\" content=\"752\" \/>\n\t<meta property=\"og:image:type\" content=\"image\/png\" \/>\n<meta name=\"twitter:card\" content=\"summary_large_image\" \/>\n<meta name=\"twitter:label1\" content=\"Gesch\u00e4tzte Lesezeit\" \/>\n\t<meta name=\"twitter:data1\" content=\"1 Minute\" \/>\n<!-- \/ Yoast SEO plugin. -->","yoast_head_json":{"title":"Rhaco Grit P1000 | Feinschleifpapier f\u00fcr Metallografie | Akasel A\/S","description":"Feinschleifpapier f\u00fcr pr\u00e4zise und konsistente Oberfl\u00e4chenvorbereitung. Ideal f\u00fcr weiche und duktile Materialien in metallografischen Anwendungen.","robots":{"index":"index","follow":"follow","max-snippet":"max-snippet:-1","max-image-preview":"max-image-preview:large","max-video-preview":"max-video-preview:-1"},"canonical":"https:\/\/akasel.com\/de\/shop\/schleifpapier\/grinding-paper-fine-grinding-de\/rhaco-grit-p1000\/","og_locale":"de_DE","og_type":"article","og_title":"Rhaco Grit P1000 | Feinschleifpapier f\u00fcr Metallografie | Akasel A\/S","og_description":"Feinschleifpapier f\u00fcr pr\u00e4zise und konsistente Oberfl\u00e4chenvorbereitung. Ideal f\u00fcr weiche und duktile Materialien in metallografischen Anwendungen.","og_url":"https:\/\/akasel.com\/de\/shop\/schleifpapier\/grinding-paper-fine-grinding-de\/rhaco-grit-p1000\/","og_site_name":"AKASEL A\/S","article_modified_time":"2026-01-05T05:24:05+00:00","og_image":[{"width":768,"height":752,"url":"https:\/\/akasel.com\/de\/wp-content\/uploads\/sites\/2\/2023\/05\/rhaco-grit-768x752.png","type":"image\/png"}],"twitter_card":"summary_large_image","twitter_misc":{"Gesch\u00e4tzte Lesezeit":"1 Minute"},"schema":{"@context":"https:\/\/schema.org","@graph":[{"@type":"WebPage","@id":"https:\/\/akasel.com\/de\/shop\/schleifpapier\/grinding-paper-fine-grinding-de\/rhaco-grit-p1000\/","url":"https:\/\/akasel.com\/de\/shop\/schleifpapier\/grinding-paper-fine-grinding-de\/rhaco-grit-p1000\/","name":"Rhaco Grit P1000 | Feinschleifpapier f\u00fcr Metallografie | Akasel A\/S","isPartOf":{"@id":"https:\/\/akasel.com\/de\/#website"},"datePublished":"2021-01-26T13:05:45+00:00","dateModified":"2026-01-05T05:24:05+00:00","description":"Feinschleifpapier f\u00fcr pr\u00e4zise und konsistente Oberfl\u00e4chenvorbereitung. Ideal f\u00fcr weiche und duktile Materialien in metallografischen Anwendungen.","breadcrumb":{"@id":"https:\/\/akasel.com\/de\/shop\/schleifpapier\/grinding-paper-fine-grinding-de\/rhaco-grit-p1000\/#breadcrumb"},"inLanguage":"de-DE","potentialAction":[{"@type":"ReadAction","target":["https:\/\/akasel.com\/de\/shop\/schleifpapier\/grinding-paper-fine-grinding-de\/rhaco-grit-p1000\/"]}]},{"@type":"BreadcrumbList","@id":"https:\/\/akasel.com\/de\/shop\/schleifpapier\/grinding-paper-fine-grinding-de\/rhaco-grit-p1000\/#breadcrumb","itemListElement":[{"@type":"ListItem","position":1,"name":"Home","item":"https:\/\/akasel.com\/de\/"},{"@type":"ListItem","position":2,"name":"Shop","item":"https:\/\/akasel.com\/de\/shop\/"},{"@type":"ListItem","position":3,"name":"Rhaco Grit P1000"}]},{"@type":"WebSite","@id":"https:\/\/akasel.com\/de\/#website","url":"https:\/\/akasel.com\/de\/","name":"AKASEL A\/S","description":"","potentialAction":[{"@type":"SearchAction","target":{"@type":"EntryPoint","urlTemplate":"https:\/\/akasel.com\/de\/?s={search_term_string}"},"query-input":"required name=search_term_string"}],"inLanguage":"de-DE"}]}},"_links":{"self":[{"href":"https:\/\/akasel.com\/de\/wp-json\/wp\/v3\/product\/10919"}],"collection":[{"href":"https:\/\/akasel.com\/de\/wp-json\/wp\/v3\/product"}],"about":[{"href":"https:\/\/akasel.com\/de\/wp-json\/wp\/v2\/types\/product"}],"wp:featuredmedia":[{"embeddable":true,"href":"https:\/\/akasel.com\/de\/wp-json\/wp\/v2\/media\/12089"}],"wp:attachment":[{"href":"https:\/\/akasel.com\/de\/wp-json\/wp\/v2\/media?parent=10919"}],"wp:term":[{"taxonomy":"product_cat","embeddable":true,"href":"https:\/\/akasel.com\/de\/wp-json\/wp\/v2\/product_cat?post=10919"},{"taxonomy":"product_tag","embeddable":true,"href":"https:\/\/akasel.com\/de\/wp-json\/wp\/v2\/product_tag?post=10919"}],"curies":[{"name":"wp","href":"https:\/\/api.w.org\/{rel}","templated":true}]}}