{"id":10926,"date":"2021-01-26T14:05:43","date_gmt":"2021-01-26T13:05:43","guid":{"rendered":"https:\/\/akasel.com\/de\/p\/rhaco-grit-p220\/"},"modified":"2026-01-05T06:24:04","modified_gmt":"2026-01-05T05:24:04","slug":"rhaco-grit-p220","status":"publish","type":"product","link":"https:\/\/akasel.com\/de\/shop\/schleifpapier\/grinding-paper-plane-grinding-de\/rhaco-grit-p220\/","title":{"rendered":"Rhaco Grit P220"},"content":{"rendered":"<p>Verf\u00fcgbare Gr\u00f6\u00dfe: 200 mm, 230 mm, 250 mm, 300 mm<\/p>\n<p>Inhalt verf\u00fcgbar: 100 pcs.<\/p>\n<p><a href=\"https:\/\/akasel.com\/de\/wp-content\/uploads\/sites\/2\/2024\/05\/7000de.pdf\">PDS Rhaco-Grit (DE)<\/a><\/p>\n<p><a href=\"https:\/\/akasel.com\/wp-content\/uploads\/2023\/03\/98012866-67350002-manual-rhaco-grit-ukde-a5.pdf\"> Rhaco Grit Bedienungsanleitungen (DE)<\/a><\/p>\n<div style=\"position: relative; padding-bottom: 56.25%; height: 0; overflow: hidden; max-width: 100%; height: auto;\">\n    <video style=\"position: absolute; top: 0; left: 0; width: 100%; height: 100%;\"  \ncontrols \n           preload=\"metadata\" \n           poster=\"https:\/\/akasel.com\/wp-content\/uploads\/2024\/10\/rhaco-gritt-thumbnail.jpg\"><source src=\"https:\/\/akasel.com\/wp-content\/uploads\/2024\/10\/userguide-rhacogrit-updated-2024.mp4\" type=\"video\/mp4\">Your browser does not support video playback.<\/video>\n<\/div>\n","protected":false},"excerpt":{"rendered":"<p>Rhaco Grit ist ein hochwertiges Schleifpapier, das zum Planschleifen aller Materialien verwendet werden kann, aber die optimale Wahl ist, wenn Sie weiche und duktile Materialien bearbeiten.<\/p>\n<p>Durch die Verwendung von Al\u2082O\u2083 als Schleifmittel bietet es eine 2 &#8211; 3 mal l\u00e4ngere Lebensdauer und einen 100% h\u00f6heren Materialabtrag als herk\u00f6mmliches Schleifpapier. Das macht Rhaco Grit zur optimalen Wahl f\u00fcr schnelles Schleifen. Kein Aufrollen.<\/p>\n<p>Rhaco Grit kann teure PSA- oder folienkaschierte Schleifpapiere ersetzen, wenn es mit unserer <a href=\"https:\/\/akasel.com\/de\/shop\/metallographisches-polieren\/poliertuecher\/aka-rhaco-3\/\">einzigartigen Aka-Rhaco<\/a> verwendet wird.<\/p>\n","protected":false},"featured_media":12089,"template":"","meta":[],"product_cat":[308,334,335],"product_tag":[],"class_list":["post-10926","product","type-product","status-publish","has-post-thumbnail","hentry","product_cat-grinding-paper-plane-grinding-de","product_cat-schleifen","product_cat-schleifpapier"],"yoast_head":"<!-- This site is optimized with the Yoast SEO plugin v21.7 - https:\/\/yoast.com\/wordpress\/plugins\/seo\/ -->\n<title>Rhaco Grit P220 | Schleifpapier f\u00fcr Metallografie | AKASEL A\/S<\/title>\n<meta name=\"description\" content=\"Schleifpapier f\u00fcr die Metallografie \u2013 ideal f\u00fcr das Planschleifen mit gleichm\u00e4\u00dfigem Abtrag, langer Standzeit und guter Oberfl\u00e4chenqualit\u00e4t.\" \/>\n<meta name=\"robots\" content=\"index, follow, max-snippet:-1, max-image-preview:large, max-video-preview:-1\" \/>\n<link rel=\"canonical\" href=\"https:\/\/akasel.com\/de\/shop\/schleifpapier\/grinding-paper-plane-grinding-de\/rhaco-grit-p220\/\" \/>\n<meta property=\"og:locale\" content=\"de_DE\" \/>\n<meta property=\"og:type\" content=\"article\" \/>\n<meta property=\"og:title\" content=\"Rhaco Grit P220 | Schleifpapier f\u00fcr Metallografie | AKASEL A\/S\" \/>\n<meta property=\"og:description\" content=\"Schleifpapier f\u00fcr die Metallografie \u2013 ideal f\u00fcr das Planschleifen mit gleichm\u00e4\u00dfigem Abtrag, langer Standzeit und guter Oberfl\u00e4chenqualit\u00e4t.\" \/>\n<meta property=\"og:url\" content=\"https:\/\/akasel.com\/de\/shop\/schleifpapier\/grinding-paper-plane-grinding-de\/rhaco-grit-p220\/\" \/>\n<meta property=\"og:site_name\" content=\"AKASEL A\/S\" \/>\n<meta property=\"article:modified_time\" content=\"2026-01-05T05:24:04+00:00\" \/>\n<meta property=\"og:image\" content=\"https:\/\/akasel.com\/de\/wp-content\/uploads\/sites\/2\/2023\/05\/rhaco-grit-768x752.png\" \/>\n\t<meta property=\"og:image:width\" content=\"768\" \/>\n\t<meta property=\"og:image:height\" content=\"752\" \/>\n\t<meta property=\"og:image:type\" content=\"image\/png\" \/>\n<meta name=\"twitter:card\" content=\"summary_large_image\" \/>\n<meta name=\"twitter:label1\" content=\"Gesch\u00e4tzte Lesezeit\" \/>\n\t<meta name=\"twitter:data1\" content=\"1 Minute\" \/>\n<!-- \/ Yoast SEO plugin. -->","yoast_head_json":{"title":"Rhaco Grit P220 | Schleifpapier f\u00fcr Metallografie | AKASEL A\/S","description":"Schleifpapier f\u00fcr die Metallografie \u2013 ideal f\u00fcr das Planschleifen mit gleichm\u00e4\u00dfigem Abtrag, langer Standzeit und guter Oberfl\u00e4chenqualit\u00e4t.","robots":{"index":"index","follow":"follow","max-snippet":"max-snippet:-1","max-image-preview":"max-image-preview:large","max-video-preview":"max-video-preview:-1"},"canonical":"https:\/\/akasel.com\/de\/shop\/schleifpapier\/grinding-paper-plane-grinding-de\/rhaco-grit-p220\/","og_locale":"de_DE","og_type":"article","og_title":"Rhaco Grit P220 | Schleifpapier f\u00fcr Metallografie | AKASEL A\/S","og_description":"Schleifpapier f\u00fcr die Metallografie \u2013 ideal f\u00fcr das Planschleifen mit gleichm\u00e4\u00dfigem Abtrag, langer Standzeit und guter Oberfl\u00e4chenqualit\u00e4t.","og_url":"https:\/\/akasel.com\/de\/shop\/schleifpapier\/grinding-paper-plane-grinding-de\/rhaco-grit-p220\/","og_site_name":"AKASEL A\/S","article_modified_time":"2026-01-05T05:24:04+00:00","og_image":[{"width":768,"height":752,"url":"https:\/\/akasel.com\/de\/wp-content\/uploads\/sites\/2\/2023\/05\/rhaco-grit-768x752.png","type":"image\/png"}],"twitter_card":"summary_large_image","twitter_misc":{"Gesch\u00e4tzte Lesezeit":"1 Minute"},"schema":{"@context":"https:\/\/schema.org","@graph":[{"@type":"WebPage","@id":"https:\/\/akasel.com\/de\/shop\/schleifpapier\/grinding-paper-plane-grinding-de\/rhaco-grit-p220\/","url":"https:\/\/akasel.com\/de\/shop\/schleifpapier\/grinding-paper-plane-grinding-de\/rhaco-grit-p220\/","name":"Rhaco Grit P220 | Schleifpapier f\u00fcr Metallografie | AKASEL A\/S","isPartOf":{"@id":"https:\/\/akasel.com\/de\/#website"},"datePublished":"2021-01-26T13:05:43+00:00","dateModified":"2026-01-05T05:24:04+00:00","description":"Schleifpapier f\u00fcr die Metallografie \u2013 ideal f\u00fcr das Planschleifen mit gleichm\u00e4\u00dfigem Abtrag, langer Standzeit und guter Oberfl\u00e4chenqualit\u00e4t.","breadcrumb":{"@id":"https:\/\/akasel.com\/de\/shop\/schleifpapier\/grinding-paper-plane-grinding-de\/rhaco-grit-p220\/#breadcrumb"},"inLanguage":"de-DE","potentialAction":[{"@type":"ReadAction","target":["https:\/\/akasel.com\/de\/shop\/schleifpapier\/grinding-paper-plane-grinding-de\/rhaco-grit-p220\/"]}]},{"@type":"BreadcrumbList","@id":"https:\/\/akasel.com\/de\/shop\/schleifpapier\/grinding-paper-plane-grinding-de\/rhaco-grit-p220\/#breadcrumb","itemListElement":[{"@type":"ListItem","position":1,"name":"Home","item":"https:\/\/akasel.com\/de\/"},{"@type":"ListItem","position":2,"name":"Shop","item":"https:\/\/akasel.com\/de\/shop\/"},{"@type":"ListItem","position":3,"name":"Rhaco Grit P220"}]},{"@type":"WebSite","@id":"https:\/\/akasel.com\/de\/#website","url":"https:\/\/akasel.com\/de\/","name":"AKASEL A\/S","description":"","potentialAction":[{"@type":"SearchAction","target":{"@type":"EntryPoint","urlTemplate":"https:\/\/akasel.com\/de\/?s={search_term_string}"},"query-input":"required name=search_term_string"}],"inLanguage":"de-DE"}]}},"_links":{"self":[{"href":"https:\/\/akasel.com\/de\/wp-json\/wp\/v3\/product\/10926"}],"collection":[{"href":"https:\/\/akasel.com\/de\/wp-json\/wp\/v3\/product"}],"about":[{"href":"https:\/\/akasel.com\/de\/wp-json\/wp\/v2\/types\/product"}],"wp:featuredmedia":[{"embeddable":true,"href":"https:\/\/akasel.com\/de\/wp-json\/wp\/v2\/media\/12089"}],"wp:attachment":[{"href":"https:\/\/akasel.com\/de\/wp-json\/wp\/v2\/media?parent=10926"}],"wp:term":[{"taxonomy":"product_cat","embeddable":true,"href":"https:\/\/akasel.com\/de\/wp-json\/wp\/v2\/product_cat?post=10926"},{"taxonomy":"product_tag","embeddable":true,"href":"https:\/\/akasel.com\/de\/wp-json\/wp\/v2\/product_tag?post=10926"}],"curies":[{"name":"wp","href":"https:\/\/api.w.org\/{rel}","templated":true}]}}