{"id":11861,"date":"2023-12-29T13:03:37","date_gmt":"2023-12-29T12:03:37","guid":{"rendered":"https:\/\/akasel.com\/de\/?post_type=product&#038;p=11861"},"modified":"2026-04-14T13:44:45","modified_gmt":"2026-04-14T11:44:45","slug":"aka-cut-50-hv","status":"publish","type":"product","link":"https:\/\/akasel.com\/de\/shop\/trennscheiben\/superabrasive-trennscheiben\/diamant-trennscheiben\/aka-cut-50-hv\/","title":{"rendered":"Aka-Cut 50 HV"},"content":{"rendered":"<p>Verf\u00fcgbare Gr\u00f6\u00dfe: 152 mm, 250 mm<\/p>\n<p><a href=\"https:\/\/akasel.com\/wp-content\/uploads\/2024\/05\/16153150de-1.pdf\">PDS Superabrasive cut-off wheels (DE)<\/a><\/p>\n<p><a href=\"https:\/\/akasel.com\/wp-content\/uploads\/2020\/11\/98012863-67110001_aka-cut.pdf\">Aka-cut Bedienungsanleitungen (DE)<\/a><\/p>\n<p>&nbsp;<\/p>\n","protected":false},"excerpt":{"rendered":"<p><span style=\"font-weight: 400;\">Galvanische Diamanttrennscheibe zum pr\u00e4zisen Trennen von weichen Materialien wie Harz oder Kunststoff, z. B. elektronische Bauteile.<\/span><\/p>\n<p>Die Trennscheibe misst 152 x 0,8 x 12,7 mm.<\/p>\n<p>Niedrige Konzentration.<\/p>\n","protected":false},"featured_media":12032,"template":"","meta":[],"product_cat":[404,402],"product_tag":[],"class_list":["post-11861","product","type-product","status-publish","has-post-thumbnail","hentry","product_cat-diamant-trennscheiben","product_cat-superabrasive-trennscheiben"],"yoast_head":"<!-- This site is optimized with the Yoast SEO plugin v21.7 - https:\/\/yoast.com\/wordpress\/plugins\/seo\/ -->\n<title>Aka-Cut 50 HV | Pr\u00e4zisions-Diamanttrennscheibe | AKASEL A\/S<\/title>\n<meta name=\"description\" content=\"Galvanische Diamanttrennscheibe, 150 mm, f\u00fcr pr\u00e4zises Schneiden weicher Materialien wie Harz und Kunststoff. Ideal f\u00fcr empfindliche Schneidaufgaben.\" \/>\n<meta name=\"robots\" content=\"index, follow, max-snippet:-1, max-image-preview:large, max-video-preview:-1\" \/>\n<link rel=\"canonical\" href=\"https:\/\/akasel.com\/de\/shop\/trennscheiben\/superabrasive-trennscheiben\/diamant-trennscheiben\/aka-cut-50-hv\/\" \/>\n<meta property=\"og:locale\" content=\"de_DE\" \/>\n<meta property=\"og:type\" content=\"article\" \/>\n<meta property=\"og:title\" content=\"Aka-Cut 50 HV | Pr\u00e4zisions-Diamanttrennscheibe | AKASEL A\/S\" \/>\n<meta property=\"og:description\" content=\"Galvanische Diamanttrennscheibe, 150 mm, f\u00fcr pr\u00e4zises Schneiden weicher Materialien wie Harz und Kunststoff. Ideal f\u00fcr empfindliche Schneidaufgaben.\" \/>\n<meta property=\"og:url\" content=\"https:\/\/akasel.com\/de\/shop\/trennscheiben\/superabrasive-trennscheiben\/diamant-trennscheiben\/aka-cut-50-hv\/\" \/>\n<meta property=\"og:site_name\" content=\"AKASEL A\/S\" \/>\n<meta property=\"article:modified_time\" content=\"2026-04-14T11:44:45+00:00\" \/>\n<meta property=\"og:image\" content=\"https:\/\/akasel.com\/de\/wp-content\/uploads\/sites\/2\/2023\/12\/aka-cut-50-removed-background-768x768.png\" \/>\n\t<meta property=\"og:image:width\" content=\"768\" \/>\n\t<meta property=\"og:image:height\" content=\"768\" \/>\n\t<meta property=\"og:image:type\" content=\"image\/png\" \/>\n<meta name=\"twitter:card\" content=\"summary_large_image\" \/>\n<meta name=\"twitter:label1\" content=\"Gesch\u00e4tzte Lesezeit\" \/>\n\t<meta name=\"twitter:data1\" content=\"1 Minute\" \/>\n<!-- \/ Yoast SEO plugin. -->","yoast_head_json":{"title":"Aka-Cut 50 HV | Pr\u00e4zisions-Diamanttrennscheibe | AKASEL A\/S","description":"Galvanische Diamanttrennscheibe, 150 mm, f\u00fcr pr\u00e4zises Schneiden weicher Materialien wie Harz und Kunststoff. Ideal f\u00fcr empfindliche Schneidaufgaben.","robots":{"index":"index","follow":"follow","max-snippet":"max-snippet:-1","max-image-preview":"max-image-preview:large","max-video-preview":"max-video-preview:-1"},"canonical":"https:\/\/akasel.com\/de\/shop\/trennscheiben\/superabrasive-trennscheiben\/diamant-trennscheiben\/aka-cut-50-hv\/","og_locale":"de_DE","og_type":"article","og_title":"Aka-Cut 50 HV | Pr\u00e4zisions-Diamanttrennscheibe | AKASEL A\/S","og_description":"Galvanische Diamanttrennscheibe, 150 mm, f\u00fcr pr\u00e4zises Schneiden weicher Materialien wie Harz und Kunststoff. Ideal f\u00fcr empfindliche Schneidaufgaben.","og_url":"https:\/\/akasel.com\/de\/shop\/trennscheiben\/superabrasive-trennscheiben\/diamant-trennscheiben\/aka-cut-50-hv\/","og_site_name":"AKASEL A\/S","article_modified_time":"2026-04-14T11:44:45+00:00","og_image":[{"width":768,"height":768,"url":"https:\/\/akasel.com\/de\/wp-content\/uploads\/sites\/2\/2023\/12\/aka-cut-50-removed-background-768x768.png","type":"image\/png"}],"twitter_card":"summary_large_image","twitter_misc":{"Gesch\u00e4tzte Lesezeit":"1 Minute"},"schema":{"@context":"https:\/\/schema.org","@graph":[{"@type":"WebPage","@id":"https:\/\/akasel.com\/de\/shop\/trennscheiben\/superabrasive-trennscheiben\/diamant-trennscheiben\/aka-cut-50-hv\/","url":"https:\/\/akasel.com\/de\/shop\/trennscheiben\/superabrasive-trennscheiben\/diamant-trennscheiben\/aka-cut-50-hv\/","name":"Aka-Cut 50 HV | Pr\u00e4zisions-Diamanttrennscheibe | AKASEL A\/S","isPartOf":{"@id":"https:\/\/akasel.com\/de\/#website"},"datePublished":"2023-12-29T12:03:37+00:00","dateModified":"2026-04-14T11:44:45+00:00","description":"Galvanische Diamanttrennscheibe, 150 mm, f\u00fcr pr\u00e4zises Schneiden weicher Materialien wie Harz und Kunststoff. Ideal f\u00fcr empfindliche Schneidaufgaben.","breadcrumb":{"@id":"https:\/\/akasel.com\/de\/shop\/trennscheiben\/superabrasive-trennscheiben\/diamant-trennscheiben\/aka-cut-50-hv\/#breadcrumb"},"inLanguage":"de-DE","potentialAction":[{"@type":"ReadAction","target":["https:\/\/akasel.com\/de\/shop\/trennscheiben\/superabrasive-trennscheiben\/diamant-trennscheiben\/aka-cut-50-hv\/"]}]},{"@type":"BreadcrumbList","@id":"https:\/\/akasel.com\/de\/shop\/trennscheiben\/superabrasive-trennscheiben\/diamant-trennscheiben\/aka-cut-50-hv\/#breadcrumb","itemListElement":[{"@type":"ListItem","position":1,"name":"Home","item":"https:\/\/akasel.com\/de\/"},{"@type":"ListItem","position":2,"name":"Shop","item":"https:\/\/akasel.com\/de\/shop\/"},{"@type":"ListItem","position":3,"name":"Aka-Cut 50 HV"}]},{"@type":"WebSite","@id":"https:\/\/akasel.com\/de\/#website","url":"https:\/\/akasel.com\/de\/","name":"AKASEL A\/S","description":"","potentialAction":[{"@type":"SearchAction","target":{"@type":"EntryPoint","urlTemplate":"https:\/\/akasel.com\/de\/?s={search_term_string}"},"query-input":"required name=search_term_string"}],"inLanguage":"de-DE"}]}},"_links":{"self":[{"href":"https:\/\/akasel.com\/de\/wp-json\/wp\/v3\/product\/11861"}],"collection":[{"href":"https:\/\/akasel.com\/de\/wp-json\/wp\/v3\/product"}],"about":[{"href":"https:\/\/akasel.com\/de\/wp-json\/wp\/v2\/types\/product"}],"wp:featuredmedia":[{"embeddable":true,"href":"https:\/\/akasel.com\/de\/wp-json\/wp\/v2\/media\/12032"}],"wp:attachment":[{"href":"https:\/\/akasel.com\/de\/wp-json\/wp\/v2\/media?parent=11861"}],"wp:term":[{"taxonomy":"product_cat","embeddable":true,"href":"https:\/\/akasel.com\/de\/wp-json\/wp\/v2\/product_cat?post=11861"},{"taxonomy":"product_tag","embeddable":true,"href":"https:\/\/akasel.com\/de\/wp-json\/wp\/v2\/product_tag?post=11861"}],"curies":[{"name":"wp","href":"https:\/\/api.w.org\/{rel}","templated":true}]}}