{"id":11931,"date":"2024-01-29T14:51:27","date_gmt":"2024-01-29T13:51:27","guid":{"rendered":"https:\/\/akasel.com\/de\/?post_type=product&#038;p=11931"},"modified":"2026-01-05T06:25:33","modified_gmt":"2026-01-05T05:25:33","slug":"diaultra-poly-6-%c2%b5m","status":"publish","type":"product","link":"https:\/\/akasel.com\/de\/shop\/metallographisches-polieren\/diamantprodukte\/diaultra-poly-6-%c2%b5m\/","title":{"rendered":"DiaUltra Poly 6 \u00b5m"},"content":{"rendered":"<p>Inhalt verf\u00fcgbar: 500 ml, 2.5 l, 5 l <\/p>\n<p><a href=\"https:\/\/akasel.com\/de\/wp-content\/uploads\/sites\/2\/2024\/06\/diaultra-produktbroschuere.pdf\">DiaUltra Produktbrosch\u00fcren<\/a><\/p>\n<p><a href=\"https:\/\/akasel.com\/wp-content\/uploads\/2024\/06\/diaultra-2-in-1-diamond-suspension-fact-sheet.pdf\">DiaUltra 2-in-1 Diamond Suspension Fact Sheet<\/a><\/p>\n<p><a href=\"https:\/\/akasel.com\/wp-content\/uploads\/2024\/01\/sds-diaultra-mono-poly-de-v50.pdf\">SDS DiaUltra Mono &#038; Poly (DE) V5.0<\/a><\/p>\n<p>&nbsp;<\/p>\n","protected":false},"excerpt":{"rendered":"<p>Einzigartige 2-in-1-Diamantsuspension.<br \/>\nDiaUltra Poly ist eine au\u00dfergew\u00f6hnliche Mischung aus Diamantsuspension und Schmiermittel.<\/p>\n<p>F\u00fcr alle Werkstoffe geeignet \u2013 ausgenommen wasserempfindliche Werkstoffe.<\/p>\n<p>DiaUltra Poly bietet den h\u00f6chsten Abtrag, die k\u00fcrzeste Pr\u00e4parationszeit und das beste Oberfl\u00e4chenfinish bei einfachster Anwendung und Reproduzierbarkeit. DiaUltra Poly bietet eine geringf\u00fcgige Verbesserung bei der Entfernung im Vergleich zu DiaUltra<\/p>\n<p>Diamantkonzentration 20 ct\/l<br \/>\n100% polykristalline Diamanten<br \/>\nMedian (50%) 5,7 \u00b5m<br \/>\nToleranz 5,42 &#8211; 5,98 \u00b5m<br \/>\nObergrenze (99%) 7,9 \u00b5m<\/p>\n<p>Vermeiden Sie direktes Sonnenlicht.<\/p>\n","protected":false},"featured_media":12137,"template":"","meta":[],"product_cat":[305,320,295,344],"product_tag":[],"class_list":["post-11931","product","type-product","status-publish","has-post-thumbnail","hentry","product_cat-2-in-1-diamantsuspensionen","product_cat-diamantprodukte","product_cat-diaultra-de","product_cat-metallographisches-polieren"],"yoast_head":"<!-- This site is optimized with the Yoast SEO plugin v21.7 - https:\/\/yoast.com\/wordpress\/plugins\/seo\/ -->\n<title>DiaUltra Poly 6 \u00b5m | 2-in-1 Diamantsuspension | AKASEL A\/S<\/title>\n<meta name=\"description\" content=\"Effiziente polykristalline Diamantsuspension und Schmiermittel. Schnelle Probenvorbereitung, exzellente Oberfl\u00e4chenqualit\u00e4t und hohe Zuverl\u00e4ssigkeit.\" \/>\n<meta name=\"robots\" content=\"index, follow, max-snippet:-1, max-image-preview:large, max-video-preview:-1\" \/>\n<link rel=\"canonical\" href=\"https:\/\/akasel.com\/de\/shop\/metallographisches-polieren\/diamantprodukte\/diaultra-poly-6-\u00b5m\/\" \/>\n<meta property=\"og:locale\" content=\"de_DE\" \/>\n<meta property=\"og:type\" content=\"article\" \/>\n<meta property=\"og:title\" content=\"DiaUltra Poly 6 \u00b5m | 2-in-1 Diamantsuspension | AKASEL A\/S\" \/>\n<meta property=\"og:description\" content=\"Effiziente polykristalline Diamantsuspension und Schmiermittel. Schnelle Probenvorbereitung, exzellente Oberfl\u00e4chenqualit\u00e4t und hohe Zuverl\u00e4ssigkeit.\" \/>\n<meta property=\"og:url\" content=\"https:\/\/akasel.com\/de\/shop\/metallographisches-polieren\/diamantprodukte\/diaultra-poly-6-\u00b5m\/\" \/>\n<meta property=\"og:site_name\" content=\"AKASEL A\/S\" \/>\n<meta property=\"article:modified_time\" content=\"2026-01-05T05:25:33+00:00\" \/>\n<meta property=\"og:image\" content=\"https:\/\/akasel.com\/de\/wp-content\/uploads\/sites\/2\/2024\/01\/43626013-1126x1920.png\" \/>\n\t<meta property=\"og:image:width\" content=\"1126\" \/>\n\t<meta property=\"og:image:height\" content=\"1920\" \/>\n\t<meta property=\"og:image:type\" content=\"image\/png\" \/>\n<meta name=\"twitter:card\" content=\"summary_large_image\" \/>\n<meta name=\"twitter:label1\" content=\"Gesch\u00e4tzte Lesezeit\" \/>\n\t<meta name=\"twitter:data1\" content=\"1 Minute\" \/>\n<!-- \/ Yoast SEO plugin. -->","yoast_head_json":{"title":"DiaUltra Poly 6 \u00b5m | 2-in-1 Diamantsuspension | AKASEL A\/S","description":"Effiziente polykristalline Diamantsuspension und Schmiermittel. Schnelle Probenvorbereitung, exzellente Oberfl\u00e4chenqualit\u00e4t und hohe Zuverl\u00e4ssigkeit.","robots":{"index":"index","follow":"follow","max-snippet":"max-snippet:-1","max-image-preview":"max-image-preview:large","max-video-preview":"max-video-preview:-1"},"canonical":"https:\/\/akasel.com\/de\/shop\/metallographisches-polieren\/diamantprodukte\/diaultra-poly-6-\u00b5m\/","og_locale":"de_DE","og_type":"article","og_title":"DiaUltra Poly 6 \u00b5m | 2-in-1 Diamantsuspension | AKASEL A\/S","og_description":"Effiziente polykristalline Diamantsuspension und Schmiermittel. Schnelle Probenvorbereitung, exzellente Oberfl\u00e4chenqualit\u00e4t und hohe Zuverl\u00e4ssigkeit.","og_url":"https:\/\/akasel.com\/de\/shop\/metallographisches-polieren\/diamantprodukte\/diaultra-poly-6-\u00b5m\/","og_site_name":"AKASEL A\/S","article_modified_time":"2026-01-05T05:25:33+00:00","og_image":[{"width":1126,"height":1920,"url":"https:\/\/akasel.com\/de\/wp-content\/uploads\/sites\/2\/2024\/01\/43626013-1126x1920.png","type":"image\/png"}],"twitter_card":"summary_large_image","twitter_misc":{"Gesch\u00e4tzte Lesezeit":"1 Minute"},"schema":{"@context":"https:\/\/schema.org","@graph":[{"@type":"WebPage","@id":"https:\/\/akasel.com\/de\/shop\/metallographisches-polieren\/diamantprodukte\/diaultra-poly-6-%c2%b5m\/","url":"https:\/\/akasel.com\/de\/shop\/metallographisches-polieren\/diamantprodukte\/diaultra-poly-6-%c2%b5m\/","name":"DiaUltra Poly 6 \u00b5m | 2-in-1 Diamantsuspension | AKASEL A\/S","isPartOf":{"@id":"https:\/\/akasel.com\/de\/#website"},"datePublished":"2024-01-29T13:51:27+00:00","dateModified":"2026-01-05T05:25:33+00:00","description":"Effiziente polykristalline Diamantsuspension und Schmiermittel. Schnelle Probenvorbereitung, exzellente Oberfl\u00e4chenqualit\u00e4t und hohe Zuverl\u00e4ssigkeit.","breadcrumb":{"@id":"https:\/\/akasel.com\/de\/shop\/metallographisches-polieren\/diamantprodukte\/diaultra-poly-6-%c2%b5m\/#breadcrumb"},"inLanguage":"de-DE","potentialAction":[{"@type":"ReadAction","target":["https:\/\/akasel.com\/de\/shop\/metallographisches-polieren\/diamantprodukte\/diaultra-poly-6-%c2%b5m\/"]}]},{"@type":"BreadcrumbList","@id":"https:\/\/akasel.com\/de\/shop\/metallographisches-polieren\/diamantprodukte\/diaultra-poly-6-%c2%b5m\/#breadcrumb","itemListElement":[{"@type":"ListItem","position":1,"name":"Home","item":"https:\/\/akasel.com\/de\/"},{"@type":"ListItem","position":2,"name":"Shop","item":"https:\/\/akasel.com\/de\/shop\/"},{"@type":"ListItem","position":3,"name":"DiaUltra Poly 6 \u00b5m"}]},{"@type":"WebSite","@id":"https:\/\/akasel.com\/de\/#website","url":"https:\/\/akasel.com\/de\/","name":"AKASEL A\/S","description":"","potentialAction":[{"@type":"SearchAction","target":{"@type":"EntryPoint","urlTemplate":"https:\/\/akasel.com\/de\/?s={search_term_string}"},"query-input":"required name=search_term_string"}],"inLanguage":"de-DE"}]}},"_links":{"self":[{"href":"https:\/\/akasel.com\/de\/wp-json\/wp\/v3\/product\/11931"}],"collection":[{"href":"https:\/\/akasel.com\/de\/wp-json\/wp\/v3\/product"}],"about":[{"href":"https:\/\/akasel.com\/de\/wp-json\/wp\/v2\/types\/product"}],"wp:featuredmedia":[{"embeddable":true,"href":"https:\/\/akasel.com\/de\/wp-json\/wp\/v2\/media\/12137"}],"wp:attachment":[{"href":"https:\/\/akasel.com\/de\/wp-json\/wp\/v2\/media?parent=11931"}],"wp:term":[{"taxonomy":"product_cat","embeddable":true,"href":"https:\/\/akasel.com\/de\/wp-json\/wp\/v2\/product_cat?post=11931"},{"taxonomy":"product_tag","embeddable":true,"href":"https:\/\/akasel.com\/de\/wp-json\/wp\/v2\/product_tag?post=11931"}],"curies":[{"name":"wp","href":"https:\/\/api.w.org\/{rel}","templated":true}]}}