{"id":12569,"date":"2024-11-01T08:51:12","date_gmt":"2024-11-01T07:51:12","guid":{"rendered":"https:\/\/akasel.com\/de\/?post_type=product&#038;p=12569"},"modified":"2026-01-05T06:22:56","modified_gmt":"2026-01-05T05:22:56","slug":"aka-cut-650-hv","status":"publish","type":"product","link":"https:\/\/akasel.com\/de\/shop\/abrasive-cut-off-wheels-de\/trennen-von-eisenmetallen\/aka-cut-650-hv\/","title":{"rendered":"Aka-Cut 650 HV"},"content":{"rendered":"<p>Verf\u00fcgbare Gr\u00f6\u00dfe: 254 mm, 305 mm, 356 mm, 406 mm<\/p>\n<p>Inhalt verf\u00fcgbar: 10 pcs.<\/p>\n<p><a href=\"https:\/\/akasel.com\/de\/wp-content\/uploads\/sites\/2\/2024\/07\/9000de.pdf\">PDS Aka-Cut (DE)<\/a><\/p>\n<p><a href=\"https:\/\/akasel.com\/wp-content\/uploads\/2020\/11\/98012863-67110001_aka-cut.pdf\">Aka-cut Bedienungsanleitungen (DE)<\/a><\/p>\n<p><a href=\"https:\/\/akasel.com\/wp-content\/uploads\/2024\/11\/reinforced-cut-off-wheels-brochure-de-web.pdf\">Aka-cut, Verst\u00e4rkte Trennscheiben Produktbrosch\u00fcren (DE)<\/a><\/p>\n<p><a href=\"https:\/\/akasel.com\/wp-content\/uploads\/2024\/11\/fact-sheet-reinforced-cut-off-wheels-de.pdf\">Verst\u00e4rkte Trennscheiben Fact Sheets (DE)<\/a><\/p>\n<div style=\"position: relative; padding-bottom: 56.25%; height: 0; overflow: hidden; max-width: 100%; height: auto;\">\n    <video style=\"position: absolute; top: 0; left: 0; width: 100%; height: 100%;\"  \ncontrols \n           preload=\"metadata\" \n           poster=\"https:\/\/akasel.com\/wp-content\/uploads\/2024\/11\/thumbnail-aka-cut-350-500-650-hv-40.jpg\"><source src=\"https:\/\/akasel.com\/wp-content\/uploads\/2024\/11\/aka-cut-350-500-650-hv-compressed.mp4\" type=\"video\/mp4\">Your browser does not support video playback.<\/video>\n<\/div>\n","protected":false},"excerpt":{"rendered":"<p>Trennscheibe optimiert f\u00fcr das Schneiden aller Arten von h\u00e4rterem Stahl und besonders geeignet f\u00fcr geh\u00e4rtete Proben mit einer H\u00e4rte von 500-700 HV.<\/p>\n<p>Verst\u00e4rkt mit einem Fasergewebe, das sie langlebig macht und das Risiko von Br\u00fcchen reduziert.<\/p>\n","protected":false},"featured_media":12574,"template":"","meta":[],"product_cat":[313,298,297],"product_tag":[],"class_list":["post-12569","product","type-product","status-publish","has-post-thumbnail","hentry","product_cat-abrasive-cut-off-wheels-de","product_cat-trennen-von-eisenmetallen","product_cat-trennscheiben"],"yoast_head":"<!-- This site is optimized with the Yoast SEO plugin v21.7 - https:\/\/yoast.com\/wordpress\/plugins\/seo\/ -->\n<title>Aka-Cut 650 HV | Optimiert f\u00fcr Geh\u00e4rteten Stahl | AKASEL A\/S<\/title>\n<meta name=\"description\" content=\"Optimiert f\u00fcr geh\u00e4rteten Stahl mit etwa 650 HV H\u00e4rte. Verst\u00e4rktes Fasergewebe sorgt f\u00fcr mehr Haltbarkeit und vermindertes Bruchrisiko.\" \/>\n<meta name=\"robots\" content=\"index, follow, max-snippet:-1, max-image-preview:large, max-video-preview:-1\" \/>\n<link rel=\"canonical\" href=\"https:\/\/akasel.com\/de\/shop\/abrasive-cut-off-wheels-de\/trennen-von-eisenmetallen\/aka-cut-650-hv\/\" \/>\n<meta property=\"og:locale\" content=\"de_DE\" \/>\n<meta property=\"og:type\" content=\"article\" \/>\n<meta property=\"og:title\" content=\"Aka-Cut 650 HV | Optimiert f\u00fcr Geh\u00e4rteten Stahl | AKASEL A\/S\" \/>\n<meta property=\"og:description\" content=\"Optimiert f\u00fcr geh\u00e4rteten Stahl mit etwa 650 HV H\u00e4rte. Verst\u00e4rktes Fasergewebe sorgt f\u00fcr mehr Haltbarkeit und vermindertes Bruchrisiko.\" \/>\n<meta property=\"og:url\" content=\"https:\/\/akasel.com\/de\/shop\/abrasive-cut-off-wheels-de\/trennen-von-eisenmetallen\/aka-cut-650-hv\/\" \/>\n<meta property=\"og:site_name\" content=\"AKASEL A\/S\" \/>\n<meta property=\"article:modified_time\" content=\"2026-01-05T05:22:56+00:00\" \/>\n<meta property=\"og:image\" content=\"https:\/\/akasel.com\/de\/wp-content\/uploads\/sites\/2\/2024\/10\/aka-cut-650hv-20-768x768.png\" \/>\n\t<meta property=\"og:image:width\" content=\"768\" \/>\n\t<meta property=\"og:image:height\" content=\"768\" \/>\n\t<meta property=\"og:image:type\" content=\"image\/png\" \/>\n<meta name=\"twitter:card\" content=\"summary_large_image\" \/>\n<meta name=\"twitter:label1\" content=\"Gesch\u00e4tzte Lesezeit\" \/>\n\t<meta name=\"twitter:data1\" content=\"1 Minute\" \/>\n<!-- \/ Yoast SEO plugin. -->","yoast_head_json":{"title":"Aka-Cut 650 HV | Optimiert f\u00fcr Geh\u00e4rteten Stahl | AKASEL A\/S","description":"Optimiert f\u00fcr geh\u00e4rteten Stahl mit etwa 650 HV H\u00e4rte. Verst\u00e4rktes Fasergewebe sorgt f\u00fcr mehr Haltbarkeit und vermindertes Bruchrisiko.","robots":{"index":"index","follow":"follow","max-snippet":"max-snippet:-1","max-image-preview":"max-image-preview:large","max-video-preview":"max-video-preview:-1"},"canonical":"https:\/\/akasel.com\/de\/shop\/abrasive-cut-off-wheels-de\/trennen-von-eisenmetallen\/aka-cut-650-hv\/","og_locale":"de_DE","og_type":"article","og_title":"Aka-Cut 650 HV | Optimiert f\u00fcr Geh\u00e4rteten Stahl | AKASEL A\/S","og_description":"Optimiert f\u00fcr geh\u00e4rteten Stahl mit etwa 650 HV H\u00e4rte. Verst\u00e4rktes Fasergewebe sorgt f\u00fcr mehr Haltbarkeit und vermindertes Bruchrisiko.","og_url":"https:\/\/akasel.com\/de\/shop\/abrasive-cut-off-wheels-de\/trennen-von-eisenmetallen\/aka-cut-650-hv\/","og_site_name":"AKASEL A\/S","article_modified_time":"2026-01-05T05:22:56+00:00","og_image":[{"width":768,"height":768,"url":"https:\/\/akasel.com\/de\/wp-content\/uploads\/sites\/2\/2024\/10\/aka-cut-650hv-20-768x768.png","type":"image\/png"}],"twitter_card":"summary_large_image","twitter_misc":{"Gesch\u00e4tzte Lesezeit":"1 Minute"},"schema":{"@context":"https:\/\/schema.org","@graph":[{"@type":"WebPage","@id":"https:\/\/akasel.com\/de\/shop\/abrasive-cut-off-wheels-de\/trennen-von-eisenmetallen\/aka-cut-650-hv\/","url":"https:\/\/akasel.com\/de\/shop\/abrasive-cut-off-wheels-de\/trennen-von-eisenmetallen\/aka-cut-650-hv\/","name":"Aka-Cut 650 HV | Optimiert f\u00fcr Geh\u00e4rteten Stahl | AKASEL A\/S","isPartOf":{"@id":"https:\/\/akasel.com\/de\/#website"},"datePublished":"2024-11-01T07:51:12+00:00","dateModified":"2026-01-05T05:22:56+00:00","description":"Optimiert f\u00fcr geh\u00e4rteten Stahl mit etwa 650 HV H\u00e4rte. Verst\u00e4rktes Fasergewebe sorgt f\u00fcr mehr Haltbarkeit und vermindertes Bruchrisiko.","breadcrumb":{"@id":"https:\/\/akasel.com\/de\/shop\/abrasive-cut-off-wheels-de\/trennen-von-eisenmetallen\/aka-cut-650-hv\/#breadcrumb"},"inLanguage":"de-DE","potentialAction":[{"@type":"ReadAction","target":["https:\/\/akasel.com\/de\/shop\/abrasive-cut-off-wheels-de\/trennen-von-eisenmetallen\/aka-cut-650-hv\/"]}]},{"@type":"BreadcrumbList","@id":"https:\/\/akasel.com\/de\/shop\/abrasive-cut-off-wheels-de\/trennen-von-eisenmetallen\/aka-cut-650-hv\/#breadcrumb","itemListElement":[{"@type":"ListItem","position":1,"name":"Home","item":"https:\/\/akasel.com\/de\/"},{"@type":"ListItem","position":2,"name":"Shop","item":"https:\/\/akasel.com\/de\/shop\/"},{"@type":"ListItem","position":3,"name":"Aka-Cut 650 HV"}]},{"@type":"WebSite","@id":"https:\/\/akasel.com\/de\/#website","url":"https:\/\/akasel.com\/de\/","name":"AKASEL A\/S","description":"","potentialAction":[{"@type":"SearchAction","target":{"@type":"EntryPoint","urlTemplate":"https:\/\/akasel.com\/de\/?s={search_term_string}"},"query-input":"required name=search_term_string"}],"inLanguage":"de-DE"}]}},"_links":{"self":[{"href":"https:\/\/akasel.com\/de\/wp-json\/wp\/v3\/product\/12569"}],"collection":[{"href":"https:\/\/akasel.com\/de\/wp-json\/wp\/v3\/product"}],"about":[{"href":"https:\/\/akasel.com\/de\/wp-json\/wp\/v2\/types\/product"}],"wp:featuredmedia":[{"embeddable":true,"href":"https:\/\/akasel.com\/de\/wp-json\/wp\/v2\/media\/12574"}],"wp:attachment":[{"href":"https:\/\/akasel.com\/de\/wp-json\/wp\/v2\/media?parent=12569"}],"wp:term":[{"taxonomy":"product_cat","embeddable":true,"href":"https:\/\/akasel.com\/de\/wp-json\/wp\/v2\/product_cat?post=12569"},{"taxonomy":"product_tag","embeddable":true,"href":"https:\/\/akasel.com\/de\/wp-json\/wp\/v2\/product_tag?post=12569"}],"curies":[{"name":"wp","href":"https:\/\/api.w.org\/{rel}","templated":true}]}}