{"id":12843,"date":"2025-05-12T13:48:00","date_gmt":"2025-05-12T11:48:00","guid":{"rendered":"https:\/\/akasel.com\/de\/?post_type=product&#038;p=12843"},"modified":"2026-01-05T06:23:03","modified_gmt":"2026-01-05T05:23:03","slug":"aka-resin-pp-black","status":"publish","type":"product","link":"https:\/\/akasel.com\/de\/shop\/warmeinbetten\/aka-resin-pp\/aka-resin-pp-black\/","title":{"rendered":"Aka-Resin PP, Black"},"content":{"rendered":"<p>Inhalt verf\u00fcgbar: 2,5 kg, 7,5 kg, 30 kg (4 x 7,5 kg)<\/p>\n<p><a href=\"https:\/\/akasel.com\/wp-content\/uploads\/2025\/05\/sds-aka-resin-pp-black-green-orange-red-de-v10.pdf\">SDS Aka-Resin PP (DE)<\/a><\/p>\n<p><a href=\"https:\/\/akasel.com\/wp-content\/uploads\/2025\/05\/fact-sheet-11-aka-resin-pp-de.pdf\">Aka-Resin PP Fact Sheets (DE)<\/a><\/p>\n<p><a href=\"https:\/\/akasel.com\/wp-content\/uploads\/2025\/05\/hot-mounting-brochure-de-web.pdf\">Warm inbedden Product Brochures (DE)<\/a><\/p>\n<div style=\"position: relative; padding-bottom: 56.25%; height: 0; overflow: hidden; max-width: 100%; height: auto;\">\n    <video style=\"position: absolute; top: 0; left: 0; width: 100%; height: 100%;\"  \ncontrols \n           preload=\"metadata\" \n           poster=\"https:\/\/akasel.com\/wp-content\/uploads\/2025\/05\/aka-resin-pp-thumbnail.jpg\"><source src=\"https:\/\/akasel.com\/wp-content\/uploads\/2025\/08\/expanding-the-akasel-hot-mounting-range-aka-resin-pp.mp4\" type=\"video\/mp4\">Your browser does not support video playback.<\/video>\n<\/div>\n","protected":false},"excerpt":{"rendered":"<p><span data-sheets-root=\"1\">Schwarzes, mineralverst\u00e4rktes Polypropylenharz f\u00fcr die Warmeinbettung. Aka-Resin PP ist ein staubfreies Harz mit geringer Schrumpfung, guter Haftung und hohen\/leichtflie\u00dfenden Eigenschaften f\u00fcr hochwertige Einbettungen.<\/span><\/p>\n<p><strong>Die Aush\u00e4rtungsspezifikationen:<\/strong><br \/>\nDurchmesser, Kraft, Erhitzungs-\/Abk\u00fchlungszeit:<br \/>\n25 mm: 15 kN, 5\u20137 Min. \/ 3 Min.<br \/>\n30 mm: 25 kN, 5\u20137 Min. \/ 3 Min.<br \/>\n40 mm: 30 kN, 6\u20138 Min. \/ 4 Min.<br \/>\n50 mm: 45 kN, 8\u201310 Min. \/ 5 Min.<\/p>\n<p>Aush\u00e4rtung bei 160 &#8211; 180 \u00b0C, 250 bar, hohe Abk\u00fchlgeschwindigkeit.<\/p>\n<p>Falls die Einbettung nicht vollst\u00e4ndig ausgeh\u00e4rtet ist, erh\u00f6hen Sie die Zeit.<\/p>\n<p>Die oben genannten Parameter k\u00f6nnen je nach den Eigenschaften der verwendeten Einbettpresse variieren.<\/p>\n","protected":false},"featured_media":12848,"template":"","meta":[],"product_cat":[415,317,318],"product_tag":[],"class_list":["post-12843","product","type-product","status-publish","has-post-thumbnail","hentry","product_cat-aka-resin-pp","product_cat-einbetten","product_cat-warmeinbetten","alt-image-hover-enabled"],"yoast_head":"<!-- This site is optimized with the Yoast SEO plugin v21.7 - https:\/\/yoast.com\/wordpress\/plugins\/seo\/ -->\n<title>Aka-Resin PP, Black | Harz f\u00fcr Warmeinbetten | AKASEL A\/S<\/title>\n<meta name=\"description\" content=\"Staubfreie schwarze Warmeinbettmasse f\u00fcr Routineeins\u00e4tze. Sorgt f\u00fcr sicheres Handling, guten Fluss und einfache Probenzuordnung.\" \/>\n<meta name=\"robots\" content=\"index, follow, max-snippet:-1, max-image-preview:large, max-video-preview:-1\" \/>\n<link rel=\"canonical\" href=\"https:\/\/akasel.com\/de\/shop\/warmeinbetten\/aka-resin-pp\/aka-resin-pp-black\/\" \/>\n<meta property=\"og:locale\" content=\"de_DE\" \/>\n<meta property=\"og:type\" content=\"article\" \/>\n<meta property=\"og:title\" content=\"Aka-Resin PP, Black | Harz f\u00fcr Warmeinbetten | AKASEL A\/S\" \/>\n<meta property=\"og:description\" content=\"Staubfreie schwarze Warmeinbettmasse f\u00fcr Routineeins\u00e4tze. Sorgt f\u00fcr sicheres Handling, guten Fluss und einfache Probenzuordnung.\" \/>\n<meta property=\"og:url\" content=\"https:\/\/akasel.com\/de\/shop\/warmeinbetten\/aka-resin-pp\/aka-resin-pp-black\/\" \/>\n<meta property=\"og:site_name\" content=\"AKASEL A\/S\" \/>\n<meta property=\"article:modified_time\" content=\"2026-01-05T05:23:03+00:00\" \/>\n<meta property=\"og:image\" content=\"https:\/\/akasel.com\/de\/wp-content\/uploads\/sites\/2\/2025\/03\/aka-resin-pp-black-25-kg.png\" \/>\n\t<meta property=\"og:image:width\" content=\"1506\" \/>\n\t<meta property=\"og:image:height\" content=\"2560\" \/>\n\t<meta property=\"og:image:type\" content=\"image\/png\" \/>\n<meta name=\"twitter:card\" content=\"summary_large_image\" \/>\n<meta name=\"twitter:label1\" content=\"Gesch\u00e4tzte Lesezeit\" \/>\n\t<meta name=\"twitter:data1\" content=\"1 Minute\" \/>\n<!-- \/ Yoast SEO plugin. -->","yoast_head_json":{"title":"Aka-Resin PP, Black | Harz f\u00fcr Warmeinbetten | AKASEL A\/S","description":"Staubfreie schwarze Warmeinbettmasse f\u00fcr Routineeins\u00e4tze. Sorgt f\u00fcr sicheres Handling, guten Fluss und einfache Probenzuordnung.","robots":{"index":"index","follow":"follow","max-snippet":"max-snippet:-1","max-image-preview":"max-image-preview:large","max-video-preview":"max-video-preview:-1"},"canonical":"https:\/\/akasel.com\/de\/shop\/warmeinbetten\/aka-resin-pp\/aka-resin-pp-black\/","og_locale":"de_DE","og_type":"article","og_title":"Aka-Resin PP, Black | Harz f\u00fcr Warmeinbetten | AKASEL A\/S","og_description":"Staubfreie schwarze Warmeinbettmasse f\u00fcr Routineeins\u00e4tze. Sorgt f\u00fcr sicheres Handling, guten Fluss und einfache Probenzuordnung.","og_url":"https:\/\/akasel.com\/de\/shop\/warmeinbetten\/aka-resin-pp\/aka-resin-pp-black\/","og_site_name":"AKASEL A\/S","article_modified_time":"2026-01-05T05:23:03+00:00","og_image":[{"width":1506,"height":2560,"url":"https:\/\/akasel.com\/de\/wp-content\/uploads\/sites\/2\/2025\/03\/aka-resin-pp-black-25-kg.png","type":"image\/png"}],"twitter_card":"summary_large_image","twitter_misc":{"Gesch\u00e4tzte Lesezeit":"1 Minute"},"schema":{"@context":"https:\/\/schema.org","@graph":[{"@type":"WebPage","@id":"https:\/\/akasel.com\/de\/shop\/warmeinbetten\/aka-resin-pp\/aka-resin-pp-black\/","url":"https:\/\/akasel.com\/de\/shop\/warmeinbetten\/aka-resin-pp\/aka-resin-pp-black\/","name":"Aka-Resin PP, Black | Harz f\u00fcr Warmeinbetten | AKASEL A\/S","isPartOf":{"@id":"https:\/\/akasel.com\/de\/#website"},"datePublished":"2025-05-12T11:48:00+00:00","dateModified":"2026-01-05T05:23:03+00:00","description":"Staubfreie schwarze Warmeinbettmasse f\u00fcr Routineeins\u00e4tze. Sorgt f\u00fcr sicheres Handling, guten Fluss und einfache Probenzuordnung.","breadcrumb":{"@id":"https:\/\/akasel.com\/de\/shop\/warmeinbetten\/aka-resin-pp\/aka-resin-pp-black\/#breadcrumb"},"inLanguage":"de-DE","potentialAction":[{"@type":"ReadAction","target":["https:\/\/akasel.com\/de\/shop\/warmeinbetten\/aka-resin-pp\/aka-resin-pp-black\/"]}]},{"@type":"BreadcrumbList","@id":"https:\/\/akasel.com\/de\/shop\/warmeinbetten\/aka-resin-pp\/aka-resin-pp-black\/#breadcrumb","itemListElement":[{"@type":"ListItem","position":1,"name":"Home","item":"https:\/\/akasel.com\/de\/"},{"@type":"ListItem","position":2,"name":"Shop","item":"https:\/\/akasel.com\/de\/shop\/"},{"@type":"ListItem","position":3,"name":"Aka-Resin PP, Black"}]},{"@type":"WebSite","@id":"https:\/\/akasel.com\/de\/#website","url":"https:\/\/akasel.com\/de\/","name":"AKASEL A\/S","description":"","potentialAction":[{"@type":"SearchAction","target":{"@type":"EntryPoint","urlTemplate":"https:\/\/akasel.com\/de\/?s={search_term_string}"},"query-input":"required name=search_term_string"}],"inLanguage":"de-DE"}]}},"_links":{"self":[{"href":"https:\/\/akasel.com\/de\/wp-json\/wp\/v3\/product\/12843"}],"collection":[{"href":"https:\/\/akasel.com\/de\/wp-json\/wp\/v3\/product"}],"about":[{"href":"https:\/\/akasel.com\/de\/wp-json\/wp\/v2\/types\/product"}],"wp:featuredmedia":[{"embeddable":true,"href":"https:\/\/akasel.com\/de\/wp-json\/wp\/v2\/media\/12848"}],"wp:attachment":[{"href":"https:\/\/akasel.com\/de\/wp-json\/wp\/v2\/media?parent=12843"}],"wp:term":[{"taxonomy":"product_cat","embeddable":true,"href":"https:\/\/akasel.com\/de\/wp-json\/wp\/v2\/product_cat?post=12843"},{"taxonomy":"product_tag","embeddable":true,"href":"https:\/\/akasel.com\/de\/wp-json\/wp\/v2\/product_tag?post=12843"}],"curies":[{"name":"wp","href":"https:\/\/api.w.org\/{rel}","templated":true}]}}