{"id":12640,"date":"2024-12-02T11:20:42","date_gmt":"2024-12-02T10:20:42","guid":{"rendered":"https:\/\/akasel.com\/fr\/?page_id=12640"},"modified":"2025-09-26T08:42:18","modified_gmt":"2025-09-26T06:42:18","slug":"fiches-dinformation-en-anglais","status":"publish","type":"page","link":"https:\/\/akasel.com\/fr\/bibliotheque\/fiches-dinformation\/fiches-dinformation-en-anglais\/","title":{"rendered":"Fiches d&#8217;information &#8211; Anglais"},"content":{"rendered":"<p>Vous trouverez ici des fiches d&#8217;information sur certains produits sp\u00e9cifiques d&#8217;Akasel \u00e0 t\u00e9l\u00e9charger.<\/p>\n<p>Cliquez sur le nom du produit ci-dessous pour ouvrir la fiche d&#8217;information.<\/p>\n<div  class=' split-sektion columns-3 boxed-items'> <span  class='split-sektion-item'>\n<figure class=\"wp-block-image\"><img decoding=\"async\" src=\"https:\/\/akasel.com\/wp-content\/uploads\/2025\/05\/1747054257169-2d267d68-148c-4088-868a-8e9929410f64-1.jpg\" alt=\"\" \/><\/figure>\n<p>Aka-R\u00e9sine PP<\/p>\n<p><a href=\"https:\/\/akasel.com\/wp-content\/uploads\/2025\/05\/fact-sheet-11-aka-resin-pp.pdf\">Lien<\/a><\/p>\n<\/span><span  class='split-sektion-item'>\n<figure class=\"wp-block-image\"><img decoding=\"async\" src=\"https:\/\/akasel.com\/wp-content\/uploads\/2024\/11\/1730451055808-debd305f-950c-4137-93e2-d5607e3749a4-1.jpg\" alt=\"Akasel's Reinforced Cut-off Wheels Fact Sheet: Detailed information on high-performance, fiber-reinforced cut-off wheels designed for metallographic sample preparation, offering enhanced durability, superior surface quality, and cost-effective solutions for various material hardness ranges.\" \/><\/figure>\n<p>Disques \u00e0 tron\u00e7onner renforc\u00e9s<\/p>\n<p><a href=\"https:\/\/akasel.com\/wp-content\/uploads\/2024\/11\/fact-sheet-reinforced-cut-off-wheels-en.pdf\">Lien<\/a><\/p>\n<\/span><span  class='split-sektion-item'>\n<figure class=\"wp-block-image\"><img decoding=\"async\" src=\"https:\/\/akasel.com\/wp-content\/uploads\/2023\/08\/diaultra-fact-sheet-pdf-724x1024-1.jpg\" alt=\"Akasel's DiaUltra 2-in-1 Diamond Suspension Fact Sheet: Detailed information on advanced diamond suspensions combining high-quality synthetic diamonds with a unique lubrication system, offering over 25% higher removal rates, faster preparation times, and superior surface finishes for metallographic sample preparation.\" \/><\/figure>\n<p>DiaUltra<\/p>\n<p><a href=\"https:\/\/akasel.com\/wp-content\/uploads\/2024\/06\/diaultra-2-in-1-diamond-suspension-fact-sheet.pdf\">Lien<\/a><\/p>\n<\/span><span  class='split-sektion-item'>\n<figure class=\"wp-block-image\"><img decoding=\"async\" src=\"https:\/\/akasel.com\/wp-content\/uploads\/2023\/08\/factsheetmoran-u-pdf-724x1024-1.jpg\" alt=\"Akasel's Moran-U Polishing Cloth Fact Sheet: Detailed information on 100% woven wool polishing cloths, ideal for metallographic sample preparation with 6, 3, and 1 \u00b5m diamond suspensions, suitable for both ferrous and non-ferrous metals.\" \/><\/figure>\n<p>Drap de polissage Moran-U<\/p>\n<p><a href=\"https:\/\/akasel.com\/wp-content\/uploads\/2024\/06\/moran-u-polishing-cloth-fact-sheet.pdf\">Lien<\/a><\/p>\n<\/span><span  class='split-sektion-item'>\n<figure class=\"wp-block-image\"><img decoding=\"async\" class=\"wp-image-5208\" src=\"https:\/\/akasel.com\/wp-content\/uploads\/2023\/08\/plural-polishing-cloth.jpg\" alt=\"Akasel's Plural Polishing Cloth Fact Sheet: Detailed information on Aka-Plural and Mag-Plural polishing cloths, ideal for fast, one-step polishing of various steel types, sintered carbides, and other hard materials using 3\u202f\u00b5m diamond suspensions.\" \/><\/figure>\n<p>Drap de polissage Plural<\/p>\n<p><a href=\"https:\/\/akasel.com\/wp-content\/uploads\/2024\/06\/plural-polishing-cloth-fact-sheet.pdf\">Lien<\/a><\/p>\n<\/span><span  class='split-sektion-item'>\n<figure class=\"wp-block-image\"><img decoding=\"async\" src=\"https:\/\/akasel.com\/wp-content\/uploads\/2023\/08\/factsheetsilk-pdf-724x1024-1.jpg\" alt=\"Akasel's Silk Polishing Cloth Fact Sheet: Detailed information on 100% natural silk polishing cloths, ideal for metallographic sample preparation requiring high flatness and edge retention, suitable for use with diamond suspensions ranging from 9 to 0.25\u202f\u00b5m.\" \/><\/figure>\n<p>Drap de polissage Silk<\/p>\n<p><a href=\"https:\/\/akasel.com\/wp-content\/uploads\/2024\/06\/silk-polishing-cloth-fact-sheet.pdf\">Lien<\/a><\/p>\n<\/span><span  class='split-sektion-item'>\n<figure class=\"wp-block-image\"><img decoding=\"async\" src=\"https:\/\/akasel.com\/wp-content\/uploads\/2023\/08\/factsheetnapal-pdf-723x1024-1.jpg\" alt=\"Akasel's Napal Polishing Cloth Fact Sheet: Detailed information on soft, short-napped viscose polishing cloths, ideal for final polishing in metallographic sample preparation using diamond abrasives of 1\u202f\u00b5m and finer or for oxide polishing.\" \/><\/figure>\n<p>Drap de polissage Napal<\/p>\n<p><a href=\"https:\/\/akasel.com\/wp-content\/uploads\/2024\/06\/napal-polishing-cloth-fact-sheet.pdf\">Lien<\/a><\/p>\n<\/span><span  class='split-sektion-item'>\n<figure class=\"wp-block-image\"><img decoding=\"async\" src=\"https:\/\/akasel.com\/wp-content\/uploads\/2023\/08\/factsheetparan-s-pdf-723x1024-1.jpg\" alt=\"Akasel's Paran-S Polishing Cloth Fact Sheet: Detailed information on resin-impregnated, non-woven polyester cloths designed for fine grinding of soft materials like aluminum alloys and polishing of hard materials such as sintered carbides in metallographic sample preparation.\" \/><\/figure>\n<p>Drap de polissage Paran-S<\/p>\n<p><a href=\"https:\/\/akasel.com\/wp-content\/uploads\/2024\/06\/paran-s-polishing-cloth-fact-sheet.pdf\">Lien<\/a><\/p>\n<\/span><\/div>\n","protected":false},"excerpt":{"rendered":"<p>Vous trouverez ici des fiches d&#8217;information sur certains produits sp\u00e9cifiques d&#8217;Akasel \u00e0 t\u00e9l\u00e9charger. Cliquez sur le nom du produit ci-dessous&#8230;<\/p>\n","protected":false},"author":1,"featured_media":8226,"parent":8223,"menu_order":0,"comment_status":"closed","ping_status":"open","template":"","meta":{"footnotes":""},"class_list":["post-12640","page","type-page","status-publish","has-post-thumbnail","hentry"],"acf":[],"yoast_head":"<!-- This site is optimized with the Yoast SEO plugin v21.7 - https:\/\/yoast.com\/wordpress\/plugins\/seo\/ -->\n<title>Fiches techniques Akasel \u2013 Consommables m\u00e9tallographiques<\/title>\n<meta name=\"description\" content=\"T\u00e9l\u00e9chargez les fiches techniques Akasel et d\u00e9couvrez nos consommables m\u00e9tallographiques avec des donn\u00e9es fiables pour optimiser vos pr\u00e9parations.\" \/>\n<meta name=\"robots\" content=\"index, follow, max-snippet:-1, max-image-preview:large, max-video-preview:-1\" \/>\n<link rel=\"canonical\" href=\"https:\/\/akasel.com\/fr\/bibliotheque\/fiches-dinformation\/fiches-dinformation-en-anglais\/\" \/>\n<meta property=\"og:locale\" content=\"fr_FR\" \/>\n<meta property=\"og:type\" content=\"article\" \/>\n<meta property=\"og:title\" content=\"Fiches techniques Akasel \u2013 Consommables m\u00e9tallographiques\" \/>\n<meta property=\"og:description\" content=\"T\u00e9l\u00e9chargez les fiches techniques Akasel et d\u00e9couvrez nos consommables m\u00e9tallographiques avec des donn\u00e9es fiables pour optimiser vos pr\u00e9parations.\" \/>\n<meta property=\"og:url\" content=\"https:\/\/akasel.com\/fr\/bibliotheque\/fiches-dinformation\/fiches-dinformation-en-anglais\/\" \/>\n<meta property=\"og:site_name\" content=\"AKASEL A\/S\" \/>\n<meta property=\"article:modified_time\" content=\"2025-09-26T06:42:18+00:00\" \/>\n<meta property=\"og:image\" content=\"https:\/\/akasel.com\/fr\/wp-content\/uploads\/sites\/8\/2023\/08\/plural-polishing-cloth.jpg\" \/>\n\t<meta property=\"og:image:width\" content=\"723\" \/>\n\t<meta property=\"og:image:height\" content=\"1024\" \/>\n\t<meta property=\"og:image:type\" content=\"image\/jpeg\" \/>\n<meta name=\"twitter:card\" content=\"summary_large_image\" \/>\n<meta name=\"twitter:label1\" content=\"Dur\u00e9e de lecture estim\u00e9e\" \/>\n\t<meta name=\"twitter:data1\" content=\"3 minutes\" \/>\n<!-- \/ Yoast SEO plugin. -->","yoast_head_json":{"title":"Fiches techniques Akasel \u2013 Consommables m\u00e9tallographiques","description":"T\u00e9l\u00e9chargez les fiches techniques Akasel et d\u00e9couvrez nos consommables m\u00e9tallographiques avec des donn\u00e9es fiables pour optimiser vos pr\u00e9parations.","robots":{"index":"index","follow":"follow","max-snippet":"max-snippet:-1","max-image-preview":"max-image-preview:large","max-video-preview":"max-video-preview:-1"},"canonical":"https:\/\/akasel.com\/fr\/bibliotheque\/fiches-dinformation\/fiches-dinformation-en-anglais\/","og_locale":"fr_FR","og_type":"article","og_title":"Fiches techniques Akasel \u2013 Consommables m\u00e9tallographiques","og_description":"T\u00e9l\u00e9chargez les fiches techniques Akasel et d\u00e9couvrez nos consommables m\u00e9tallographiques avec des donn\u00e9es fiables pour optimiser vos pr\u00e9parations.","og_url":"https:\/\/akasel.com\/fr\/bibliotheque\/fiches-dinformation\/fiches-dinformation-en-anglais\/","og_site_name":"AKASEL A\/S","article_modified_time":"2025-09-26T06:42:18+00:00","og_image":[{"width":723,"height":1024,"url":"https:\/\/akasel.com\/fr\/wp-content\/uploads\/sites\/8\/2023\/08\/plural-polishing-cloth.jpg","type":"image\/jpeg"}],"twitter_card":"summary_large_image","twitter_misc":{"Dur\u00e9e de lecture estim\u00e9e":"3 minutes"},"schema":{"@context":"https:\/\/schema.org","@graph":[{"@type":"WebPage","@id":"https:\/\/akasel.com\/fr\/bibliotheque\/fiches-dinformation\/fiches-dinformation-en-anglais\/","url":"https:\/\/akasel.com\/fr\/bibliotheque\/fiches-dinformation\/fiches-dinformation-en-anglais\/","name":"Fiches techniques Akasel \u2013 Consommables m\u00e9tallographiques","isPartOf":{"@id":"https:\/\/akasel.com\/fr\/#website"},"datePublished":"2024-12-02T10:20:42+00:00","dateModified":"2025-09-26T06:42:18+00:00","description":"T\u00e9l\u00e9chargez les fiches techniques Akasel et d\u00e9couvrez nos consommables m\u00e9tallographiques avec des donn\u00e9es fiables pour optimiser vos pr\u00e9parations.","breadcrumb":{"@id":"https:\/\/akasel.com\/fr\/bibliotheque\/fiches-dinformation\/fiches-dinformation-en-anglais\/#breadcrumb"},"inLanguage":"fr-FR","potentialAction":[{"@type":"ReadAction","target":["https:\/\/akasel.com\/fr\/bibliotheque\/fiches-dinformation\/fiches-dinformation-en-anglais\/"]}]},{"@type":"BreadcrumbList","@id":"https:\/\/akasel.com\/fr\/bibliotheque\/fiches-dinformation\/fiches-dinformation-en-anglais\/#breadcrumb","itemListElement":[{"@type":"ListItem","position":1,"name":"Home","item":"https:\/\/akasel.com\/fr\/"},{"@type":"ListItem","position":2,"name":"Biblioth\u00e8que","item":"https:\/\/akasel.com\/fr\/bibliotheque\/"},{"@type":"ListItem","position":3,"name":"Fiches d&#8217;information","item":"https:\/\/akasel.com\/fr\/bibliotheque\/fiches-dinformation\/"},{"@type":"ListItem","position":4,"name":"Fiches d&#8217;information &#8211; Anglais"}]},{"@type":"WebSite","@id":"https:\/\/akasel.com\/fr\/#website","url":"https:\/\/akasel.com\/fr\/","name":"AKASEL A\/S","description":"","potentialAction":[{"@type":"SearchAction","target":{"@type":"EntryPoint","urlTemplate":"https:\/\/akasel.com\/fr\/?s={search_term_string}"},"query-input":"required name=search_term_string"}],"inLanguage":"fr-FR"}]}},"_links":{"self":[{"href":"https:\/\/akasel.com\/fr\/wp-json\/wp\/v2\/pages\/12640"}],"collection":[{"href":"https:\/\/akasel.com\/fr\/wp-json\/wp\/v2\/pages"}],"about":[{"href":"https:\/\/akasel.com\/fr\/wp-json\/wp\/v2\/types\/page"}],"author":[{"embeddable":true,"href":"https:\/\/akasel.com\/fr\/wp-json\/wp\/v2\/users\/1"}],"replies":[{"embeddable":true,"href":"https:\/\/akasel.com\/fr\/wp-json\/wp\/v2\/comments?post=12640"}],"version-history":[{"count":11,"href":"https:\/\/akasel.com\/fr\/wp-json\/wp\/v2\/pages\/12640\/revisions"}],"predecessor-version":[{"id":33826,"href":"https:\/\/akasel.com\/fr\/wp-json\/wp\/v2\/pages\/12640\/revisions\/33826"}],"up":[{"embeddable":true,"href":"https:\/\/akasel.com\/fr\/wp-json\/wp\/v2\/pages\/8223"}],"wp:featuredmedia":[{"embeddable":true,"href":"https:\/\/akasel.com\/fr\/wp-json\/wp\/v2\/media\/8226"}],"wp:attachment":[{"href":"https:\/\/akasel.com\/fr\/wp-json\/wp\/v2\/media?parent=12640"}],"curies":[{"name":"wp","href":"https:\/\/api.w.org\/{rel}","templated":true}]}}