{"id":8015,"date":"2018-05-16T12:20:05","date_gmt":"2018-05-16T10:20:05","guid":{"rendered":"https:\/\/akasel.com\/fr\/privacy-policy\/"},"modified":"2025-09-26T07:56:17","modified_gmt":"2025-09-26T05:56:17","slug":"politique-de-confidentialite","status":"publish","type":"page","link":"https:\/\/akasel.com\/fr\/politique-de-confidentialite\/","title":{"rendered":"Politique de confidentialit\u00e9"},"content":{"rendered":"<p>En visitant et en utilisant akasel.com\/fr, vous acceptez que AKASEL A\/S traite et stocke vos informations personnelles et vos cookies conform\u00e9ment \u00e0 la politique suivante en mati\u00e8re de donn\u00e9es et de cookies. Les cookies sont utilis\u00e9s pour permettre \u00e0 akasel.com\/fr de fonctionner correctement. Nous utilisons notamment des cookies pour permettre d&#8217;ajouter des produits au panier, de se connecter au site et d&#8217;am\u00e9liorer notre site web en g\u00e9n\u00e9ral.<\/p>\n<p><a href=\"https:\/\/akasel.com\/fr\/politique-en-matiere-de-cookies\/\">Cliquez ici pour lire notre politique en mati\u00e8re de cookies<\/a><\/p>\n<h2>Politique en mati\u00e8re de protection de la vie priv\u00e9e et des donn\u00e9es personnelles<\/h2>\n<p>Cette politique de confidentialit\u00e9 et de donn\u00e9es personnelles est r\u00e9sum\u00e9e afin de mieux vous informer, en tant que client, sur les donn\u00e9es personnelles que AKASEL A\/S stocke, ainsi que sur la mani\u00e8re dont nous les traitons &#8211; les donn\u00e9es personnelles \u00e9tant entendues comme toutes les donn\u00e9es qui peuvent \u00eatre rapport\u00e9es \u00e0 une personne individuelle.<\/p>\nAKASEL A\/S nous sommes conscients de la n\u00e9cessit\u00e9 de prot\u00e9ger de mani\u00e8re ad\u00e9quate et de traiter en toute s\u00e9curit\u00e9 toutes les informations personnelles que nous recevons, car nous respectons tous les souhaits de garder secr\u00e8tes les informations personnelles que nous fournissons en ligne.<\/p>\n<p>Si la pr\u00e9sente politique en mati\u00e8re de donn\u00e9es personnelles n&#8217;est pas accept\u00e9e, AKASEL A\/S se r\u00e9serve le droit de rejeter les commandes et autres demandes, car l&#8217;absence d&#8217;acceptation peut avoir pour cons\u00e9quence que AKASEL A\/S ne soit pas en mesure d&#8217;ex\u00e9cuter l&#8217;accord comme l&#8217;exige la loi.<\/p>\n<h2>Informations personnelles<\/h2>\n<p>Les informations personnelles couvrent toutes les donn\u00e9es qui peuvent \u00eatre utilis\u00e9es pour identifier des personnes, y compris, mais sans s&#8217;y limiter, le pr\u00e9nom, le second pr\u00e9nom et le nom de famille, l&#8217;\u00e2ge, le sexe, l&#8217;emploi, les adresses physiques priv\u00e9es et autres, l&#8217;adresse \u00e9lectronique ou d&#8217;autres informations de contact, qu&#8217;elles concernent le domicile priv\u00e9 ou le lieu de travail de la personne.<\/p>\n<p>Les informations personnelles contiennent \u00e9galement des donn\u00e9es relatives au comportement, \u00e0 l&#8217;historique des achats, aux informations \u00e9conomiques et autres, qui sont toutes utilis\u00e9es pour maintenir la relation client-fournisseur entre les clients et AKASEL A\/S.<\/p>\n<h2>Quelles sont les informations personnelles que nous conservons et traitons ?<\/h2>\n<p>Vous pouvez acc\u00e9der \u00e0 akasel.com\/fr sans nous fournir vos donn\u00e9es personnelles. Lorsque vous acc\u00e9dez au site web, un identifiant est fourni pour votre session. Cet identifiant ne peut pas \u00eatre utilis\u00e9 pour vous identifier.<\/p>\nAKASEL A\/S a besoin d&#8217;un certain nombre d&#8217;informations personnelles pour pouvoir commercer avec vous et votre entreprise, maintenir en permanence la relation client-client et faire de la publicit\u00e9 pour des produits et des services. Certaines informations sont \u00e9galement collect\u00e9es et trait\u00e9es conform\u00e9ment aux lois sur le blanchiment d&#8217;argent et la comptabilit\u00e9.<\/p>\n<p>Les informations suivantes peuvent \u00eatre stock\u00e9es et trait\u00e9es lorsque vous visitez le site akasel.com\/fr: votre adresse \u00e9lectronique, vos nom et pr\u00e9nom, votre adresse physique, votre num\u00e9ro de t\u00e9l\u00e9phone, votre \u00e2ge, votre sexe, vos donn\u00e9es techniques (y compris les adresses IP), votre comportement (y compris les URL visit\u00e9es, les \u00e9v\u00e9nements d\u00e9clencheurs, les actions telles que les clics, les connexions, le temps pass\u00e9 sur les pages web, etc.<\/p>\n<h2>AKASEL A\/S stocke et traite vos informations lorsque vous :<\/h2>\n<ul>\n<li>Cr\u00e9ez un compte<\/li>\n<li>Effectuez un achat<\/li>\n<li>Envoyez des demandes de renseignements, des plaintes et\/ou interagissez avec AKASEL A\/S<\/li>\n<li>S&#8217;abonner \u00e0 des supports publicitaires en ligne et\/ou interagir avec eux (y compris, mais sans s&#8217;y limiter, les bulletins d&#8217;information, les notifications par SMS ou autres, les publicit\u00e9s affich\u00e9es sur les sites web de tiers, etc.)<\/li>\n<li>Fournir vos informations personnelles de toute autre mani\u00e8re \u00e0 AKASEL A\/S<\/li>\n<\/ul>\nAKASEL A\/S ne conserve que les informations personnelles n\u00e9cessaires \u00e0 la fourniture d&#8217;un service ou d&#8217;un produit, \u00e0 la publicit\u00e9 pour des services ou des produits ou au traitement des demandes.<\/p>\nAKASEL A\/S ne stocke pas et\/ou n&#8217;ach\u00e8te pas \u00e0 des tiers des informations pouvant \u00eatre utilis\u00e9es pour identifier des personnes.<\/p>\nAKASEL A\/S utilise des passerelles de paiement renomm\u00e9es et cr\u00e9dibles pour traiter les transactions par carte en ligne et ne stocke donc pas d&#8217;informations concernant les cartes de paiement. Sachez que les informations relatives aux factures et aux banques sont stock\u00e9es conform\u00e9ment aux lois applicables, y compris les lois sur le blanchiment d&#8217;argent et la comptabilit\u00e9.<\/p>\n<h2>Comment utilisons-nous vos informations ?<\/h2>\n<p>Nous pouvons utiliser les informations stock\u00e9es de la mani\u00e8re suivante :<\/p>\n<ul>\n<li>Pour personnaliser votre exp\u00e9rience par e-mail et sur le site web gr\u00e2ce \u00e0 des recommandations personnelles bas\u00e9es sur votre historique d&#8217;achat<\/li>\n<li>Pour am\u00e9liorer akasel.com\/fr et faire de la publicit\u00e9 \u00e0 partir de AKASEL A\/S<\/li>\n<li>Pour mieux vous servir lorsque vous vous adressez au service client\u00e8le<\/li>\n<li>G\u00e9rer des concours, des \u00e9tudes de march\u00e9 et autres<\/li>\n<li>Traiter votre commande le plus rapidement possible<\/li>\n<li>Obtenir des avis sur les produits et sur trustpilot<\/li>\n<li>Assurer le suivi des demandes de renseignements<\/li>\n<li>Pour faire de la publicit\u00e9 en g\u00e9n\u00e9ral<\/li>\n<\/ul>\n<h2>Comment prot\u00e9geons-nous vos informations ?<\/h2>\n<p>Notre site web est r\u00e9guli\u00e8rement analys\u00e9 pour d\u00e9tecter les failles de s\u00e9curit\u00e9 et les faiblesses, afin de nous permettre de mettre fin \u00e0 toute fuite de donn\u00e9es potentielle aussi rapidement que possible, rendant ainsi notre site web aussi s\u00fbr que possible. Le site web est \u00e9galement analys\u00e9 r\u00e9guli\u00e8rement pour d\u00e9tecter les logiciels malveillants.<\/p>\n<p>Vos informations personnelles sont stock\u00e9es sur des r\u00e9seaux s\u00e9curis\u00e9s, auxquels ne peuvent acc\u00e9der que quelques employ\u00e9s tri\u00e9s sur le volet qui ont le droit d&#8217;acc\u00e9der \u00e0 ce type d&#8217;informations. Elles sont soumises \u00e0 notre politique en mati\u00e8re de donn\u00e9es personnelles, qui garantit vos droits et veille \u00e0 ce que toutes les lois applicables en la mati\u00e8re soient respect\u00e9es.<\/p>\n<p>En outre, toute information sensible ou relative aux paiements est stock\u00e9e et trait\u00e9e sur des serveurs crypt\u00e9s auxquels il est impossible d&#8217;acc\u00e9der de l&#8217;ext\u00e9rieur. Les informations relatives aux cartes de cr\u00e9dit sont trait\u00e9es par des passerelles de paiement et ne sont accessibles ni \u00e0 AKASEL A\/S ni aux employ\u00e9s des passerelles de paiement. Ces transactions ne sont pas stock\u00e9es sur des serveurs internes et ne sont \u00e0 aucun moment trait\u00e9es par AKASEL A\/S.<\/p>\n<h2>\u00c0 qui fournissons-nous vos informations ?<\/h2>\n<p>Les informations personnelles fournies sur akasel.com\/fr ou par t\u00e9l\u00e9phone ne sont communiqu\u00e9es qu&#8217;\u00e0 :<\/p>\n<ul>\n<li>Services internes\/personnel<\/li>\n<li>Des tiers de confiance qui sont n\u00e9cessaires au respect des accords relatifs \u00e0 la livraison, au paiement et aux services, y compris le recouvrement de cr\u00e9ances et d&#8217;autres questions judiciaires<\/li>\n<li>Des partenaires commerciaux charg\u00e9s de la gestion de votre compte et\/ou de la publicit\u00e9<\/li>\n<\/ul>\n<p>Afin de vous offrir la meilleure exp\u00e9rience possible sur les sites web de AKASEL A\/S, nous conservons des statistiques concernant l&#8217;utilisation de nos sites par les utilisateurs. Ces statistiques sont utilis\u00e9es exclusivement sous une forme anonyme pour d\u00e9terminer les pages et le contenu avec lesquels les utilisateurs interagissent.<\/p>\nAKASEL A\/S il est possible que nous utilisions Google Analytics pour recueillir des statistiques sur les visiteurs et que nous transmettions dans ce cas les adresses IP \u00e0 Google Analytics. La politique de confidentialit\u00e9 de Google Analytics est accept\u00e9e en visitant akasel.com\/fr et peut \u00eatre trouv\u00e9e ici : <a href=\"https:\/\/privacy.google.com\/\" target=\"_blank\" rel=\"noopener noreferrer\">www.google.com\/privacy<\/a><\/p>\n<p>Entre AKASEL A\/S et tous les partenaires commerciaux et fournisseurs, il existe un accord sur le traitement des donn\u00e9es, qui doit prot\u00e9ger les int\u00e9r\u00eats des utilisateurs et des clients \u00e0 tout moment. Ces accords peuvent \u00eatre fournis sur demande \u00e0 tout moment.<\/p>\n<h2>O\u00f9 sont stock\u00e9es vos informations personnelles ?<\/h2>\n<p>Vos informations sont stock\u00e9es sur des serveurs situ\u00e9s dans l&#8217;UE. Certaines informations personnelles sont g\u00e9r\u00e9es par un tiers (processeur de donn\u00e9es), qui stocke et traite les informations personnelles au nom de AKASEL A\/S, conform\u00e9ment \u00e0 la pr\u00e9sente politique de donn\u00e9es et aux lois applicables en mati\u00e8re de protection des donn\u00e9es personnelles.<\/p>\n<h2>Combien de temps conservons-nous vos informations personnelles ?<\/h2>\n<p>Dans le cadre d&#8217;une relation client active, vos donn\u00e9es seront conserv\u00e9es aussi longtemps que n\u00e9cessaire pour que nous puissions vous servir. Si la relation prend fin, vos donn\u00e9es seront conserv\u00e9es jusqu&#8217;\u00e0 deux ans, en fonction du type de donn\u00e9es.<\/p>\n<p>Vous pouvez \u00e0 tout moment demander \u00e0 consulter ces donn\u00e9es ou \u00e0 les faire effacer. En raison d&#8217;autres lois (telles que les lois sur la comptabilit\u00e9 et le blanchiment d&#8217;argent), toutes les donn\u00e9es transactionnelles, y compris les coordonn\u00e9es et les informations commerciales, sont conserv\u00e9es pendant cinq ans.<\/p>\n<h2>Fuite de donn\u00e9es<\/h2>\n<p>Nous prenons tr\u00e8s au s\u00e9rieux les failles de s\u00e9curit\u00e9 et les fuites de donn\u00e9es. Si nous soup\u00e7onnons une fuite de donn\u00e9es provenant des serveurs internes de AKASEL A\/S ou de partenaires externes, un ensemble d&#8217;initiatives sera imm\u00e9diatement d\u00e9ploy\u00e9 pour s\u00e9curiser au mieux nos clients et nos utilisateurs.<\/p>\n<p>Il s&#8217;agit notamment de pr\u00e9ciser l&#8217;ampleur des dommages potentiels, d&#8217;informer les clients et utilisateurs potentiellement concern\u00e9s, d&#8217;informer l&#8217;Agence danoise de protection des donn\u00e9es, ainsi que de prendre des mesures visant \u00e0 isoler les fuites et \u00e0 en r\u00e9duire l&#8217;ampleur.<\/p>\n<p>Si nous soup\u00e7onnons une fuite de donn\u00e9es provenant de AKASEL A\/S ou de tout autre partenaire externe, toutes les parties impliqu\u00e9es, y compris l&#8217;utilisateur, en seront inform\u00e9es dans les 72 heures. Si vous soup\u00e7onnez une fuite de donn\u00e9es provenant de AKASEL A\/S, veuillez nous contacter \u00e0 tout moment.<\/p>\n<h2>Acc\u00e8s \u00e0 l&#8217;information<\/h2>\n<p>Vous pouvez \u00e0 tout moment modifier les informations de votre compte ou vos centres d&#8217;int\u00e9r\u00eat et d\u00e9clarer par la pr\u00e9sente si vous souhaitez \u00eatre contact\u00e9 pour des offres de produits ou de services ou vous d\u00e9sabonner des bulletins d&#8217;information.<\/p>\n<p>Vous pouvez toujours \u00eatre inform\u00e9 des informations personnelles que nous avons enregistr\u00e9es. Si vous souhaitez recevoir une copie de ces informations, veuillez nous contacter.<\/p>\n<p>Si vous souhaitez que toutes vos donn\u00e9es soient supprim\u00e9es, contactez-nous \u00e9galement.<\/p>\n<p>Notez qu&#8217;une fois supprim\u00e9es, ces donn\u00e9es ne peuvent plus \u00eatre recr\u00e9\u00e9es. Les donn\u00e9es qui doivent \u00eatre conserv\u00e9es en vertu des lois applicables ne peuvent pas \u00eatre supprim\u00e9es sur demande.<\/p>\n<h2>R\u00e9vision<\/h2>\n<p>Nous r\u00e9visons fr\u00e9quemment nos processus de traitement des donn\u00e9es. La pr\u00e9sente politique est mise \u00e0 jour une fois par an.<\/p>\n<h2>Contact, modifications et mises \u00e0 jour de la politique relative aux donn\u00e9es personnelles<\/h2>\nAKASEL A\/S le site Web de la Commission europ\u00e9enne s&#8217;engage \u00e0 respecter les exigences l\u00e9gales en mati\u00e8re de protection de la vie priv\u00e9e de ses utilisateurs.<\/p>\n<p>Si vous avez des questions ou des commentaires sur notre politique de donn\u00e9es, ou sur la mani\u00e8re dont nous utilisons vos informations personnelles, n&#8217;h\u00e9sitez pas \u00e0 nous contacter.<\/p>\n<p>Si vous souhaitez vous d\u00e9sabonner, par exemple d&#8217;une lettre d&#8217;information, vous pouvez suivre les instructions figurant au bas de chaque e-mail. Si vous rencontrez des difficult\u00e9s pour vous d\u00e9sinscrire, veuillez nous contacter.<\/p>\n<p>En vous d\u00e9sabonnant de la publicit\u00e9 de AKASEL A\/S, tous les engagements ant\u00e9rieurs pris avec nous seront supprim\u00e9s. Ils ne peuvent \u00eatre recr\u00e9\u00e9s et si vous souhaitez \u00e0 un moment donn\u00e9 avoir un aper\u00e7u de ce que nous vous avons envoy\u00e9 pr\u00e9c\u00e9demment, comme des offres, des campagnes et autres, nous tenons \u00e0 vous informer que ces informations ne peuvent \u00eatre recr\u00e9\u00e9es.<\/p>\n","protected":false},"excerpt":{"rendered":"<p>En visitant et en utilisant , vous acceptez que traite et stocke vos informations personnelles et vos cookies conform\u00e9ment \u00e0&#8230;<\/p>\n","protected":false},"author":1,"featured_media":0,"parent":0,"menu_order":0,"comment_status":"closed","ping_status":"open","template":"","meta":{"footnotes":""},"class_list":["post-8015","page","type-page","status-publish","hentry"],"acf":[],"yoast_head":"<!-- This site is optimized with the Yoast SEO plugin v21.7 - https:\/\/yoast.com\/wordpress\/plugins\/seo\/ -->\n<title>Politique de confidentialit\u00e9 - AKASEL A\/S<\/title>\n<meta name=\"robots\" content=\"index, follow, max-snippet:-1, max-image-preview:large, max-video-preview:-1\" \/>\n<link rel=\"canonical\" href=\"https:\/\/akasel.com\/fr\/politique-de-confidentialite\/\" \/>\n<meta property=\"og:locale\" content=\"fr_FR\" \/>\n<meta property=\"og:type\" content=\"article\" \/>\n<meta property=\"og:title\" content=\"Politique de confidentialit\u00e9 - AKASEL A\/S\" \/>\n<meta property=\"og:description\" content=\"En visitant et en utilisant , vous acceptez que traite et stocke vos informations personnelles et vos cookies conform\u00e9ment \u00e0...\" \/>\n<meta property=\"og:url\" content=\"https:\/\/akasel.com\/fr\/politique-de-confidentialite\/\" \/>\n<meta property=\"og:site_name\" content=\"AKASEL A\/S\" \/>\n<meta property=\"article:modified_time\" content=\"2025-09-26T05:56:17+00:00\" \/>\n<meta name=\"twitter:card\" content=\"summary_large_image\" \/>\n<meta name=\"twitter:label1\" content=\"Dur\u00e9e de lecture estim\u00e9e\" \/>\n\t<meta name=\"twitter:data1\" content=\"9 minutes\" \/>\n<!-- \/ Yoast SEO plugin. -->","yoast_head_json":{"title":"Politique de confidentialit\u00e9 - AKASEL A\/S","robots":{"index":"index","follow":"follow","max-snippet":"max-snippet:-1","max-image-preview":"max-image-preview:large","max-video-preview":"max-video-preview:-1"},"canonical":"https:\/\/akasel.com\/fr\/politique-de-confidentialite\/","og_locale":"fr_FR","og_type":"article","og_title":"Politique de confidentialit\u00e9 - AKASEL A\/S","og_description":"En visitant et en utilisant , vous acceptez que traite et stocke vos informations personnelles et vos cookies conform\u00e9ment \u00e0...","og_url":"https:\/\/akasel.com\/fr\/politique-de-confidentialite\/","og_site_name":"AKASEL A\/S","article_modified_time":"2025-09-26T05:56:17+00:00","twitter_card":"summary_large_image","twitter_misc":{"Dur\u00e9e de lecture estim\u00e9e":"9 minutes"},"schema":{"@context":"https:\/\/schema.org","@graph":[{"@type":"WebPage","@id":"https:\/\/akasel.com\/fr\/politique-de-confidentialite\/","url":"https:\/\/akasel.com\/fr\/politique-de-confidentialite\/","name":"Politique de confidentialit\u00e9 - AKASEL A\/S","isPartOf":{"@id":"https:\/\/akasel.com\/fr\/#website"},"datePublished":"2018-05-16T10:20:05+00:00","dateModified":"2025-09-26T05:56:17+00:00","breadcrumb":{"@id":"https:\/\/akasel.com\/fr\/politique-de-confidentialite\/#breadcrumb"},"inLanguage":"fr-FR","potentialAction":[{"@type":"ReadAction","target":["https:\/\/akasel.com\/fr\/politique-de-confidentialite\/"]}]},{"@type":"BreadcrumbList","@id":"https:\/\/akasel.com\/fr\/politique-de-confidentialite\/#breadcrumb","itemListElement":[{"@type":"ListItem","position":1,"name":"Home","item":"https:\/\/akasel.com\/fr\/"},{"@type":"ListItem","position":2,"name":"Politique de confidentialit\u00e9"}]},{"@type":"WebSite","@id":"https:\/\/akasel.com\/fr\/#website","url":"https:\/\/akasel.com\/fr\/","name":"AKASEL A\/S","description":"","potentialAction":[{"@type":"SearchAction","target":{"@type":"EntryPoint","urlTemplate":"https:\/\/akasel.com\/fr\/?s={search_term_string}"},"query-input":"required name=search_term_string"}],"inLanguage":"fr-FR"}]}},"_links":{"self":[{"href":"https:\/\/akasel.com\/fr\/wp-json\/wp\/v2\/pages\/8015"}],"collection":[{"href":"https:\/\/akasel.com\/fr\/wp-json\/wp\/v2\/pages"}],"about":[{"href":"https:\/\/akasel.com\/fr\/wp-json\/wp\/v2\/types\/page"}],"author":[{"embeddable":true,"href":"https:\/\/akasel.com\/fr\/wp-json\/wp\/v2\/users\/1"}],"replies":[{"embeddable":true,"href":"https:\/\/akasel.com\/fr\/wp-json\/wp\/v2\/comments?post=8015"}],"version-history":[{"count":2,"href":"https:\/\/akasel.com\/fr\/wp-json\/wp\/v2\/pages\/8015\/revisions"}],"predecessor-version":[{"id":33728,"href":"https:\/\/akasel.com\/fr\/wp-json\/wp\/v2\/pages\/8015\/revisions\/33728"}],"wp:attachment":[{"href":"https:\/\/akasel.com\/fr\/wp-json\/wp\/v2\/media?parent=8015"}],"curies":[{"name":"wp","href":"https:\/\/api.w.org\/{rel}","templated":true}]}}