{"id":8057,"date":"2020-09-23T21:10:50","date_gmt":"2020-09-23T19:10:50","guid":{"rendered":"https:\/\/akasel.com\/fr\/terms-conditions\/"},"modified":"2025-09-26T07:56:15","modified_gmt":"2025-09-26T05:56:15","slug":"conditions-generales-utilisation","status":"publish","type":"page","link":"https:\/\/akasel.com\/fr\/conditions-generales-utilisation\/","title":{"rendered":"Conditions g\u00e9n\u00e9rales d&#8217;utilisation"},"content":{"rendered":"<p><strong>Vous trouverez ci-dessous nos conditions g\u00e9n\u00e9rales<\/strong><\/p>\n<figure class=\"wp-block-image size-large\"><a href=\"https:\/\/akasel.com\/fr\/wp-content\/uploads\/2022\/01\/terms-and-conditions-january-2022.pdf\" target=\"_blank\" rel=\"noopener noreferrer\"><img decoding=\"async\" class=\"wp-image-5679\" src=\"https:\/\/akasel.com\/fr\/wp-content\/uploads\/2023\/08\/2022-01-05-15-05-59-terms-and-conditions-updated-version-20211208-google-chrome.png\" alt=\"Cut Off Wheels Uk 2\" \/><\/a><\/figure>\n","protected":false},"excerpt":{"rendered":"<p>Vous trouverez ci-dessous nos conditions g\u00e9n\u00e9rales<\/p>\n","protected":false},"author":1,"featured_media":8058,"parent":0,"menu_order":0,"comment_status":"closed","ping_status":"open","template":"","meta":{"footnotes":""},"class_list":["post-8057","page","type-page","status-publish","has-post-thumbnail","hentry"],"acf":[],"yoast_head":"<!-- This site is optimized with the Yoast SEO plugin v21.7 - https:\/\/yoast.com\/wordpress\/plugins\/seo\/ -->\n<title>Conditions d\u2019utilisation et informations l\u00e9gales Akasel \u2013 Site officiel<\/title>\n<meta name=\"description\" content=\"Consultez les conditions d\u2019utilisation et les informations l\u00e9gales d\u2019Akasel concernant l\u2019acc\u00e8s, l\u2019achat et l\u2019utilisation de nos produits m\u00e9tallographiques.\" \/>\n<meta name=\"robots\" content=\"index, follow, max-snippet:-1, max-image-preview:large, max-video-preview:-1\" \/>\n<link rel=\"canonical\" href=\"https:\/\/akasel.com\/fr\/conditions-generales-utilisation\/\" \/>\n<meta property=\"og:locale\" content=\"fr_FR\" \/>\n<meta property=\"og:type\" content=\"article\" \/>\n<meta property=\"og:title\" content=\"Conditions d\u2019utilisation et informations l\u00e9gales Akasel \u2013 Site officiel\" \/>\n<meta property=\"og:description\" content=\"Consultez les conditions d\u2019utilisation et les informations l\u00e9gales d\u2019Akasel concernant l\u2019acc\u00e8s, l\u2019achat et l\u2019utilisation de nos produits m\u00e9tallographiques.\" \/>\n<meta property=\"og:url\" content=\"https:\/\/akasel.com\/fr\/conditions-generales-utilisation\/\" \/>\n<meta property=\"og:site_name\" content=\"AKASEL A\/S\" \/>\n<meta property=\"article:modified_time\" content=\"2025-09-26T05:56:15+00:00\" \/>\n<meta property=\"og:image\" content=\"https:\/\/akasel.com\/fr\/wp-content\/uploads\/sites\/8\/2023\/08\/2022-01-05-15-05-59-terms-and-conditions-updated-version-20211208-google-chrome.png\" \/>\n\t<meta property=\"og:image:width\" content=\"523\" \/>\n\t<meta property=\"og:image:height\" content=\"743\" \/>\n\t<meta property=\"og:image:type\" content=\"image\/png\" \/>\n<meta name=\"twitter:card\" content=\"summary_large_image\" \/>\n<meta name=\"twitter:label1\" content=\"Dur\u00e9e de lecture estim\u00e9e\" \/>\n\t<meta name=\"twitter:data1\" content=\"1 minute\" \/>\n<!-- \/ Yoast SEO plugin. -->","yoast_head_json":{"title":"Conditions d\u2019utilisation et informations l\u00e9gales Akasel \u2013 Site officiel","description":"Consultez les conditions d\u2019utilisation et les informations l\u00e9gales d\u2019Akasel concernant l\u2019acc\u00e8s, l\u2019achat et l\u2019utilisation de nos produits m\u00e9tallographiques.","robots":{"index":"index","follow":"follow","max-snippet":"max-snippet:-1","max-image-preview":"max-image-preview:large","max-video-preview":"max-video-preview:-1"},"canonical":"https:\/\/akasel.com\/fr\/conditions-generales-utilisation\/","og_locale":"fr_FR","og_type":"article","og_title":"Conditions d\u2019utilisation et informations l\u00e9gales Akasel \u2013 Site officiel","og_description":"Consultez les conditions d\u2019utilisation et les informations l\u00e9gales d\u2019Akasel concernant l\u2019acc\u00e8s, l\u2019achat et l\u2019utilisation de nos produits m\u00e9tallographiques.","og_url":"https:\/\/akasel.com\/fr\/conditions-generales-utilisation\/","og_site_name":"AKASEL A\/S","article_modified_time":"2025-09-26T05:56:15+00:00","og_image":[{"width":523,"height":743,"url":"https:\/\/akasel.com\/fr\/wp-content\/uploads\/sites\/8\/2023\/08\/2022-01-05-15-05-59-terms-and-conditions-updated-version-20211208-google-chrome.png","type":"image\/png"}],"twitter_card":"summary_large_image","twitter_misc":{"Dur\u00e9e de lecture estim\u00e9e":"1 minute"},"schema":{"@context":"https:\/\/schema.org","@graph":[{"@type":"WebPage","@id":"https:\/\/akasel.com\/fr\/conditions-generales-utilisation\/","url":"https:\/\/akasel.com\/fr\/conditions-generales-utilisation\/","name":"Conditions d\u2019utilisation et informations l\u00e9gales Akasel \u2013 Site officiel","isPartOf":{"@id":"https:\/\/akasel.com\/fr\/#website"},"datePublished":"2020-09-23T19:10:50+00:00","dateModified":"2025-09-26T05:56:15+00:00","description":"Consultez les conditions d\u2019utilisation et les informations l\u00e9gales d\u2019Akasel concernant l\u2019acc\u00e8s, l\u2019achat et l\u2019utilisation de nos produits m\u00e9tallographiques.","breadcrumb":{"@id":"https:\/\/akasel.com\/fr\/conditions-generales-utilisation\/#breadcrumb"},"inLanguage":"fr-FR","potentialAction":[{"@type":"ReadAction","target":["https:\/\/akasel.com\/fr\/conditions-generales-utilisation\/"]}]},{"@type":"BreadcrumbList","@id":"https:\/\/akasel.com\/fr\/conditions-generales-utilisation\/#breadcrumb","itemListElement":[{"@type":"ListItem","position":1,"name":"Home","item":"https:\/\/akasel.com\/fr\/"},{"@type":"ListItem","position":2,"name":"Conditions g\u00e9n\u00e9rales d&#8217;utilisation"}]},{"@type":"WebSite","@id":"https:\/\/akasel.com\/fr\/#website","url":"https:\/\/akasel.com\/fr\/","name":"AKASEL A\/S","description":"","potentialAction":[{"@type":"SearchAction","target":{"@type":"EntryPoint","urlTemplate":"https:\/\/akasel.com\/fr\/?s={search_term_string}"},"query-input":"required name=search_term_string"}],"inLanguage":"fr-FR"}]}},"_links":{"self":[{"href":"https:\/\/akasel.com\/fr\/wp-json\/wp\/v2\/pages\/8057"}],"collection":[{"href":"https:\/\/akasel.com\/fr\/wp-json\/wp\/v2\/pages"}],"about":[{"href":"https:\/\/akasel.com\/fr\/wp-json\/wp\/v2\/types\/page"}],"author":[{"embeddable":true,"href":"https:\/\/akasel.com\/fr\/wp-json\/wp\/v2\/users\/1"}],"replies":[{"embeddable":true,"href":"https:\/\/akasel.com\/fr\/wp-json\/wp\/v2\/comments?post=8057"}],"version-history":[{"count":4,"href":"https:\/\/akasel.com\/fr\/wp-json\/wp\/v2\/pages\/8057\/revisions"}],"predecessor-version":[{"id":33700,"href":"https:\/\/akasel.com\/fr\/wp-json\/wp\/v2\/pages\/8057\/revisions\/33700"}],"wp:featuredmedia":[{"embeddable":true,"href":"https:\/\/akasel.com\/fr\/wp-json\/wp\/v2\/media\/8058"}],"wp:attachment":[{"href":"https:\/\/akasel.com\/fr\/wp-json\/wp\/v2\/media?parent=8057"}],"curies":[{"name":"wp","href":"https:\/\/api.w.org\/{rel}","templated":true}]}}