{"id":8062,"date":"2020-10-28T19:56:34","date_gmt":"2020-10-28T18:56:34","guid":{"rendered":"https:\/\/akasel.com\/fr\/library\/"},"modified":"2025-09-26T07:56:15","modified_gmt":"2025-09-26T05:56:15","slug":"bibliotheque","status":"publish","type":"page","link":"https:\/\/akasel.com\/fr\/bibliotheque\/","title":{"rendered":"Biblioth\u00e8que"},"content":{"rendered":"<p>Vous trouverez ici la documentation sur nos produits.<\/p>\n<p>Les guides d&#8217;utilisation sont des manuels d\u00e9crivant comment utiliser correctement nos produits.<\/p>\n<p>Les brochures de produits d\u00e9crivent des produits individuels ou des groupes de produits.<\/p>\n<p>Les fiches d&#8217;information offrent des descriptions d\u00e9taill\u00e9es des produits s\u00e9lectionn\u00e9s.<\/p>\n<p>Le catalogue des consommables pr\u00e9sente l&#8217;ensemble de nos produits, accompagn\u00e9 de descriptions d\u00e9taill\u00e9es et de recommandations d&#8217;application.<\/p>\n<p>Le document Shelf Life of Akasel Consumables (dur\u00e9e de conservation des consommables <a href=\"https:\/\/akasel.com\/fr\/wp-content\/uploads\/2025\/01\/shelf-life-akasel-consumables-en.pdf\">Akasel<\/a>) fournit des d\u00e9tails essentiels sur le stockage appropri\u00e9 et le maintien de la qualit\u00e9 des produits dans le temps.<\/p>\n","protected":false},"excerpt":{"rendered":"<p>Vous trouverez ici la documentation sur nos produits. Les guides d&#8217;utilisation sont des manuels d\u00e9crivant comment utiliser correctement nos produits&#8230;.<\/p>\n","protected":false},"author":1,"featured_media":0,"parent":0,"menu_order":0,"comment_status":"closed","ping_status":"open","template":"","meta":{"footnotes":""},"class_list":["post-8062","page","type-page","status-publish","hentry"],"acf":[],"yoast_head":"<!-- This site is optimized with the Yoast SEO plugin v21.7 - https:\/\/yoast.com\/wordpress\/plugins\/seo\/ -->\n<title>Biblioth\u00e8que Akasel \u2013 Guides et catalogues m\u00e9tallographiques<\/title>\n<meta name=\"description\" content=\"Explorez la biblioth\u00e8que Akasel : guides d&#039;utilisation, fiches, catalogues et brochures pour r\u00e9ussir vos pr\u00e9parations m\u00e9tallographiques.\" \/>\n<meta name=\"robots\" content=\"index, follow, max-snippet:-1, max-image-preview:large, max-video-preview:-1\" \/>\n<link rel=\"canonical\" href=\"https:\/\/akasel.com\/fr\/bibliotheque\/\" \/>\n<meta property=\"og:locale\" content=\"fr_FR\" \/>\n<meta property=\"og:type\" content=\"article\" \/>\n<meta property=\"og:title\" content=\"Biblioth\u00e8que Akasel \u2013 Guides et catalogues m\u00e9tallographiques\" \/>\n<meta property=\"og:description\" content=\"Explorez la biblioth\u00e8que Akasel : guides d&#039;utilisation, fiches, catalogues et brochures pour r\u00e9ussir vos pr\u00e9parations m\u00e9tallographiques.\" \/>\n<meta property=\"og:url\" content=\"https:\/\/akasel.com\/fr\/bibliotheque\/\" \/>\n<meta property=\"og:site_name\" content=\"AKASEL A\/S\" \/>\n<meta property=\"article:modified_time\" content=\"2025-09-26T05:56:15+00:00\" \/>\n<meta name=\"twitter:card\" content=\"summary_large_image\" \/>\n<meta name=\"twitter:label1\" content=\"Dur\u00e9e de lecture estim\u00e9e\" \/>\n\t<meta name=\"twitter:data1\" content=\"1 minute\" \/>\n<!-- \/ Yoast SEO plugin. -->","yoast_head_json":{"title":"Biblioth\u00e8que Akasel \u2013 Guides et catalogues m\u00e9tallographiques","description":"Explorez la biblioth\u00e8que Akasel : guides d'utilisation, fiches, catalogues et brochures pour r\u00e9ussir vos pr\u00e9parations m\u00e9tallographiques.","robots":{"index":"index","follow":"follow","max-snippet":"max-snippet:-1","max-image-preview":"max-image-preview:large","max-video-preview":"max-video-preview:-1"},"canonical":"https:\/\/akasel.com\/fr\/bibliotheque\/","og_locale":"fr_FR","og_type":"article","og_title":"Biblioth\u00e8que Akasel \u2013 Guides et catalogues m\u00e9tallographiques","og_description":"Explorez la biblioth\u00e8que Akasel : guides d'utilisation, fiches, catalogues et brochures pour r\u00e9ussir vos pr\u00e9parations m\u00e9tallographiques.","og_url":"https:\/\/akasel.com\/fr\/bibliotheque\/","og_site_name":"AKASEL A\/S","article_modified_time":"2025-09-26T05:56:15+00:00","twitter_card":"summary_large_image","twitter_misc":{"Dur\u00e9e de lecture estim\u00e9e":"1 minute"},"schema":{"@context":"https:\/\/schema.org","@graph":[{"@type":"WebPage","@id":"https:\/\/akasel.com\/fr\/bibliotheque\/","url":"https:\/\/akasel.com\/fr\/bibliotheque\/","name":"Biblioth\u00e8que Akasel \u2013 Guides et catalogues m\u00e9tallographiques","isPartOf":{"@id":"https:\/\/akasel.com\/fr\/#website"},"datePublished":"2020-10-28T18:56:34+00:00","dateModified":"2025-09-26T05:56:15+00:00","description":"Explorez la biblioth\u00e8que Akasel : guides d'utilisation, fiches, catalogues et brochures pour r\u00e9ussir vos pr\u00e9parations m\u00e9tallographiques.","breadcrumb":{"@id":"https:\/\/akasel.com\/fr\/bibliotheque\/#breadcrumb"},"inLanguage":"fr-FR","potentialAction":[{"@type":"ReadAction","target":["https:\/\/akasel.com\/fr\/bibliotheque\/"]}]},{"@type":"BreadcrumbList","@id":"https:\/\/akasel.com\/fr\/bibliotheque\/#breadcrumb","itemListElement":[{"@type":"ListItem","position":1,"name":"Home","item":"https:\/\/akasel.com\/fr\/"},{"@type":"ListItem","position":2,"name":"Biblioth\u00e8que"}]},{"@type":"WebSite","@id":"https:\/\/akasel.com\/fr\/#website","url":"https:\/\/akasel.com\/fr\/","name":"AKASEL A\/S","description":"","potentialAction":[{"@type":"SearchAction","target":{"@type":"EntryPoint","urlTemplate":"https:\/\/akasel.com\/fr\/?s={search_term_string}"},"query-input":"required name=search_term_string"}],"inLanguage":"fr-FR"}]}},"_links":{"self":[{"href":"https:\/\/akasel.com\/fr\/wp-json\/wp\/v2\/pages\/8062"}],"collection":[{"href":"https:\/\/akasel.com\/fr\/wp-json\/wp\/v2\/pages"}],"about":[{"href":"https:\/\/akasel.com\/fr\/wp-json\/wp\/v2\/types\/page"}],"author":[{"embeddable":true,"href":"https:\/\/akasel.com\/fr\/wp-json\/wp\/v2\/users\/1"}],"replies":[{"embeddable":true,"href":"https:\/\/akasel.com\/fr\/wp-json\/wp\/v2\/comments?post=8062"}],"version-history":[{"count":7,"href":"https:\/\/akasel.com\/fr\/wp-json\/wp\/v2\/pages\/8062\/revisions"}],"predecessor-version":[{"id":33726,"href":"https:\/\/akasel.com\/fr\/wp-json\/wp\/v2\/pages\/8062\/revisions\/33726"}],"wp:attachment":[{"href":"https:\/\/akasel.com\/fr\/wp-json\/wp\/v2\/media?parent=8062"}],"curies":[{"name":"wp","href":"https:\/\/api.w.org\/{rel}","templated":true}]}}