{"id":8116,"date":"2020-11-12T20:01:44","date_gmt":"2020-11-12T19:01:44","guid":{"rendered":"https:\/\/akasel.com\/fr\/dealers\/"},"modified":"2025-09-26T07:56:15","modified_gmt":"2025-09-26T05:56:15","slug":"distributeurs","status":"publish","type":"page","link":"https:\/\/akasel.com\/fr\/distributeurs\/","title":{"rendered":"Distributeurs"},"content":{"rendered":"<p>Akasel est pr\u00e9sent dans le monde entier gr\u00e2ce \u00e0 un r\u00e9seau de distributeurs tr\u00e8s comp\u00e9tents. Nos distributeurs jouent un r\u00f4le cl\u00e9 pour offrir une alternative plus intelligente.<\/p>\n<p>S\u00e9lectionnez votre continent \u00e0 gauche pour obtenir une vue d&#8217;ensemble de nos distributeurs dans votre r\u00e9gion.<\/p>\n<p>Si aucun distributeur n&#8217;est pr\u00e9sent dans votre pays, veuillez nous contacter \u00e0 l&#8217;adresse <a href=\"mailto:sales@akasel.com\">info@akasel.com<\/a><\/p>\n","protected":false},"excerpt":{"rendered":"<p>Akasel est pr\u00e9sent dans le monde entier gr\u00e2ce \u00e0 un r\u00e9seau de distributeurs tr\u00e8s comp\u00e9tents. Nos distributeurs jouent un r\u00f4le&#8230;<\/p>\n","protected":false},"author":1,"featured_media":0,"parent":0,"menu_order":0,"comment_status":"closed","ping_status":"open","template":"","meta":{"footnotes":""},"class_list":["post-8116","page","type-page","status-publish","hentry"],"acf":[],"yoast_head":"<!-- This site is optimized with the Yoast SEO plugin v21.7 - https:\/\/yoast.com\/wordpress\/plugins\/seo\/ -->\n<title>Distributeurs Akasel \u2013 Trouvez votre partenaire local dans le monde<\/title>\n<meta name=\"description\" content=\"D\u00e9couvrez le r\u00e9seau mondial de distributeurs Akasel et trouvez un partenaire dans votre r\u00e9gion pour des consommables m\u00e9tallographiques de qualit\u00e9.\" \/>\n<meta name=\"robots\" content=\"index, follow, max-snippet:-1, max-image-preview:large, max-video-preview:-1\" \/>\n<link rel=\"canonical\" href=\"https:\/\/akasel.com\/fr\/distributeurs\/\" \/>\n<meta property=\"og:locale\" content=\"fr_FR\" \/>\n<meta property=\"og:type\" content=\"article\" \/>\n<meta property=\"og:title\" content=\"Distributeurs Akasel \u2013 Trouvez votre partenaire local dans le monde\" \/>\n<meta property=\"og:description\" content=\"D\u00e9couvrez le r\u00e9seau mondial de distributeurs Akasel et trouvez un partenaire dans votre r\u00e9gion pour des consommables m\u00e9tallographiques de qualit\u00e9.\" \/>\n<meta property=\"og:url\" content=\"https:\/\/akasel.com\/fr\/distributeurs\/\" \/>\n<meta property=\"og:site_name\" content=\"AKASEL A\/S\" \/>\n<meta property=\"article:modified_time\" content=\"2025-09-26T05:56:15+00:00\" \/>\n<meta name=\"twitter:card\" content=\"summary_large_image\" \/>\n<meta name=\"twitter:label1\" content=\"Dur\u00e9e de lecture estim\u00e9e\" \/>\n\t<meta name=\"twitter:data1\" content=\"1 minute\" \/>\n<!-- \/ Yoast SEO plugin. -->","yoast_head_json":{"title":"Distributeurs Akasel \u2013 Trouvez votre partenaire local dans le monde","description":"D\u00e9couvrez le r\u00e9seau mondial de distributeurs Akasel et trouvez un partenaire dans votre r\u00e9gion pour des consommables m\u00e9tallographiques de qualit\u00e9.","robots":{"index":"index","follow":"follow","max-snippet":"max-snippet:-1","max-image-preview":"max-image-preview:large","max-video-preview":"max-video-preview:-1"},"canonical":"https:\/\/akasel.com\/fr\/distributeurs\/","og_locale":"fr_FR","og_type":"article","og_title":"Distributeurs Akasel \u2013 Trouvez votre partenaire local dans le monde","og_description":"D\u00e9couvrez le r\u00e9seau mondial de distributeurs Akasel et trouvez un partenaire dans votre r\u00e9gion pour des consommables m\u00e9tallographiques de qualit\u00e9.","og_url":"https:\/\/akasel.com\/fr\/distributeurs\/","og_site_name":"AKASEL A\/S","article_modified_time":"2025-09-26T05:56:15+00:00","twitter_card":"summary_large_image","twitter_misc":{"Dur\u00e9e de lecture estim\u00e9e":"1 minute"},"schema":{"@context":"https:\/\/schema.org","@graph":[{"@type":"WebPage","@id":"https:\/\/akasel.com\/fr\/distributeurs\/","url":"https:\/\/akasel.com\/fr\/distributeurs\/","name":"Distributeurs Akasel \u2013 Trouvez votre partenaire local dans le monde","isPartOf":{"@id":"https:\/\/akasel.com\/fr\/#website"},"datePublished":"2020-11-12T19:01:44+00:00","dateModified":"2025-09-26T05:56:15+00:00","description":"D\u00e9couvrez le r\u00e9seau mondial de distributeurs Akasel et trouvez un partenaire dans votre r\u00e9gion pour des consommables m\u00e9tallographiques de qualit\u00e9.","breadcrumb":{"@id":"https:\/\/akasel.com\/fr\/distributeurs\/#breadcrumb"},"inLanguage":"fr-FR","potentialAction":[{"@type":"ReadAction","target":["https:\/\/akasel.com\/fr\/distributeurs\/"]}]},{"@type":"BreadcrumbList","@id":"https:\/\/akasel.com\/fr\/distributeurs\/#breadcrumb","itemListElement":[{"@type":"ListItem","position":1,"name":"Home","item":"https:\/\/akasel.com\/fr\/"},{"@type":"ListItem","position":2,"name":"Distributeurs"}]},{"@type":"WebSite","@id":"https:\/\/akasel.com\/fr\/#website","url":"https:\/\/akasel.com\/fr\/","name":"AKASEL A\/S","description":"","potentialAction":[{"@type":"SearchAction","target":{"@type":"EntryPoint","urlTemplate":"https:\/\/akasel.com\/fr\/?s={search_term_string}"},"query-input":"required name=search_term_string"}],"inLanguage":"fr-FR"}]}},"_links":{"self":[{"href":"https:\/\/akasel.com\/fr\/wp-json\/wp\/v2\/pages\/8116"}],"collection":[{"href":"https:\/\/akasel.com\/fr\/wp-json\/wp\/v2\/pages"}],"about":[{"href":"https:\/\/akasel.com\/fr\/wp-json\/wp\/v2\/types\/page"}],"author":[{"embeddable":true,"href":"https:\/\/akasel.com\/fr\/wp-json\/wp\/v2\/users\/1"}],"replies":[{"embeddable":true,"href":"https:\/\/akasel.com\/fr\/wp-json\/wp\/v2\/comments?post=8116"}],"version-history":[{"count":3,"href":"https:\/\/akasel.com\/fr\/wp-json\/wp\/v2\/pages\/8116\/revisions"}],"predecessor-version":[{"id":33705,"href":"https:\/\/akasel.com\/fr\/wp-json\/wp\/v2\/pages\/8116\/revisions\/33705"}],"wp:attachment":[{"href":"https:\/\/akasel.com\/fr\/wp-json\/wp\/v2\/media?parent=8116"}],"curies":[{"name":"wp","href":"https:\/\/api.w.org\/{rel}","templated":true}]}}