{"id":8212,"date":"2020-11-16T19:03:48","date_gmt":"2020-11-16T18:03:48","guid":{"rendered":"https:\/\/akasel.com\/fr\/sds\/"},"modified":"2026-03-16T15:00:12","modified_gmt":"2026-03-16T14:00:12","slug":"sdd","status":"publish","type":"page","link":"https:\/\/akasel.com\/fr\/fds\/sdd\/","title":{"rendered":"FDS"},"content":{"rendered":"<p>Chez Akasel, nous prenons tr\u00e8s au s\u00e9rieux notre obligation d&#8217;assurer la s\u00e9curit\u00e9 des op\u00e9rateurs. C&#8217;est pourquoi tous les produits qui pr\u00e9sentent un risque potentiel sont accompagn\u00e9s d&#8217;une fiche de donn\u00e9es de s\u00e9curit\u00e9 (FDS) qui peut \u00eatre t\u00e9l\u00e9charg\u00e9e ici. Vous trouverez \u00e9galement ici les fiches de donn\u00e9es de s\u00e9curit\u00e9 de nos produits liquides, m\u00eame s&#8217;ils ne sont pas associ\u00e9s \u00e0 un danger potentiel.<\/p>\n<p>Les produits solides qui ne sont pas associ\u00e9s \u00e0 un danger sont repr\u00e9sent\u00e9s par une fiche de donn\u00e9es de produit (FDP).<\/p>\n<p>Cliquez sur la description du produit ci-dessous pour ouvrir la fiche de donn\u00e9es de s\u00e9curit\u00e9 correspondante.<\/p>\n<p><strong>Coupe<\/strong><br \/>\n<a href=\"https:\/\/akasel.com\/wp-content\/uploads\/2025\/11\/sds-aka-cool-fr-v10.pdf\" target=\"_blank\" rel=\"noreferrer noopener\" data-type=\"URL\" data-id=\"https:\/\/akasel.com\/wp-content\/uploads\/2021\/10\/sds-aka-cool-en-v20.pdf\">Aka-Cool<\/a><br \/>\n<a href=\"https:\/\/akasel.com\/us\/wp-content\/uploads\/sites\/6\/2025\/12\/sds-aka-nofoam-fr-v10.pdf\" target=\"_blank\" rel=\"noreferrer noopener\" data-type=\"URL\" data-id=\"https:\/\/akasel.com\/wp-content\/uploads\/2021\/10\/sds-aka-nofoam-en-v20.pdf\">Aka-NoFoam<\/a><\/p>\n<p><strong>Montage<\/strong><br \/>\n<a href=\"https:\/\/akasel.com\/wp-content\/uploads\/2025\/11\/sds-aka-clear-2-liquid-fr-v10.pdf\" target=\"_blank\" rel=\"noreferrer noopener\" data-type=\"URL\" data-id=\"https:\/\/akasel.com\/wp-content\/uploads\/2024\/07\/sds-aka-clear-2-liquid-en-v80-1.pdf\">Aka-Clear-2 Liquid<\/a><a href=\"https:\/\/akasel.com\/wp-content\/uploads\/2024\/07\/sds-aka-clear-2-liquid-en-v80-1.pdf\" target=\"_blank\" rel=\"noreferrer noopener\" data-type=\"URL\" data-id=\"https:\/\/akasel.com\/wp-content\/uploads\/2024\/07\/sds-aka-clear-2-liquid-en-v80-1.pdf\"><br \/>\n<\/a><a href=\"https:\/\/akasel.com\/wp-content\/uploads\/2025\/11\/sds-aka-clear-2-powder-fr-v10.pdf\" target=\"_blank\" rel=\"noreferrer noopener\">Aka-Clear-2 Powder<\/a><a href=\"https:\/\/akasel.com\/wp-content\/uploads\/2024\/07\/sds-aka-clear-2-liquid-en-v80-1.pdf\" target=\"_blank\" rel=\"noreferrer noopener\" data-type=\"URL\" data-id=\"https:\/\/akasel.com\/wp-content\/uploads\/2024\/07\/sds-aka-clear-2-liquid-en-v80-1.pdf\"><br \/>\n<\/a><a href=\"https:\/\/akasel.com\/wp-content\/uploads\/2026\/03\/sds-aka-cure-quick-fr-20.pdf\" target=\"_blank\" rel=\"noreferrer noopener\" data-type=\"URL\" data-id=\"https:\/\/akasel.com\/wp-content\/uploads\/2024\/07\/sds-aka-cure-quick-en-v20-1.pdf\">Aka-Cure Quick<br \/>\n<\/a><a href=\"https:\/\/akasel.com\/wp-content\/uploads\/2025\/11\/sds-aka-cure-slow-fr-v10.pdf\" target=\"_blank\" rel=\"noreferrer noopener\" data-type=\"URL\" data-id=\"https:\/\/akasel.com\/wp-content\/uploads\/2021\/10\/sds-aka-cure-slow-en-v20.pdf\">Aka-Cure Slow<\/a><a href=\"https:\/\/akasel.com\/wp-content\/uploads\/2024\/07\/sds-aka-clear-2-liquid-en-v80-1.pdf\" target=\"_blank\" rel=\"noreferrer noopener\" data-type=\"URL\" data-id=\"https:\/\/akasel.com\/wp-content\/uploads\/2024\/07\/sds-aka-clear-2-liquid-en-v80-1.pdf\"><br \/>\n<\/a><a href=\"https:\/\/akasel.com\/wp-content\/uploads\/2024\/04\/sds-aka-nostick-liquid-en-v30.pdf\" target=\"_blank\" rel=\"noreferrer noopener\" data-type=\"URL\" data-id=\"https:\/\/akasel.com\/wp-content\/uploads\/2024\/04\/sds-aka-nostick-liquid-en-v30.pdf\">Aka-NoStick Liquid<\/a><a href=\"https:\/\/akasel.com\/wp-content\/uploads\/2024\/07\/sds-aka-clear-2-liquid-en-v80-1.pdf\" target=\"_blank\" rel=\"noreferrer noopener\" data-type=\"URL\" data-id=\"https:\/\/akasel.com\/wp-content\/uploads\/2024\/07\/sds-aka-clear-2-liquid-en-v80-1.pdf\"><br \/>\n<\/a><a href=\"https:\/\/akasel.com\/wp-content\/uploads\/2025\/11\/sds-aka-resin-acrylic-fr-v10.pdf\" target=\"_blank\" rel=\"noreferrer noopener\" data-type=\"URL\" data-id=\"https:\/\/akasel.com\/wp-content\/uploads\/2024\/04\/sds-aka-resin-acrylic-en-v20.pdff\">Aka-Resin Acrylic<\/a><a href=\"https:\/\/akasel.com\/wp-content\/uploads\/2024\/07\/sds-aka-clear-2-liquid-en-v80-1.pdf\" target=\"_blank\" rel=\"noreferrer noopener\" data-type=\"URL\" data-id=\"https:\/\/akasel.com\/wp-content\/uploads\/2024\/07\/sds-aka-clear-2-liquid-en-v80-1.pdf\"><br \/>\n<\/a><a href=\"https:\/\/akasel.com\/wp-content\/uploads\/2025\/11\/sds-aka-resin-liquid-epoxy-fr-v10.pdf\" target=\"_blank\" rel=\"noreferrer noopener\">Aka-Resin Liquid Epoxy<\/a><a href=\"https:\/\/akasel.com\/wp-content\/uploads\/2024\/07\/sds-aka-clear-2-liquid-en-v80-1.pdf\" target=\"_blank\" rel=\"noreferrer noopener\" data-type=\"URL\" data-id=\"https:\/\/akasel.com\/wp-content\/uploads\/2024\/07\/sds-aka-clear-2-liquid-en-v80-1.pdf\"><br \/>\n<\/a><a href=\"https:\/\/akasel.com\/wp-content\/uploads\/2025\/11\/sds-aka-resin-epoxy-fr-v10.pdf\" target=\"_blank\" rel=\"noreferrer noopener\">Aka-Resin Epoxy (before 01\/09\/2025)<\/a><a href=\"https:\/\/akasel.com\/wp-content\/uploads\/2024\/07\/sds-aka-clear-2-liquid-en-v80-1.pdf\" target=\"_blank\" rel=\"noreferrer noopener\" data-type=\"URL\" data-id=\"https:\/\/akasel.com\/wp-content\/uploads\/2024\/07\/sds-aka-clear-2-liquid-en-v80-1.pdf\"><br \/>\n<\/a><a href=\"https:\/\/akasel.com\/wp-content\/uploads\/2025\/11\/sds-aka-resin-epoxy-2025-fr-v10.pdf\" target=\"_blank\" rel=\"noreferrer noopener\">Aka-Resin Epoxy (from 01\/09\/2025)<\/a><a href=\"https:\/\/akasel.com\/wp-content\/uploads\/2024\/07\/sds-aka-clear-2-liquid-en-v80-1.pdf\" target=\"_blank\" rel=\"noreferrer noopener\" data-type=\"URL\" data-id=\"https:\/\/akasel.com\/wp-content\/uploads\/2024\/07\/sds-aka-clear-2-liquid-en-v80-1.pdf\"><br \/>\n<\/a><a href=\"https:\/\/akasel.com\/wp-content\/uploads\/2025\/11\/sds-aka-resin-melamine-fr-v10.pdf\" target=\"_blank\" rel=\"noreferrer noopener\" data-type=\"URL\" data-id=\"https:\/\/akasel.com\/wp-content\/uploads\/2021\/11\/sds-aka-resin-melamine-en-v20.pdf\">Aka-Resin Melamine<\/a><a href=\"https:\/\/akasel.com\/wp-content\/uploads\/2024\/07\/sds-aka-clear-2-liquid-en-v80-1.pdf\" target=\"_blank\" rel=\"noreferrer noopener\" data-type=\"URL\" data-id=\"https:\/\/akasel.com\/wp-content\/uploads\/2024\/07\/sds-aka-clear-2-liquid-en-v80-1.pdf\"><br \/>\n<\/a><a href=\"https:\/\/akasel.com\/wp-content\/uploads\/2025\/11\/sds-aka-resin-pp-black-green-orange-fr-v10.pdf\" target=\"_blank\" rel=\"noreferrer noopener\" data-type=\"URL\" data-id=\"https:\/\/akasel.com\/wp-content\/uploads\/2025\/05\/sds-aka-resin-pp-black-green-orange-red-uk-v10.pdf\">Aka-Resin PP<\/a><a href=\"https:\/\/akasel.com\/wp-content\/uploads\/2024\/07\/sds-aka-clear-2-liquid-en-v80-1.pdf\" target=\"_blank\" rel=\"noreferrer noopener\" data-type=\"URL\" data-id=\"https:\/\/akasel.com\/wp-content\/uploads\/2024\/07\/sds-aka-clear-2-liquid-en-v80-1.pdf\"><br \/>\n<\/a><a href=\"https:\/\/akasel.com\/wp-content\/uploads\/2025\/11\/sds-aka-resin-phenolic-fr-v10.pdf\" target=\"_blank\" rel=\"noreferrer noopener\" data-type=\"URL\" data-id=\"https:\/\/akasel.com\/wp-content\/uploads\/2021\/10\/sds-aka-resin-phenolic-en-v30.pdf\">Aka-Resin Phenolic<\/a><a href=\"https:\/\/akasel.com\/wp-content\/uploads\/2024\/07\/sds-aka-clear-2-liquid-en-v80-1.pdf\" target=\"_blank\" rel=\"noreferrer noopener\" data-type=\"URL\" data-id=\"https:\/\/akasel.com\/wp-content\/uploads\/2024\/07\/sds-aka-clear-2-liquid-en-v80-1.pdf\"><br \/>\n<\/a><a href=\"https:\/\/akasel.com\/wp-content\/uploads\/2023\/02\/sds-aka-resin-phenolic-2-black-en-v20.pdf\" target=\"_blank\" rel=\"noreferrer noopener\" data-type=\"URL\" data-id=\"https:\/\/akasel.com\/wp-content\/uploads\/2023\/02\/sds-aka-resin-phenolic-2-black-en-v20.pdf\">Aka-Resin Phenolic-2, Black<\/a><a href=\"https:\/\/akasel.com\/wp-content\/uploads\/2024\/07\/sds-aka-clear-2-liquid-en-v80-1.pdf\" target=\"_blank\" rel=\"noreferrer noopener\" data-type=\"URL\" data-id=\"https:\/\/akasel.com\/wp-content\/uploads\/2024\/07\/sds-aka-clear-2-liquid-en-v80-1.pdf\"><br \/>\n<\/a><a href=\"https:\/\/akasel.com\/wp-content\/uploads\/2025\/11\/sds-aka-resin-phenolic-sem-fr-v10.pdf\" target=\"_blank\" rel=\"noreferrer noopener\" data-type=\"URL\" data-id=\"https:\/\/akasel.com\/wp-content\/uploads\/2021\/11\/sds-aka-resin-phenolic-sem-en-v10.pdf\">Aka-Resin Phenolic SEM<\/a><\/p>\n<p><strong>Meulage<\/strong><\/p>\n<p><strong>Polissage<\/strong><br \/>\n<a href=\"https:\/\/akasel.com\/wp-content\/uploads\/2025\/11\/sds-aka-lube-blue-fr-v10.pdf\" target=\"_blank\" rel=\"noreferrer noopener\" data-type=\"URL\" data-id=\"https:\/\/akasel.com\/wp-content\/uploads\/2021\/10\/sds-aka-lube-blue-en-v20.pdf\">Aka-Lube Blue<\/a><br \/>\n<a href=\"https:\/\/akasel.com\/wp-content\/uploads\/2024\/07\/sds-aka-lube-blue-concentrate-en-v30.pdf\" target=\"_blank\" rel=\"noreferrer noopener\" data-type=\"URL\" data-id=\"https:\/\/akasel.com\/wp-content\/uploads\/2021\/10\/sds-aka-lube-blue-concentrate-en-v20.pdf\">Aka-Lube Blue, Concentrate<\/a><br \/>\n<a href=\"https:\/\/akasel.com\/wp-content\/uploads\/2024\/04\/sds-aka-lube-clear-en-v20.pdf\" target=\"_blank\" rel=\"noreferrer noopener\" data-type=\"URL\" data-id=\"https:\/\/akasel.com\/wp-content\/uploads\/2021\/10\/sds-aka-lube-clear-en-v10.pdf\">Aka-Lube Clear+<\/a><br \/>\n<a href=\"https:\/\/akasel.com\/wp-content\/uploads\/2024\/07\/sds-aka-lube-clear-wf-en-v20.pdf\" target=\"_blank\" rel=\"noreferrer noopener\" data-type=\"URL\" data-id=\"https:\/\/akasel.com\/wp-content\/uploads\/2024\/07\/sds-aka-lube-clear-wf-en-v20.pdf\">Aka-Lube Clear WF<\/a><br \/>\n<a href=\"https:\/\/akasel.com\/wp-content\/uploads\/2024\/07\/sds-aka-lube-yellow-green-red-en-v50.pdf\" target=\"_blank\" rel=\"noreferrer noopener\" data-type=\"URL\" data-id=\"https:\/\/akasel.com\/wp-content\/uploads\/2021\/10\/sds-aka-lube-yellow-green-red-en-v40.pdf\">Aka-Lube Yellow, Aka-Lube Green &amp; Aka-Lube Red<\/a><br \/>\n<a href=\"https:\/\/akasel.com\/wp-content\/uploads\/2025\/11\/sds-aka-paste-aka-stick-fr-v10.pdf\" target=\"_blank\" rel=\"noreferrer noopener\">Aka-Paste<\/a><br \/>\n<a href=\"https:\/\/akasel.com\/wp-content\/uploads\/2025\/11\/sds-aka-mono-aka-poly-aka-mono-aka-poly-fr-v10.pdf\" target=\"_blank\" rel=\"noreferrer noopener\" data-type=\"URL\" data-id=\"https:\/\/akasel.com\/wp-content\/uploads\/2024\/12\/sds-aka-mono-aka-poly-aka-mono-aka-poly-en-v30.pdf\">Aka-Poly &amp; Aka-Mono<\/a><br \/>\n<a href=\"https:\/\/akasel.com\/wp-content\/uploads\/2025\/11\/sds-aka-mono-aka-poly-aka-mono-aka-poly-fr-v10.pdf\" target=\"_blank\" rel=\"noreferrer noopener\" data-type=\"URL\" data-id=\"https:\/\/akasel.com\/wp-content\/uploads\/2024\/12\/sds-aka-mono-aka-poly-aka-mono-aka-poly-en-v30.pdf\">Aka-Poly+ &amp; Aka-Mono+<\/a><br \/>\n<a href=\"https:\/\/akasel.com\/wp-content\/uploads\/2024\/07\/sds-aka-poly-water-free-en-v30.pdf\" target=\"_blank\" rel=\"noreferrer noopener\" data-type=\"URL\" data-id=\"https:\/\/akasel.com\/wp-content\/uploads\/2024\/07\/sds-aka-poly-water-free-en-v30.pdf\">Aka-Poly WF<\/a><br \/>\n<a href=\"https:\/\/akasel.com\/wp-content\/uploads\/2026\/03\/sds-aka-spray-mono-poly-fr-v20.pdf\" target=\"_blank\" rel=\"noreferrer noopener\" data-type=\"URL\" data-id=\"https:\/\/akasel.com\/wp-content\/uploads\/2021\/10\/sds-aka-spray-mono-poly-en-v10.pdf\">Aka-Spray<\/a><br \/>\n<a href=\"https:\/\/akasel.com\/wp-content\/uploads\/2025\/11\/sds-aka-paste-aka-stick-fr-v10.pdf\" target=\"_blank\" rel=\"noreferrer noopener\" data-type=\"URL\" data-id=\"https:\/\/akasel.com\/wp-content\/uploads\/2021\/10\/sds-aka-paste-aka-stick-en-v30.pdf\">Aka-Stick<\/a><br \/>\n<a href=\"https:\/\/akasel.com\/wp-content\/uploads\/2024\/07\/sds-diadoublo-mono-poly-en-v40.pdf\" target=\"_blank\" rel=\"noreferrer noopener\" data-type=\"URL\" data-id=\"https:\/\/akasel.com\/wp-content\/uploads\/2024\/07\/sds-diadoublo-mono-poly-en-v40.pdf\">DiaDoublo<\/a><br \/>\n<a href=\"https:\/\/akasel.com\/wp-content\/uploads\/2025\/11\/sds-diamaxx-mono-poly-fr-v20.pdf\" target=\"_blank\" rel=\"noreferrer noopener\" data-type=\"URL\" data-id=\"https:\/\/akasel.com\/wp-content\/uploads\/2024\/12\/sds-diamaxx-mono-poly-en-v30.pdf\">DiaMaxx<\/a><br \/>\n<a href=\"https:\/\/akasel.com\/wp-content\/uploads\/2025\/11\/sds-diaultra-mono-poly-fr-v10.pdf\" target=\"_blank\" rel=\"noreferrer noopener\" data-type=\"URL\" data-id=\"https:\/\/akasel.com\/wp-content\/uploads\/2021\/10\/sds-diaultra-en-v30.pdf\">DiaUltra<\/a><\/p>\n<p><strong>Polissage final<\/strong><br \/>\n<a href=\"https:\/\/akasel.com\/wp-content\/uploads\/2025\/11\/sds-alumina-suspension-50-nm-neutral-fr-v10.pdf\" target=\"_blank\" rel=\"noreferrer noopener\">Alumina Suspension 50 nm<\/a><br \/>\n<a href=\"https:\/\/akasel.com\/wp-content\/uploads\/2025\/11\/sds-colloidal-silica-suspension-50nm-alkaline-fr-v10.pdf\" target=\"_blank\" rel=\"noreferrer noopener\" data-type=\"URL\" data-id=\"https:\/\/akasel.com\/wp-content\/uploads\/2024\/07\/sds-colloidal-silica-50nm-alkaline-en-v40.pdf\">Colloidal Silica Suspension 50 nm<\/a><a href=\"https:\/\/akasel.com\/wp-content\/uploads\/2021\/10\/sds-colloidal-silica-50nm-alkaline-en-v30.pdf\" target=\"_blank\" rel=\"noreferrer noopener\" data-type=\"URL\" data-id=\"https:\/\/akasel.com\/wp-content\/uploads\/2021\/10\/sds-colloidal-silica-50nm-alkaline-en-v30.pdf\"><br \/>\n<\/a><a href=\"https:\/\/akasel.com\/wp-content\/uploads\/2025\/11\/sds-fumed-silica-suspension-02m-alkaline-fr-v10.pdf\" target=\"_blank\" rel=\"noreferrer noopener\" data-type=\"URL\" data-id=\"https:\/\/akasel.com\/wp-content\/uploads\/2021\/10\/sds-fumed-silica-02my-alkaline-en-v10.pdf\">Fumed Silica Suspension 200 nm<\/a><a href=\"https:\/\/akasel.com\/wp-content\/uploads\/2020\/11\/1000uk.pdf\" target=\"_blank\" rel=\"noopener noreferrer\"><br \/>\n<\/a><a href=\"https:\/\/akasel.com\/wp-content\/uploads\/2025\/11\/sds-fumed-silica-suspension-02m-water-free-fr-v10.pdf\" target=\"_blank\" rel=\"noreferrer noopener\" data-type=\"URL\" data-id=\"https:\/\/akasel.com\/wp-content\/uploads\/2021\/10\/sds-fumed-silica-suspension-02m-water-free-en-v10.pdf\">Fumed Silica Suspension 200 nm Water-free<\/a><\/p>\n","protected":false},"excerpt":{"rendered":"<p>Chez Akasel, nous prenons tr\u00e8s au s\u00e9rieux notre obligation d&#8217;assurer la s\u00e9curit\u00e9 des op\u00e9rateurs. C&#8217;est pourquoi tous les produits qui&#8230;<\/p>\n","protected":false},"author":1,"featured_media":0,"parent":8416,"menu_order":0,"comment_status":"closed","ping_status":"open","template":"","meta":{"footnotes":""},"class_list":["post-8212","page","type-page","status-publish","hentry"],"acf":[],"yoast_head":"<!-- This site is optimized with the Yoast SEO plugin v21.7 - https:\/\/yoast.com\/wordpress\/plugins\/seo\/ -->\n<title>Fiches de donn\u00e9es de s\u00e9curit\u00e9 (FDS) | Akasel A\/S<\/title>\n<meta name=\"description\" content=\"T\u00e9l\u00e9chargez les fiches de donn\u00e9es de s\u00e9curit\u00e9 (FDS) Akasel et acc\u00e9dez aux informations essentielles pour garantir l\u2019utilisation s\u00fbre de nos produits.\" \/>\n<meta name=\"robots\" content=\"index, follow, max-snippet:-1, max-image-preview:large, max-video-preview:-1\" \/>\n<link rel=\"canonical\" href=\"https:\/\/akasel.com\/fr\/fds\/sdd\/\" \/>\n<meta property=\"og:locale\" content=\"fr_FR\" \/>\n<meta property=\"og:type\" content=\"article\" \/>\n<meta property=\"og:title\" content=\"Fiches de donn\u00e9es de s\u00e9curit\u00e9 (FDS) | Akasel A\/S\" \/>\n<meta property=\"og:description\" content=\"T\u00e9l\u00e9chargez les fiches de donn\u00e9es de s\u00e9curit\u00e9 (FDS) Akasel et acc\u00e9dez aux informations essentielles pour garantir l\u2019utilisation s\u00fbre de nos produits.\" \/>\n<meta property=\"og:url\" content=\"https:\/\/akasel.com\/fr\/fds\/sdd\/\" \/>\n<meta property=\"og:site_name\" content=\"AKASEL A\/S\" \/>\n<meta property=\"article:modified_time\" content=\"2026-03-16T14:00:12+00:00\" \/>\n<meta name=\"twitter:card\" content=\"summary_large_image\" \/>\n<meta name=\"twitter:label1\" content=\"Dur\u00e9e de lecture estim\u00e9e\" \/>\n\t<meta name=\"twitter:data1\" content=\"2 minutes\" \/>\n<!-- \/ Yoast SEO plugin. -->","yoast_head_json":{"title":"Fiches de donn\u00e9es de s\u00e9curit\u00e9 (FDS) | Akasel A\/S","description":"T\u00e9l\u00e9chargez les fiches de donn\u00e9es de s\u00e9curit\u00e9 (FDS) Akasel et acc\u00e9dez aux informations essentielles pour garantir l\u2019utilisation s\u00fbre de nos produits.","robots":{"index":"index","follow":"follow","max-snippet":"max-snippet:-1","max-image-preview":"max-image-preview:large","max-video-preview":"max-video-preview:-1"},"canonical":"https:\/\/akasel.com\/fr\/fds\/sdd\/","og_locale":"fr_FR","og_type":"article","og_title":"Fiches de donn\u00e9es de s\u00e9curit\u00e9 (FDS) | Akasel A\/S","og_description":"T\u00e9l\u00e9chargez les fiches de donn\u00e9es de s\u00e9curit\u00e9 (FDS) Akasel et acc\u00e9dez aux informations essentielles pour garantir l\u2019utilisation s\u00fbre de nos produits.","og_url":"https:\/\/akasel.com\/fr\/fds\/sdd\/","og_site_name":"AKASEL A\/S","article_modified_time":"2026-03-16T14:00:12+00:00","twitter_card":"summary_large_image","twitter_misc":{"Dur\u00e9e de lecture estim\u00e9e":"2 minutes"},"schema":{"@context":"https:\/\/schema.org","@graph":[{"@type":"WebPage","@id":"https:\/\/akasel.com\/fr\/fds\/sdd\/","url":"https:\/\/akasel.com\/fr\/fds\/sdd\/","name":"Fiches de donn\u00e9es de s\u00e9curit\u00e9 (FDS) | Akasel A\/S","isPartOf":{"@id":"https:\/\/akasel.com\/fr\/#website"},"datePublished":"2020-11-16T18:03:48+00:00","dateModified":"2026-03-16T14:00:12+00:00","description":"T\u00e9l\u00e9chargez les fiches de donn\u00e9es de s\u00e9curit\u00e9 (FDS) Akasel et acc\u00e9dez aux informations essentielles pour garantir l\u2019utilisation s\u00fbre de nos produits.","breadcrumb":{"@id":"https:\/\/akasel.com\/fr\/fds\/sdd\/#breadcrumb"},"inLanguage":"fr-FR","potentialAction":[{"@type":"ReadAction","target":["https:\/\/akasel.com\/fr\/fds\/sdd\/"]}]},{"@type":"BreadcrumbList","@id":"https:\/\/akasel.com\/fr\/fds\/sdd\/#breadcrumb","itemListElement":[{"@type":"ListItem","position":1,"name":"Home","item":"https:\/\/akasel.com\/fr\/"},{"@type":"ListItem","position":2,"name":"FDS\/Fiche technique","item":"https:\/\/akasel.com\/fr\/fds\/"},{"@type":"ListItem","position":3,"name":"FDS"}]},{"@type":"WebSite","@id":"https:\/\/akasel.com\/fr\/#website","url":"https:\/\/akasel.com\/fr\/","name":"AKASEL A\/S","description":"","potentialAction":[{"@type":"SearchAction","target":{"@type":"EntryPoint","urlTemplate":"https:\/\/akasel.com\/fr\/?s={search_term_string}"},"query-input":"required name=search_term_string"}],"inLanguage":"fr-FR"}]}},"_links":{"self":[{"href":"https:\/\/akasel.com\/fr\/wp-json\/wp\/v2\/pages\/8212"}],"collection":[{"href":"https:\/\/akasel.com\/fr\/wp-json\/wp\/v2\/pages"}],"about":[{"href":"https:\/\/akasel.com\/fr\/wp-json\/wp\/v2\/types\/page"}],"author":[{"embeddable":true,"href":"https:\/\/akasel.com\/fr\/wp-json\/wp\/v2\/users\/1"}],"replies":[{"embeddable":true,"href":"https:\/\/akasel.com\/fr\/wp-json\/wp\/v2\/comments?post=8212"}],"version-history":[{"count":14,"href":"https:\/\/akasel.com\/fr\/wp-json\/wp\/v2\/pages\/8212\/revisions"}],"predecessor-version":[{"id":33969,"href":"https:\/\/akasel.com\/fr\/wp-json\/wp\/v2\/pages\/8212\/revisions\/33969"}],"up":[{"embeddable":true,"href":"https:\/\/akasel.com\/fr\/wp-json\/wp\/v2\/pages\/8416"}],"wp:attachment":[{"href":"https:\/\/akasel.com\/fr\/wp-json\/wp\/v2\/media?parent=8212"}],"curies":[{"name":"wp","href":"https:\/\/api.w.org\/{rel}","templated":true}]}}