{"id":8223,"date":"2020-11-16T19:53:38","date_gmt":"2020-11-16T18:53:38","guid":{"rendered":"https:\/\/akasel.com\/fr\/library\/fact-sheets\/"},"modified":"2025-09-26T07:56:15","modified_gmt":"2025-09-26T05:56:15","slug":"fiches-dinformation","status":"publish","type":"page","link":"https:\/\/akasel.com\/fr\/bibliotheque\/fiches-dinformation\/","title":{"rendered":"Fiches d&#8217;information"},"content":{"rendered":"<p>Vous trouverez ici les fiches d&#8217;information des produits Akasel disponibles au t\u00e9l\u00e9chargement. Cliquez \u00e0 gauche pour choisir parmi les langues disponibles.<\/p>\n<p>Vous trouverez ici les fiches d&#8217;information sur les produits Akasel \u00e0 t\u00e9l\u00e9charger. Cliquez sur les liens pour choisir la langue de votre choix.<\/p>\n","protected":false},"excerpt":{"rendered":"<p>Vous trouverez ici les fiches d&#8217;information des produits Akasel disponibles au t\u00e9l\u00e9chargement. Cliquez \u00e0 gauche pour choisir parmi les langues&#8230;<\/p>\n","protected":false},"author":1,"featured_media":8226,"parent":8062,"menu_order":0,"comment_status":"closed","ping_status":"open","template":"","meta":{"footnotes":""},"class_list":["post-8223","page","type-page","status-publish","has-post-thumbnail","hentry"],"acf":[],"yoast_head":"<!-- This site is optimized with the Yoast SEO plugin v21.7 - https:\/\/yoast.com\/wordpress\/plugins\/seo\/ -->\n<title>Fiches techniques Akasel \u2013 Consommables m\u00e9tallographiques<\/title>\n<meta name=\"description\" content=\"T\u00e9l\u00e9chargez les fiches techniques Akasel et d\u00e9couvrez nos consommables m\u00e9tallographiques avec des donn\u00e9es claires pour optimiser vos pr\u00e9parations.\" \/>\n<meta name=\"robots\" content=\"index, follow, max-snippet:-1, max-image-preview:large, max-video-preview:-1\" \/>\n<link rel=\"canonical\" href=\"https:\/\/akasel.com\/fr\/bibliotheque\/fiches-dinformation\/\" \/>\n<meta property=\"og:locale\" content=\"fr_FR\" \/>\n<meta property=\"og:type\" content=\"article\" \/>\n<meta property=\"og:title\" content=\"Fiches techniques Akasel \u2013 Consommables m\u00e9tallographiques\" \/>\n<meta property=\"og:description\" content=\"T\u00e9l\u00e9chargez les fiches techniques Akasel et d\u00e9couvrez nos consommables m\u00e9tallographiques avec des donn\u00e9es claires pour optimiser vos pr\u00e9parations.\" \/>\n<meta property=\"og:url\" content=\"https:\/\/akasel.com\/fr\/bibliotheque\/fiches-dinformation\/\" \/>\n<meta property=\"og:site_name\" content=\"AKASEL A\/S\" \/>\n<meta property=\"article:modified_time\" content=\"2025-09-26T05:56:15+00:00\" \/>\n<meta property=\"og:image\" content=\"https:\/\/akasel.com\/fr\/wp-content\/uploads\/sites\/8\/2023\/08\/plural-polishing-cloth.jpg\" \/>\n\t<meta property=\"og:image:width\" content=\"723\" \/>\n\t<meta property=\"og:image:height\" content=\"1024\" \/>\n\t<meta property=\"og:image:type\" content=\"image\/jpeg\" \/>\n<meta name=\"twitter:card\" content=\"summary_large_image\" \/>\n<meta name=\"twitter:label1\" content=\"Dur\u00e9e de lecture estim\u00e9e\" \/>\n\t<meta name=\"twitter:data1\" content=\"1 minute\" \/>\n<!-- \/ Yoast SEO plugin. -->","yoast_head_json":{"title":"Fiches techniques Akasel \u2013 Consommables m\u00e9tallographiques","description":"T\u00e9l\u00e9chargez les fiches techniques Akasel et d\u00e9couvrez nos consommables m\u00e9tallographiques avec des donn\u00e9es claires pour optimiser vos pr\u00e9parations.","robots":{"index":"index","follow":"follow","max-snippet":"max-snippet:-1","max-image-preview":"max-image-preview:large","max-video-preview":"max-video-preview:-1"},"canonical":"https:\/\/akasel.com\/fr\/bibliotheque\/fiches-dinformation\/","og_locale":"fr_FR","og_type":"article","og_title":"Fiches techniques Akasel \u2013 Consommables m\u00e9tallographiques","og_description":"T\u00e9l\u00e9chargez les fiches techniques Akasel et d\u00e9couvrez nos consommables m\u00e9tallographiques avec des donn\u00e9es claires pour optimiser vos pr\u00e9parations.","og_url":"https:\/\/akasel.com\/fr\/bibliotheque\/fiches-dinformation\/","og_site_name":"AKASEL A\/S","article_modified_time":"2025-09-26T05:56:15+00:00","og_image":[{"width":723,"height":1024,"url":"https:\/\/akasel.com\/fr\/wp-content\/uploads\/sites\/8\/2023\/08\/plural-polishing-cloth.jpg","type":"image\/jpeg"}],"twitter_card":"summary_large_image","twitter_misc":{"Dur\u00e9e de lecture estim\u00e9e":"1 minute"},"schema":{"@context":"https:\/\/schema.org","@graph":[{"@type":"WebPage","@id":"https:\/\/akasel.com\/fr\/bibliotheque\/fiches-dinformation\/","url":"https:\/\/akasel.com\/fr\/bibliotheque\/fiches-dinformation\/","name":"Fiches techniques Akasel \u2013 Consommables m\u00e9tallographiques","isPartOf":{"@id":"https:\/\/akasel.com\/fr\/#website"},"datePublished":"2020-11-16T18:53:38+00:00","dateModified":"2025-09-26T05:56:15+00:00","description":"T\u00e9l\u00e9chargez les fiches techniques Akasel et d\u00e9couvrez nos consommables m\u00e9tallographiques avec des donn\u00e9es claires pour optimiser vos pr\u00e9parations.","breadcrumb":{"@id":"https:\/\/akasel.com\/fr\/bibliotheque\/fiches-dinformation\/#breadcrumb"},"inLanguage":"fr-FR","potentialAction":[{"@type":"ReadAction","target":["https:\/\/akasel.com\/fr\/bibliotheque\/fiches-dinformation\/"]}]},{"@type":"BreadcrumbList","@id":"https:\/\/akasel.com\/fr\/bibliotheque\/fiches-dinformation\/#breadcrumb","itemListElement":[{"@type":"ListItem","position":1,"name":"Home","item":"https:\/\/akasel.com\/fr\/"},{"@type":"ListItem","position":2,"name":"Biblioth\u00e8que","item":"https:\/\/akasel.com\/fr\/bibliotheque\/"},{"@type":"ListItem","position":3,"name":"Fiches d&#8217;information"}]},{"@type":"WebSite","@id":"https:\/\/akasel.com\/fr\/#website","url":"https:\/\/akasel.com\/fr\/","name":"AKASEL A\/S","description":"","potentialAction":[{"@type":"SearchAction","target":{"@type":"EntryPoint","urlTemplate":"https:\/\/akasel.com\/fr\/?s={search_term_string}"},"query-input":"required name=search_term_string"}],"inLanguage":"fr-FR"}]}},"_links":{"self":[{"href":"https:\/\/akasel.com\/fr\/wp-json\/wp\/v2\/pages\/8223"}],"collection":[{"href":"https:\/\/akasel.com\/fr\/wp-json\/wp\/v2\/pages"}],"about":[{"href":"https:\/\/akasel.com\/fr\/wp-json\/wp\/v2\/types\/page"}],"author":[{"embeddable":true,"href":"https:\/\/akasel.com\/fr\/wp-json\/wp\/v2\/users\/1"}],"replies":[{"embeddable":true,"href":"https:\/\/akasel.com\/fr\/wp-json\/wp\/v2\/comments?post=8223"}],"version-history":[{"count":8,"href":"https:\/\/akasel.com\/fr\/wp-json\/wp\/v2\/pages\/8223\/revisions"}],"predecessor-version":[{"id":33722,"href":"https:\/\/akasel.com\/fr\/wp-json\/wp\/v2\/pages\/8223\/revisions\/33722"}],"up":[{"embeddable":true,"href":"https:\/\/akasel.com\/fr\/wp-json\/wp\/v2\/pages\/8062"}],"wp:featuredmedia":[{"embeddable":true,"href":"https:\/\/akasel.com\/fr\/wp-json\/wp\/v2\/media\/8226"}],"wp:attachment":[{"href":"https:\/\/akasel.com\/fr\/wp-json\/wp\/v2\/media?parent=8223"}],"curies":[{"name":"wp","href":"https:\/\/api.w.org\/{rel}","templated":true}]}}