{"id":8231,"date":"2020-11-16T19:57:39","date_gmt":"2020-11-16T18:57:39","guid":{"rendered":"https:\/\/akasel.com\/fr\/library\/consumables-catalogues\/"},"modified":"2026-02-12T15:25:37","modified_gmt":"2026-02-12T14:25:37","slug":"catalogues-consommables","status":"publish","type":"page","link":"https:\/\/akasel.com\/fr\/bibliotheque\/catalogues-consommables\/","title":{"rendered":"Catalogues des consommables"},"content":{"rendered":"<p>Vous trouverez ici les derniers catalogues des consommables, contenant les produits actuellement disponibles, \u00e0 t\u00e9l\u00e9charger.<\/p>\n<p>Si vous manquez quelque chose, veuillez envoyer un courriel \u00e0 <a href=\"mailto:info@akasel.com\" target=\"_blank\" rel=\"noreferrer noopener\">info@akasel.com.<\/a><\/p>\n<div  class=' split-sektion columns-3 boxed-items'> <span  class='split-sektion-item'>\n<figure class=\"wp-block-image\"><img loading=\"lazy\" decoding=\"async\" class=\"alignnone wp-image-33949 size-full\" src=\"https:\/\/akasel.com\/fr\/wp-content\/uploads\/sites\/8\/2026\/02\/akasel-catalogue-2026.jpg\" alt=\"akasel catalogue 2026\" width=\"724\" height=\"1024\" srcset=\"https:\/\/akasel.com\/fr\/wp-content\/uploads\/sites\/8\/2026\/02\/akasel-catalogue-2026.jpg 724w, https:\/\/akasel.com\/fr\/wp-content\/uploads\/sites\/8\/2026\/02\/akasel-catalogue-2026-424x600.jpg 424w, https:\/\/akasel.com\/fr\/wp-content\/uploads\/sites\/8\/2026\/02\/akasel-catalogue-2026-300x424.jpg 300w, https:\/\/akasel.com\/fr\/wp-content\/uploads\/sites\/8\/2026\/02\/akasel-catalogue-2026-600x849.jpg 600w\" sizes=\"(min-width: 1560px) 1560px, 100vw\" \/><\/figure>\n<p>Catalogue des Consommables 2026<\/p>\n<p><a href=\"https:\/\/akasel.com\/fr\/wp-content\/uploads\/sites\/8\/2026\/02\/akasel-catalogue-2026.pdf\">Link<\/a><\/p>\n<\/span> <span  class='split-sektion-item'>\n<figure class=\"wp-block-image\"><img loading=\"lazy\" decoding=\"async\" class=\"alignnone wp-image-38253 size-full\" src=\"https:\/\/akasel.com\/wp-content\/uploads\/2026\/01\/akasel-catalogue-2026.jpg\" alt=\"akasel catalogue 2026\" width=\"724\" height=\"1024\" \/><\/figure>\n<p>Consumables Catalogue 2026<\/p>\n<p><a href=\"https:\/\/akasel.com\/wp-content\/uploads\/2026\/01\/catalogue-2026-web.pdf\">Link<\/a><\/p>\n<\/span> <\/div>\n","protected":false},"excerpt":{"rendered":"<p>Vous trouverez ici les derniers catalogues des consommables, contenant les produits actuellement disponibles, \u00e0 t\u00e9l\u00e9charger. Si vous manquez quelque chose,&#8230;<\/p>\n","protected":false},"author":1,"featured_media":8236,"parent":8062,"menu_order":0,"comment_status":"closed","ping_status":"open","template":"","meta":{"footnotes":""},"class_list":["post-8231","page","type-page","status-publish","has-post-thumbnail","hentry"],"acf":[],"yoast_head":"<!-- This site is optimized with the Yoast SEO plugin v21.7 - https:\/\/yoast.com\/wordpress\/plugins\/seo\/ -->\n<title>Catalogues produits Akasel \u2013 Consommables m\u00e9tallographiques<\/title>\n<meta name=\"description\" content=\"T\u00e9l\u00e9chargez les catalogues Akasel et explorez nos consommables m\u00e9tallographiques innovants pour optimiser l\u2019efficacit\u00e9 et la pr\u00e9cision en laboratoire.\" \/>\n<meta name=\"robots\" content=\"index, follow, max-snippet:-1, max-image-preview:large, max-video-preview:-1\" \/>\n<link rel=\"canonical\" href=\"https:\/\/akasel.com\/fr\/bibliotheque\/catalogues-consommables\/\" \/>\n<meta property=\"og:locale\" content=\"fr_FR\" \/>\n<meta property=\"og:type\" content=\"article\" \/>\n<meta property=\"og:title\" content=\"Catalogues produits Akasel \u2013 Consommables m\u00e9tallographiques\" \/>\n<meta property=\"og:description\" content=\"T\u00e9l\u00e9chargez les catalogues Akasel et explorez nos consommables m\u00e9tallographiques innovants pour optimiser l\u2019efficacit\u00e9 et la pr\u00e9cision en laboratoire.\" \/>\n<meta property=\"og:url\" content=\"https:\/\/akasel.com\/fr\/bibliotheque\/catalogues-consommables\/\" \/>\n<meta property=\"og:site_name\" content=\"AKASEL A\/S\" \/>\n<meta property=\"article:modified_time\" content=\"2026-02-12T14:25:37+00:00\" \/>\n<meta property=\"og:image\" content=\"https:\/\/akasel.com\/fr\/wp-content\/uploads\/sites\/8\/2023\/08\/consumable-test.png\" \/>\n\t<meta property=\"og:image:width\" content=\"594\" \/>\n\t<meta property=\"og:image:height\" content=\"838\" \/>\n\t<meta property=\"og:image:type\" content=\"image\/png\" \/>\n<meta name=\"twitter:card\" content=\"summary_large_image\" \/>\n<meta name=\"twitter:label1\" content=\"Dur\u00e9e de lecture estim\u00e9e\" \/>\n\t<meta name=\"twitter:data1\" content=\"1 minute\" \/>\n<!-- \/ Yoast SEO plugin. -->","yoast_head_json":{"title":"Catalogues produits Akasel \u2013 Consommables m\u00e9tallographiques","description":"T\u00e9l\u00e9chargez les catalogues Akasel et explorez nos consommables m\u00e9tallographiques innovants pour optimiser l\u2019efficacit\u00e9 et la pr\u00e9cision en laboratoire.","robots":{"index":"index","follow":"follow","max-snippet":"max-snippet:-1","max-image-preview":"max-image-preview:large","max-video-preview":"max-video-preview:-1"},"canonical":"https:\/\/akasel.com\/fr\/bibliotheque\/catalogues-consommables\/","og_locale":"fr_FR","og_type":"article","og_title":"Catalogues produits Akasel \u2013 Consommables m\u00e9tallographiques","og_description":"T\u00e9l\u00e9chargez les catalogues Akasel et explorez nos consommables m\u00e9tallographiques innovants pour optimiser l\u2019efficacit\u00e9 et la pr\u00e9cision en laboratoire.","og_url":"https:\/\/akasel.com\/fr\/bibliotheque\/catalogues-consommables\/","og_site_name":"AKASEL A\/S","article_modified_time":"2026-02-12T14:25:37+00:00","og_image":[{"width":594,"height":838,"url":"https:\/\/akasel.com\/fr\/wp-content\/uploads\/sites\/8\/2023\/08\/consumable-test.png","type":"image\/png"}],"twitter_card":"summary_large_image","twitter_misc":{"Dur\u00e9e de lecture estim\u00e9e":"1 minute"},"schema":{"@context":"https:\/\/schema.org","@graph":[{"@type":"WebPage","@id":"https:\/\/akasel.com\/fr\/bibliotheque\/catalogues-consommables\/","url":"https:\/\/akasel.com\/fr\/bibliotheque\/catalogues-consommables\/","name":"Catalogues produits Akasel \u2013 Consommables m\u00e9tallographiques","isPartOf":{"@id":"https:\/\/akasel.com\/fr\/#website"},"datePublished":"2020-11-16T18:57:39+00:00","dateModified":"2026-02-12T14:25:37+00:00","description":"T\u00e9l\u00e9chargez les catalogues Akasel et explorez nos consommables m\u00e9tallographiques innovants pour optimiser l\u2019efficacit\u00e9 et la pr\u00e9cision en laboratoire.","breadcrumb":{"@id":"https:\/\/akasel.com\/fr\/bibliotheque\/catalogues-consommables\/#breadcrumb"},"inLanguage":"fr-FR","potentialAction":[{"@type":"ReadAction","target":["https:\/\/akasel.com\/fr\/bibliotheque\/catalogues-consommables\/"]}]},{"@type":"BreadcrumbList","@id":"https:\/\/akasel.com\/fr\/bibliotheque\/catalogues-consommables\/#breadcrumb","itemListElement":[{"@type":"ListItem","position":1,"name":"Home","item":"https:\/\/akasel.com\/fr\/"},{"@type":"ListItem","position":2,"name":"Biblioth\u00e8que","item":"https:\/\/akasel.com\/fr\/bibliotheque\/"},{"@type":"ListItem","position":3,"name":"Catalogues des consommables"}]},{"@type":"WebSite","@id":"https:\/\/akasel.com\/fr\/#website","url":"https:\/\/akasel.com\/fr\/","name":"AKASEL A\/S","description":"","potentialAction":[{"@type":"SearchAction","target":{"@type":"EntryPoint","urlTemplate":"https:\/\/akasel.com\/fr\/?s={search_term_string}"},"query-input":"required name=search_term_string"}],"inLanguage":"fr-FR"}]}},"_links":{"self":[{"href":"https:\/\/akasel.com\/fr\/wp-json\/wp\/v2\/pages\/8231"}],"collection":[{"href":"https:\/\/akasel.com\/fr\/wp-json\/wp\/v2\/pages"}],"about":[{"href":"https:\/\/akasel.com\/fr\/wp-json\/wp\/v2\/types\/page"}],"author":[{"embeddable":true,"href":"https:\/\/akasel.com\/fr\/wp-json\/wp\/v2\/users\/1"}],"replies":[{"embeddable":true,"href":"https:\/\/akasel.com\/fr\/wp-json\/wp\/v2\/comments?post=8231"}],"version-history":[{"count":15,"href":"https:\/\/akasel.com\/fr\/wp-json\/wp\/v2\/pages\/8231\/revisions"}],"predecessor-version":[{"id":33955,"href":"https:\/\/akasel.com\/fr\/wp-json\/wp\/v2\/pages\/8231\/revisions\/33955"}],"up":[{"embeddable":true,"href":"https:\/\/akasel.com\/fr\/wp-json\/wp\/v2\/pages\/8062"}],"wp:featuredmedia":[{"embeddable":true,"href":"https:\/\/akasel.com\/fr\/wp-json\/wp\/v2\/media\/8236"}],"wp:attachment":[{"href":"https:\/\/akasel.com\/fr\/wp-json\/wp\/v2\/media?parent=8231"}],"curies":[{"name":"wp","href":"https:\/\/api.w.org\/{rel}","templated":true}]}}