{"id":8251,"date":"2020-11-16T20:05:49","date_gmt":"2020-11-16T19:05:49","guid":{"rendered":"https:\/\/akasel.com\/fr\/library\/videos\/"},"modified":"2025-09-26T08:43:21","modified_gmt":"2025-09-26T06:43:21","slug":"videos","status":"publish","type":"page","link":"https:\/\/akasel.com\/fr\/bibliotheque\/videos\/","title":{"rendered":"Vid\u00e9os"},"content":{"rendered":"<p>Vous trouverez ici plusieurs courtes vid\u00e9os expliquant l&#8217;utilisation correcte de nos produits.<\/p>\n<p>Cliquez sur l&#8217;un des titres ci-dessous pour lancer la vid\u00e9o.<\/p>\n<p><strong>G\u00e9n\u00e9ralit\u00e9s<\/strong><br \/>\n<a href=\"https:\/\/akasel.com\/wp-content\/uploads\/2020\/11\/about_akasel.mp4\" target=\"_blank\" rel=\"noopener noreferrer\">\u00c0 propos d&#8217;Akasel<\/a><br \/>\n<a href=\"https:\/\/akasel.com\/wp-content\/uploads\/2020\/11\/the-application-areas-of-aka-rhaco.mp4\" target=\"_blank\" rel=\"noopener noreferrer\">Domaines d&#8217;application d&#8217;Aka-Rhaco<\/a><br \/>\n<a href=\"https:\/\/akasel.com\/wp-content\/uploads\/2020\/11\/maintaining-the-planeness-of-magnetic-support-discs.mp4\" target=\"_blank\" rel=\"noopener noreferrer\">Comment maintenir la plan\u00e9it\u00e9 des disques de support magn\u00e9tique<\/a><br \/>\n<a href=\"https:\/\/akasel.com\/wp-content\/uploads\/2025\/08\/the-importance-of-cleaning-your-metallographic-sample-properly-low-res.mp4\">L&#8217;importance d&#8217;un bon nettoyage de l&#8217;\u00e9chantillon m\u00e9tallographique<\/a><\/p>\n<p><strong>D\u00e9coupage<\/strong><br \/>\n<a href=\"https:\/\/akasel.com\/aka-cut-350-500-650-hv-compressed\/\" target=\"_blank\" rel=\"noopener noreferrer\">Aka-Cut 350 HV, 500 HV &amp; 650 HV : Vid\u00e9o d&#8217;introduction<\/a><\/p>\n<p><strong>L&#8217;enrobage<\/strong><br \/>\n<a href=\"https:\/\/akasel.com\/wp-content\/uploads\/2025\/08\/expanding-the-akasel-hot-mounting-range-aka-resin-pp.mp4\">\u00c9largissement de la gamme d&#8217;enrobage \u00e0 chaud Aka-Resin PP<\/a><br \/>\n<a href=\"https:\/\/akasel.com\/wp-content\/uploads\/2020\/11\/the-correct-use-of-acrylic-cold-mounting-resins.mp4\" target=\"_blank\" rel=\"noopener noreferrer\">Utilisation correcte des r\u00e9sines d&#8217;enrobage \u00e0 froid acryliques<\/a><br \/>\n<a href=\"https:\/\/akasel.com\/wp-content\/uploads\/2020\/11\/the-correct-use-of-epoxy-cold-mounting-resins.mp4\" target=\"_blank\" rel=\"noopener noreferrer\">Utilisation correcte des r\u00e9sines d&#8217;enrobage \u00e0 froid \u00e9poxydiques<\/a><\/p>\n<p><strong>Broyage<\/strong><br \/>\n<a href=\"https:\/\/akasel.com\/wp-content\/uploads\/2020\/11\/how-to-use-aka-piatto-piatto.mp4\" target=\"_blank\" rel=\"noopener noreferrer\">Comment utiliser Aka-Piatto &amp; Piatto+ ?<\/a><br \/>\n<a href=\"https:\/\/akasel.com\/wp-content\/uploads\/2020\/11\/how-to-use-aka-allegran-largan.mp4\" target=\"_blank\" rel=\"noopener noreferrer\">Comment utiliser Aka-Allegran &amp; Largan<\/a><br \/>\n<a href=\"https:\/\/akasel.com\/wp-content\/uploads\/2024\/10\/userguide-rhacogrit-updated-2024.mp4\" target=\"_blank\" rel=\"noopener noreferrer\">Guide d&#8217;utilisation Rhaco Grit<\/a><\/p>\n<p><strong>Polissage<\/strong><br \/>\n<a href=\"https:\/\/akasel.com\/wp-content\/uploads\/2020\/11\/applying-of-aka-stick.mp4\" target=\"_blank\" rel=\"noopener noreferrer\">Application d&#8217;Aka-Stick<\/a><br \/>\n<a href=\"https:\/\/akasel.com\/wp-content\/uploads\/2024\/10\/user-guide-mag-polishing-cloth-2024.mp4\" target=\"_blank\" rel=\"noopener noreferrer\">Guide d&#8217;utilisation du polissage Mag<\/a><\/p>\n","protected":false},"excerpt":{"rendered":"<p>Vous trouverez ici plusieurs courtes vid\u00e9os expliquant l&#8217;utilisation correcte de nos produits. Cliquez sur l&#8217;un des titres ci-dessous pour lancer&#8230;<\/p>\n","protected":false},"author":1,"featured_media":0,"parent":8062,"menu_order":0,"comment_status":"closed","ping_status":"open","template":"","meta":{"footnotes":""},"class_list":["post-8251","page","type-page","status-publish","hentry"],"acf":[],"yoast_head":"<!-- This site is optimized with the Yoast SEO plugin v21.7 - https:\/\/yoast.com\/wordpress\/plugins\/seo\/ -->\n<title>Vid\u00e9oth\u00e8que Akasel \u2013 Techniques et produits m\u00e9tallographiques<\/title>\n<meta name=\"description\" content=\"Regardez les vid\u00e9os Akasel et d\u00e9couvrez les techniques de montage, meulage et polissage pour optimiser vos proc\u00e9d\u00e9s m\u00e9tallographiques au laboratoire.\" \/>\n<meta name=\"robots\" content=\"index, follow, max-snippet:-1, max-image-preview:large, max-video-preview:-1\" \/>\n<link rel=\"canonical\" href=\"https:\/\/akasel.com\/fr\/bibliotheque\/videos\/\" \/>\n<meta property=\"og:locale\" content=\"fr_FR\" \/>\n<meta property=\"og:type\" content=\"article\" \/>\n<meta property=\"og:title\" content=\"Vid\u00e9oth\u00e8que Akasel \u2013 Techniques et produits m\u00e9tallographiques\" \/>\n<meta property=\"og:description\" content=\"Regardez les vid\u00e9os Akasel et d\u00e9couvrez les techniques de montage, meulage et polissage pour optimiser vos proc\u00e9d\u00e9s m\u00e9tallographiques au laboratoire.\" \/>\n<meta property=\"og:url\" content=\"https:\/\/akasel.com\/fr\/bibliotheque\/videos\/\" \/>\n<meta property=\"og:site_name\" content=\"AKASEL A\/S\" \/>\n<meta property=\"article:modified_time\" content=\"2025-09-26T06:43:21+00:00\" \/>\n<meta name=\"twitter:card\" content=\"summary_large_image\" \/>\n<meta name=\"twitter:label1\" content=\"Dur\u00e9e de lecture estim\u00e9e\" \/>\n\t<meta name=\"twitter:data1\" content=\"1 minute\" \/>\n<!-- \/ Yoast SEO plugin. -->","yoast_head_json":{"title":"Vid\u00e9oth\u00e8que Akasel \u2013 Techniques et produits m\u00e9tallographiques","description":"Regardez les vid\u00e9os Akasel et d\u00e9couvrez les techniques de montage, meulage et polissage pour optimiser vos proc\u00e9d\u00e9s m\u00e9tallographiques au laboratoire.","robots":{"index":"index","follow":"follow","max-snippet":"max-snippet:-1","max-image-preview":"max-image-preview:large","max-video-preview":"max-video-preview:-1"},"canonical":"https:\/\/akasel.com\/fr\/bibliotheque\/videos\/","og_locale":"fr_FR","og_type":"article","og_title":"Vid\u00e9oth\u00e8que Akasel \u2013 Techniques et produits m\u00e9tallographiques","og_description":"Regardez les vid\u00e9os Akasel et d\u00e9couvrez les techniques de montage, meulage et polissage pour optimiser vos proc\u00e9d\u00e9s m\u00e9tallographiques au laboratoire.","og_url":"https:\/\/akasel.com\/fr\/bibliotheque\/videos\/","og_site_name":"AKASEL A\/S","article_modified_time":"2025-09-26T06:43:21+00:00","twitter_card":"summary_large_image","twitter_misc":{"Dur\u00e9e de lecture estim\u00e9e":"1 minute"},"schema":{"@context":"https:\/\/schema.org","@graph":[{"@type":"WebPage","@id":"https:\/\/akasel.com\/fr\/bibliotheque\/videos\/","url":"https:\/\/akasel.com\/fr\/bibliotheque\/videos\/","name":"Vid\u00e9oth\u00e8que Akasel \u2013 Techniques et produits m\u00e9tallographiques","isPartOf":{"@id":"https:\/\/akasel.com\/fr\/#website"},"datePublished":"2020-11-16T19:05:49+00:00","dateModified":"2025-09-26T06:43:21+00:00","description":"Regardez les vid\u00e9os Akasel et d\u00e9couvrez les techniques de montage, meulage et polissage pour optimiser vos proc\u00e9d\u00e9s m\u00e9tallographiques au laboratoire.","breadcrumb":{"@id":"https:\/\/akasel.com\/fr\/bibliotheque\/videos\/#breadcrumb"},"inLanguage":"fr-FR","potentialAction":[{"@type":"ReadAction","target":["https:\/\/akasel.com\/fr\/bibliotheque\/videos\/"]}]},{"@type":"BreadcrumbList","@id":"https:\/\/akasel.com\/fr\/bibliotheque\/videos\/#breadcrumb","itemListElement":[{"@type":"ListItem","position":1,"name":"Home","item":"https:\/\/akasel.com\/fr\/"},{"@type":"ListItem","position":2,"name":"Biblioth\u00e8que","item":"https:\/\/akasel.com\/fr\/bibliotheque\/"},{"@type":"ListItem","position":3,"name":"Vid\u00e9os"}]},{"@type":"WebSite","@id":"https:\/\/akasel.com\/fr\/#website","url":"https:\/\/akasel.com\/fr\/","name":"AKASEL A\/S","description":"","potentialAction":[{"@type":"SearchAction","target":{"@type":"EntryPoint","urlTemplate":"https:\/\/akasel.com\/fr\/?s={search_term_string}"},"query-input":"required name=search_term_string"}],"inLanguage":"fr-FR"}]}},"_links":{"self":[{"href":"https:\/\/akasel.com\/fr\/wp-json\/wp\/v2\/pages\/8251"}],"collection":[{"href":"https:\/\/akasel.com\/fr\/wp-json\/wp\/v2\/pages"}],"about":[{"href":"https:\/\/akasel.com\/fr\/wp-json\/wp\/v2\/types\/page"}],"author":[{"embeddable":true,"href":"https:\/\/akasel.com\/fr\/wp-json\/wp\/v2\/users\/1"}],"replies":[{"embeddable":true,"href":"https:\/\/akasel.com\/fr\/wp-json\/wp\/v2\/comments?post=8251"}],"version-history":[{"count":11,"href":"https:\/\/akasel.com\/fr\/wp-json\/wp\/v2\/pages\/8251\/revisions"}],"predecessor-version":[{"id":33827,"href":"https:\/\/akasel.com\/fr\/wp-json\/wp\/v2\/pages\/8251\/revisions\/33827"}],"up":[{"embeddable":true,"href":"https:\/\/akasel.com\/fr\/wp-json\/wp\/v2\/pages\/8062"}],"wp:attachment":[{"href":"https:\/\/akasel.com\/fr\/wp-json\/wp\/v2\/media?parent=8251"}],"curies":[{"name":"wp","href":"https:\/\/api.w.org\/{rel}","templated":true}]}}