{"id":8252,"date":"2020-11-16T20:12:35","date_gmt":"2020-11-16T19:12:35","guid":{"rendered":"https:\/\/akasel.com\/fr\/library\/product-brochures\/"},"modified":"2025-09-26T07:56:15","modified_gmt":"2025-09-26T05:56:15","slug":"brochures-produits","status":"publish","type":"page","link":"https:\/\/akasel.com\/fr\/bibliotheque\/brochures-produits\/","title":{"rendered":"Brochures produits"},"content":{"rendered":"<p>Vous trouverez ici les brochures des produits Akasel \u00e0 t\u00e9l\u00e9charger. Cliquez \u00e0 gauche pour choisir parmi les langues disponibles.<\/p>\n<p>Hier sind die Brosch\u00fcren f\u00fcr Akasel-Produkte zum Download verf\u00fcgbar. Cliquez sur les liens pour s\u00e9lectionner la langue de votre choix.<\/p>\n<p>ous trouverez ici le catalogue des produits Akasel \u00e0 t\u00e9l\u00e9charger. Cliquez \u00e0 droite pour voir les langues disponibles.<\/p>\n","protected":false},"excerpt":{"rendered":"<p>Vous trouverez ici les brochures des produits Akasel \u00e0 t\u00e9l\u00e9charger. Cliquez \u00e0 gauche pour choisir parmi les langues disponibles. Hier&#8230;<\/p>\n","protected":false},"author":1,"featured_media":0,"parent":8062,"menu_order":0,"comment_status":"closed","ping_status":"open","template":"","meta":{"footnotes":""},"class_list":["post-8252","page","type-page","status-publish","hentry"],"acf":[],"yoast_head":"<!-- This site is optimized with the Yoast SEO plugin v21.7 - https:\/\/yoast.com\/wordpress\/plugins\/seo\/ -->\n<title>Brochures produits Akasel \u2013 Consommables m\u00e9tallographiques<\/title>\n<meta name=\"description\" content=\"T\u00e9l\u00e9chargez les brochures produits Akasel et d\u00e9couvrez des consommables m\u00e9tallographiques innovants et fiables pour optimiser vos pr\u00e9parations.\" \/>\n<meta name=\"robots\" content=\"index, follow, max-snippet:-1, max-image-preview:large, max-video-preview:-1\" \/>\n<link rel=\"canonical\" href=\"https:\/\/akasel.com\/fr\/bibliotheque\/brochures-produits\/\" \/>\n<meta property=\"og:locale\" content=\"fr_FR\" \/>\n<meta property=\"og:type\" content=\"article\" \/>\n<meta property=\"og:title\" content=\"Brochures produits Akasel \u2013 Consommables m\u00e9tallographiques\" \/>\n<meta property=\"og:description\" content=\"T\u00e9l\u00e9chargez les brochures produits Akasel et d\u00e9couvrez des consommables m\u00e9tallographiques innovants et fiables pour optimiser vos pr\u00e9parations.\" \/>\n<meta property=\"og:url\" content=\"https:\/\/akasel.com\/fr\/bibliotheque\/brochures-produits\/\" \/>\n<meta property=\"og:site_name\" content=\"AKASEL A\/S\" \/>\n<meta property=\"article:modified_time\" content=\"2025-09-26T05:56:15+00:00\" \/>\n<meta name=\"twitter:card\" content=\"summary_large_image\" \/>\n<meta name=\"twitter:label1\" content=\"Dur\u00e9e de lecture estim\u00e9e\" \/>\n\t<meta name=\"twitter:data1\" content=\"1 minute\" \/>\n<!-- \/ Yoast SEO plugin. -->","yoast_head_json":{"title":"Brochures produits Akasel \u2013 Consommables m\u00e9tallographiques","description":"T\u00e9l\u00e9chargez les brochures produits Akasel et d\u00e9couvrez des consommables m\u00e9tallographiques innovants et fiables pour optimiser vos pr\u00e9parations.","robots":{"index":"index","follow":"follow","max-snippet":"max-snippet:-1","max-image-preview":"max-image-preview:large","max-video-preview":"max-video-preview:-1"},"canonical":"https:\/\/akasel.com\/fr\/bibliotheque\/brochures-produits\/","og_locale":"fr_FR","og_type":"article","og_title":"Brochures produits Akasel \u2013 Consommables m\u00e9tallographiques","og_description":"T\u00e9l\u00e9chargez les brochures produits Akasel et d\u00e9couvrez des consommables m\u00e9tallographiques innovants et fiables pour optimiser vos pr\u00e9parations.","og_url":"https:\/\/akasel.com\/fr\/bibliotheque\/brochures-produits\/","og_site_name":"AKASEL A\/S","article_modified_time":"2025-09-26T05:56:15+00:00","twitter_card":"summary_large_image","twitter_misc":{"Dur\u00e9e de lecture estim\u00e9e":"1 minute"},"schema":{"@context":"https:\/\/schema.org","@graph":[{"@type":"WebPage","@id":"https:\/\/akasel.com\/fr\/bibliotheque\/brochures-produits\/","url":"https:\/\/akasel.com\/fr\/bibliotheque\/brochures-produits\/","name":"Brochures produits Akasel \u2013 Consommables m\u00e9tallographiques","isPartOf":{"@id":"https:\/\/akasel.com\/fr\/#website"},"datePublished":"2020-11-16T19:12:35+00:00","dateModified":"2025-09-26T05:56:15+00:00","description":"T\u00e9l\u00e9chargez les brochures produits Akasel et d\u00e9couvrez des consommables m\u00e9tallographiques innovants et fiables pour optimiser vos pr\u00e9parations.","breadcrumb":{"@id":"https:\/\/akasel.com\/fr\/bibliotheque\/brochures-produits\/#breadcrumb"},"inLanguage":"fr-FR","potentialAction":[{"@type":"ReadAction","target":["https:\/\/akasel.com\/fr\/bibliotheque\/brochures-produits\/"]}]},{"@type":"BreadcrumbList","@id":"https:\/\/akasel.com\/fr\/bibliotheque\/brochures-produits\/#breadcrumb","itemListElement":[{"@type":"ListItem","position":1,"name":"Home","item":"https:\/\/akasel.com\/fr\/"},{"@type":"ListItem","position":2,"name":"Biblioth\u00e8que","item":"https:\/\/akasel.com\/fr\/bibliotheque\/"},{"@type":"ListItem","position":3,"name":"Brochures produits"}]},{"@type":"WebSite","@id":"https:\/\/akasel.com\/fr\/#website","url":"https:\/\/akasel.com\/fr\/","name":"AKASEL A\/S","description":"","potentialAction":[{"@type":"SearchAction","target":{"@type":"EntryPoint","urlTemplate":"https:\/\/akasel.com\/fr\/?s={search_term_string}"},"query-input":"required name=search_term_string"}],"inLanguage":"fr-FR"}]}},"_links":{"self":[{"href":"https:\/\/akasel.com\/fr\/wp-json\/wp\/v2\/pages\/8252"}],"collection":[{"href":"https:\/\/akasel.com\/fr\/wp-json\/wp\/v2\/pages"}],"about":[{"href":"https:\/\/akasel.com\/fr\/wp-json\/wp\/v2\/types\/page"}],"author":[{"embeddable":true,"href":"https:\/\/akasel.com\/fr\/wp-json\/wp\/v2\/users\/1"}],"replies":[{"embeddable":true,"href":"https:\/\/akasel.com\/fr\/wp-json\/wp\/v2\/comments?post=8252"}],"version-history":[{"count":3,"href":"https:\/\/akasel.com\/fr\/wp-json\/wp\/v2\/pages\/8252\/revisions"}],"predecessor-version":[{"id":33720,"href":"https:\/\/akasel.com\/fr\/wp-json\/wp\/v2\/pages\/8252\/revisions\/33720"}],"up":[{"embeddable":true,"href":"https:\/\/akasel.com\/fr\/wp-json\/wp\/v2\/pages\/8062"}],"wp:attachment":[{"href":"https:\/\/akasel.com\/fr\/wp-json\/wp\/v2\/media?parent=8252"}],"curies":[{"name":"wp","href":"https:\/\/api.w.org\/{rel}","templated":true}]}}