{"id":8299,"date":"2020-11-16T20:35:02","date_gmt":"2020-11-16T19:35:02","guid":{"rendered":"https:\/\/akasel.com\/fr\/dealers\/africa\/"},"modified":"2026-01-21T08:03:58","modified_gmt":"2026-01-21T07:03:58","slug":"afrique","status":"publish","type":"page","link":"https:\/\/akasel.com\/fr\/distributeurs\/afrique\/","title":{"rendered":"Afrique"},"content":{"rendered":"<h2>Alg\u00e9rie<\/h2>\n<h4>ACM Export &amp; Services<\/h4>\n<p>41 rue Dedieu 69100 Villeurbanne<br \/>\nCourriel : <a href=\"mailto:acm@acm-export.com\" target=\"_blank\" rel=\"noreferrer noopener\">acm@acm-export.com<\/a><br \/>\nT\u00e9l\u00e9phone : +33 6 35 25 94 32\/+212 6 91 82 69 90<\/p>\n<h2>Botswana<\/h2>\n<h4>Scientific &amp; Precision Solutions (Pty) Ltd<\/h4>\n<p>Cnr Commissioner &amp; Christopher Street, Boksburg East, 1459<br \/>\n<a href=\"https:\/\/spsrsa.co.za\/contact\/\" target=\"_blank\" rel=\"noreferrer noopener\" data-type=\"URL\" data-id=\"https:\/\/spsrsa.co.za\/contact\/\">www.spsrsa.co.za<\/a><br \/>\nCourriel : <a href=\"mailto:brianb@spsrsa.co.za\" target=\"_blank\" rel=\"noreferrer noopener\">brianb@spsrsa.co.za<\/a><br \/>\nT\u00e9l\u00e9phone : +27 (0) 71 365 7915<\/p>\n<h2>Maroc<\/h2>\n<h4>ACM Export &amp; Services<\/h4>\n<p>41 rue Dedieu 69100 Villeurbanne<br \/>\nCourriel : <a href=\"mailto:acm@acm-export.com\" target=\"_blank\" rel=\"noreferrer noopener\">acm@acm-export.com<\/a><br \/>\nT\u00e9l\u00e9phone : +33 6 35 25 94 32\/+212 6 91 82 69 90<\/p>\n<h2>Namibie<\/h2>\n<h4>Scientific &amp; Precision Solutions (Pty) Ltd<\/h4>\n<p>Cnr Commissioner &amp; Christopher Street, Boksburg East, 1459<br \/>\n<a href=\"https:\/\/spsrsa.co.za\/contact\/\" target=\"_blank\" rel=\"noreferrer noopener\" data-type=\"URL\" data-id=\"https:\/\/spsrsa.co.za\/contact\/\">www.spsrsa.co.za<\/a><br \/>\nCourriel : <a href=\"mailto:brianb@spsrsa.co.za\" target=\"_blank\" rel=\"noreferrer noopener\">brianb@spsrsa.co.za<\/a><br \/>\nT\u00e9l\u00e9phone : +27 (0) 71 365 7915 +27 (0) 71 365 7915<\/p>\n<h2>Afrique du Sud (Lesotho et Swaziland)<\/h2>\n<h4>Scientific &amp; Precision Solutions (Pty) Ltd<\/h4>\n<p>Cnr Commissioner &amp; Christopher Street, Boksburg East, 1459<br \/>\n<a href=\"https:\/\/spsrsa.co.za\/contact\/\" target=\"_blank\" rel=\"noreferrer noopener\" data-type=\"URL\" data-id=\"https:\/\/spsrsa.co.za\/contact\/\">www.spsrsa.co.za<\/a><br \/>\nCourriel : <a href=\"mailto:brianb@spsrsa.co.za\" target=\"_blank\" rel=\"noreferrer noopener\">brianb@spsrsa.co.za<\/a><br \/>\nT\u00e9l\u00e9phone : +27 (0) 71 365 7915 +27 (0) 71 365 7915<\/p>\n<h2>Tunisie<\/h2>\n<h4>ACM Export &amp; Services<\/h4>\n<p>41 rue Dedieu 69100 Villeurbanne<br \/>\nCourriel : <a href=\"mailto:acm@acm-export.com\" target=\"_blank\" rel=\"noreferrer noopener\">acm@acm-export.com<\/a><br \/>\nT\u00e9l\u00e9phone : +33 6 35 25 94 32\/+212 6 91 82 69 90<\/p>\n","protected":false},"excerpt":{"rendered":"<p>Alg\u00e9rie ACM Export &amp; Services 41 rue Dedieu 69100 Villeurbanne Courriel : acm@acm-export.com T\u00e9l\u00e9phone : +33 6 35 25 94&#8230;<\/p>\n","protected":false},"author":1,"featured_media":0,"parent":8116,"menu_order":0,"comment_status":"closed","ping_status":"open","template":"","meta":{"footnotes":""},"class_list":["post-8299","page","type-page","status-publish","hentry"],"acf":[],"yoast_head":"<!-- This site is optimized with the Yoast SEO plugin v21.7 - https:\/\/yoast.com\/wordpress\/plugins\/seo\/ -->\n<title>Distributeurs Akasel en Afrique \u2013 Produits m\u00e9tallographiques<\/title>\n<meta name=\"description\" content=\"Trouvez les distributeurs Akasel en Afrique et acc\u00e9dez aux coordonn\u00e9es locales pour obtenir de l\u2019aide sur nos produits m\u00e9tallographiques.\" \/>\n<meta name=\"robots\" content=\"index, follow, max-snippet:-1, max-image-preview:large, max-video-preview:-1\" \/>\n<link rel=\"canonical\" href=\"https:\/\/akasel.com\/fr\/distributeurs\/afrique\/\" \/>\n<meta property=\"og:locale\" content=\"fr_FR\" \/>\n<meta property=\"og:type\" content=\"article\" \/>\n<meta property=\"og:title\" content=\"Distributeurs Akasel en Afrique \u2013 Produits m\u00e9tallographiques\" \/>\n<meta property=\"og:description\" content=\"Trouvez les distributeurs Akasel en Afrique et acc\u00e9dez aux coordonn\u00e9es locales pour obtenir de l\u2019aide sur nos produits m\u00e9tallographiques.\" \/>\n<meta property=\"og:url\" content=\"https:\/\/akasel.com\/fr\/distributeurs\/afrique\/\" \/>\n<meta property=\"og:site_name\" content=\"AKASEL A\/S\" \/>\n<meta property=\"article:modified_time\" content=\"2026-01-21T07:03:58+00:00\" \/>\n<meta name=\"twitter:card\" content=\"summary_large_image\" \/>\n<meta name=\"twitter:label1\" content=\"Dur\u00e9e de lecture estim\u00e9e\" \/>\n\t<meta name=\"twitter:data1\" content=\"1 minute\" \/>\n<!-- \/ Yoast SEO plugin. -->","yoast_head_json":{"title":"Distributeurs Akasel en Afrique \u2013 Produits m\u00e9tallographiques","description":"Trouvez les distributeurs Akasel en Afrique et acc\u00e9dez aux coordonn\u00e9es locales pour obtenir de l\u2019aide sur nos produits m\u00e9tallographiques.","robots":{"index":"index","follow":"follow","max-snippet":"max-snippet:-1","max-image-preview":"max-image-preview:large","max-video-preview":"max-video-preview:-1"},"canonical":"https:\/\/akasel.com\/fr\/distributeurs\/afrique\/","og_locale":"fr_FR","og_type":"article","og_title":"Distributeurs Akasel en Afrique \u2013 Produits m\u00e9tallographiques","og_description":"Trouvez les distributeurs Akasel en Afrique et acc\u00e9dez aux coordonn\u00e9es locales pour obtenir de l\u2019aide sur nos produits m\u00e9tallographiques.","og_url":"https:\/\/akasel.com\/fr\/distributeurs\/afrique\/","og_site_name":"AKASEL A\/S","article_modified_time":"2026-01-21T07:03:58+00:00","twitter_card":"summary_large_image","twitter_misc":{"Dur\u00e9e de lecture estim\u00e9e":"1 minute"},"schema":{"@context":"https:\/\/schema.org","@graph":[{"@type":"WebPage","@id":"https:\/\/akasel.com\/fr\/distributeurs\/afrique\/","url":"https:\/\/akasel.com\/fr\/distributeurs\/afrique\/","name":"Distributeurs Akasel en Afrique \u2013 Produits m\u00e9tallographiques","isPartOf":{"@id":"https:\/\/akasel.com\/fr\/#website"},"datePublished":"2020-11-16T19:35:02+00:00","dateModified":"2026-01-21T07:03:58+00:00","description":"Trouvez les distributeurs Akasel en Afrique et acc\u00e9dez aux coordonn\u00e9es locales pour obtenir de l\u2019aide sur nos produits m\u00e9tallographiques.","breadcrumb":{"@id":"https:\/\/akasel.com\/fr\/distributeurs\/afrique\/#breadcrumb"},"inLanguage":"fr-FR","potentialAction":[{"@type":"ReadAction","target":["https:\/\/akasel.com\/fr\/distributeurs\/afrique\/"]}]},{"@type":"BreadcrumbList","@id":"https:\/\/akasel.com\/fr\/distributeurs\/afrique\/#breadcrumb","itemListElement":[{"@type":"ListItem","position":1,"name":"Home","item":"https:\/\/akasel.com\/fr\/"},{"@type":"ListItem","position":2,"name":"Distributeurs","item":"https:\/\/akasel.com\/fr\/distributeurs\/"},{"@type":"ListItem","position":3,"name":"Afrique"}]},{"@type":"WebSite","@id":"https:\/\/akasel.com\/fr\/#website","url":"https:\/\/akasel.com\/fr\/","name":"AKASEL A\/S","description":"","potentialAction":[{"@type":"SearchAction","target":{"@type":"EntryPoint","urlTemplate":"https:\/\/akasel.com\/fr\/?s={search_term_string}"},"query-input":"required name=search_term_string"}],"inLanguage":"fr-FR"}]}},"_links":{"self":[{"href":"https:\/\/akasel.com\/fr\/wp-json\/wp\/v2\/pages\/8299"}],"collection":[{"href":"https:\/\/akasel.com\/fr\/wp-json\/wp\/v2\/pages"}],"about":[{"href":"https:\/\/akasel.com\/fr\/wp-json\/wp\/v2\/types\/page"}],"author":[{"embeddable":true,"href":"https:\/\/akasel.com\/fr\/wp-json\/wp\/v2\/users\/1"}],"replies":[{"embeddable":true,"href":"https:\/\/akasel.com\/fr\/wp-json\/wp\/v2\/comments?post=8299"}],"version-history":[{"count":10,"href":"https:\/\/akasel.com\/fr\/wp-json\/wp\/v2\/pages\/8299\/revisions"}],"predecessor-version":[{"id":33942,"href":"https:\/\/akasel.com\/fr\/wp-json\/wp\/v2\/pages\/8299\/revisions\/33942"}],"up":[{"embeddable":true,"href":"https:\/\/akasel.com\/fr\/wp-json\/wp\/v2\/pages\/8116"}],"wp:attachment":[{"href":"https:\/\/akasel.com\/fr\/wp-json\/wp\/v2\/media?parent=8299"}],"curies":[{"name":"wp","href":"https:\/\/api.w.org\/{rel}","templated":true}]}}