{"id":8300,"date":"2020-11-16T20:36:23","date_gmt":"2020-11-16T19:36:23","guid":{"rendered":"https:\/\/akasel.com\/fr\/dealers\/america\/"},"modified":"2025-09-26T07:56:15","modified_gmt":"2025-09-26T05:56:15","slug":"ameriques","status":"publish","type":"page","link":"https:\/\/akasel.com\/fr\/distributeurs\/ameriques\/","title":{"rendered":"Am\u00e9riques"},"content":{"rendered":"<h2>Br\u00e9sil<\/h2>\n<h4>Teknik Comercio, Importa\u00e7\u00e3o e Exporta\u00e7\u00e3o EIRELI<\/h4>\n<p>Courriel : <a href=\"mailto:info@teknikmetalografia.com.br\" target=\"_blank\" rel=\"noreferrer noopener\">info@teknikmetalografia.com.br<\/a><br \/>\nT\u00e9l\u00e9phone : +55 11 2501.7499<\/p>\n<h2>Mexique<\/h2>\n<h4>MESA TEM &amp; ATMEX<\/h4>\n<p>Blvd. las Am\u00e9ricas #714, Andrade, 37020 Le\u00f3n, Gto.<br \/>\n<a href=\"https:\/\/mesatem.com\/\" target=\"_blank\" rel=\"noreferrer noopener\" data-type=\"URL\" data-id=\"http:\/\/www.eutktoid.com\/contacto\">www.mesatem.com<\/a><\/p>\n<h2>USA<\/h2>\n<h4>Advanced Met Services<\/h4>\n<p>539 W. Commerce #1018, Dallas, Texas 75208<br \/>\n<a href=\"https:\/\/advancedmets.com\/contact\/\" target=\"_blank\" rel=\"noreferrer noopener\" data-type=\"URL\" data-id=\"https:\/\/advancedmets.com\/contact\/\">www.advancedmets.com<\/a><br \/>\nCourriel : <a href=\"mailto:sales@advancedmets.com\" target=\"_blank\" rel=\"noreferrer noopener\">sales@advancedmets.com<\/a><br \/>\nT\u00e9l\u00e9phone : +1 817-771-2908<\/p>\n","protected":false},"excerpt":{"rendered":"<p>Br\u00e9sil Teknik Comercio, Importa\u00e7\u00e3o e Exporta\u00e7\u00e3o EIRELI Courriel : info@teknikmetalografia.com.br T\u00e9l\u00e9phone : +55 11 2501.7499 Mexique MESA TEM &amp; ATMEX&#8230;<\/p>\n","protected":false},"author":1,"featured_media":0,"parent":8116,"menu_order":0,"comment_status":"closed","ping_status":"open","template":"","meta":{"footnotes":""},"class_list":["post-8300","page","type-page","status-publish","hentry"],"acf":[],"yoast_head":"<!-- This site is optimized with the Yoast SEO plugin v21.7 - https:\/\/yoast.com\/wordpress\/plugins\/seo\/ -->\n<title>Trouvez votre distributeur Akasel local en Am\u00e9rique | Akasel A\/S<\/title>\n<meta name=\"description\" content=\"Localisez les distributeurs Akasel en Am\u00e9rique. Acc\u00e9dez aux coordonn\u00e9es des repr\u00e9sentants locaux pour obtenir de l&#039;aide et des informations sur nos produits m\u00e9tallographiques.\" \/>\n<meta name=\"robots\" content=\"index, follow, max-snippet:-1, max-image-preview:large, max-video-preview:-1\" \/>\n<link rel=\"canonical\" href=\"https:\/\/akasel.com\/fr\/distributeurs\/ameriques\/\" \/>\n<meta property=\"og:locale\" content=\"fr_FR\" \/>\n<meta property=\"og:type\" content=\"article\" \/>\n<meta property=\"og:title\" content=\"Trouvez votre distributeur Akasel local en Am\u00e9rique | Akasel A\/S\" \/>\n<meta property=\"og:description\" content=\"Localisez les distributeurs Akasel en Am\u00e9rique. Acc\u00e9dez aux coordonn\u00e9es des repr\u00e9sentants locaux pour obtenir de l&#039;aide et des informations sur nos produits m\u00e9tallographiques.\" \/>\n<meta property=\"og:url\" content=\"https:\/\/akasel.com\/fr\/distributeurs\/ameriques\/\" \/>\n<meta property=\"og:site_name\" content=\"AKASEL A\/S\" \/>\n<meta property=\"article:modified_time\" content=\"2025-09-26T05:56:15+00:00\" \/>\n<meta name=\"twitter:card\" content=\"summary_large_image\" \/>\n<meta name=\"twitter:label1\" content=\"Dur\u00e9e de lecture estim\u00e9e\" \/>\n\t<meta name=\"twitter:data1\" content=\"1 minute\" \/>\n<!-- \/ Yoast SEO plugin. -->","yoast_head_json":{"title":"Trouvez votre distributeur Akasel local en Am\u00e9rique | Akasel A\/S","description":"Localisez les distributeurs Akasel en Am\u00e9rique. Acc\u00e9dez aux coordonn\u00e9es des repr\u00e9sentants locaux pour obtenir de l'aide et des informations sur nos produits m\u00e9tallographiques.","robots":{"index":"index","follow":"follow","max-snippet":"max-snippet:-1","max-image-preview":"max-image-preview:large","max-video-preview":"max-video-preview:-1"},"canonical":"https:\/\/akasel.com\/fr\/distributeurs\/ameriques\/","og_locale":"fr_FR","og_type":"article","og_title":"Trouvez votre distributeur Akasel local en Am\u00e9rique | Akasel A\/S","og_description":"Localisez les distributeurs Akasel en Am\u00e9rique. Acc\u00e9dez aux coordonn\u00e9es des repr\u00e9sentants locaux pour obtenir de l'aide et des informations sur nos produits m\u00e9tallographiques.","og_url":"https:\/\/akasel.com\/fr\/distributeurs\/ameriques\/","og_site_name":"AKASEL A\/S","article_modified_time":"2025-09-26T05:56:15+00:00","twitter_card":"summary_large_image","twitter_misc":{"Dur\u00e9e de lecture estim\u00e9e":"1 minute"},"schema":{"@context":"https:\/\/schema.org","@graph":[{"@type":"WebPage","@id":"https:\/\/akasel.com\/fr\/distributeurs\/ameriques\/","url":"https:\/\/akasel.com\/fr\/distributeurs\/ameriques\/","name":"Trouvez votre distributeur Akasel local en Am\u00e9rique | Akasel A\/S","isPartOf":{"@id":"https:\/\/akasel.com\/fr\/#website"},"datePublished":"2020-11-16T19:36:23+00:00","dateModified":"2025-09-26T05:56:15+00:00","description":"Localisez les distributeurs Akasel en Am\u00e9rique. Acc\u00e9dez aux coordonn\u00e9es des repr\u00e9sentants locaux pour obtenir de l'aide et des informations sur nos produits m\u00e9tallographiques.","breadcrumb":{"@id":"https:\/\/akasel.com\/fr\/distributeurs\/ameriques\/#breadcrumb"},"inLanguage":"fr-FR","potentialAction":[{"@type":"ReadAction","target":["https:\/\/akasel.com\/fr\/distributeurs\/ameriques\/"]}]},{"@type":"BreadcrumbList","@id":"https:\/\/akasel.com\/fr\/distributeurs\/ameriques\/#breadcrumb","itemListElement":[{"@type":"ListItem","position":1,"name":"Home","item":"https:\/\/akasel.com\/fr\/"},{"@type":"ListItem","position":2,"name":"Distributeurs","item":"https:\/\/akasel.com\/fr\/distributeurs\/"},{"@type":"ListItem","position":3,"name":"Am\u00e9riques"}]},{"@type":"WebSite","@id":"https:\/\/akasel.com\/fr\/#website","url":"https:\/\/akasel.com\/fr\/","name":"AKASEL A\/S","description":"","potentialAction":[{"@type":"SearchAction","target":{"@type":"EntryPoint","urlTemplate":"https:\/\/akasel.com\/fr\/?s={search_term_string}"},"query-input":"required name=search_term_string"}],"inLanguage":"fr-FR"}]}},"_links":{"self":[{"href":"https:\/\/akasel.com\/fr\/wp-json\/wp\/v2\/pages\/8300"}],"collection":[{"href":"https:\/\/akasel.com\/fr\/wp-json\/wp\/v2\/pages"}],"about":[{"href":"https:\/\/akasel.com\/fr\/wp-json\/wp\/v2\/types\/page"}],"author":[{"embeddable":true,"href":"https:\/\/akasel.com\/fr\/wp-json\/wp\/v2\/users\/1"}],"replies":[{"embeddable":true,"href":"https:\/\/akasel.com\/fr\/wp-json\/wp\/v2\/comments?post=8300"}],"version-history":[{"count":10,"href":"https:\/\/akasel.com\/fr\/wp-json\/wp\/v2\/pages\/8300\/revisions"}],"predecessor-version":[{"id":33737,"href":"https:\/\/akasel.com\/fr\/wp-json\/wp\/v2\/pages\/8300\/revisions\/33737"}],"up":[{"embeddable":true,"href":"https:\/\/akasel.com\/fr\/wp-json\/wp\/v2\/pages\/8116"}],"wp:attachment":[{"href":"https:\/\/akasel.com\/fr\/wp-json\/wp\/v2\/media?parent=8300"}],"curies":[{"name":"wp","href":"https:\/\/api.w.org\/{rel}","templated":true}]}}