{"id":8301,"date":"2020-11-16T20:37:44","date_gmt":"2020-11-16T19:37:44","guid":{"rendered":"https:\/\/akasel.com\/fr\/dealers\/asia\/"},"modified":"2025-11-05T09:43:56","modified_gmt":"2025-11-05T08:43:56","slug":"asie","status":"publish","type":"page","link":"https:\/\/akasel.com\/fr\/distributeurs\/asie\/","title":{"rendered":"Asie"},"content":{"rendered":"<h2>Azerbaidschan<\/h2>\n<h4>Mikrotest End\u00fcstri Cihazlar\u0131 Pazarlama Sanayi ve Ticaret Ltd. \u015eti<\/h4>\n<p>Yal\u0131 Mah.Mare\u015fal Fevzi \u00c7akmak Cad.No:50\/25, 34844 Maltepe-\u0130stanbul<br \/>\n<a href=\"https:\/\/www.mikrotest.com.tr\/iletisim\/\" target=\"_blank\" rel=\"noreferrer noopener\">http:\/\/www.mikrotest.com.tr<\/a><br \/>\nCourriel : <a href=\"mailto:info@mikrotest.com.tr\" target=\"_blank\" rel=\"noreferrer noopener\">info@mikrotest.com.tr<\/a><br \/>\nT\u00e9l\u00e9phone : +90 216 577 6909 +90 216 577 6909<\/p>\n<h2>Inde<\/h2>\n<h4>Unitron Instrumentation Technology Pvt. Ltd.<\/h4>\n<p>No. 127\/34, 7th Cross, 4th Main, Wilson Garden, Bangalore &#8211; 560 027<br \/>\n<a href=\"https:\/\/unitron.in\/\" target=\"_blank\" rel=\"noreferrer noopener\">https:\/\/unitron.in\/<\/a><\/p>\n<h2>Kirghizistan<\/h2>\n<h4>Mikrotest End\u00fcstri Cihazlar\u0131 Pazarlama Sanayi ve Ticaret Ltd. \u015eti<\/h4>\n<p>Yal\u0131 Mah.Mare\u015fal Fevzi \u00c7akmak Cad.No:50\/25, 34844 Maltepe-\u0130stanbul<br \/>\n<a href=\"https:\/\/www.mikrotest.com.tr\/iletisim\/\" target=\"_blank\" rel=\"noreferrer noopener\">http:\/\/www.mikrotest.com.tr<\/a><br \/>\nCourriel : <a href=\"mailto:info@mikrotest.com.tr\" target=\"_blank\" rel=\"noreferrer noopener\">info@mikrotest.com.tr<\/a><br \/>\nT\u00e9l\u00e9phone : +90 216 577 6909 +90 216 577 6909<\/p>\n<h2>Japon<\/h2>\n<h4>Nihon Metallo K.K.<\/h4>\n<p>509-22 Jiyugaoka, 300-1266 Tsukuba-shi, Japon<br \/>\n<a href=\"https:\/\/nihon-metallo.co.jp\" target=\"_blank\" rel=\"noreferrer noopener\">https:\/\/nihon-metallo.co.jp<\/a><\/p>\n<h2>Malaisie<\/h2>\n<h4>MSP Metrology<\/h4>\n<p>10, Jalan Gemilang 9, Taman Perindustrian Cemerlang, 81800 Ulu Tiram, Johor, Malaisie<br \/>\n<a href=\"https:\/\/mspmetrology.com\/contact\/\" target=\"_blank\" rel=\"noreferrer noopener\">www.mspmetrology.com<\/a><\/p>\n<h2>R\u00e9publique populaire de Chine<\/h2>\n<h4>\u5317\u4eac\u91d1\u79d1\u667a\u9020<\/h4>\n<p>Beijing Met-tech Intelligent Manufacturing Technology Development Co, Ltd.<br \/>\nRoom 518, 5th Floor, Building 16, Shui&#8217;an South Street, Chaoyang District, Beijing<br \/>\nCourriel : <a href=\"mailto:sales@met-tech.cn\" target=\"_blank\" rel=\"noreferrer noopener\">sales@met-tech.cn<\/a><br \/>\nCourriel : <a href=\"mailto:info@met-tech.cn\" target=\"_blank\" rel=\"noreferrer noopener\">info@met-tech.cn<\/a><br \/>\nT\u00e9l\u00e9phone : +86 10 <a href=\"tel:+861061590150\" target=\"_blank\" rel=\"noreferrer noopener\">+86 10 61590150<\/a><br \/>\n<a href=\"http:\/\/www.met-tech.cn\">www.met-tech.cn<\/a><\/p>\n<h2>Singapour<\/h2>\n<h4>MSP Metrology<\/h4>\n<p>10, Jalan Gemilang 9, Taman Perindustrian Cemerlang, 81800 Ulu Tiram, Johor, Malaisie<br \/>\n<a href=\"https:\/\/mspmetrology.com\/contact\/\" target=\"_blank\" rel=\"noreferrer noopener\">www.mspmetrology.com<\/a><\/p>\n<h2>Cor\u00e9e du Sud<\/h2>\n<h4>JL Trading Co.<\/h4>\n<p>522, Kwangyang Frontiervalley3 30, Gaseok-ro, Seo-gu<br \/>\n<a href=\"http:\/\/www.jltrading.co.kr\/113\" target=\"_blank\" rel=\"noreferrer noopener\">http:\/\/www.akaselkorea.co.kr<\/a><br \/>\nCourriel : <a href=\"mailto:Sales@akaselkorea.co.kr\" target=\"_blank\" rel=\"noreferrer noopener\">Sales@akaselkorea.co.kr<\/a><br \/>\nT\u00e9l\u00e9phone : (82)-032-290-6300<br \/>\nFax : (82)-032-290-6301<\/p>\n<h2>Tadjikistan<\/h2>\n<h4>Mikrotest End\u00fcstri Cihazlar\u0131 Pazarlama Sanayi ve Ticaret Ltd. \u015eti<\/h4>\n<p>Yal\u0131 Mah.Mare\u015fal Fevzi \u00c7akmak Cad.No:50\/25, 34844 Maltepe-\u0130stanbul<br \/>\n<a href=\"https:\/\/www.mikrotest.com.tr\/iletisim\/\" target=\"_blank\" rel=\"noreferrer noopener\">http:\/\/www.mikrotest.com.tr<\/a><br \/>\nCourriel : <a href=\"mailto:info@mikrotest.com.tr\" target=\"_blank\" rel=\"noreferrer noopener\">info@mikrotest.com.tr<\/a><br \/>\nT\u00e9l\u00e9phone : +90 216 577 6909 +90 216 577 6909<\/p>\n<h2>Tha\u00eflande<\/h2>\n<h4>Testing Instrument Co., Ltd.<\/h4>\n<p>107,\u00a0109\u00a0Chan\u00a0Kao\u00a0Road,\u00a0Chongnonsee,\u00a0Yannawa,\u00a0Bangkok\u00a010120<br \/>\n<a href=\"https:\/\/www.testinginstrument.com\" target=\"_blank\" rel=\"noreferrer noopener\">www.testinginstrument.com<\/a><br \/>\nEmail: <a href=\"mailto:instru@testinginstrument.com\" target=\"_blank\" rel=\"noopener\">instru@testinginstrument.com<\/a><br \/>\nPhone: 080-631-4136, 095-380-1955<\/p>\n<h2>Turkm\u00e9nistan<\/h2>\n<h4>Mikrotest End\u00fcstri Cihazlar\u0131 Pazarlama Sanayi ve Ticaret Ltd. \u015eti<\/h4>\n<p>Yal\u0131 Mah.Mare\u015fal Fevzi \u00c7akmak Cad.No:50\/25, 34844 Maltepe-\u0130stanbul<br \/>\n<a href=\"https:\/\/www.mikrotest.com.tr\/iletisim\/\" target=\"_blank\" rel=\"noreferrer noopener\">http:\/\/www.mikrotest.com.tr<\/a><br \/>\nCourriel : <a href=\"mailto:info@mikrotest.com.tr\" target=\"_blank\" rel=\"noreferrer noopener\">info@mikrotest.com.tr<\/a><br \/>\nT\u00e9l\u00e9phone : +90 216 577 6909 +90 216 577 6909<\/p>\n<h2>Vietnam<\/h2>\n<h4>BSCS TE Vietnam Co. Ltd.<\/h4>\n<p>No 233, Tam Trinh Street, Hoang Mai District, 10000 Hanoi City<br \/>\n<a href=\"http:\/\/www.bscsvn.com\" target=\"_blank\" rel=\"noreferrer noopener\">http:\/\/www.bscsvn.com<\/a><\/p>\n","protected":false},"excerpt":{"rendered":"<p>Azerbaidschan Mikrotest End\u00fcstri Cihazlar\u0131 Pazarlama Sanayi ve Ticaret Ltd. \u015eti Yal\u0131 Mah.Mare\u015fal Fevzi \u00c7akmak Cad.No:50\/25, 34844 Maltepe-\u0130stanbul http:\/\/www.mikrotest.com.tr Courriel :&#8230;<\/p>\n","protected":false},"author":1,"featured_media":0,"parent":8116,"menu_order":0,"comment_status":"closed","ping_status":"open","template":"","meta":{"footnotes":""},"class_list":["post-8301","page","type-page","status-publish","hentry"],"acf":[],"yoast_head":"<!-- This site is optimized with the Yoast SEO plugin v21.7 - https:\/\/yoast.com\/wordpress\/plugins\/seo\/ -->\n<title>Trouvez votre distributeur local Akasel en Asie | Akasel A\/S<\/title>\n<meta name=\"description\" content=\"D\u00e9couvrez les distributeurs Akasel en Asie. Obtenez les coordonn\u00e9es des repr\u00e9sentants locaux pour b\u00e9n\u00e9ficier d&#039;une assistance et d&#039;informations d\u00e9taill\u00e9es sur nos produits m\u00e9tallographiques.\" \/>\n<meta name=\"robots\" content=\"index, follow, max-snippet:-1, max-image-preview:large, max-video-preview:-1\" \/>\n<link rel=\"canonical\" href=\"https:\/\/akasel.com\/fr\/distributeurs\/asie\/\" \/>\n<meta property=\"og:locale\" content=\"fr_FR\" \/>\n<meta property=\"og:type\" content=\"article\" \/>\n<meta property=\"og:title\" content=\"Trouvez votre distributeur local Akasel en Asie | Akasel A\/S\" \/>\n<meta property=\"og:description\" content=\"D\u00e9couvrez les distributeurs Akasel en Asie. Obtenez les coordonn\u00e9es des repr\u00e9sentants locaux pour b\u00e9n\u00e9ficier d&#039;une assistance et d&#039;informations d\u00e9taill\u00e9es sur nos produits m\u00e9tallographiques.\" \/>\n<meta property=\"og:url\" content=\"https:\/\/akasel.com\/fr\/distributeurs\/asie\/\" \/>\n<meta property=\"og:site_name\" content=\"AKASEL A\/S\" \/>\n<meta property=\"article:modified_time\" content=\"2025-11-05T08:43:56+00:00\" \/>\n<meta name=\"twitter:card\" content=\"summary_large_image\" \/>\n<meta name=\"twitter:label1\" content=\"Dur\u00e9e de lecture estim\u00e9e\" \/>\n\t<meta name=\"twitter:data1\" content=\"2 minutes\" \/>\n<!-- \/ Yoast SEO plugin. -->","yoast_head_json":{"title":"Trouvez votre distributeur local Akasel en Asie | Akasel A\/S","description":"D\u00e9couvrez les distributeurs Akasel en Asie. Obtenez les coordonn\u00e9es des repr\u00e9sentants locaux pour b\u00e9n\u00e9ficier d'une assistance et d'informations d\u00e9taill\u00e9es sur nos produits m\u00e9tallographiques.","robots":{"index":"index","follow":"follow","max-snippet":"max-snippet:-1","max-image-preview":"max-image-preview:large","max-video-preview":"max-video-preview:-1"},"canonical":"https:\/\/akasel.com\/fr\/distributeurs\/asie\/","og_locale":"fr_FR","og_type":"article","og_title":"Trouvez votre distributeur local Akasel en Asie | Akasel A\/S","og_description":"D\u00e9couvrez les distributeurs Akasel en Asie. Obtenez les coordonn\u00e9es des repr\u00e9sentants locaux pour b\u00e9n\u00e9ficier d'une assistance et d'informations d\u00e9taill\u00e9es sur nos produits m\u00e9tallographiques.","og_url":"https:\/\/akasel.com\/fr\/distributeurs\/asie\/","og_site_name":"AKASEL A\/S","article_modified_time":"2025-11-05T08:43:56+00:00","twitter_card":"summary_large_image","twitter_misc":{"Dur\u00e9e de lecture estim\u00e9e":"2 minutes"},"schema":{"@context":"https:\/\/schema.org","@graph":[{"@type":"WebPage","@id":"https:\/\/akasel.com\/fr\/distributeurs\/asie\/","url":"https:\/\/akasel.com\/fr\/distributeurs\/asie\/","name":"Trouvez votre distributeur local Akasel en Asie | Akasel A\/S","isPartOf":{"@id":"https:\/\/akasel.com\/fr\/#website"},"datePublished":"2020-11-16T19:37:44+00:00","dateModified":"2025-11-05T08:43:56+00:00","description":"D\u00e9couvrez les distributeurs Akasel en Asie. Obtenez les coordonn\u00e9es des repr\u00e9sentants locaux pour b\u00e9n\u00e9ficier d'une assistance et d'informations d\u00e9taill\u00e9es sur nos produits m\u00e9tallographiques.","breadcrumb":{"@id":"https:\/\/akasel.com\/fr\/distributeurs\/asie\/#breadcrumb"},"inLanguage":"fr-FR","potentialAction":[{"@type":"ReadAction","target":["https:\/\/akasel.com\/fr\/distributeurs\/asie\/"]}]},{"@type":"BreadcrumbList","@id":"https:\/\/akasel.com\/fr\/distributeurs\/asie\/#breadcrumb","itemListElement":[{"@type":"ListItem","position":1,"name":"Home","item":"https:\/\/akasel.com\/fr\/"},{"@type":"ListItem","position":2,"name":"Distributeurs","item":"https:\/\/akasel.com\/fr\/distributeurs\/"},{"@type":"ListItem","position":3,"name":"Asie"}]},{"@type":"WebSite","@id":"https:\/\/akasel.com\/fr\/#website","url":"https:\/\/akasel.com\/fr\/","name":"AKASEL A\/S","description":"","potentialAction":[{"@type":"SearchAction","target":{"@type":"EntryPoint","urlTemplate":"https:\/\/akasel.com\/fr\/?s={search_term_string}"},"query-input":"required name=search_term_string"}],"inLanguage":"fr-FR"}]}},"_links":{"self":[{"href":"https:\/\/akasel.com\/fr\/wp-json\/wp\/v2\/pages\/8301"}],"collection":[{"href":"https:\/\/akasel.com\/fr\/wp-json\/wp\/v2\/pages"}],"about":[{"href":"https:\/\/akasel.com\/fr\/wp-json\/wp\/v2\/types\/page"}],"author":[{"embeddable":true,"href":"https:\/\/akasel.com\/fr\/wp-json\/wp\/v2\/users\/1"}],"replies":[{"embeddable":true,"href":"https:\/\/akasel.com\/fr\/wp-json\/wp\/v2\/comments?post=8301"}],"version-history":[{"count":17,"href":"https:\/\/akasel.com\/fr\/wp-json\/wp\/v2\/pages\/8301\/revisions"}],"predecessor-version":[{"id":33919,"href":"https:\/\/akasel.com\/fr\/wp-json\/wp\/v2\/pages\/8301\/revisions\/33919"}],"up":[{"embeddable":true,"href":"https:\/\/akasel.com\/fr\/wp-json\/wp\/v2\/pages\/8116"}],"wp:attachment":[{"href":"https:\/\/akasel.com\/fr\/wp-json\/wp\/v2\/media?parent=8301"}],"curies":[{"name":"wp","href":"https:\/\/api.w.org\/{rel}","templated":true}]}}