{"id":8302,"date":"2020-11-16T20:41:14","date_gmt":"2020-11-16T19:41:14","guid":{"rendered":"https:\/\/akasel.com\/fr\/dealers\/europe\/"},"modified":"2025-10-14T12:55:53","modified_gmt":"2025-10-14T10:55:53","slug":"europe","status":"publish","type":"page","link":"https:\/\/akasel.com\/fr\/distributeurs\/europe\/","title":{"rendered":"L&#8217;Europe"},"content":{"rendered":"<h2>Autriche<\/h2>\n<h4>Grimas GmbH<\/h4>\n<p>Hauptstra\u00dfe 17, 3012 Wolfsgraben<br \/>\n<a href=\"http:\/\/www.grimas.at\" target=\"_blank\" rel=\"noreferrer noopener\">http:\/\/www.grimas.at<\/a><br \/>\nCourriel : <a href=\"mailto:office@grimas.at\" target=\"_blank\" rel=\"noreferrer noopener\">office@grimas.at<\/a><br \/>\nT\u00e9l\u00e9phone : +43 2233 7861-0<\/p>\n<h2>Bulgarie<\/h2>\n<h4>Grimas Balkan Control Ltd.<\/h4>\n<p>Zhk. Malinova dolina 25, 1797 Sofia<br \/>\n<a href=\"http:\/\/www.grimas.bg\/\" target=\"_blank\" rel=\"noreferrer noopener\">www.grimas.bg<\/a><\/p>\n<h2>R\u00e9publique Tch\u00e8que<\/h2>\n<h4>Metrotest s.r.o.<\/h4>\n<p>T.G. Masaryka 2104, CZ-272 01, Kladno<br \/>\n<a href=\"https:\/\/www.metrotest.cz\/kontakt\/\" target=\"_blank\" rel=\"noreferrer noopener\" data-type=\"URL\" data-id=\"https:\/\/www.metrotest.cz\/kontakt\/\">http:\/\/www.metrotest.cz<\/a><\/p>\n<h2>Danemark<\/h2>\n<h4>Akasel A\/S<\/h4>\n<p>Svogerslev Hovedgade 48, 4000 Roskilde<br \/>\n<a href=\"https:\/\/akasel.com\/fr\/\">https:\/\/akasel.com\/fr\/<\/a><br \/>\nCourriel : <a href=\"mailto:sales@akasel.com\">sales@akasel.com<\/a><\/p>\n<h2>Finlande<\/h2>\n<h4>Finfocus Instruments Oy<\/h4>\n<p>Hiomotie 32, 00380 Helsinki<br \/>\n<a href=\"http:\/\/www.finfocus.fi\/\" target=\"_blank\" rel=\"noreferrer noopener\" data-type=\"URL\" data-id=\"http:\/\/www.finfocus.fi\/\">http:\/\/www.finfocus.fi\/<\/a><br \/>\nCourriel : <a href=\"mailto:info@finfocus.fi\" target=\"_blank\" rel=\"noopener\">info@finfocus.fi<\/a><br \/>\nT\u00e9l\u00e9phone : +358 (0)10 328 9980<\/p>\n<h2>France<\/h2>\n<h4>Metallab<\/h4>\n<p>140 Chemin du Creux<br \/>\n69210 Saint-Germain-Nuelles<\/p>\n<p>T\u00e9l\u00e9phone: <a href=\"tel:+33779497964\">+33 7 79 49 79 64<\/a><br \/>\nCourriel: <a href=\"mailto:loic.cazenave@metallab.fr\">loic.cazenave@metallab.fr<\/a><\/p>\n<h2>Allemagne<\/h2>\n<h4>Akasel A\/S<\/h4>\n<h4>Dirk Hennemann<\/h4>\n<p><a href=\"https:\/\/akasel.com\/fr\/\/de\/\" target=\"_blank\" rel=\"noreferrer noopener\">https:\/\/akasel.com\/de\/<\/a><br \/>\nCourriel : <a href=\"mailto:dhe@akasel.com\" target=\"_blank\" rel=\"noreferrer noopener\" data-type=\"mailto\" data-id=\"mailto:dhe@akasel.com\">dhe@akasel.com<\/a><br \/>\nT\u00e9l\u00e9phone: +49 176 84239499<\/p>\n<h2>Gr\u00e8ce<\/h2>\n<h4>Applied Laboratory &amp; Engineering Solutions<\/h4>\n<p>Agion Anargiron str. 10, Marusi Ath\u00e8nes Gr\u00e8ce 151 24.<br \/>\n<a href=\"https:\/\/www.apples.com.gr\/\" target=\"_blank\" rel=\"noreferrer noopener\">https:\/\/www.apples.com.gr<\/a><br \/>\nCourriel : <a href=\"mailto:info@apples.com.gr\" target=\"_blank\" rel=\"noreferrer noopener\">info@apples.com.gr<\/a><br \/>\nT\u00e9l\u00e9phone : +30 210 7243529 \/+30 +30 210 7243529 \/+30 6979642395<\/p>\n<h2>Hongrie<\/h2>\n<h4>Atestor Anyagvizsg\u00e1lat-M\u00e9r\u00e9stechnika Kft<\/h4>\n<p>Reitter Ferenc utca 132\/c, 1131 Budapest<br \/>\n<a href=\"http:\/\/www.atestor.hu\" target=\"_blank\" rel=\"noreferrer noopener\" data-type=\"URL\" data-id=\"www.atestor.hu\">www.atestor.hu<\/a><br \/>\nCourriel : <a href=\"mailto:info@atestor.hu\" target=\"_blank\" rel=\"noreferrer noopener\">info@atestor.hu<\/a><br \/>\nT\u00e9l\u00e9phone: +36 13191319<\/p>\n<h2>Irlande<\/h2>\n<h4>Labquip<\/h4>\n<p>12 The Business Centre, Fonthill Industrial Park, Clondalkin, Dublin 22<br \/>\n<a href=\"https:\/\/labquip.ie\/contact-us\/\" target=\"_blank\" rel=\"noreferrer noopener\" data-type=\"URL\" data-id=\"https:\/\/labquip.ie\/contact-us\/\">http:\/\/www.labquip.ie<\/a><br \/>\nCourriel : <a href=\"mailto:labquip@labquip.ie\">labquip@labquip.ie<\/a><br \/>\nT\u00e9l\u00e9phone : +353 (0) 1 6434586<\/p>\n<h2>Isra\u00ebl<\/h2>\n<p>Pour obtenir des informations sur les distributeurs en Isra\u00ebl, veuillez nous contacter \u00e0 l&#8217;adresse suivante <a href=\"mailto:sales@akasel.com\">: sales@akasel.com<\/a><\/p>\n<h2>Italie<\/h2>\n<h4>Remet s.a.s.<\/h4>\n<p>Via Scarlatti 2, 40033 Casalecchio di Reno<br \/>\n<a href=\"https:\/\/www.remet.it\/contatti\/\" target=\"_blank\" rel=\"noreferrer noopener\" data-type=\"URL\" data-id=\"https:\/\/www.remet.it\/contatti\/\">http:\/\/www.remet.it<\/a><\/p>\n<h2>Norv\u00e8ge<\/h2>\n<p>Pour obtenir des informations sur les distributeurs en Norv\u00e8ge, veuillez nous contacter \u00e0 l&#8217;adresse suivante <a href=\"mailto:sales@akasel.com\">: sales@akasel.com<\/a><\/p>\n<h2>Pologne<\/h2>\n<p>Pour obtenir des informations sur les distributeurs en Pologne, veuillez nous contacter \u00e0 l&#8217;adresse suivante <a href=\"mailto:sales@akasel.com\">: sales@akasel.com<\/a><\/p>\n<h2>Portugal<\/h2>\n<p>Pour obtenir des informations sur les distributeurs au Portugal, veuillez nous contacter \u00e0 l&#8217;adresse suivante <a href=\"mailto:sales@akasel.com\">: sales@akasel.com<\/a><\/p>\n<h2>Roumanie<\/h2>\n<h4>Grimas Control S.R.L.<\/h4>\n<p>Str. Ciucului 55, Sf\u00e2ntu Gheorghe, 520036<br \/>\n<a href=\"https:\/\/www.grimascontrol.ro\/contact.html\" target=\"_blank\" rel=\"noreferrer noopener\" data-type=\"URL\" data-id=\"https:\/\/www.grimascontrol.ro\/contact.html\">www.grimascontrol.ro<\/a><\/p>\n<h2>Slovaquie<\/h2>\n<h4>Metrotest s.r.o.<\/h4>\n<p>T.G. Masaryka 2104, CZ-272 01, Kladno<br \/>\n<a href=\"https:\/\/www.metrotest.cz\/kontakt\/\" target=\"_blank\" rel=\"noreferrer noopener\" data-type=\"URL\" data-id=\"https:\/\/www.metrotest.cz\/kontakt\/\">http:\/\/www.metrotest.cz<\/a><\/p>\n<h2>Slov\u00e9nie<\/h2>\n<h4>Decca d.o.o.<\/h4>\n<p>Brn\u010di\u010deva ulica 11, 1231 Ljubljana &#8211; \u010crnu\u010de<br \/>\n<a href=\"http:\/\/www.decca.si\" target=\"_blank\" rel=\"noreferrer noopener\">http:\/\/www.decca.si<\/a><br \/>\nCourriel : <a href=\"mailto:info@decca.si\" target=\"_blank\" rel=\"noreferrer noopener\">info@decca.si<\/a><br \/>\nT\u00e9l\u00e9phone : +386 1 517 13 97<\/p>\n<h2>Espagne<\/h2>\n<p>Pour obtenir des informations sur les distributeurs en Espagne, veuillez nous contacter \u00e0 l&#8217;adresse suivante <a href=\"mailto:sales@akasel.com\">: sales@akasel.com<\/a><\/p>\n<h2>Su\u00e8de<\/h2>\n<h4>iQS<br \/>\nSolutions innovantes en mati\u00e8re de qualit\u00e9<br \/>\nSu\u00e8de AB<\/h4>\n<p>Courriel : <a href=\"mailto:info@iqsab.se\" target=\"_blank\" rel=\"noreferrer noopener\">info@iqsab.se<\/a><br \/>\nT\u00e9l\u00e9phone : +46 73 334 60 81<\/p>\n<h2>Turquie<\/h2>\n<h4>Mikrotest End\u00fcstri Cihazlar\u0131 Pazarlama Sanayi ve Ticaret Ltd. \u015eti<\/h4>\n<p>Yal\u0131 Mah.Mare\u015fal Fevzi \u00c7akmak Cad.No:50\/25, 34844 Maltepe-\u0130stanbul<br \/>\n<a href=\"https:\/\/www.mikrotest.com.tr\/tr\/iletisim\" target=\"_blank\" rel=\"noreferrer noopener\" data-type=\"URL\" data-id=\"https:\/\/www.mikrotest.com.tr\/tr\/iletisim\">http:\/\/www.mikrotest.com.tr<\/a><br \/>\nCourriel : <a href=\"mailto:info@mikrotest.com.tr\">info@mikrotest.com.tr<\/a><br \/>\nT\u00e9l\u00e9phone : +90 216 577 6909<\/p>\n<h2>Royaume-Uni<\/h2>\n<h4>Aptex<\/h4>\n<p>Patrick Farm Barns, Meriden Road, Hampton-in-Arden, Solihull, West Midlands, B92 0LT<br \/>\n<a href=\"https:\/\/www.aptex.co.uk\/contact-aptex.html\" target=\"_blank\" rel=\"noreferrer noopener\" data-type=\"URL\" data-id=\"https:\/\/www.aptex.co.uk\/contact-aptex.html\">https:\/\/www.aptex.co.uk<\/a><\/p>\n<h2>Ukraine<\/h2>\n<h4>LLC &#8220;Chemlaborreaktiv&#8221;<\/h4>\n<p>schelkowskaja-Str. 8, Brovary, 07400, Gebiet Kiew, Ukraine<br \/>\n<a href=\"https:\/\/www.hlr.ua\/kontakty\" target=\"_blank\" rel=\"noreferrer noopener\" data-type=\"URL\" data-id=\"https:\/\/www.hlr.ua\/kontakty\">http:\/\/www.hlr.ua<\/a><\/p>\n","protected":false},"excerpt":{"rendered":"<p>Autriche Grimas GmbH Hauptstra\u00dfe 17, 3012 Wolfsgraben http:\/\/www.grimas.at Courriel : office@grimas.at T\u00e9l\u00e9phone : +43 2233 7861-0 Bulgarie Grimas Balkan Control&#8230;<\/p>\n","protected":false},"author":1,"featured_media":0,"parent":8116,"menu_order":0,"comment_status":"closed","ping_status":"open","template":"","meta":{"footnotes":""},"class_list":["post-8302","page","type-page","status-publish","hentry"],"acf":[],"yoast_head":"<!-- This site is optimized with the Yoast SEO plugin v21.7 - https:\/\/yoast.com\/wordpress\/plugins\/seo\/ -->\n<title>Trouvez votre distributeur Akasel local en Europe | Akasel A\/S<\/title>\n<meta name=\"description\" content=\"D\u00e9couvrez les distributeurs Akasel en Europe. Obtenez les coordonn\u00e9es des repr\u00e9sentants locaux pour b\u00e9n\u00e9ficier d&#039;une assistance et d&#039;informations sur nos produits m\u00e9tallographiques.\" \/>\n<meta name=\"robots\" content=\"index, follow, max-snippet:-1, max-image-preview:large, max-video-preview:-1\" \/>\n<link rel=\"canonical\" href=\"https:\/\/akasel.com\/fr\/distributeurs\/europe\/\" \/>\n<meta property=\"og:locale\" content=\"fr_FR\" \/>\n<meta property=\"og:type\" content=\"article\" \/>\n<meta property=\"og:title\" content=\"Trouvez votre distributeur Akasel local en Europe | Akasel A\/S\" \/>\n<meta property=\"og:description\" content=\"D\u00e9couvrez les distributeurs Akasel en Europe. Obtenez les coordonn\u00e9es des repr\u00e9sentants locaux pour b\u00e9n\u00e9ficier d&#039;une assistance et d&#039;informations sur nos produits m\u00e9tallographiques.\" \/>\n<meta property=\"og:url\" content=\"https:\/\/akasel.com\/fr\/distributeurs\/europe\/\" \/>\n<meta property=\"og:site_name\" content=\"AKASEL A\/S\" \/>\n<meta property=\"article:modified_time\" content=\"2025-10-14T10:55:53+00:00\" \/>\n<meta name=\"twitter:card\" content=\"summary_large_image\" \/>\n<meta name=\"twitter:label1\" content=\"Dur\u00e9e de lecture estim\u00e9e\" \/>\n\t<meta name=\"twitter:data1\" content=\"2 minutes\" \/>\n<!-- \/ Yoast SEO plugin. -->","yoast_head_json":{"title":"Trouvez votre distributeur Akasel local en Europe | Akasel A\/S","description":"D\u00e9couvrez les distributeurs Akasel en Europe. Obtenez les coordonn\u00e9es des repr\u00e9sentants locaux pour b\u00e9n\u00e9ficier d'une assistance et d'informations sur nos produits m\u00e9tallographiques.","robots":{"index":"index","follow":"follow","max-snippet":"max-snippet:-1","max-image-preview":"max-image-preview:large","max-video-preview":"max-video-preview:-1"},"canonical":"https:\/\/akasel.com\/fr\/distributeurs\/europe\/","og_locale":"fr_FR","og_type":"article","og_title":"Trouvez votre distributeur Akasel local en Europe | Akasel A\/S","og_description":"D\u00e9couvrez les distributeurs Akasel en Europe. Obtenez les coordonn\u00e9es des repr\u00e9sentants locaux pour b\u00e9n\u00e9ficier d'une assistance et d'informations sur nos produits m\u00e9tallographiques.","og_url":"https:\/\/akasel.com\/fr\/distributeurs\/europe\/","og_site_name":"AKASEL A\/S","article_modified_time":"2025-10-14T10:55:53+00:00","twitter_card":"summary_large_image","twitter_misc":{"Dur\u00e9e de lecture estim\u00e9e":"2 minutes"},"schema":{"@context":"https:\/\/schema.org","@graph":[{"@type":"WebPage","@id":"https:\/\/akasel.com\/fr\/distributeurs\/europe\/","url":"https:\/\/akasel.com\/fr\/distributeurs\/europe\/","name":"Trouvez votre distributeur Akasel local en Europe | Akasel A\/S","isPartOf":{"@id":"https:\/\/akasel.com\/fr\/#website"},"datePublished":"2020-11-16T19:41:14+00:00","dateModified":"2025-10-14T10:55:53+00:00","description":"D\u00e9couvrez les distributeurs Akasel en Europe. Obtenez les coordonn\u00e9es des repr\u00e9sentants locaux pour b\u00e9n\u00e9ficier d'une assistance et d'informations sur nos produits m\u00e9tallographiques.","breadcrumb":{"@id":"https:\/\/akasel.com\/fr\/distributeurs\/europe\/#breadcrumb"},"inLanguage":"fr-FR","potentialAction":[{"@type":"ReadAction","target":["https:\/\/akasel.com\/fr\/distributeurs\/europe\/"]}]},{"@type":"BreadcrumbList","@id":"https:\/\/akasel.com\/fr\/distributeurs\/europe\/#breadcrumb","itemListElement":[{"@type":"ListItem","position":1,"name":"Home","item":"https:\/\/akasel.com\/fr\/"},{"@type":"ListItem","position":2,"name":"Distributeurs","item":"https:\/\/akasel.com\/fr\/distributeurs\/"},{"@type":"ListItem","position":3,"name":"L&#8217;Europe"}]},{"@type":"WebSite","@id":"https:\/\/akasel.com\/fr\/#website","url":"https:\/\/akasel.com\/fr\/","name":"AKASEL A\/S","description":"","potentialAction":[{"@type":"SearchAction","target":{"@type":"EntryPoint","urlTemplate":"https:\/\/akasel.com\/fr\/?s={search_term_string}"},"query-input":"required name=search_term_string"}],"inLanguage":"fr-FR"}]}},"_links":{"self":[{"href":"https:\/\/akasel.com\/fr\/wp-json\/wp\/v2\/pages\/8302"}],"collection":[{"href":"https:\/\/akasel.com\/fr\/wp-json\/wp\/v2\/pages"}],"about":[{"href":"https:\/\/akasel.com\/fr\/wp-json\/wp\/v2\/types\/page"}],"author":[{"embeddable":true,"href":"https:\/\/akasel.com\/fr\/wp-json\/wp\/v2\/users\/1"}],"replies":[{"embeddable":true,"href":"https:\/\/akasel.com\/fr\/wp-json\/wp\/v2\/comments?post=8302"}],"version-history":[{"count":15,"href":"https:\/\/akasel.com\/fr\/wp-json\/wp\/v2\/pages\/8302\/revisions"}],"predecessor-version":[{"id":33901,"href":"https:\/\/akasel.com\/fr\/wp-json\/wp\/v2\/pages\/8302\/revisions\/33901"}],"up":[{"embeddable":true,"href":"https:\/\/akasel.com\/fr\/wp-json\/wp\/v2\/pages\/8116"}],"wp:attachment":[{"href":"https:\/\/akasel.com\/fr\/wp-json\/wp\/v2\/media?parent=8302"}],"curies":[{"name":"wp","href":"https:\/\/api.w.org\/{rel}","templated":true}]}}