{"id":8347,"date":"2020-11-17T16:28:34","date_gmt":"2020-11-17T15:28:34","guid":{"rendered":"https:\/\/akasel.com\/fr\/library\/user-guides\/user-guides-english\/"},"modified":"2025-09-26T08:38:21","modified_gmt":"2025-09-26T06:38:21","slug":"guides-de-lutilisateur-english","status":"publish","type":"page","link":"https:\/\/akasel.com\/fr\/guides-de-lutilisateur-english\/","title":{"rendered":"Guides de l&#8217;utilisateur &#8211; English"},"content":{"rendered":"<p>Cliquez sur le nom du produit ci-dessous pour consulter et t\u00e9l\u00e9charger le guide d&#8217;utilisation correspondant.<\/p>\n<div  class=' split-sektion columns-3 boxed-items'>\n<span  class='split-sektion-item full-width-item'>\n<p><strong>Pr\u00e9paration de l&#8217;\u00e9chantillon<\/strong><\/p>\n<\/span>\n<span  class='split-sektion-item'>\n<figure class=\"wp-block-image size-full\"><img decoding=\"async\" class=\"wp-image-11539\" src=\"https:\/\/akasel.com\/wp-content\/uploads\/2023\/08\/demo-kit-brochure-2023-uk-web.png\" alt=\"Akasel Demo Kit User Guide: Comprehensive instructions for metallographic sample preparation using Akasel's consumables, including grinding and polishing techniques.\" \/><\/figure>\n<p>Kit de d\u00e9monstration<\/p>\n<p><a href=\"https:\/\/akasel.com\/wp-content\/uploads\/2024\/06\/akasel-demo-kit-user-guide.pdf\">lien<\/a><\/p>\n<\/span>\n<\/div>\n<div  class=' split-sektion columns-3 boxed-items'>\n<span  class='split-sektion-item full-width-item'>\n<p><strong>D\u00e9coupage<\/strong><\/p>\n<\/span>\n<span  class='split-sektion-item'>\n<figure class=\"wp-block-image size-large\"><img decoding=\"async\" class=\"wp-image-5679\" src=\"https:\/\/akasel.com\/wp-content\/uploads\/2023\/08\/cut-off-wheels-uk-2.jpg\" alt=\"Akasel's Aka-Cut Cut-off Wheels User Guide: Detailed instructions for optimal metallographic cutting, including proper flange sizing, feed rates, cooling techniques, and wheel maintenance.\" \/><\/figure>\n<p>Aka-Cut<\/p>\n<p><a href=\"https:\/\/akasel.com\/wp-content\/uploads\/2025\/07\/98012863-manual-aka-cut-uk-a5.pdf\">lien<\/a><\/p>\n<\/span>\n<span  class='split-sektion-item'>\n<figure class=\"wp-block-image\"><img decoding=\"async\" src=\"https:\/\/akasel.com\/wp-content\/uploads\/2024\/11\/aka-cut-superabrasive-cut-off-wheels-user-guide-front-eng-uk.jpg\" alt=\"Akasel's Aka-Cut Superabrasive Cut-off Wheels User Guide: Detailed instructions for optimal metallographic cutting with diamond and CBN wheels, covering feed rates, RPM settings, cooling, and maintenance.\" \/><\/figure>\n<p>Disques \u00e0 tron\u00e7onner superabrasifs<\/p>\n<p><a href=\"https:\/\/akasel.com\/wp-content\/uploads\/2024\/11\/aka-cut-superabrasive-cut-off-wheels-user-guide-uk.pdf\">lien<\/a><\/p>\n<\/span>\n<\/div>\n<div  class=' split-sektion columns-3 boxed-items'>\n<span  class='split-sektion-item full-width-item'>\n<p><strong>Montage<\/strong><\/p>\n<\/span>\n<span  class='split-sektion-item'>\n<figure class=\"wp-block-image\"><img decoding=\"async\" src=\"https:\/\/akasel.com\/wp-content\/uploads\/2023\/08\/aka-clear-2-pdf-724x1024-1.jpg\" alt=\"Akasel's Aka-Clear-2 User Guide: Step-by-step instructions for using the two-component quick-curing acrylic system for transparent mounts in metallography, ideal for failure analysis and electronic component preparation.\" \/><\/figure>\n<p>Aka-Clear-2<\/p>\n<p><a href=\"https:\/\/akasel.com\/wp-content\/uploads\/2024\/06\/aka-clear-2-user-guide.pdf\">lien<\/a><\/p>\n<\/span>\n<span  class='split-sektion-item'>\n<figure class=\"wp-block-image\"><img decoding=\"async\" src=\"https:\/\/akasel.com\/wp-content\/uploads\/2023\/08\/aka-cure-slow-pdf-724x1024-1.jpg\" alt=\"Akasel's Aka-Cure Slow User Guide: Step-by-step instructions for using the slow-curing epoxy hardener with Aka-Resin Liquid Epoxy, ideal for impregnation and mounting of heat-sensitive specimens in metallography.\" \/><\/figure>\n<p>Aka-Cure Slow<\/p>\n<p><a href=\"https:\/\/akasel.com\/wp-content\/uploads\/2024\/06\/aka-cure-slow-user-guide.pdf\">lien<\/a><\/p>\n<\/span>\n<span  class='split-sektion-item'>\n<figure class=\"wp-block-image\"><img decoding=\"async\" src=\"https:\/\/akasel.com\/wp-content\/uploads\/2023\/08\/aka-cure-quick-pdf-724x1024-1.jpg\" alt=\"Akasel's Aka-Cure Quick User Guide: Step-by-step instructions for using the fast-curing epoxy hardener with Aka-Resin Liquid Epoxy, ideal for rapid mounting of metallographic specimens.\" \/><\/figure>\n<p>Aka-Cure Quick<\/p>\n<p><a href=\"https:\/\/akasel.com\/wp-content\/uploads\/2024\/06\/aka-cure-quick-user-guide.pdf\">lien<\/a><\/p>\n<\/span>\n<span  class='split-sektion-item'>\n<figure class=\"wp-block-image size-large\"><img decoding=\"async\" class=\"wp-image-3941\" src=\"https:\/\/akasel.com\/wp-content\/uploads\/2023\/08\/maould.jpg\" alt=\"Akasel's Aka-Mould User Guide: Step-by-step instructions for using Aka-Mould with Aka-NoStick Liquid for efficient specimen mounting in metallography.\" \/><\/figure>\n<p>Aka-Mould<\/p>\n<p><a href=\"https:\/\/akasel.com\/wp-content\/uploads\/2025\/07\/manual-mould-uk.pdf\">lien<\/a><\/p>\n<\/span>\n<span  class='split-sektion-item'>\n<figure class=\"wp-block-image size-large is-resized\"><img loading=\"lazy\" decoding=\"async\" class=\"wp-image-10895\" src=\"https:\/\/akasel.com\/wp-content\/uploads\/2023\/08\/user-guide-silicone-lid-uk-729x1024-1.png\" alt=\"Akasel's Aka-Mould with Silicone Lid User Guide: Step-by-step instructions for using Aka-Mould with a silicone lid and Aka-NoStick Liquid for efficient specimen mounting in metallography.\" width=\"155\" height=\"215\" \/><\/figure>\n<p>Aka-Mould avec couvercle en silicone<\/p>\n<p><a href=\"https:\/\/akasel.com\/wp-content\/uploads\/2025\/07\/98012904-manual-mould-silicone-lid-uk-de6-a5.pdf\">lien<\/a><\/p>\n<\/span>\n<\/div>\n<div  class=' split-sektion columns-3 boxed-items'>\n<span  class='split-sektion-item full-width-item'>\n<p><strong>Adaptation magn\u00e9tique<\/strong><\/p>\n<\/span>\n<span  class='split-sektion-item'>\n<figure class=\"wp-block-image size-large\"><img decoding=\"async\" class=\"wp-image-5697\" src=\"https:\/\/akasel.com\/wp-content\/uploads\/2023\/08\/magnet-uk-3.jpg\" alt=\"Akasel's Aka-Magnet User Guide: Step-by-step instructions for installing and maintaining the Aka-Magnet, a polymer-based magnetic foil that converts standard preparation discs into magnetic support discs for efficient metallographic sample preparation.\" \/><\/figure>\n<p>Aimant<\/p>\n<p><a href=\"https:\/\/akasel.com\/wp-content\/uploads\/2025\/07\/user-guide-aka-magnet-uk.pdf\">lien<\/a><\/p>\n<\/span>\n<span  class='split-sektion-item'>\n<figure class=\"wp-block-image size-large\"><img decoding=\"async\" class=\"wp-image-5709\" src=\"https:\/\/akasel.com\/wp-content\/uploads\/2023\/08\/aka-rhaco-uk-3.jpg\" alt=\"Akasel's Rhaco User Guide: Step-by-step instructions for using Rhaco discs in metallographic sample preparation, including ensuring disc planeness, proper application of grinding paper or polishing cloths, and maintenance tips.\" \/><\/figure>\n<p>Aka-Rhaco<\/p>\n<p><a href=\"https:\/\/akasel.com\/wp-content\/uploads\/2025\/07\/0074-manual-rhaco-uk-a5.pdf\">lien<\/a><\/p>\n<\/span>\n<span  class='split-sektion-item'>\n<figure class=\"wp-block-image size-large\"><img decoding=\"async\" class=\"wp-image-10920\" src=\"https:\/\/akasel.com\/wp-content\/uploads\/2023\/08\/user-guide-aka-ronan-3d-uk-729x1024-1.png\" alt=\"Akasel's Aka-Ronan 3D User Guide: Step-by-step instructions for using the steel disc with 3D polymer coating to adapt self-adhesive polishing cloths and grinding discs for magnetic support in metallographic sample preparation.\" \/><\/figure>\n<p>Aka-Ronan 3D<\/p>\n<p><a href=\"https:\/\/akasel.com\/wp-content\/uploads\/2025\/07\/user-guide-aka-ronan-3d-uk.pdf\">lien<\/a><\/p>\n<\/span>\n<\/div>\n<div  class=' split-sektion columns-3 boxed-items'>\n<span  class='split-sektion-item full-width-item'>\n<p><strong>Broyage<\/strong><\/p>\n<\/span>\n<span  class='split-sektion-item'>\n<figure class=\"wp-block-image size-large\"><img decoding=\"async\" class=\"wp-image-5721\" src=\"https:\/\/akasel.com\/wp-content\/uploads\/2023\/08\/piatto-uk-3.jpg\" alt=\"Akasel's Aka-Piatto and Aka-Piatto+ User Guide: Step-by-step instructions for grinding metallographic samples using Aka-Piatto and Aka-Piatto+ discs, including recommendations on force settings, RPM, and maintenance tips.\" \/><\/figure>\n<p>Aka-Piatto et Piatto+<\/p>\n<p><a href=\"https:\/\/akasel.com\/wp-content\/uploads\/2025\/07\/98012867-manual-piatto-piatto-uk-a5.pdf\">lien<\/a><\/p>\n<\/span>\n<span  class='split-sektion-item'>\n<figure class=\"wp-block-image size-large\"><img decoding=\"async\" class=\"wp-image-5724\" src=\"https:\/\/akasel.com\/wp-content\/uploads\/2023\/08\/rhaco-grit-uk-3.jpg\" alt=\"Akasel's Rhaco Grit User Guide: Step-by-step instructions for using Rhaco Grit grinding papers in metallographic sample preparation, including recommendations on force settings, RPM, and maintenance tips.\" \/><\/figure>\n<p>Rhaco Grit<\/p>\n<p><a href=\"https:\/\/akasel.com\/wp-content\/uploads\/2025\/07\/98012866-manual-rhaco-grit-uk-a5.pdf\">lien<\/a><\/p>\n<\/span>\n<\/div>\n<div  class=' split-sektion columns-3 boxed-items'>\n<span  class='split-sektion-item full-width-item'>\n<p><strong>Broyage fin<\/strong><\/p>\n<\/span>\n<span  class='split-sektion-item'>\n<figure class=\"wp-block-image size-large\"><img decoding=\"async\" class=\"wp-image-5912\" src=\"https:\/\/akasel.com\/wp-content\/uploads\/2023\/08\/allegran-uk.jpg\" alt=\"Akasel's Aka-Allegran 9, 6, and 3 User Guide: Step-by-step instructions for fine grinding metallographic samples using Aka-Allegran discs, including sample distribution, lubrication techniques, recommended grain sizes, force settings, RPM, and maintenance tips.\" \/><\/figure>\n<p>Aka-Allegran 9<\/p>\n<p><a href=\"https:\/\/akasel.com\/wp-content\/uploads\/2025\/07\/98012862-manual-allegran-9-6-3-uk-a5.pdf\">lien<\/a><\/p>\n<\/span>\n<span  class='split-sektion-item'>\n<figure class=\"wp-block-image size-large\"><img decoding=\"async\" class=\"wp-image-5919\" src=\"https:\/\/akasel.com\/wp-content\/uploads\/2023\/08\/allegran-uk-1.jpg\" alt=\"Akasel's Aka-Allegran 9, 6, and 3 User Guide: Step-by-step instructions for fine grinding metallographic samples using Aka-Allegran discs, including sample distribution, lubrication techniques, recommended grain sizes, force settings, RPM, and maintenance tips.\" \/><\/figure>\n<p>Aka-Allegran 6<\/p>\n<p><a href=\"https:\/\/akasel.com\/wp-content\/uploads\/2025\/07\/98012862-manual-allegran-9-6-3-uk-a5.pdf\">lien<\/a><\/p>\n<\/span>\n<span  class='split-sektion-item'>\n<figure class=\"wp-block-image size-large\"><img decoding=\"async\" class=\"wp-image-5925\" src=\"https:\/\/akasel.com\/wp-content\/uploads\/2023\/08\/allegran-uk-2.jpg\" alt=\"Akasel's Aka-Allegran 9, 6, and 3 User Guide: Step-by-step instructions for fine grinding metallographic samples using Aka-Allegran discs, including sample distribution, lubrication techniques, recommended grain sizes, force settings, RPM, and maintenance tips.\" \/><\/figure>\n<p>Aka-Allegran 3<\/p>\n<p><a href=\"https:\/\/akasel.com\/wp-content\/uploads\/2025\/07\/98012862-manual-allegran-9-6-3-uk-a5.pdf\">lien<\/a><\/p>\n<\/span>\n<span  class='split-sektion-item'>\n<figure class=\"wp-block-image size-large\"><img decoding=\"async\" class=\"wp-image-5928\" src=\"https:\/\/akasel.com\/wp-content\/uploads\/2025\/01\/user-guide-aka-allegran-1.jpg\" alt=\"Akasel's Aka-Allegran 1 User Guide: Step-by-step instructions for fine grinding and polishing metallographic samples using the Aka-Allegran 1 disc, including sample distribution, lubrication techniques, recommended grain sizes (3 - 0.1 \u00b5m), force settings, RPM, and maintenance tips.\" \/><\/figure>\n<p>Aka-Allegran 1<\/p>\n<p><a href=\"https:\/\/akasel.com\/wp-content\/uploads\/2025\/07\/98012880-manual-allegran-1-uk-a5.pdf\">lien<\/a><\/p>\n<\/span>\n<span  class='split-sektion-item'>\n<figure class=\"wp-block-image size-large\"><img decoding=\"async\" class=\"wp-image-5912\" src=\"https:\/\/akasel.com\/wp-content\/uploads\/2025\/01\/user-guide-aka-largan-9.jpg\" alt=\"Akasel's Aka-Largan 9 User Guide: Step-by-step instructions for fine grinding metallographic samples using the Aka-Largan 9 disc, including sample distribution, lubrication techniques, recommended grain sizes (15 - 3 \u00b5m), force settings, RPM, and maintenance tips.\" \/><\/figure>\n<p>Aka-Largan 9<\/p>\n<p><a href=\"https:\/\/akasel.com\/wp-content\/uploads\/2025\/07\/98012902-manual-largan-9-uk-a5.pdf\">lien<\/a><\/p>\n<\/span>\n<\/div>\n<div  class=' split-sektion columns-3 boxed-items'>\n<span  class='split-sektion-item full-width-item'>\n<p><strong>Polissage<\/strong><\/p>\n<\/span>\n<span  class='split-sektion-item'>\n<figure class=\"wp-block-image size-large\"><img decoding=\"async\" class=\"wp-image-5739\" src=\"https:\/\/akasel.com\/wp-content\/uploads\/2023\/08\/mag-cloth-uk-3.jpg\" alt=\"Akasel's Mag Polishing Cloth User Guide: Step-by-step instructions for using magnetic polishing cloths in metallographic sample preparation, including proper placement on the magnetic support, sample distribution, lubrication techniques, and maintenance tips.\" \/><\/figure>\n<p>Chiffon de polissage magn\u00e9tique<\/p>\n<p><a href=\"https:\/\/akasel.com\/wp-content\/uploads\/2025\/07\/98012865-manual-mag-cloth-uk-a5.pdf\">lien<\/a><\/p>\n<\/span>\n<span  class='split-sektion-item'>\n<figure class=\"wp-block-image size-large\"><img decoding=\"async\" class=\"wp-image-5742\" src=\"https:\/\/akasel.com\/wp-content\/uploads\/2023\/08\/psa-cloth-uk-3.jpg\" alt=\"Akasel's PSA Polishing Cloths User Guide: Step-by-step instructions for applying self-adhesive polishing cloths in metallographic sample preparation, including disc planeness verification, proper cloth placement to avoid air bubbles, sample distribution, lubrication techniques, and maintenance tips.\" \/><\/figure>\n<p>Chiffon de polissage auto-adh\u00e9sif<\/p>\n<p><a href=\"https:\/\/akasel.com\/wp-content\/uploads\/2025\/07\/manual-psa-polishing-cloth-uk-a5.pdf\">lien<\/a><\/p>\n<\/span>\n<span  class='split-sektion-item'>\n<figure class=\"wp-block-image size-large\"><img decoding=\"async\" class=\"wp-image-5745\" src=\"https:\/\/akasel.com\/wp-content\/uploads\/2025\/07\/0071-diamond-paste-uk-cover.jpg\" alt=\"Akasel's Diamond Paste User Guide: Step-by-step instructions for applying diamond paste in metallographic sample preparation, including dosing techniques, proper application on polishing cloths, lubrication practices, and maintenance tips.\" \/><\/figure>\n<p>Aka-Paste<\/p>\n<p><a href=\"https:\/\/akasel.com\/wp-content\/uploads\/2025\/07\/0071-manual-paste-uk-a5-er-20.pdf\">lien<\/a><\/p>\n<\/span>\n<span  class='split-sektion-item'>\n<figure class=\"wp-block-image size-large\"><img decoding=\"async\" class=\"wp-image-5748\" src=\"https:\/\/akasel.com\/wp-content\/uploads\/2025\/07\/0072-diamond-stick-uk-cover.jpg\" alt=\"Akasel's Diamond Stick User Guide: Step-by-step instructions for priming new polishing cloths with diamond paste in metallographic sample preparation, including dosing techniques, application patterns, lubrication practices, and maintenance tips.\" \/><\/figure>\n<p>Aka-Stick<\/p>\n<p><a href=\"https:\/\/akasel.com\/wp-content\/uploads\/2025\/07\/0072-manual-stick-uk-a5-er-20.pdf\">lien<\/a><\/p>\n<\/span>\n<\/div>\n<div  class=' split-sektion columns-3 boxed-items'>\n<span  class='split-sektion-item full-width-item'>\n<p><strong>Accessoires<\/strong><\/p>\n<\/span>\n<span  class='split-sektion-item'>\n<figure class=\"wp-block-image size-full\"><img decoding=\"async\" class=\"wp-image-XXXXX\" src=\"https:\/\/akasel.com\/wp-content\/uploads\/2025\/07\/0075-disc-cabinet-uk-cover.jpg\" alt=\"Akasel Disc Cabinet User Guide: Storage and maintenance instructions for metallographic sample preparation.\" \/><\/figure>\n<p>Armoire \u00e0 disques<\/p>\n<p><a href=\"https:\/\/akasel.com\/wp-content\/uploads\/2025\/07\/0075-manual-disc-cabinet-uk-a5.pdf\">lien<\/a><\/p>\n<\/span>\n<\/div>\n","protected":false},"excerpt":{"rendered":"<p>Cliquez sur le nom du produit ci-dessous pour consulter et t\u00e9l\u00e9charger le guide d&#8217;utilisation correspondant.<\/p>\n","protected":false},"author":1,"featured_media":8353,"parent":0,"menu_order":0,"comment_status":"closed","ping_status":"open","template":"","meta":{"footnotes":""},"class_list":["post-8347","page","type-page","status-publish","has-post-thumbnail","hentry"],"acf":[],"yoast_head":"<!-- This site is optimized with the Yoast SEO plugin v21.7 - https:\/\/yoast.com\/wordpress\/plugins\/seo\/ -->\n<title>Guides d\u2019utilisation Akasel \u2013 Proc\u00e9d\u00e9s m\u00e9tallographiques optimis\u00e9s<\/title>\n<meta name=\"description\" content=\"Acc\u00e9dez aux guides d\u2019utilisation Akasel pour am\u00e9liorer vos proc\u00e9d\u00e9s m\u00e9tallographiques gr\u00e2ce \u00e0 des instructions claires et au soutien de nos experts.\" \/>\n<meta name=\"robots\" content=\"index, follow, max-snippet:-1, max-image-preview:large, max-video-preview:-1\" \/>\n<link rel=\"canonical\" href=\"https:\/\/akasel.com\/fr\/guides-de-lutilisateur-english\/\" \/>\n<meta property=\"og:locale\" content=\"fr_FR\" \/>\n<meta property=\"og:type\" content=\"article\" \/>\n<meta property=\"og:title\" content=\"Guides d\u2019utilisation Akasel \u2013 Proc\u00e9d\u00e9s m\u00e9tallographiques optimis\u00e9s\" \/>\n<meta property=\"og:description\" content=\"Acc\u00e9dez aux guides d\u2019utilisation Akasel pour am\u00e9liorer vos proc\u00e9d\u00e9s m\u00e9tallographiques gr\u00e2ce \u00e0 des instructions claires et au soutien de nos experts.\" \/>\n<meta property=\"og:url\" content=\"https:\/\/akasel.com\/fr\/guides-de-lutilisateur-english\/\" \/>\n<meta property=\"og:site_name\" content=\"AKASEL A\/S\" \/>\n<meta property=\"article:modified_time\" content=\"2025-09-26T06:38:21+00:00\" \/>\n<meta property=\"og:image\" content=\"https:\/\/akasel.com\/fr\/wp-content\/uploads\/sites\/8\/2023\/08\/maould.jpg\" \/>\n\t<meta property=\"og:image:width\" content=\"724\" \/>\n\t<meta property=\"og:image:height\" content=\"1024\" \/>\n\t<meta property=\"og:image:type\" content=\"image\/jpeg\" \/>\n<meta name=\"twitter:card\" content=\"summary_large_image\" \/>\n<meta name=\"twitter:label1\" content=\"Dur\u00e9e de lecture estim\u00e9e\" \/>\n\t<meta name=\"twitter:data1\" content=\"7 minutes\" \/>\n<!-- \/ Yoast SEO plugin. -->","yoast_head_json":{"title":"Guides d\u2019utilisation Akasel \u2013 Proc\u00e9d\u00e9s m\u00e9tallographiques optimis\u00e9s","description":"Acc\u00e9dez aux guides d\u2019utilisation Akasel pour am\u00e9liorer vos proc\u00e9d\u00e9s m\u00e9tallographiques gr\u00e2ce \u00e0 des instructions claires et au soutien de nos experts.","robots":{"index":"index","follow":"follow","max-snippet":"max-snippet:-1","max-image-preview":"max-image-preview:large","max-video-preview":"max-video-preview:-1"},"canonical":"https:\/\/akasel.com\/fr\/guides-de-lutilisateur-english\/","og_locale":"fr_FR","og_type":"article","og_title":"Guides d\u2019utilisation Akasel \u2013 Proc\u00e9d\u00e9s m\u00e9tallographiques optimis\u00e9s","og_description":"Acc\u00e9dez aux guides d\u2019utilisation Akasel pour am\u00e9liorer vos proc\u00e9d\u00e9s m\u00e9tallographiques gr\u00e2ce \u00e0 des instructions claires et au soutien de nos experts.","og_url":"https:\/\/akasel.com\/fr\/guides-de-lutilisateur-english\/","og_site_name":"AKASEL A\/S","article_modified_time":"2025-09-26T06:38:21+00:00","og_image":[{"width":724,"height":1024,"url":"https:\/\/akasel.com\/fr\/wp-content\/uploads\/sites\/8\/2023\/08\/maould.jpg","type":"image\/jpeg"}],"twitter_card":"summary_large_image","twitter_misc":{"Dur\u00e9e de lecture estim\u00e9e":"7 minutes"},"schema":{"@context":"https:\/\/schema.org","@graph":[{"@type":"WebPage","@id":"https:\/\/akasel.com\/fr\/guides-de-lutilisateur-english\/","url":"https:\/\/akasel.com\/fr\/guides-de-lutilisateur-english\/","name":"Guides d\u2019utilisation Akasel \u2013 Proc\u00e9d\u00e9s m\u00e9tallographiques optimis\u00e9s","isPartOf":{"@id":"https:\/\/akasel.com\/fr\/#website"},"datePublished":"2020-11-17T15:28:34+00:00","dateModified":"2025-09-26T06:38:21+00:00","description":"Acc\u00e9dez aux guides d\u2019utilisation Akasel pour am\u00e9liorer vos proc\u00e9d\u00e9s m\u00e9tallographiques gr\u00e2ce \u00e0 des instructions claires et au soutien de nos experts.","breadcrumb":{"@id":"https:\/\/akasel.com\/fr\/guides-de-lutilisateur-english\/#breadcrumb"},"inLanguage":"fr-FR","potentialAction":[{"@type":"ReadAction","target":["https:\/\/akasel.com\/fr\/guides-de-lutilisateur-english\/"]}]},{"@type":"BreadcrumbList","@id":"https:\/\/akasel.com\/fr\/guides-de-lutilisateur-english\/#breadcrumb","itemListElement":[{"@type":"ListItem","position":1,"name":"Home","item":"https:\/\/akasel.com\/fr\/"},{"@type":"ListItem","position":2,"name":"Guides de l&#8217;utilisateur &#8211; English"}]},{"@type":"WebSite","@id":"https:\/\/akasel.com\/fr\/#website","url":"https:\/\/akasel.com\/fr\/","name":"AKASEL A\/S","description":"","potentialAction":[{"@type":"SearchAction","target":{"@type":"EntryPoint","urlTemplate":"https:\/\/akasel.com\/fr\/?s={search_term_string}"},"query-input":"required name=search_term_string"}],"inLanguage":"fr-FR"}]}},"_links":{"self":[{"href":"https:\/\/akasel.com\/fr\/wp-json\/wp\/v2\/pages\/8347"}],"collection":[{"href":"https:\/\/akasel.com\/fr\/wp-json\/wp\/v2\/pages"}],"about":[{"href":"https:\/\/akasel.com\/fr\/wp-json\/wp\/v2\/types\/page"}],"author":[{"embeddable":true,"href":"https:\/\/akasel.com\/fr\/wp-json\/wp\/v2\/users\/1"}],"replies":[{"embeddable":true,"href":"https:\/\/akasel.com\/fr\/wp-json\/wp\/v2\/comments?post=8347"}],"version-history":[{"count":17,"href":"https:\/\/akasel.com\/fr\/wp-json\/wp\/v2\/pages\/8347\/revisions"}],"predecessor-version":[{"id":33824,"href":"https:\/\/akasel.com\/fr\/wp-json\/wp\/v2\/pages\/8347\/revisions\/33824"}],"wp:featuredmedia":[{"embeddable":true,"href":"https:\/\/akasel.com\/fr\/wp-json\/wp\/v2\/media\/8353"}],"wp:attachment":[{"href":"https:\/\/akasel.com\/fr\/wp-json\/wp\/v2\/media?parent=8347"}],"curies":[{"name":"wp","href":"https:\/\/api.w.org\/{rel}","templated":true}]}}